{"id":9075,"date":"2017-01-31T02:00:41","date_gmt":"2017-01-31T02:00:41","guid":{"rendered":"http:\/\/osnovnaskolakrk.hr\/malinska\/?page_id=9075"},"modified":"2026-04-03T09:31:56","modified_gmt":"2026-04-03T08:31:56","slug":"financije","status":"publish","type":"page","link":"https:\/\/osnovnaskolamalinskadubasnica.hr\/?page_id=9075","title":{"rendered":"Financijska izvje\u0161\u0107a"},"content":{"rendered":"<p style=\"text-align: justify;\"><em><span style=\"color: #000000;\">Sukladno \u010dlanku 27.<\/span> <a href=\"http:\/\/narodne-novine.nn.hr\/clanci\/sluzbeni\/2015_01_3_59.html\">Pravilnika o financijskom izvje\u0161tavanju u prora\u010dunskom ra\u010dunovodstvu<\/a> <span style=\"color: #000000;\">(Narodne novine br 3\/15), na mre\u017enim stranicama \u0160kole objavljujemo godi\u0161nje financijske izvje\u0161taje.<\/span><\/em><\/p>\n<p><strong><span style=\"font-size: 14pt; color: #800000;\">2026. godina<\/span><\/strong><\/p>\n<p><strong><span style=\"color: #ff6600;\">______________________________________________________<\/span><\/strong><\/p>\n<p><span style=\"font-size: 14pt;\"><strong><span style=\"color: #800000;\">ARHIVA &#8211; po godinama<\/span><\/strong><\/span><\/p>\n<p><strong><span style=\"color: #800000; font-size: 14pt;\">2025. godina<\/span><\/strong><\/p>\n<ul style=\"list-style-type: circle;\">\n<li style=\"text-align: justify;\"><a href=\"http:\/\/osnovnaskolamalinskadubasnica.hr\/wp-content\/uploads\/2025_Godisnji-izvjestaj-o-izvrsenju-financijskog-plana.pdf\" target=\"_blank\" rel=\"noopener\">Godi\u0161nji izvje\u0161taj o izvr\u0161enju Financijskog plana za 2025. godinu<\/a><br \/>\n<span style=\"color: #000000;\">(datum objave: 1. travnja 2026.)<\/span><em><br \/>\n<\/em><span style=\"color: #000000;\">privitak:<\/span> <a href=\"http:\/\/osnovnaskolamalinskadubasnica.hr\/wp-content\/uploads\/Odluka-o-prihvacanju-Izvjestaja-o-izvrsenju-financijskog-plana-za-2025.pdf\" target=\"_blank\" rel=\"noopener\">Odluka o prihva\u0107anju Izvje\u0161taja o izvr\u0161enju Financijskog plana za 2025.<\/a><\/li>\n<li style=\"text-align: justify;\"><a href=\"http:\/\/osnovnaskolamalinskadubasnica.hr\/wp-content\/uploads\/Obrasci_financijskih_izvjestaja_v_8.3.0.xlsx\" target=\"_blank\" rel=\"noopener\">Financijsko izvje\u0161\u0107e O\u0160 Malinska-Duba\u0161nica za razdoblje od 01. sije\u010dnja do 31. prosinca 2025. godine<\/a> <span style=\"color: #000000;\">(datum objave: 6. velja\u010de 2026.)<\/span><em><br \/>\n<\/em><span style=\"color: #000000;\">privitak 1:<\/span> <a href=\"http:\/\/osnovnaskolamalinskadubasnica.hr\/wp-content\/uploads\/Obrasci_financijskih_izvjestaja_v_8.3.0-ref-str.pdf\" target=\"_blank\" rel=\"noopener\">Referentna stranica Financijskog izvje\u0161\u0107a za 2025. godinu<\/a><br \/>\n<em><span style=\"color: #000000;\">privitak 2: <\/span><\/em><a href=\"http:\/\/osnovnaskolamalinskadubasnica.hr\/wp-content\/uploads\/Biljeske-uz-financijske-izvjestaje-razine-31-za-I-XII-2025-1.docx\" target=\"_blank\" rel=\"noopener\">Bilje\u0161ke uz Financijsko izvje\u0161\u0107e<\/a><br \/>\n<span style=\"color: #000000;\">privitak 3:<\/span> <a href=\"http:\/\/osnovnaskolamalinskadubasnica.hr\/wp-content\/uploads\/EU_izvjestaj_po_izvorima_financiranja_v_8.3.0.xlsx\" target=\"_blank\" rel=\"noopener\">EU izvje\u0161\u0107e po izvorima financiranja<\/a><\/li>\n<li style=\"text-align: justify;\"><a href=\"http:\/\/osnovnaskolamalinskadubasnica.hr\/wp-content\/uploads\/OSMalinska-izvjestaj-o-IZVRSENJU-fin-plana-od-01-01-do-30-06-2025.pdf\" target=\"_blank\" rel=\"noopener\">Izvje\u0161taj o izvr\u0161enju Financijskog plana za razdoblje od 01. 01. 2025. do 30. 06. 2025.<\/a><br \/>\n<span style=\"color: #000000;\">Privitak:<\/span> <a href=\"http:\/\/osnovnaskolamalinskadubasnica.hr\/wp-content\/uploads\/Odluka-o-usvajanju-polugodisnjeg-izvjestaja-o-izvrsenju.pdf\" target=\"_blank\" rel=\"noopener\">Odluka o usvajanju Polugodi\u0161njeg izvje\u0161\u0107a o izvr\u0161enju Financijskog plana<\/a><br \/>\n<span style=\"color: #000000;\">(datum objave: 28. srpnja 2025.)<\/span><\/li>\n<\/ul>\n<p><strong><span style=\"color: #ff6600;\">______________________________________________________<\/span><\/strong><\/p>\n<p><strong><span style=\"color: #800000; font-size: 14pt;\">2024. godina<\/span><\/strong><\/p>\n<ul style=\"list-style-type: circle;\">\n<li style=\"text-align: justify;\"><a href=\"http:\/\/osnovnaskolamalinskadubasnica.hr\/wp-content\/uploads\/OSMalinskaGodisnji-izvjestaj-o-izvrsenju-za-2024.pdf\" target=\"_blank\" rel=\"noopener\">Godi\u0161nji izvje\u0161taj o izvr\u0161enju Financijskog plana za 2024. godinu<\/a><br \/>\n<em><span style=\"color: #000000;\">(datum objave: 2. travnja 2025.)<\/span><\/em><\/li>\n<li style=\"text-align: justify;\"><a href=\"http:\/\/osnovnaskolamalinskadubasnica.hr\/wp-content\/uploads\/OSMalinska-raspodjela-rezultata-Odluka.pdf\" target=\"_blank\" rel=\"noopener\">Odluka o raspodjeli rezultata s obrazlo\u017eenjem vi\u0161kova\/manjkova za 2024. godinu<\/a><br \/>\n<span style=\"color: #000000;\">(datum objave: 2. travnja 2025.)<\/span><\/li>\n<li style=\"text-align: justify;\"><a href=\"http:\/\/osnovnaskolamalinskadubasnica.hr\/wp-content\/uploads\/2024_12-Obrasci_financijskih_izvjestaja_v_8.1.5.xlsx\">Financijsko izvje\u0161\u0107e za razdoblje od 1. sije\u010dnja do 31. prosinca 2024.<\/a><br \/>\n<em><span style=\"color: #000000;\">(datum objave: 5. velja\u010de 2025.)<\/span><\/em><\/li>\n<li style=\"text-align: justify;\"><a href=\"http:\/\/osnovnaskolamalinskadubasnica.hr\/wp-content\/uploads\/Biljeske-uz-financijske-izvjestaje-2024-12-1.pdf\" target=\"_blank\" rel=\"noopener\">Bilje\u0161ke uz Financijsko izvje\u0161\u0107e za razdoblje od 1. sije\u010dnja do 31. prosinca 2024.<\/a><br \/>\n<em><span style=\"color: #000000;\">(datum objave: 5. velja\u010de 2025.)<\/span><\/em><\/li>\n<li style=\"text-align: justify;\"><a href=\"http:\/\/osnovnaskolamalinskadubasnica.hr\/wp-content\/uploads\/REFERENTNA-STRANICA.pdf\" target=\"_blank\" rel=\"noopener\">Referentna stranica financijskog izvje\u0161\u010da za 2024. godinu<\/a><br \/>\n<em><span style=\"color: #000000;\">(datum objave: 5. velja\u010de 2025.)<\/span><\/em><\/li>\n<li style=\"text-align: justify;\"><a href=\"http:\/\/osnovnaskolamalinskadubasnica.hr\/wp-content\/uploads\/Odluka-o-raspodijeli-rezultata-2024.pdf\" target=\"_blank\" rel=\"noopener\">Odluka o raspodjeli rezultata 2024.<\/a><br \/>\n<em><span style=\"color: #000000;\">(datum objave: 5. velja\u010de 2025.)<\/span><\/em><\/li>\n<\/ul>\n<p><strong><span style=\"color: #ff6600;\">______________________________________________________<\/span><\/strong><\/p>\n<p><strong><span style=\"color: #800000; font-size: 14pt;\">2023. godina<\/span><\/strong><\/p>\n<ul style=\"list-style-type: circle;\">\n<li><a href=\"https:\/\/docs.google.com\/spreadsheets\/d\/1-o1tg8dLXzL_1_0QAYhjielYOUd1whk0\/edit?usp=drive_link&amp;ouid=101234934059298375927&amp;rtpof=true&amp;sd=true\" target=\"_blank\" rel=\"noopener\">Financijsko izvje\u0161\u0107e za razdoblje od 01. 01. 2023. do 31. 12. 2023.<\/a><br \/>\n<em>(datum objave: 7. velja\u010de 2024.)<\/em><\/li>\n<li><a href=\"http:\/\/osnovnaskolamalinskadubasnica.hr\/wp-content\/uploads\/Biljeske-uz-Financijsko-izvjesce-za-2023.godinu-2.pdf\" target=\"_blank\" rel=\"noopener\">Bilje\u0161ke uz Financijsko izvje\u0161\u0107e za razdoblje od 01. 01. 2023. do 31. 12. 2023.<\/a><br \/>\n<em>(datum objave: 7. velja\u010de 2024.)<br \/>\n<span style=\"color: #ffffff;\"><strong><span style=\"color: #ff6600;\">______________________________________________________<\/span><\/strong><br \/>\n.<\/span><\/em><\/li>\n<\/ul>\n<p><strong><span style=\"color: #800000; font-size: 14pt;\">2022. godina<\/span><\/strong><\/p>\n<ul style=\"list-style-type: circle;\">\n<li><a href=\"http:\/\/osnovnaskolamalinskadubasnica.hr\/wp-content\/uploads\/Financijsko-izvjesce-za-2022.-godinu-obrasci.xlsx\" target=\"_blank\" rel=\"noopener\">Financijsko izvje\u0161\u0107e za razdoblje od 01. 01. 2022. do 31. 12. 2022.<\/a><br \/>\n<em>(datum objave: 3. velja\u010de 2023.)<\/em><\/li>\n<li><a href=\"http:\/\/osnovnaskolamalinskadubasnica.hr\/wp-content\/uploads\/Biljeske-uz-financijsko-izvjesce-za-2022.godinu.pdf\" target=\"_blank\" rel=\"noopener\">Bilje\u0161ke uz Financijsko izvje\u0161\u0107e za razdoblje od 01. 01. 2022. do 31. 12. 2022.<\/a><br \/>\n<em>(datum objave: 3. velja\u010de 2023.)<\/em><br \/>\n<strong><span style=\"color: #ff6600;\">______________________________________________________<\/span><\/strong><em><br \/>\n<span style=\"color: #ffffff;\">.<\/span><\/em><\/li>\n<li><a href=\"http:\/\/osnovnaskolamalinskadubasnica.hr\/wp-content\/uploads\/Financijski-izvjestaj-za-razdoblje-od-01.01.2021.-31.12.2021..xls\" target=\"_blank\" rel=\"noopener\">Financijsko izvje\u0161\u0107e za 2021. godinu<\/a> <em>(datum objave: 3. velja\u010de 2022.)<\/em><\/li>\n<li><a href=\"http:\/\/osnovnaskolamalinskadubasnica.hr\/wp-content\/uploads\/Biljeske-uz-financijsko-izvjesce-za-2021.godinu.docx\" target=\"_blank\" rel=\"noopener\">Bilje\u0161ke uz Financijsko izvje\u0161\u0107e za 2021. godinu<\/a><br \/>\n<em>(datum objave: 3. velja\u010de 2022.)<\/em><\/li>\n<li><a href=\"http:\/\/osnovnaskolamalinskadubasnica.hr\/wp-content\/uploads\/Potvrda-o-preuzetom-financijskom-izvjescu-za-2021.godinu-FINA.pdf\" target=\"_blank\" rel=\"noopener\">Potvrda o preuzetom Financijskom izvje\u0161\u0107u za 2021. godinu &#8211; FINA<\/a><br \/>\n<em>(datum objave: 3. velja\u010de 2022.)<\/em><\/li>\n<li><a href=\"http:\/\/osnovnaskolamalinskadubasnica.hr\/wp-content\/uploads\/Referentna-stranica-financijskog-izvjesca-za-2021.godinu.pdf\" target=\"_blank\" rel=\"noopener\">Referentna stranica financijskog izvje\u0161\u0107a za 2021. godinu<\/a><br \/>\n<em>(datum objave: 3. velja\u010de 2022.)<\/em><\/li>\n<li><a href=\"http:\/\/osnovnaskolamalinskadubasnica.hr\/wp-content\/uploads\/I.-Izmjene-i-dopune-financijskog-plana-za-2021..pdf\" target=\"_blank\" rel=\"noopener\">I. Izmjene i dopune Financijskog plana za 2021. godinu<\/a><br \/>\n<strong><span style=\"color: #ff6600;\">______________________________________________________<\/span><\/strong><em><br \/>\n<span style=\"color: #ffffff;\">.<\/span><\/em><\/li>\n<li><a href=\"http:\/\/osnovnaskolamalinskadubasnica.hr\/wp-content\/uploads\/08-044-001-49577-FI-1.xls\" target=\"_blank\" rel=\"noopener\">FINANCIJSKO IZVJE\u0160\u0106E za 2020. godinu<\/a> <em>(datum objave: 1. velja\u010de 2021.)<\/em><\/li>\n<li><a href=\"http:\/\/osnovnaskolamalinskadubasnica.hr\/wp-content\/uploads\/biljeske-01-01-2021.pdf\" target=\"_blank\" rel=\"noopener\">BILJE\u0160KE uz financijsko izvje\u0161\u0107e<\/a> <em>(datum objave: 1. velja\u010de 2021.)<\/em><\/li>\n<li><a href=\"http:\/\/osnovnaskolamalinskadubasnica.hr\/wp-content\/uploads\/08-044-001-49577-refstr-1.pdf\" target=\"_blank\" rel=\"noopener\">Referentna stranica Financijskog izvje\u0161\u0107a za 2020. godinu<\/a><br \/>\n<em>(datum objave: 1. velja\u010de 2021.)<\/em><\/li>\n<li><a href=\"http:\/\/osnovnaskolamalinskadubasnica.hr\/wp-content\/uploads\/Financijski-plan-za-2021-godinu-s-projekcijama-za-2022-i-2023-godinu.xlsx\" target=\"_blank\" rel=\"noopener noreferrer\">FINANCIJSKI PLAN za 2021. godinu i projekcije za 2022. i 2023. godinu<\/a><br \/>\n(datum objave: <em>31. prosinca 2020.<\/em>)<\/li>\n<li><a href=\"http:\/\/osnovnaskolamalinskadubasnica.hr\/wp-content\/uploads\/Plan-nabave-2021-za-objavu.xlsx\" target=\"_blank\" rel=\"noopener noreferrer\">PLAN NABAVE za 2021. godinu<\/a> (<em>datum objave: 31. prosinca 2020.<\/em>)<\/li>\n<li><a href=\"http:\/\/osnovnaskolamalinskadubasnica.hr\/wp-content\/uploads\/08-044-001-49577-FI-2-2019-1.xls\" target=\"_blank\" rel=\"noopener noreferrer\">FINANCIJSKO IZVJE\u0160\u0106E za 2019. godinu<\/a><\/li>\n<li><a href=\"http:\/\/osnovnaskolamalinskadubasnica.hr\/wp-content\/uploads\/bilje\u0161ke-gfi-2019.pdf\" target=\"_blank\" rel=\"noopener noreferrer\">BILJE\u0160KE uz financijsko izvje\u0161\u0107e<\/a><\/li>\n<li><a href=\"http:\/\/osnovnaskolamalinskadubasnica.hr\/wp-content\/uploads\/referentna-str-i-potvrda-fine.pdf\" target=\"_blank\" rel=\"noopener noreferrer\">Referentna stranica Financijskog izvje\u0161\u0107a za 2019. godinu<\/a><\/li>\n<li><a href=\"http:\/\/osnovnaskolamalinskadubasnica.hr\/wp-content\/uploads\/Prilog-2-Obrasci-za-izradu-fin.plana-2020.-2022.xlsx\" target=\"_blank\" rel=\"noopener noreferrer\">FINANCIJSKI PLAN za 2020. godinu i projekcije za 2021. i 2022. godinu<\/a><\/li>\n<li><a href=\"http:\/\/osnovnaskolamalinskadubasnica.hr\/wp-content\/uploads\/prvi-rebalans-prora\u010dun-2019.pdf\" target=\"_blank\" rel=\"noopener noreferrer\">I. REBALANS prora\u010duna za 2019. godinu<\/a><br \/>\n<strong><span style=\"color: #ff6600;\">______________________________________________________<\/span><\/strong><em><br \/>\n<span style=\"color: #ffffff;\">.<\/span><\/em><\/li>\n<li><a href=\"http:\/\/osnovnaskolamalinskadubasnica.hr\/wp-content\/uploads\/08-044-001-49577-FI-ispravak.xls\" target=\"_blank\" rel=\"noopener noreferrer\">FINANCIJSKO IZVJE\u0160\u0106E za 2018. godinu<\/a><\/li>\n<li><a href=\"http:\/\/osnovnaskolamalinskadubasnica.hr\/wp-content\/uploads\/08-044-001-49577-BI.pdf\" target=\"_blank\" rel=\"noopener noreferrer\">BILJE\u0160KE uz financijsko izvje\u0161\u0107e<\/a><\/li>\n<li><a href=\"http:\/\/osnovnaskolamalinskadubasnica.hr\/wp-content\/uploads\/08-044-001-49577-refstr.pdf\" target=\"_blank\" rel=\"noopener noreferrer\">Referentna stranica Financijskog izvje\u0161\u0107a za 2018. godinu<\/a><\/li>\n<li><a href=\"http:\/\/osnovnaskolamalinskadubasnica.hr\/wp-content\/uploads\/Tablice-Obvezne-bilje\u0161ke-uz-Bilancu-1.xlsx\" target=\"_blank\" rel=\"noopener noreferrer\">Tablica &#8211; Obvezne bilje\u0161ke uz Bilancu<\/a><\/li>\n<li><a href=\"http:\/\/osnovnaskolamalinskadubasnica.hr\/wp-content\/uploads\/Financijski-plan-2019.xlsx\" target=\"_blank\" rel=\"noopener noreferrer\">FINANCIJSKI PLAN za 2019. godinu i projekcije za 2020. i 2021. godinu<\/a><\/li>\n<li><a href=\"http:\/\/osnovnaskolamalinskadubasnica.hr\/wp-content\/uploads\/Plan-nabave-2019.xlsx\" target=\"_blank\" rel=\"noopener noreferrer\">PLAN NABAVE za 2019. godinu<\/a><\/li>\n<li><a href=\"http:\/\/osnovnaskolamalinskadubasnica.hr\/wp-content\/uploads\/II-rebalans.pdf\" target=\"_blank\" rel=\"noopener noreferrer\">II. REBALANS prora\u010duna za 2018. godinu<\/a><\/li>\n<li style=\"text-align: justify;\"><span style=\"color: #000000;\">REBALANS financijskog plana za 2018. godinu<\/span> &#8211; <strong><a href=\"http:\/\/osnovnaskolamalinskadubasnica.hr\/wp-content\/uploads\/prvi-rebalans-vlastita-prihodi-2018.pdf\" target=\"_blank\" rel=\"noopener noreferrer\">1<\/a><\/strong>, <strong><a href=\"http:\/\/osnovnaskolamalinskadubasnica.hr\/wp-content\/uploads\/prvi-rebalans-vlastita-rashodi-2018.pdf\" target=\"_blank\" rel=\"noopener noreferrer\">2<\/a><\/strong>, <strong><a href=\"http:\/\/osnovnaskolamalinskadubasnica.hr\/wp-content\/uploads\/prvi-rebalans-\u017eupanija-2018.pdf\" target=\"_blank\" rel=\"noopener noreferrer\">3<\/a><\/strong><\/li>\n<li style=\"text-align: justify;\"><a href=\"http:\/\/osnovnaskolamalinskadubasnica.hr\/wp-content\/uploads\/odluka-o-usvajanju-rebalansa.pdf\" target=\"_blank\" rel=\"noopener noreferrer\">Odluka o usvajanju Rebalansa financijskog plana za 2018. godinu<\/a><\/li>\n<li style=\"text-align: justify;\"><a href=\"http:\/\/osnovnaskolamalinskadubasnica.hr\/wp-content\/uploads\/polugodi\u0161nji-pg\u017e-2018.xls\" target=\"_blank\" rel=\"noopener noreferrer\">Polugodi\u0161nje financijsko izvje\u0161\u0107e za 2018. godinu<\/a><\/li>\n<li style=\"text-align: justify;\"><a href=\"http:\/\/osnovnaskolamalinskadubasnica.hr\/wp-content\/uploads\/odluka-o-usvajanju-polugodi\u0161njeg-financijskog-izvje\u0161taja-za-2018.pdf\" target=\"_blank\" rel=\"noopener noreferrer\">Odluka o usvajanju polugodi\u0161njeg izvje\u0161\u0107a za 2018. godinu<\/a><\/li>\n<li style=\"text-align: justify;\"><a href=\"http:\/\/osnovnaskolamalinskadubasnica.hr\/wp-content\/uploads\/Financijski-plan-2018.xlsx\" target=\"_blank\" rel=\"noopener noreferrer\">FINANCIJSKI PLAN za 2018. godinu i projekcije za 2019. i 2020. godinu<\/a><\/li>\n<li style=\"text-align: justify;\"><a href=\"http:\/\/osnovnaskolamalinskadubasnica.hr\/wp-content\/uploads\/financijski-scan.pdf\" target=\"_blank\" rel=\"noopener noreferrer\">Odluka o usvajanju Financijskog plana za 2018. godinu<\/a><\/li>\n<li style=\"text-align: justify;\"><a href=\"http:\/\/osnovnaskolamalinskadubasnica.hr\/wp-content\/uploads\/Plan-nabave-za-2018-godinu.pdf\" target=\"_blank\" rel=\"noopener noreferrer\">PLAN NABAVE za 2018. godinu<\/a><\/li>\n<li style=\"text-align: justify;\"><a href=\"http:\/\/osnovnaskolamalinskadubasnica.hr\/wp-content\/uploads\/plan-nabave-scan.pdf\" target=\"_blank\" rel=\"noopener noreferrer\">Odluka o usvajanju Plana nabave za 2018. godinu<\/a><br \/>\n<strong><span style=\"color: #ff6600;\">______________________________________________________<\/span><\/strong><em><br \/>\n<span style=\"color: #ffffff;\">.<\/span><\/em><\/li>\n<li><a href=\"http:\/\/osnovnaskolamalinskadubasnica.hr\/wp-content\/uploads\/Financijsko-izvje\u0161\u0107e-2017.xls\" target=\"_blank\" rel=\"noopener noreferrer\">FINANCIJSKO IZVJE\u0160\u0106E za 2017. godinu<\/a><\/li>\n<li><a href=\"http:\/\/osnovnaskolamalinskadubasnica.hr\/wp-content\/uploads\/bilje\u0161ke-uz-financijsko-izvje\u0161\u0107e.pdf\" target=\"_blank\" rel=\"noopener noreferrer\">BILJE\u0160KE uz financijsko izvje\u0161\u0107e<\/a><\/li>\n<li><a href=\"http:\/\/osnovnaskolamalinskadubasnica.hr\/wp-content\/uploads\/referentna-GFI.pdf\" target=\"_blank\" rel=\"noopener noreferrer\">Referentna stranica Financijskog izvje\u0161\u0107a za 2017. godinu<\/a><\/li>\n<li><a href=\"http:\/\/osnovnaskolamalinskadubasnica.hr\/wp-content\/uploads\/Rebalans.pdf\" target=\"_blank\" rel=\"noopener noreferrer\">REBALANS financijskog plana za 2017. godinu<\/a><\/li>\n<li><a href=\"http:\/\/osnovnaskolamalinskadubasnica.hr\/wp-content\/uploads\/rebalans-scan.pdf\" target=\"_blank\" rel=\"noopener noreferrer\">Odluka o usvajanju Rebalansa financijskog plana za 2017. godinu<\/a><\/li>\n<li style=\"text-align: justify;\"><a href=\"http:\/\/osnovnaskolamalinskadubasnica.hr\/wp-content\/uploads\/Financijski-plan-OS-Malinska-2017.xls\" target=\"_blank\" rel=\"noopener noreferrer\">FINANCIJSKI PLAN za 2017. godinu i projekcije za 2018. i 2019. godinu<\/a><\/li>\n<li style=\"text-align: justify;\"><a href=\"http:\/\/osnovnaskolamalinskadubasnica.hr\/wp-content\/uploads\/odluka-o-usvajanju-financijskog-plana.pdf\" target=\"_blank\" rel=\"noopener noreferrer\">Odluka o usvajanju Financijskog plana za 2017. godinu<\/a><\/li>\n<li style=\"text-align: justify;\"><a href=\"http:\/\/osnovnaskolamalinskadubasnica.hr\/wp-content\/uploads\/Plan-nabave-2017-OS-MALINSKA.pdf\" target=\"_blank\" rel=\"noopener noreferrer\">PLAN NABAVE za 2017. godinu<\/a><\/li>\n<\/ul>\n","protected":false},"excerpt":{"rendered":"<p>Sukladno \u010dlanku 27. Pravilnika o financijskom izvje\u0161tavanju u prora\u010dunskom ra\u010dunovodstvu (Narodne novine br 3\/15), na mre\u017enim stranicama \u0160kole objavljujemo godi\u0161nje financijske izvje\u0161taje. 2026. godina ______________________________________________________ ARHIVA &#8211; po godinama 2025. godina Godi\u0161nji izvje\u0161taj o izvr\u0161enju Financijskog plana za 2025. godinu &hellip; <a href=\"https:\/\/osnovnaskolamalinskadubasnica.hr\/?page_id=9075\">Nastavi \u010ditati <span class=\"meta-nav\">&rarr;<\/span><\/a><\/p>\n","protected":false},"author":1,"featured_media":0,"parent":0,"menu_order":0,"comment_status":"closed","ping_status":"closed","template":"","meta":{"footnotes":""},"class_list":["post-9075","page","type-page","status-publish","hentry"],"yoast_head":"<!-- This site is optimized with the Yoast SEO plugin v27.5 - https:\/\/yoast.com\/product\/yoast-seo-wordpress\/ -->\n<title>Financijska izvje\u0161\u0107a - Osnovna \u0161kola Malinska-Duba\u0161nica<\/title>\n<meta name=\"robots\" content=\"index, follow, max-snippet:-1, max-image-preview:large, max-video-preview:-1\" \/>\n<link rel=\"canonical\" href=\"http:\/\/osnovnaskolamalinskadubasnica.hr\/?page_id=9075\" \/>\n<meta property=\"og:locale\" content=\"hr_HR\" \/>\n<meta property=\"og:type\" content=\"article\" \/>\n<meta property=\"og:title\" content=\"Financijska izvje\u0161\u0107a - Osnovna \u0161kola Malinska-Duba\u0161nica\" \/>\n<meta property=\"og:description\" content=\"Sukladno \u010dlanku 27. Pravilnika o financijskom izvje\u0161tavanju u prora\u010dunskom ra\u010dunovodstvu (Narodne novine br 3\/15), na mre\u017enim stranicama \u0160kole objavljujemo godi\u0161nje financijske izvje\u0161taje. 2026. godina ______________________________________________________ ARHIVA &#8211; po godinama 2025. godina Godi\u0161nji izvje\u0161taj o izvr\u0161enju Financijskog plana za 2025. godinu &hellip; Nastavi \u010ditati &rarr;\" \/>\n<meta property=\"og:url\" content=\"http:\/\/osnovnaskolamalinskadubasnica.hr\/?page_id=9075\" \/>\n<meta property=\"og:site_name\" content=\"Osnovna \u0161kola Malinska-Duba\u0161nica\" \/>\n<meta property=\"article:publisher\" content=\"https:\/\/www.facebook.com\/osmalinskadubasnica\/\" \/>\n<meta property=\"article:modified_time\" content=\"2026-04-03T08:31:56+00:00\" \/>\n<meta name=\"twitter:card\" content=\"summary_large_image\" \/>\n<meta name=\"twitter:label1\" content=\"Procijenjeno vrijeme \u010ditanja\" \/>\n\t<meta name=\"twitter:data1\" content=\"4 minute\" \/>\n<script type=\"application\/ld+json\" class=\"yoast-schema-graph\">{\"@context\":\"https:\\\/\\\/schema.org\",\"@graph\":[{\"@type\":\"WebPage\",\"@id\":\"http:\\\/\\\/osnovnaskolamalinskadubasnica.hr\\\/?page_id=9075\",\"url\":\"http:\\\/\\\/osnovnaskolamalinskadubasnica.hr\\\/?page_id=9075\",\"name\":\"Financijska izvje\u0161\u0107a - Osnovna \u0161kola Malinska-Duba\u0161nica\",\"isPartOf\":{\"@id\":\"http:\\\/\\\/osnovnaskolamalinskadubasnica.hr\\\/#website\"},\"datePublished\":\"2017-01-31T02:00:41+00:00\",\"dateModified\":\"2026-04-03T08:31:56+00:00\",\"breadcrumb\":{\"@id\":\"http:\\\/\\\/osnovnaskolamalinskadubasnica.hr\\\/?page_id=9075#breadcrumb\"},\"inLanguage\":\"hr\",\"potentialAction\":[{\"@type\":\"ReadAction\",\"target\":[\"http:\\\/\\\/osnovnaskolamalinskadubasnica.hr\\\/?page_id=9075\"]}]},{\"@type\":\"BreadcrumbList\",\"@id\":\"http:\\\/\\\/osnovnaskolamalinskadubasnica.hr\\\/?page_id=9075#breadcrumb\",\"itemListElement\":[{\"@type\":\"ListItem\",\"position\":1,\"name\":\"Po\u010detna stranica\",\"item\":\"http:\\\/\\\/osnovnaskolamalinskadubasnica.hr\\\/\"},{\"@type\":\"ListItem\",\"position\":2,\"name\":\"Financijska izvje\u0161\u0107a\"}]},{\"@type\":\"WebSite\",\"@id\":\"http:\\\/\\\/osnovnaskolamalinskadubasnica.hr\\\/#website\",\"url\":\"http:\\\/\\\/osnovnaskolamalinskadubasnica.hr\\\/\",\"name\":\"Osnovna \u0161kola Malinska-Duba\u0161nica\",\"description\":\"\",\"potentialAction\":[{\"@type\":\"SearchAction\",\"target\":{\"@type\":\"EntryPoint\",\"urlTemplate\":\"http:\\\/\\\/osnovnaskolamalinskadubasnica.hr\\\/?s={search_term_string}\"},\"query-input\":{\"@type\":\"PropertyValueSpecification\",\"valueRequired\":true,\"valueName\":\"search_term_string\"}}],\"inLanguage\":\"hr\"}]}<\/script>\n<!-- \/ Yoast SEO plugin. -->","yoast_head_json":{"title":"Financijska izvje\u0161\u0107a - Osnovna \u0161kola Malinska-Duba\u0161nica","robots":{"index":"index","follow":"follow","max-snippet":"max-snippet:-1","max-image-preview":"max-image-preview:large","max-video-preview":"max-video-preview:-1"},"canonical":"http:\/\/osnovnaskolamalinskadubasnica.hr\/?page_id=9075","og_locale":"hr_HR","og_type":"article","og_title":"Financijska izvje\u0161\u0107a - Osnovna \u0161kola Malinska-Duba\u0161nica","og_description":"Sukladno \u010dlanku 27. Pravilnika o financijskom izvje\u0161tavanju u prora\u010dunskom ra\u010dunovodstvu (Narodne novine br 3\/15), na mre\u017enim stranicama \u0160kole objavljujemo godi\u0161nje financijske izvje\u0161taje. 2026. godina ______________________________________________________ ARHIVA &#8211; po godinama 2025. godina Godi\u0161nji izvje\u0161taj o izvr\u0161enju Financijskog plana za 2025. godinu &hellip; Nastavi \u010ditati &rarr;","og_url":"http:\/\/osnovnaskolamalinskadubasnica.hr\/?page_id=9075","og_site_name":"Osnovna \u0161kola Malinska-Duba\u0161nica","article_publisher":"https:\/\/www.facebook.com\/osmalinskadubasnica\/","article_modified_time":"2026-04-03T08:31:56+00:00","twitter_card":"summary_large_image","twitter_misc":{"Procijenjeno vrijeme \u010ditanja":"4 minute"},"schema":{"@context":"https:\/\/schema.org","@graph":[{"@type":"WebPage","@id":"http:\/\/osnovnaskolamalinskadubasnica.hr\/?page_id=9075","url":"http:\/\/osnovnaskolamalinskadubasnica.hr\/?page_id=9075","name":"Financijska izvje\u0161\u0107a - Osnovna \u0161kola Malinska-Duba\u0161nica","isPartOf":{"@id":"http:\/\/osnovnaskolamalinskadubasnica.hr\/#website"},"datePublished":"2017-01-31T02:00:41+00:00","dateModified":"2026-04-03T08:31:56+00:00","breadcrumb":{"@id":"http:\/\/osnovnaskolamalinskadubasnica.hr\/?page_id=9075#breadcrumb"},"inLanguage":"hr","potentialAction":[{"@type":"ReadAction","target":["http:\/\/osnovnaskolamalinskadubasnica.hr\/?page_id=9075"]}]},{"@type":"BreadcrumbList","@id":"http:\/\/osnovnaskolamalinskadubasnica.hr\/?page_id=9075#breadcrumb","itemListElement":[{"@type":"ListItem","position":1,"name":"Po\u010detna stranica","item":"http:\/\/osnovnaskolamalinskadubasnica.hr\/"},{"@type":"ListItem","position":2,"name":"Financijska izvje\u0161\u0107a"}]},{"@type":"WebSite","@id":"http:\/\/osnovnaskolamalinskadubasnica.hr\/#website","url":"http:\/\/osnovnaskolamalinskadubasnica.hr\/","name":"Osnovna \u0161kola Malinska-Duba\u0161nica","description":"","potentialAction":[{"@type":"SearchAction","target":{"@type":"EntryPoint","urlTemplate":"http:\/\/osnovnaskolamalinskadubasnica.hr\/?s={search_term_string}"},"query-input":{"@type":"PropertyValueSpecification","valueRequired":true,"valueName":"search_term_string"}}],"inLanguage":"hr"}]}},"_links":{"self":[{"href":"https:\/\/osnovnaskolamalinskadubasnica.hr\/index.php?rest_route=\/wp\/v2\/pages\/9075","targetHints":{"allow":["GET"]}}],"collection":[{"href":"https:\/\/osnovnaskolamalinskadubasnica.hr\/index.php?rest_route=\/wp\/v2\/pages"}],"about":[{"href":"https:\/\/osnovnaskolamalinskadubasnica.hr\/index.php?rest_route=\/wp\/v2\/types\/page"}],"author":[{"embeddable":true,"href":"https:\/\/osnovnaskolamalinskadubasnica.hr\/index.php?rest_route=\/wp\/v2\/users\/1"}],"replies":[{"embeddable":true,"href":"https:\/\/osnovnaskolamalinskadubasnica.hr\/index.php?rest_route=%2Fwp%2Fv2%2Fcomments&post=9075"}],"version-history":[{"count":49,"href":"https:\/\/osnovnaskolamalinskadubasnica.hr\/index.php?rest_route=\/wp\/v2\/pages\/9075\/revisions"}],"predecessor-version":[{"id":35555,"href":"https:\/\/osnovnaskolamalinskadubasnica.hr\/index.php?rest_route=\/wp\/v2\/pages\/9075\/revisions\/35555"}],"wp:attachment":[{"href":"https:\/\/osnovnaskolamalinskadubasnica.hr\/index.php?rest_route=%2Fwp%2Fv2%2Fmedia&parent=9075"}],"curies":[{"name":"wp","href":"https:\/\/api.w.org\/{rel}","templated":true}]}}