{"id":8904,"date":"2016-12-18T23:31:51","date_gmt":"2016-12-18T23:31:51","guid":{"rendered":"http:\/\/osnovnaskolakrk.hr\/malinska\/?page_id=8904"},"modified":"2017-06-20T22:12:04","modified_gmt":"2017-06-20T22:12:04","slug":"kutak-za-knjigoljupce","status":"publish","type":"page","link":"https:\/\/osnovnaskolamalinskadubasnica.hr\/?page_id=8904","title":{"rendered":"Tra\u017eite dobru knjigu?"},"content":{"rendered":"<p style=\"text-align: left;\"><span style=\"color: #000000;\"><a href=\"http:\/\/osnovnaskolamalinskadubasnica.hr\/wp-content\/uploads\/books.jpg\" data-rel=\"lightbox-image-0\" data-rl_title=\"\" data-rl_caption=\"\" title=\"\"><img loading=\"lazy\" decoding=\"async\" class=\"alignright wp-image-9195\" src=\"http:\/\/osnovnaskolamalinskadubasnica.hr\/wp-content\/uploads\/books.jpg\" width=\"168\" height=\"167\" srcset=\"https:\/\/osnovnaskolamalinskadubasnica.hr\/wp-content\/uploads\/books.jpg 503w, https:\/\/osnovnaskolamalinskadubasnica.hr\/wp-content\/uploads\/books-150x150.jpg 150w\" sizes=\"auto, (max-width: 168px) 100vw, 168px\" \/><\/a>Na pravom ste mjestu! \ud83d\ude42 <\/span><\/p>\n<p style=\"text-align: left;\"><span style=\"color: #000000;\">Za sve knjigoljupce (i one koji \u0107e to tek postati) donosimo recenzije i preporuke koji \u0107e vam pomo\u0107i u potrazi za dobrom knjigom. <\/span><\/p>\n<p style=\"text-align: left;\"><span style=\"color: #000000;\">U\u017eivajte u \u010ditanju!<\/span><\/p>\n<p style=\"text-align: justify;\"><img loading=\"lazy\" decoding=\"async\" class=\"irc_mi i8198Xd9MZ1o-pQOPx8XEepE aligncenter\" src=\"https:\/\/1.bp.blogspot.com\/-d-0obIiDmnw\/VGFArTUGYII\/AAAAAAAAI64\/vELc6vRcCoAy-B-8-eypN6CAu1nk9G1lACPcB\/s1600\/divider.png\" alt=\"Slikovni rezultat za book divider\" width=\"192\" height=\"55\" \/><\/p>\n<p style=\"text-align: center;\"><a href=\"http:\/\/osnovnaskolamalinskadubasnica.hr\/?p=10805\"><img loading=\"lazy\" decoding=\"async\" class=\"alignleft wp-image-10825\" src=\"http:\/\/osnovnaskolamalinskadubasnica.hr\/wp-content\/uploads\/ikona-k.jpg\" alt=\"\" width=\"272\" height=\"216\" \/><\/a><strong><a href=\"http:\/\/osnovnaskolamalinskadubasnica.hr\/?p=10805\">Ovoga ljeta uroni u dobru knjigu<\/a><\/strong><br \/>\n<strong><span style=\"color: #000000;\">ili<\/span><\/strong><br \/>\n<strong><span style=\"color: #000000;\">10 razloga za\u0161to \u010ditati ljeti<\/span><\/strong><\/p>\n<p style=\"text-align: justify;\"><span style=\"color: #000000;\">Pozdrav iz knji\u017enice za kraj ove nastavne godine sti\u017ee uz motivacijski popis razloga za\u0161to je vrijeme ljetnih praznika pogodno za \u010ditanje. \ud83d\ude42<br \/>\n<\/span><\/p>\n<p style=\"text-align: justify;\"><span style=\"color: #000000;\">pi\u0161e:<\/span><em><span style=\"color: #000000;\"> Simona \u0160amani\u0107<br \/>\n<span style=\"color: #ffffff;\">,<\/span><\/span><\/em><\/p>\n<p style=\"text-align: justify;\"><a href=\"http:\/\/osnovnaskolamalinskadubasnica.hr\/?p=9929\"><img loading=\"lazy\" decoding=\"async\" class=\"alignleft wp-image-9930\" src=\"http:\/\/osnovnaskolamalinskadubasnica.hr\/wp-content\/uploads\/gregov-dnevnik-naslovna.jpg\" alt=\"Gregov dnevnik\" width=\"272\" height=\"190\" srcset=\"https:\/\/osnovnaskolamalinskadubasnica.hr\/wp-content\/uploads\/gregov-dnevnik-naslovna.jpg 940w, https:\/\/osnovnaskolamalinskadubasnica.hr\/wp-content\/uploads\/gregov-dnevnik-naslovna-768x535.jpg 768w\" sizes=\"auto, (max-width: 272px) 100vw, 272px\" \/><\/a><strong><a href=\"http:\/\/osnovnaskolamalinskadubasnica.hr\/?p=9929\">Gregov dnevnik<\/a><\/strong><\/p>\n<p style=\"text-align: justify;\"><span style=\"color: #000000;\">Evo nas opet u potrazi za dobrom knjigom i ovoga puta nismo prona\u0161li jednu, ve\u0107 cijeli serijal urnebesno dobrih knjiga o jednom sasvim posebnom dje\u010daku koji \u0107e vas nasmijati do suza!<\/span><\/p>\n<p style=\"text-align: justify;\"><span style=\"color: #000000;\">pi\u0161e: <em>Dominik Me\u0161i\u0107<br \/>\n<span style=\"color: #ffffff;\">.<\/span><\/em><\/span><\/p>\n<p style=\"text-align: justify;\"><a href=\"http:\/\/osnovnaskolamalinskadubasnica.hr\/?p=8985\"><img loading=\"lazy\" decoding=\"async\" class=\"alignleft wp-image-8986\" src=\"http:\/\/osnovnaskolamalinskadubasnica.hr\/wp-content\/uploads\/tom-gates.jpg\" width=\"272\" height=\"203\" srcset=\"https:\/\/osnovnaskolamalinskadubasnica.hr\/wp-content\/uploads\/tom-gates.jpg 758w, https:\/\/osnovnaskolamalinskadubasnica.hr\/wp-content\/uploads\/tom-gates-250x187.jpg 250w\" sizes=\"auto, (max-width: 272px) 100vw, 272px\" \/><\/a><strong><a href=\"http:\/\/osnovnaskolamalinskadubasnica.hr\/?p=8985\">Tom Gates<\/a><\/strong><\/p>\n<p style=\"text-align: justify;\"><span style=\"color: #000000;\">Predstavljamo hit serijal koji je osvojio mlade \u0161irom svijeta. Upoznajte Toma Gatesa, dje\u010daka koji \u0107e vas genijalnim humorom nasmijati do suza i odu\u0161eviti svojim zgodama i nezgodama.<\/span><\/p>\n<p style=\"text-align: justify;\"><span style=\"color: #000000;\">pi\u0161e: <em>Dominik Me\u0161i\u0107<\/em><\/span><\/p>\n<p style=\"text-align: justify;\"><span style=\"color: #ffffff;\">.<\/span><\/p>\n<p style=\"text-align: justify;\"><a href=\"http:\/\/osnovnaskolamalinskadubasnica.hr\/?p=8899\"><img loading=\"lazy\" decoding=\"async\" class=\"alignleft wp-image-8900\" src=\"http:\/\/osnovnaskolamalinskadubasnica.hr\/wp-content\/uploads\/knjiga.jpg\" width=\"272\" height=\"176\" srcset=\"https:\/\/osnovnaskolamalinskadubasnica.hr\/wp-content\/uploads\/knjiga.jpg 760w, https:\/\/osnovnaskolamalinskadubasnica.hr\/wp-content\/uploads\/knjiga-250x162.jpg 250w\" sizes=\"auto, (max-width: 272px) 100vw, 272px\" \/><\/a><strong><a href=\"http:\/\/osnovnaskolamalinskadubasnica.hr\/?p=8899\">Dom gospo\u0111ice Peregrine za \u010dudnovatu djecu<\/a><\/strong><\/p>\n<p style=\"text-align: justify;\"><span style=\"color: #000000;\">Preporuka za zimske praznike, uz \u0161alicu \u010daja i pahulje snijega.<\/span><\/p>\n<p style=\"text-align: justify;\"><span style=\"color: #000000;\">pi\u0161e: <em>Laura Bo\u017ei\u0107<\/em><\/span><\/p>\n","protected":false},"excerpt":{"rendered":"<p>Na pravom ste mjestu! \ud83d\ude42 Za sve knjigoljupce (i one koji \u0107e to tek postati) donosimo recenzije i preporuke koji \u0107e vam pomo\u0107i u potrazi za dobrom knjigom. U\u017eivajte u \u010ditanju! Ovoga ljeta uroni u dobru knjigu ili 10 razloga &hellip; <a href=\"https:\/\/osnovnaskolamalinskadubasnica.hr\/?page_id=8904\">Nastavi \u010ditati <span class=\"meta-nav\">&rarr;<\/span><\/a><\/p>\n","protected":false},"author":1,"featured_media":0,"parent":0,"menu_order":0,"comment_status":"closed","ping_status":"closed","template":"","meta":{"footnotes":""},"class_list":["post-8904","page","type-page","status-publish","hentry"],"yoast_head":"<!-- This site is optimized with the Yoast SEO plugin v27.2 - https:\/\/yoast.com\/product\/yoast-seo-wordpress\/ -->\n<title>Tra\u017eite dobru knjigu? - Osnovna \u0161kola Malinska-Duba\u0161nica<\/title>\n<meta name=\"robots\" content=\"index, follow, max-snippet:-1, max-image-preview:large, max-video-preview:-1\" \/>\n<link rel=\"canonical\" href=\"http:\/\/osnovnaskolamalinskadubasnica.hr\/?page_id=8904\" \/>\n<meta property=\"og:locale\" content=\"hr_HR\" \/>\n<meta property=\"og:type\" content=\"article\" \/>\n<meta property=\"og:title\" content=\"Tra\u017eite dobru knjigu? - Osnovna \u0161kola Malinska-Duba\u0161nica\" \/>\n<meta property=\"og:description\" content=\"Na pravom ste mjestu! \ud83d\ude42 Za sve knjigoljupce (i one koji \u0107e to tek postati) donosimo recenzije i preporuke koji \u0107e vam pomo\u0107i u potrazi za dobrom knjigom. U\u017eivajte u \u010ditanju! Ovoga ljeta uroni u dobru knjigu ili 10 razloga &hellip; Nastavi \u010ditati &rarr;\" \/>\n<meta property=\"og:url\" content=\"http:\/\/osnovnaskolamalinskadubasnica.hr\/?page_id=8904\" \/>\n<meta property=\"og:site_name\" content=\"Osnovna \u0161kola Malinska-Duba\u0161nica\" \/>\n<meta property=\"article:publisher\" content=\"https:\/\/www.facebook.com\/osmalinskadubasnica\/\" \/>\n<meta property=\"article:modified_time\" content=\"2017-06-20T22:12:04+00:00\" \/>\n<meta property=\"og:image\" content=\"http:\/\/osnovnaskolamalinskadubasnica.hr\/wp-content\/uploads\/books.jpg\" \/>\n<meta name=\"twitter:card\" content=\"summary_large_image\" \/>\n<meta name=\"twitter:label1\" content=\"Procijenjeno vrijeme \u010ditanja\" \/>\n\t<meta name=\"twitter:data1\" content=\"1 minuta\" \/>\n<script type=\"application\/ld+json\" class=\"yoast-schema-graph\">{\"@context\":\"https:\/\/schema.org\",\"@graph\":[{\"@type\":\"WebPage\",\"@id\":\"http:\/\/osnovnaskolamalinskadubasnica.hr\/?page_id=8904\",\"url\":\"http:\/\/osnovnaskolamalinskadubasnica.hr\/?page_id=8904\",\"name\":\"Tra\u017eite dobru knjigu? - Osnovna \u0161kola Malinska-Duba\u0161nica\",\"isPartOf\":{\"@id\":\"https:\/\/osnovnaskolamalinskadubasnica.hr\/#website\"},\"primaryImageOfPage\":{\"@id\":\"http:\/\/osnovnaskolamalinskadubasnica.hr\/?page_id=8904#primaryimage\"},\"image\":{\"@id\":\"http:\/\/osnovnaskolamalinskadubasnica.hr\/?page_id=8904#primaryimage\"},\"thumbnailUrl\":\"http:\/\/osnovnaskolamalinskadubasnica.hr\/wp-content\/uploads\/books.jpg\",\"datePublished\":\"2016-12-18T23:31:51+00:00\",\"dateModified\":\"2017-06-20T22:12:04+00:00\",\"breadcrumb\":{\"@id\":\"http:\/\/osnovnaskolamalinskadubasnica.hr\/?page_id=8904#breadcrumb\"},\"inLanguage\":\"hr\",\"potentialAction\":[{\"@type\":\"ReadAction\",\"target\":[\"http:\/\/osnovnaskolamalinskadubasnica.hr\/?page_id=8904\"]}]},{\"@type\":\"ImageObject\",\"inLanguage\":\"hr\",\"@id\":\"http:\/\/osnovnaskolamalinskadubasnica.hr\/?page_id=8904#primaryimage\",\"url\":\"https:\/\/osnovnaskolamalinskadubasnica.hr\/wp-content\/uploads\/books.jpg\",\"contentUrl\":\"https:\/\/osnovnaskolamalinskadubasnica.hr\/wp-content\/uploads\/books.jpg\",\"width\":503,\"height\":500},{\"@type\":\"BreadcrumbList\",\"@id\":\"http:\/\/osnovnaskolamalinskadubasnica.hr\/?page_id=8904#breadcrumb\",\"itemListElement\":[{\"@type\":\"ListItem\",\"position\":1,\"name\":\"Po\u010detna stranica\",\"item\":\"https:\/\/osnovnaskolamalinskadubasnica.hr\/\"},{\"@type\":\"ListItem\",\"position\":2,\"name\":\"Tra\u017eite dobru knjigu?\"}]},{\"@type\":\"WebSite\",\"@id\":\"https:\/\/osnovnaskolamalinskadubasnica.hr\/#website\",\"url\":\"https:\/\/osnovnaskolamalinskadubasnica.hr\/\",\"name\":\"Osnovna \u0161kola Malinska-Duba\u0161nica\",\"description\":\"\",\"potentialAction\":[{\"@type\":\"SearchAction\",\"target\":{\"@type\":\"EntryPoint\",\"urlTemplate\":\"https:\/\/osnovnaskolamalinskadubasnica.hr\/?s={search_term_string}\"},\"query-input\":{\"@type\":\"PropertyValueSpecification\",\"valueRequired\":true,\"valueName\":\"search_term_string\"}}],\"inLanguage\":\"hr\"}]}<\/script>\n<!-- \/ Yoast SEO plugin. -->","yoast_head_json":{"title":"Tra\u017eite dobru knjigu? - Osnovna \u0161kola Malinska-Duba\u0161nica","robots":{"index":"index","follow":"follow","max-snippet":"max-snippet:-1","max-image-preview":"max-image-preview:large","max-video-preview":"max-video-preview:-1"},"canonical":"http:\/\/osnovnaskolamalinskadubasnica.hr\/?page_id=8904","og_locale":"hr_HR","og_type":"article","og_title":"Tra\u017eite dobru knjigu? - Osnovna \u0161kola Malinska-Duba\u0161nica","og_description":"Na pravom ste mjestu! \ud83d\ude42 Za sve knjigoljupce (i one koji \u0107e to tek postati) donosimo recenzije i preporuke koji \u0107e vam pomo\u0107i u potrazi za dobrom knjigom. U\u017eivajte u \u010ditanju! Ovoga ljeta uroni u dobru knjigu ili 10 razloga &hellip; Nastavi \u010ditati &rarr;","og_url":"http:\/\/osnovnaskolamalinskadubasnica.hr\/?page_id=8904","og_site_name":"Osnovna \u0161kola Malinska-Duba\u0161nica","article_publisher":"https:\/\/www.facebook.com\/osmalinskadubasnica\/","article_modified_time":"2017-06-20T22:12:04+00:00","og_image":[{"url":"http:\/\/osnovnaskolamalinskadubasnica.hr\/wp-content\/uploads\/books.jpg","type":"","width":"","height":""}],"twitter_card":"summary_large_image","twitter_misc":{"Procijenjeno vrijeme \u010ditanja":"1 minuta"},"schema":{"@context":"https:\/\/schema.org","@graph":[{"@type":"WebPage","@id":"http:\/\/osnovnaskolamalinskadubasnica.hr\/?page_id=8904","url":"http:\/\/osnovnaskolamalinskadubasnica.hr\/?page_id=8904","name":"Tra\u017eite dobru knjigu? - Osnovna \u0161kola Malinska-Duba\u0161nica","isPartOf":{"@id":"https:\/\/osnovnaskolamalinskadubasnica.hr\/#website"},"primaryImageOfPage":{"@id":"http:\/\/osnovnaskolamalinskadubasnica.hr\/?page_id=8904#primaryimage"},"image":{"@id":"http:\/\/osnovnaskolamalinskadubasnica.hr\/?page_id=8904#primaryimage"},"thumbnailUrl":"http:\/\/osnovnaskolamalinskadubasnica.hr\/wp-content\/uploads\/books.jpg","datePublished":"2016-12-18T23:31:51+00:00","dateModified":"2017-06-20T22:12:04+00:00","breadcrumb":{"@id":"http:\/\/osnovnaskolamalinskadubasnica.hr\/?page_id=8904#breadcrumb"},"inLanguage":"hr","potentialAction":[{"@type":"ReadAction","target":["http:\/\/osnovnaskolamalinskadubasnica.hr\/?page_id=8904"]}]},{"@type":"ImageObject","inLanguage":"hr","@id":"http:\/\/osnovnaskolamalinskadubasnica.hr\/?page_id=8904#primaryimage","url":"https:\/\/osnovnaskolamalinskadubasnica.hr\/wp-content\/uploads\/books.jpg","contentUrl":"https:\/\/osnovnaskolamalinskadubasnica.hr\/wp-content\/uploads\/books.jpg","width":503,"height":500},{"@type":"BreadcrumbList","@id":"http:\/\/osnovnaskolamalinskadubasnica.hr\/?page_id=8904#breadcrumb","itemListElement":[{"@type":"ListItem","position":1,"name":"Po\u010detna stranica","item":"https:\/\/osnovnaskolamalinskadubasnica.hr\/"},{"@type":"ListItem","position":2,"name":"Tra\u017eite dobru knjigu?"}]},{"@type":"WebSite","@id":"https:\/\/osnovnaskolamalinskadubasnica.hr\/#website","url":"https:\/\/osnovnaskolamalinskadubasnica.hr\/","name":"Osnovna \u0161kola Malinska-Duba\u0161nica","description":"","potentialAction":[{"@type":"SearchAction","target":{"@type":"EntryPoint","urlTemplate":"https:\/\/osnovnaskolamalinskadubasnica.hr\/?s={search_term_string}"},"query-input":{"@type":"PropertyValueSpecification","valueRequired":true,"valueName":"search_term_string"}}],"inLanguage":"hr"}]}},"_links":{"self":[{"href":"https:\/\/osnovnaskolamalinskadubasnica.hr\/index.php?rest_route=\/wp\/v2\/pages\/8904","targetHints":{"allow":["GET"]}}],"collection":[{"href":"https:\/\/osnovnaskolamalinskadubasnica.hr\/index.php?rest_route=\/wp\/v2\/pages"}],"about":[{"href":"https:\/\/osnovnaskolamalinskadubasnica.hr\/index.php?rest_route=\/wp\/v2\/types\/page"}],"author":[{"embeddable":true,"href":"https:\/\/osnovnaskolamalinskadubasnica.hr\/index.php?rest_route=\/wp\/v2\/users\/1"}],"replies":[{"embeddable":true,"href":"https:\/\/osnovnaskolamalinskadubasnica.hr\/index.php?rest_route=%2Fwp%2Fv2%2Fcomments&post=8904"}],"version-history":[{"count":13,"href":"https:\/\/osnovnaskolamalinskadubasnica.hr\/index.php?rest_route=\/wp\/v2\/pages\/8904\/revisions"}],"predecessor-version":[{"id":10826,"href":"https:\/\/osnovnaskolamalinskadubasnica.hr\/index.php?rest_route=\/wp\/v2\/pages\/8904\/revisions\/10826"}],"wp:attachment":[{"href":"https:\/\/osnovnaskolamalinskadubasnica.hr\/index.php?rest_route=%2Fwp%2Fv2%2Fmedia&parent=8904"}],"curies":[{"name":"wp","href":"https:\/\/api.w.org\/{rel}","templated":true}]}}