{"id":35706,"date":"2026-04-19T19:26:10","date_gmt":"2026-04-19T18:26:10","guid":{"rendered":"https:\/\/osnovnaskolamalinskadubasnica.hr\/?page_id=35706"},"modified":"2026-04-19T20:25:15","modified_gmt":"2026-04-19T19:25:15","slug":"fritulijada","status":"publish","type":"page","link":"https:\/\/osnovnaskolamalinskadubasnica.hr\/?page_id=35706","title":{"rendered":"Fritulijada"},"content":{"rendered":"<p style=\"text-align: justify;\"><span style=\"color: #000000;\">Fritulijada je manifestacija koju je pokrenula u\u010deni\u010dka zadruga i koja je svoje mjesto na\u0161la u blagdanskom doga\u0111anju Advent u Malinskoj. Vesela Fritulijada je natjecanje u pripremi fritula &#8211; natje\u010du se timovi u\u010denika, a stru\u010dni \u017eiri ocjenjuje \u010dije su fritule najfinije. Najbolja ekipa osim titula majstora fritula dobiva i nagradu. Cijela manifestacija popra\u0107ena je nastupima \u0161kolske plesne skupine, pjeva\u010dkog zbora, zadrugari prodaju svoje proizvode,&#8230; blagdanski doga\u0111aj koji okuplja velike i male.<\/span><\/p>\n<p><a href=\"https:\/\/osnovnaskolamalinskadubasnica.hr\/?p=34696\" target=\"_blank\" rel=\"noopener\"><img loading=\"lazy\" decoding=\"async\" class=\"alignleft wp-image-34697\" src=\"http:\/\/osnovnaskolamalinskadubasnica.hr\/wp-content\/uploads\/fritulijada-25-web.jpg\" alt=\"\" width=\"272\" height=\"181\" srcset=\"https:\/\/osnovnaskolamalinskadubasnica.hr\/wp-content\/uploads\/fritulijada-25-web.jpg 1210w, https:\/\/osnovnaskolamalinskadubasnica.hr\/wp-content\/uploads\/fritulijada-25-web-768x512.jpg 768w\" sizes=\"auto, (max-width: 272px) 100vw, 272px\" \/><\/a><a href=\"https:\/\/osnovnaskolamalinskadubasnica.hr\/?p=34696\" target=\"_blank\" rel=\"noopener\">FRITULIJADA SE NASTAVLJA<\/a><\/p>\n<p style=\"text-align: justify;\"><span style=\"color: #000000;\">Miris fritula ispunio je Advetski \u0161ator u Malinskoj &#8211; Fritulijada je odr\u017eana u prosincu 2025. godine i ponovno odu\u0161evila sve prisutne.<\/span><\/p>\n<p><a href=\"https:\/\/osnovnaskolamalinskadubasnica.hr\/?p=34696\" target=\"_blank\" rel=\"noopener\"><em>Nastavi \u010ditati \u2192<\/em><\/a><br \/>\n<span style=\"color: #ffffff;\">.<\/span><\/p>\n<p><strong><span style=\"color: #ff6600;\">________________________________________________________<\/span><\/strong><\/p>\n<p><a href=\"https:\/\/osnovnaskolamalinskadubasnica.hr\/?p=30958\" target=\"_blank\" rel=\"noopener\"><img loading=\"lazy\" decoding=\"async\" class=\"alignleft wp-image-30959\" src=\"http:\/\/osnovnaskolamalinskadubasnica.hr\/wp-content\/uploads\/fritule-web.jpg\" alt=\"\" width=\"272\" height=\"204\" srcset=\"https:\/\/osnovnaskolamalinskadubasnica.hr\/wp-content\/uploads\/fritule-web.jpg 1026w, https:\/\/osnovnaskolamalinskadubasnica.hr\/wp-content\/uploads\/fritule-web-768x576.jpg 768w\" sizes=\"auto, (max-width: 272px) 100vw, 272px\" \/><\/a><a href=\"https:\/\/osnovnaskolamalinskadubasnica.hr\/?p=30958\" target=\"_blank\" rel=\"noopener\">NA\u0160A PRVA FRITULIJADA<\/a><\/p>\n<p style=\"text-align: justify;\"><span style=\"color: #000000;\">Prva Fritulijada odu\u0161evila je velike i male duba\u0161ljane. Svaka ekipa potrudila se pripremiti najbolje blagdanske fritule, tako da \u017eiriju nije bilo nimalo lako.<\/span><\/p>\n<p><a href=\"https:\/\/osnovnaskolamalinskadubasnica.hr\/?p=30958\" target=\"_blank\" rel=\"noopener\"><em>Nastavi \u010ditati \u2192<\/em><\/a><\/p>\n","protected":false},"excerpt":{"rendered":"<p>Fritulijada je manifestacija koju je pokrenula u\u010deni\u010dka zadruga i koja je svoje mjesto na\u0161la u blagdanskom doga\u0111anju Advent u Malinskoj. Vesela Fritulijada je natjecanje u pripremi fritula &#8211; natje\u010du se timovi u\u010denika, a stru\u010dni \u017eiri ocjenjuje \u010dije su fritule najfinije. &hellip; <a href=\"https:\/\/osnovnaskolamalinskadubasnica.hr\/?page_id=35706\">Nastavi \u010ditati <span class=\"meta-nav\">&rarr;<\/span><\/a><\/p>\n","protected":false},"author":1,"featured_media":0,"parent":0,"menu_order":0,"comment_status":"closed","ping_status":"closed","template":"","meta":{"footnotes":""},"class_list":["post-35706","page","type-page","status-publish","hentry"],"yoast_head":"<!-- This site is optimized with the Yoast SEO plugin v27.4 - https:\/\/yoast.com\/product\/yoast-seo-wordpress\/ -->\n<title>Fritulijada - Osnovna \u0161kola Malinska-Duba\u0161nica<\/title>\n<meta name=\"robots\" content=\"index, follow, max-snippet:-1, max-image-preview:large, max-video-preview:-1\" \/>\n<link rel=\"canonical\" href=\"https:\/\/osnovnaskolamalinskadubasnica.hr\/?page_id=35706\" \/>\n<meta property=\"og:locale\" content=\"hr_HR\" \/>\n<meta property=\"og:type\" content=\"article\" \/>\n<meta property=\"og:title\" content=\"Fritulijada - Osnovna \u0161kola Malinska-Duba\u0161nica\" \/>\n<meta property=\"og:description\" content=\"Fritulijada je manifestacija koju je pokrenula u\u010deni\u010dka zadruga i koja je svoje mjesto na\u0161la u blagdanskom doga\u0111anju Advent u Malinskoj. Vesela Fritulijada je natjecanje u pripremi fritula &#8211; natje\u010du se timovi u\u010denika, a stru\u010dni \u017eiri ocjenjuje \u010dije su fritule najfinije. &hellip; Nastavi \u010ditati &rarr;\" \/>\n<meta property=\"og:url\" content=\"https:\/\/osnovnaskolamalinskadubasnica.hr\/?page_id=35706\" \/>\n<meta property=\"og:site_name\" content=\"Osnovna \u0161kola Malinska-Duba\u0161nica\" \/>\n<meta property=\"article:publisher\" content=\"https:\/\/www.facebook.com\/osmalinskadubasnica\/\" \/>\n<meta property=\"article:modified_time\" content=\"2026-04-19T19:25:15+00:00\" \/>\n<meta property=\"og:image\" content=\"https:\/\/osnovnaskolamalinskadubasnica.hr\/wp-content\/uploads\/fritulijada-25-web.jpg\" \/>\n\t<meta property=\"og:image:width\" content=\"1210\" \/>\n\t<meta property=\"og:image:height\" content=\"807\" \/>\n\t<meta property=\"og:image:type\" content=\"image\/jpeg\" \/>\n<meta name=\"twitter:card\" content=\"summary_large_image\" \/>\n<meta name=\"twitter:label1\" content=\"Procijenjeno vrijeme \u010ditanja\" \/>\n\t<meta name=\"twitter:data1\" content=\"2 minute\" \/>\n<script type=\"application\/ld+json\" class=\"yoast-schema-graph\">{\"@context\":\"https:\\\/\\\/schema.org\",\"@graph\":[{\"@type\":\"WebPage\",\"@id\":\"https:\\\/\\\/osnovnaskolamalinskadubasnica.hr\\\/?page_id=35706\",\"url\":\"https:\\\/\\\/osnovnaskolamalinskadubasnica.hr\\\/?page_id=35706\",\"name\":\"Fritulijada - Osnovna \u0161kola Malinska-Duba\u0161nica\",\"isPartOf\":{\"@id\":\"http:\\\/\\\/osnovnaskolamalinskadubasnica.hr\\\/#website\"},\"primaryImageOfPage\":{\"@id\":\"https:\\\/\\\/osnovnaskolamalinskadubasnica.hr\\\/?page_id=35706#primaryimage\"},\"image\":{\"@id\":\"https:\\\/\\\/osnovnaskolamalinskadubasnica.hr\\\/?page_id=35706#primaryimage\"},\"thumbnailUrl\":\"http:\\\/\\\/osnovnaskolamalinskadubasnica.hr\\\/wp-content\\\/uploads\\\/fritulijada-25-web.jpg\",\"datePublished\":\"2026-04-19T18:26:10+00:00\",\"dateModified\":\"2026-04-19T19:25:15+00:00\",\"breadcrumb\":{\"@id\":\"https:\\\/\\\/osnovnaskolamalinskadubasnica.hr\\\/?page_id=35706#breadcrumb\"},\"inLanguage\":\"hr\",\"potentialAction\":[{\"@type\":\"ReadAction\",\"target\":[\"https:\\\/\\\/osnovnaskolamalinskadubasnica.hr\\\/?page_id=35706\"]}]},{\"@type\":\"ImageObject\",\"inLanguage\":\"hr\",\"@id\":\"https:\\\/\\\/osnovnaskolamalinskadubasnica.hr\\\/?page_id=35706#primaryimage\",\"url\":\"http:\\\/\\\/osnovnaskolamalinskadubasnica.hr\\\/wp-content\\\/uploads\\\/fritulijada-25-web.jpg\",\"contentUrl\":\"http:\\\/\\\/osnovnaskolamalinskadubasnica.hr\\\/wp-content\\\/uploads\\\/fritulijada-25-web.jpg\"},{\"@type\":\"BreadcrumbList\",\"@id\":\"https:\\\/\\\/osnovnaskolamalinskadubasnica.hr\\\/?page_id=35706#breadcrumb\",\"itemListElement\":[{\"@type\":\"ListItem\",\"position\":1,\"name\":\"Po\u010detna stranica\",\"item\":\"http:\\\/\\\/osnovnaskolamalinskadubasnica.hr\\\/\"},{\"@type\":\"ListItem\",\"position\":2,\"name\":\"Fritulijada\"}]},{\"@type\":\"WebSite\",\"@id\":\"http:\\\/\\\/osnovnaskolamalinskadubasnica.hr\\\/#website\",\"url\":\"http:\\\/\\\/osnovnaskolamalinskadubasnica.hr\\\/\",\"name\":\"Osnovna \u0161kola Malinska-Duba\u0161nica\",\"description\":\"\",\"potentialAction\":[{\"@type\":\"SearchAction\",\"target\":{\"@type\":\"EntryPoint\",\"urlTemplate\":\"http:\\\/\\\/osnovnaskolamalinskadubasnica.hr\\\/?s={search_term_string}\"},\"query-input\":{\"@type\":\"PropertyValueSpecification\",\"valueRequired\":true,\"valueName\":\"search_term_string\"}}],\"inLanguage\":\"hr\"}]}<\/script>\n<!-- \/ Yoast SEO plugin. -->","yoast_head_json":{"title":"Fritulijada - Osnovna \u0161kola Malinska-Duba\u0161nica","robots":{"index":"index","follow":"follow","max-snippet":"max-snippet:-1","max-image-preview":"max-image-preview:large","max-video-preview":"max-video-preview:-1"},"canonical":"https:\/\/osnovnaskolamalinskadubasnica.hr\/?page_id=35706","og_locale":"hr_HR","og_type":"article","og_title":"Fritulijada - Osnovna \u0161kola Malinska-Duba\u0161nica","og_description":"Fritulijada je manifestacija koju je pokrenula u\u010deni\u010dka zadruga i koja je svoje mjesto na\u0161la u blagdanskom doga\u0111anju Advent u Malinskoj. Vesela Fritulijada je natjecanje u pripremi fritula &#8211; natje\u010du se timovi u\u010denika, a stru\u010dni \u017eiri ocjenjuje \u010dije su fritule najfinije. &hellip; Nastavi \u010ditati &rarr;","og_url":"https:\/\/osnovnaskolamalinskadubasnica.hr\/?page_id=35706","og_site_name":"Osnovna \u0161kola Malinska-Duba\u0161nica","article_publisher":"https:\/\/www.facebook.com\/osmalinskadubasnica\/","article_modified_time":"2026-04-19T19:25:15+00:00","og_image":[{"width":1210,"height":807,"url":"https:\/\/osnovnaskolamalinskadubasnica.hr\/wp-content\/uploads\/fritulijada-25-web.jpg","type":"image\/jpeg"}],"twitter_card":"summary_large_image","twitter_misc":{"Procijenjeno vrijeme \u010ditanja":"2 minute"},"schema":{"@context":"https:\/\/schema.org","@graph":[{"@type":"WebPage","@id":"https:\/\/osnovnaskolamalinskadubasnica.hr\/?page_id=35706","url":"https:\/\/osnovnaskolamalinskadubasnica.hr\/?page_id=35706","name":"Fritulijada - Osnovna \u0161kola Malinska-Duba\u0161nica","isPartOf":{"@id":"http:\/\/osnovnaskolamalinskadubasnica.hr\/#website"},"primaryImageOfPage":{"@id":"https:\/\/osnovnaskolamalinskadubasnica.hr\/?page_id=35706#primaryimage"},"image":{"@id":"https:\/\/osnovnaskolamalinskadubasnica.hr\/?page_id=35706#primaryimage"},"thumbnailUrl":"http:\/\/osnovnaskolamalinskadubasnica.hr\/wp-content\/uploads\/fritulijada-25-web.jpg","datePublished":"2026-04-19T18:26:10+00:00","dateModified":"2026-04-19T19:25:15+00:00","breadcrumb":{"@id":"https:\/\/osnovnaskolamalinskadubasnica.hr\/?page_id=35706#breadcrumb"},"inLanguage":"hr","potentialAction":[{"@type":"ReadAction","target":["https:\/\/osnovnaskolamalinskadubasnica.hr\/?page_id=35706"]}]},{"@type":"ImageObject","inLanguage":"hr","@id":"https:\/\/osnovnaskolamalinskadubasnica.hr\/?page_id=35706#primaryimage","url":"http:\/\/osnovnaskolamalinskadubasnica.hr\/wp-content\/uploads\/fritulijada-25-web.jpg","contentUrl":"http:\/\/osnovnaskolamalinskadubasnica.hr\/wp-content\/uploads\/fritulijada-25-web.jpg"},{"@type":"BreadcrumbList","@id":"https:\/\/osnovnaskolamalinskadubasnica.hr\/?page_id=35706#breadcrumb","itemListElement":[{"@type":"ListItem","position":1,"name":"Po\u010detna stranica","item":"http:\/\/osnovnaskolamalinskadubasnica.hr\/"},{"@type":"ListItem","position":2,"name":"Fritulijada"}]},{"@type":"WebSite","@id":"http:\/\/osnovnaskolamalinskadubasnica.hr\/#website","url":"http:\/\/osnovnaskolamalinskadubasnica.hr\/","name":"Osnovna \u0161kola Malinska-Duba\u0161nica","description":"","potentialAction":[{"@type":"SearchAction","target":{"@type":"EntryPoint","urlTemplate":"http:\/\/osnovnaskolamalinskadubasnica.hr\/?s={search_term_string}"},"query-input":{"@type":"PropertyValueSpecification","valueRequired":true,"valueName":"search_term_string"}}],"inLanguage":"hr"}]}},"_links":{"self":[{"href":"https:\/\/osnovnaskolamalinskadubasnica.hr\/index.php?rest_route=\/wp\/v2\/pages\/35706","targetHints":{"allow":["GET"]}}],"collection":[{"href":"https:\/\/osnovnaskolamalinskadubasnica.hr\/index.php?rest_route=\/wp\/v2\/pages"}],"about":[{"href":"https:\/\/osnovnaskolamalinskadubasnica.hr\/index.php?rest_route=\/wp\/v2\/types\/page"}],"author":[{"embeddable":true,"href":"https:\/\/osnovnaskolamalinskadubasnica.hr\/index.php?rest_route=\/wp\/v2\/users\/1"}],"replies":[{"embeddable":true,"href":"https:\/\/osnovnaskolamalinskadubasnica.hr\/index.php?rest_route=%2Fwp%2Fv2%2Fcomments&post=35706"}],"version-history":[{"count":4,"href":"https:\/\/osnovnaskolamalinskadubasnica.hr\/index.php?rest_route=\/wp\/v2\/pages\/35706\/revisions"}],"predecessor-version":[{"id":35710,"href":"https:\/\/osnovnaskolamalinskadubasnica.hr\/index.php?rest_route=\/wp\/v2\/pages\/35706\/revisions\/35710"}],"wp:attachment":[{"href":"https:\/\/osnovnaskolamalinskadubasnica.hr\/index.php?rest_route=%2Fwp%2Fv2%2Fmedia&parent=35706"}],"curies":[{"name":"wp","href":"https:\/\/api.w.org\/{rel}","templated":true}]}}