{"id":34744,"date":"2026-01-22T20:56:14","date_gmt":"2026-01-22T19:56:14","guid":{"rendered":"https:\/\/osnovnaskolamalinskadubasnica.hr\/?page_id=34744"},"modified":"2026-04-09T04:45:07","modified_gmt":"2026-04-09T03:45:07","slug":"2026-godina","status":"publish","type":"page","link":"https:\/\/osnovnaskolamalinskadubasnica.hr\/?page_id=34744","title":{"rendered":"2026. godina"},"content":{"rendered":"<ul style=\"list-style-type: circle;\">\n<li><a href=\"http:\/\/osnovnaskolamalinskadubasnica.hr\/wp-content\/uploads\/Popis-narudzbenica-2026-1.xlsx\" target=\"_blank\" rel=\"noopener\">Popis narud\u017ebenica &#8211; o\u017eujak 2026.<\/a><\/li>\n<li style=\"text-align: justify;\"><a href=\"http:\/\/osnovnaskolamalinskadubasnica.hr\/wp-content\/uploads\/OSMalinska_javna-objava-placa-2026-1.xlsx\" target=\"_blank\" rel=\"noopener\">Informacije o isplatama s ra\u010duna Ministarstva znanosti, obrazovanja i mladih za mjesec velja\u010du 2026. godin<\/a>e <em><span style=\"color: #000000;\">(objavljeno 17. o\u017eujka 2026. godine)<\/span><\/em><\/li>\n<li><a href=\"http:\/\/osnovnaskolamalinskadubasnica.hr\/wp-content\/uploads\/Popis-narudzbenica-2026.xlsx\" target=\"_blank\" rel=\"noopener\">Popis narud\u017ebenica &#8211; velja\u010da 2026.<\/a><\/li>\n<li style=\"text-align: justify;\"><a href=\"http:\/\/osnovnaskolamalinskadubasnica.hr\/wp-content\/uploads\/OSMalinska_javna-objava-placa-2026.xlsx\" target=\"_blank\" rel=\"noopener\">Informacije o isplatama s ra\u010duna Ministarstva znanosti, obrazovanja i mladih za mjesec sije\u010danj 2026. godin<\/a>e <em><span style=\"color: #000000;\">(objavljeno 19. velja\u010de 2026. godine)<\/span><\/em><\/li>\n<li><a href=\"http:\/\/osnovnaskolamalinskadubasnica.hr\/wp-content\/uploads\/Popis-narudzbenica-2026-sijecanj.xlsx\" target=\"_blank\" rel=\"noopener\">Popis narud\u017ebenica 2026 &#8211; sije\u010danj<\/a><\/li>\n<\/ul>\n","protected":false},"excerpt":{"rendered":"<p>Popis narud\u017ebenica &#8211; o\u017eujak 2026. Informacije o isplatama s ra\u010duna Ministarstva znanosti, obrazovanja i mladih za mjesec velja\u010du 2026. godine (objavljeno 17. o\u017eujka 2026. godine) Popis narud\u017ebenica &#8211; velja\u010da 2026. Informacije o isplatama s ra\u010duna Ministarstva znanosti, obrazovanja i mladih &hellip; <a href=\"https:\/\/osnovnaskolamalinskadubasnica.hr\/?page_id=34744\">Nastavi \u010ditati <span class=\"meta-nav\">&rarr;<\/span><\/a><\/p>\n","protected":false},"author":1,"featured_media":0,"parent":0,"menu_order":0,"comment_status":"closed","ping_status":"closed","template":"","meta":{"footnotes":""},"class_list":["post-34744","page","type-page","status-publish","hentry"],"yoast_head":"<!-- This site is optimized with the Yoast SEO plugin v27.5 - https:\/\/yoast.com\/product\/yoast-seo-wordpress\/ -->\n<title>2026. godina - Osnovna \u0161kola Malinska-Duba\u0161nica<\/title>\n<meta name=\"robots\" content=\"index, follow, max-snippet:-1, max-image-preview:large, max-video-preview:-1\" \/>\n<link rel=\"canonical\" href=\"https:\/\/osnovnaskolamalinskadubasnica.hr\/?page_id=34744\" \/>\n<meta property=\"og:locale\" content=\"hr_HR\" \/>\n<meta property=\"og:type\" content=\"article\" \/>\n<meta property=\"og:title\" content=\"2026. godina - Osnovna \u0161kola Malinska-Duba\u0161nica\" \/>\n<meta property=\"og:description\" content=\"Popis narud\u017ebenica &#8211; o\u017eujak 2026. Informacije o isplatama s ra\u010duna Ministarstva znanosti, obrazovanja i mladih za mjesec velja\u010du 2026. godine (objavljeno 17. o\u017eujka 2026. godine) Popis narud\u017ebenica &#8211; velja\u010da 2026. Informacije o isplatama s ra\u010duna Ministarstva znanosti, obrazovanja i mladih &hellip; Nastavi \u010ditati &rarr;\" \/>\n<meta property=\"og:url\" content=\"https:\/\/osnovnaskolamalinskadubasnica.hr\/?page_id=34744\" \/>\n<meta property=\"og:site_name\" content=\"Osnovna \u0161kola Malinska-Duba\u0161nica\" \/>\n<meta property=\"article:publisher\" content=\"https:\/\/www.facebook.com\/osmalinskadubasnica\/\" \/>\n<meta property=\"article:modified_time\" content=\"2026-04-09T03:45:07+00:00\" \/>\n<meta name=\"twitter:card\" content=\"summary_large_image\" \/>\n<meta name=\"twitter:label1\" content=\"Procijenjeno vrijeme \u010ditanja\" \/>\n\t<meta name=\"twitter:data1\" content=\"1 minuta\" \/>\n<script type=\"application\/ld+json\" class=\"yoast-schema-graph\">{\"@context\":\"https:\\\/\\\/schema.org\",\"@graph\":[{\"@type\":\"WebPage\",\"@id\":\"https:\\\/\\\/osnovnaskolamalinskadubasnica.hr\\\/?page_id=34744\",\"url\":\"https:\\\/\\\/osnovnaskolamalinskadubasnica.hr\\\/?page_id=34744\",\"name\":\"2026. godina - Osnovna \u0161kola Malinska-Duba\u0161nica\",\"isPartOf\":{\"@id\":\"http:\\\/\\\/osnovnaskolamalinskadubasnica.hr\\\/#website\"},\"datePublished\":\"2026-01-22T19:56:14+00:00\",\"dateModified\":\"2026-04-09T03:45:07+00:00\",\"breadcrumb\":{\"@id\":\"https:\\\/\\\/osnovnaskolamalinskadubasnica.hr\\\/?page_id=34744#breadcrumb\"},\"inLanguage\":\"hr\",\"potentialAction\":[{\"@type\":\"ReadAction\",\"target\":[\"https:\\\/\\\/osnovnaskolamalinskadubasnica.hr\\\/?page_id=34744\"]}]},{\"@type\":\"BreadcrumbList\",\"@id\":\"https:\\\/\\\/osnovnaskolamalinskadubasnica.hr\\\/?page_id=34744#breadcrumb\",\"itemListElement\":[{\"@type\":\"ListItem\",\"position\":1,\"name\":\"Po\u010detna stranica\",\"item\":\"http:\\\/\\\/osnovnaskolamalinskadubasnica.hr\\\/\"},{\"@type\":\"ListItem\",\"position\":2,\"name\":\"2026. godina\"}]},{\"@type\":\"WebSite\",\"@id\":\"http:\\\/\\\/osnovnaskolamalinskadubasnica.hr\\\/#website\",\"url\":\"http:\\\/\\\/osnovnaskolamalinskadubasnica.hr\\\/\",\"name\":\"Osnovna \u0161kola Malinska-Duba\u0161nica\",\"description\":\"\",\"potentialAction\":[{\"@type\":\"SearchAction\",\"target\":{\"@type\":\"EntryPoint\",\"urlTemplate\":\"http:\\\/\\\/osnovnaskolamalinskadubasnica.hr\\\/?s={search_term_string}\"},\"query-input\":{\"@type\":\"PropertyValueSpecification\",\"valueRequired\":true,\"valueName\":\"search_term_string\"}}],\"inLanguage\":\"hr\"}]}<\/script>\n<!-- \/ Yoast SEO plugin. -->","yoast_head_json":{"title":"2026. godina - Osnovna \u0161kola Malinska-Duba\u0161nica","robots":{"index":"index","follow":"follow","max-snippet":"max-snippet:-1","max-image-preview":"max-image-preview:large","max-video-preview":"max-video-preview:-1"},"canonical":"https:\/\/osnovnaskolamalinskadubasnica.hr\/?page_id=34744","og_locale":"hr_HR","og_type":"article","og_title":"2026. godina - Osnovna \u0161kola Malinska-Duba\u0161nica","og_description":"Popis narud\u017ebenica &#8211; o\u017eujak 2026. Informacije o isplatama s ra\u010duna Ministarstva znanosti, obrazovanja i mladih za mjesec velja\u010du 2026. godine (objavljeno 17. o\u017eujka 2026. godine) Popis narud\u017ebenica &#8211; velja\u010da 2026. Informacije o isplatama s ra\u010duna Ministarstva znanosti, obrazovanja i mladih &hellip; Nastavi \u010ditati &rarr;","og_url":"https:\/\/osnovnaskolamalinskadubasnica.hr\/?page_id=34744","og_site_name":"Osnovna \u0161kola Malinska-Duba\u0161nica","article_publisher":"https:\/\/www.facebook.com\/osmalinskadubasnica\/","article_modified_time":"2026-04-09T03:45:07+00:00","twitter_card":"summary_large_image","twitter_misc":{"Procijenjeno vrijeme \u010ditanja":"1 minuta"},"schema":{"@context":"https:\/\/schema.org","@graph":[{"@type":"WebPage","@id":"https:\/\/osnovnaskolamalinskadubasnica.hr\/?page_id=34744","url":"https:\/\/osnovnaskolamalinskadubasnica.hr\/?page_id=34744","name":"2026. godina - Osnovna \u0161kola Malinska-Duba\u0161nica","isPartOf":{"@id":"http:\/\/osnovnaskolamalinskadubasnica.hr\/#website"},"datePublished":"2026-01-22T19:56:14+00:00","dateModified":"2026-04-09T03:45:07+00:00","breadcrumb":{"@id":"https:\/\/osnovnaskolamalinskadubasnica.hr\/?page_id=34744#breadcrumb"},"inLanguage":"hr","potentialAction":[{"@type":"ReadAction","target":["https:\/\/osnovnaskolamalinskadubasnica.hr\/?page_id=34744"]}]},{"@type":"BreadcrumbList","@id":"https:\/\/osnovnaskolamalinskadubasnica.hr\/?page_id=34744#breadcrumb","itemListElement":[{"@type":"ListItem","position":1,"name":"Po\u010detna stranica","item":"http:\/\/osnovnaskolamalinskadubasnica.hr\/"},{"@type":"ListItem","position":2,"name":"2026. godina"}]},{"@type":"WebSite","@id":"http:\/\/osnovnaskolamalinskadubasnica.hr\/#website","url":"http:\/\/osnovnaskolamalinskadubasnica.hr\/","name":"Osnovna \u0161kola Malinska-Duba\u0161nica","description":"","potentialAction":[{"@type":"SearchAction","target":{"@type":"EntryPoint","urlTemplate":"http:\/\/osnovnaskolamalinskadubasnica.hr\/?s={search_term_string}"},"query-input":{"@type":"PropertyValueSpecification","valueRequired":true,"valueName":"search_term_string"}}],"inLanguage":"hr"}]}},"_links":{"self":[{"href":"https:\/\/osnovnaskolamalinskadubasnica.hr\/index.php?rest_route=\/wp\/v2\/pages\/34744","targetHints":{"allow":["GET"]}}],"collection":[{"href":"https:\/\/osnovnaskolamalinskadubasnica.hr\/index.php?rest_route=\/wp\/v2\/pages"}],"about":[{"href":"https:\/\/osnovnaskolamalinskadubasnica.hr\/index.php?rest_route=\/wp\/v2\/types\/page"}],"author":[{"embeddable":true,"href":"https:\/\/osnovnaskolamalinskadubasnica.hr\/index.php?rest_route=\/wp\/v2\/users\/1"}],"replies":[{"embeddable":true,"href":"https:\/\/osnovnaskolamalinskadubasnica.hr\/index.php?rest_route=%2Fwp%2Fv2%2Fcomments&post=34744"}],"version-history":[{"count":7,"href":"https:\/\/osnovnaskolamalinskadubasnica.hr\/index.php?rest_route=\/wp\/v2\/pages\/34744\/revisions"}],"predecessor-version":[{"id":35561,"href":"https:\/\/osnovnaskolamalinskadubasnica.hr\/index.php?rest_route=\/wp\/v2\/pages\/34744\/revisions\/35561"}],"wp:attachment":[{"href":"https:\/\/osnovnaskolamalinskadubasnica.hr\/index.php?rest_route=%2Fwp%2Fv2%2Fmedia&parent=34744"}],"curies":[{"name":"wp","href":"https:\/\/api.w.org\/{rel}","templated":true}]}}