{"id":230,"date":"2013-10-02T10:37:38","date_gmt":"2013-10-02T10:37:38","guid":{"rendered":"http:\/\/osnovnaskolakrk.hr\/malinska\/?page_id=230"},"modified":"2025-10-08T22:25:17","modified_gmt":"2025-10-08T21:25:17","slug":"vijece-ucenika","status":"publish","type":"page","link":"https:\/\/osnovnaskolamalinskadubasnica.hr\/?page_id=230","title":{"rendered":"Vije\u0107e u\u010denika"},"content":{"rendered":"<p style=\"text-align: center;\"><span style=\"color: #800000; font-size: 14pt;\"><span style=\"color: #000000;\"><strong><span style=\"color: #800000;\">\u0161kolska godina 2025.\/2026.<\/span><\/strong><\/span> <\/span><\/p>\n<table style=\"height: 425px; width: 99.6109%; background-color: #7ef7dd;\">\n<tbody>\n<tr style=\"height: 25px;\">\n<td style=\"width: 23.0348%; background-color: #fa9a14; height: 25px;\"><strong><span style=\"color: #ffffff;\">RAZRED<br \/>\n<\/span><\/strong><\/td>\n<td style=\"width: 22.3955%; background-color: #fa9a14; height: 25px;\"><strong><span style=\"color: #ffffff;\">PREDSTAVNIK<br \/>\n<\/span><\/strong><\/td>\n<td style=\"width: 34.6429%; background-color: #fa9a14; height: 25px;\"><strong><span style=\"color: #ffffff;\">ZAMJENIK<br \/>\n<\/span><\/strong><\/td>\n<\/tr>\n<tr style=\"height: 25px;\">\n<td style=\"width: 23.0348%; background-color: #4ec1de; height: 25px;\"><span style=\"color: #000000;\">1. a<\/span><\/td>\n<td style=\"width: 22.3955%; background-color: #4ec1de; height: 25px;\"><em><span style=\"color: #000000;\">Andro Dabrovi\u0107<\/span><\/em><\/td>\n<td style=\"width: 34.6429%; background-color: #4ec1de; height: 25px;\"><em><span style=\"color: #000000;\">Damjan Ljuti\u0107<\/span><\/em><\/td>\n<\/tr>\n<tr style=\"height: 25px;\">\n<td style=\"width: 23.0348%; background-color: #4ec1de; height: 25px;\"><span style=\"color: #000000;\">1. b<\/span><\/td>\n<td style=\"width: 22.3955%; background-color: #4ec1de; height: 25px;\"><em><span style=\"color: #000000;\">Lena \u0160usti\u0107<\/span><\/em><\/td>\n<td style=\"width: 34.6429%; background-color: #4ec1de; height: 25px;\"><em><span style=\"color: #000000;\">Juraj \u0160ulenti\u0107<\/span><\/em><\/td>\n<\/tr>\n<tr style=\"height: 25px;\">\n<td style=\"width: 23.0348%; background-color: #4ec1de; height: 25px;\"><span style=\"color: #000000;\">2. a<\/span><\/td>\n<td style=\"width: 22.3955%; background-color: #4ec1de; height: 25px;\"><em><span style=\"color: #000000;\">Fran Bu\u017eonja<\/span><\/em><\/td>\n<td style=\"width: 34.6429%; background-color: #4ec1de; height: 25px;\"><em><span style=\"color: #000000;\">Magdalena Cveli\u0107<\/span><\/em><\/td>\n<\/tr>\n<tr style=\"height: 25px;\">\n<td style=\"width: 23.0348%; background-color: #4ec1de; height: 25px;\"><span style=\"color: #000000;\">2. b<\/span><\/td>\n<td style=\"width: 22.3955%; background-color: #4ec1de; height: 25px;\"><em><span style=\"color: #000000;\">Ena Bogovi\u0107<\/span><\/em><\/td>\n<td style=\"width: 34.6429%; background-color: #4ec1de; height: 25px;\"><em><span style=\"color: #000000;\">Luka Mladi\u0107<\/span><\/em><\/td>\n<\/tr>\n<tr style=\"height: 25px;\">\n<td style=\"width: 23.0348%; background-color: #4ec1de; height: 25px;\"><span style=\"color: #000000;\">3. a<\/span><\/td>\n<td style=\"width: 22.3955%; background-color: #4ec1de; height: 25px;\"><em><span style=\"color: #000000;\">Lea Dimi\u0107<\/span><\/em><\/td>\n<td style=\"width: 34.6429%; background-color: #4ec1de; height: 25px;\"><em><span style=\"color: #000000;\">David Ko\u0161i\u0107<\/span><\/em><\/td>\n<\/tr>\n<tr style=\"height: 25px;\">\n<td style=\"width: 23.0348%; background-color: #4ec1de; height: 25px;\"><span style=\"color: #000000;\">3. b<\/span><\/td>\n<td style=\"width: 22.3955%; background-color: #4ec1de; height: 25px;\"><em><span style=\"color: #000000;\">Anna Dolenec<\/span><\/em><\/td>\n<td style=\"width: 34.6429%; background-color: #4ec1de; height: 25px;\"><em><span style=\"color: #000000;\">Tino Ra\u0161i\u0107<\/span><\/em><\/td>\n<\/tr>\n<tr style=\"height: 25px;\">\n<td style=\"width: 23.0348%; background-color: #4ec1de; height: 25px;\"><span style=\"color: #000000;\">4. a<\/span><\/td>\n<td style=\"width: 22.3955%; background-color: #4ec1de; height: 25px;\"><em><span style=\"color: #000000;\">Ivana Bogovi\u0107<\/span><\/em><\/td>\n<td style=\"width: 34.6429%; background-color: #4ec1de; height: 25px;\"><em><span style=\"color: #000000;\">Katja Mamut<\/span><\/em><\/td>\n<\/tr>\n<tr style=\"height: 25px;\">\n<td style=\"width: 23.0348%; background-color: #4ec1de; height: 25px;\"><span style=\"color: #000000;\">4. b<\/span><\/td>\n<td style=\"width: 22.3955%; background-color: #4ec1de; height: 25px;\"><em><span style=\"color: #000000;\">Viktoria Ljuti\u0107<\/span><\/em><\/td>\n<td style=\"width: 34.6429%; background-color: #4ec1de; height: 25px;\"><em><span style=\"color: #000000;\">Laura Kralji\u0107<\/span><\/em><\/td>\n<\/tr>\n<tr style=\"height: 25px;\">\n<td style=\"width: 23.0348%; background-color: #4ec1de; height: 25px;\"><span style=\"color: #000000;\">5. a<\/span><\/td>\n<td style=\"width: 22.3955%; background-color: #4ec1de; height: 25px;\"><em><span style=\"color: #000000;\">Anja Dimi\u0107<\/span><\/em><\/td>\n<td style=\"width: 34.6429%; background-color: #4ec1de; height: 25px;\"><em><span style=\"color: #000000;\">Olivia Orli\u0107<\/span><\/em><\/td>\n<\/tr>\n<tr style=\"height: 25px;\">\n<td style=\"width: 23.0348%; background-color: #4ec1de; height: 25px;\"><span style=\"color: #000000;\">5. b<\/span><\/td>\n<td style=\"width: 22.3955%; background-color: #4ec1de; height: 25px;\"><em><span style=\"color: #000000;\">Nikol \u010cutul<\/span><\/em><\/td>\n<td style=\"width: 34.6429%; background-color: #4ec1de; height: 25px;\"><em><span style=\"color: #000000;\">Dominik Barbi\u0161<\/span><\/em><\/td>\n<\/tr>\n<tr style=\"height: 25px;\">\n<td style=\"width: 23.0348%; background-color: #4ec1de; height: 25px;\"><span style=\"color: #000000;\">6. a<\/span><\/td>\n<td style=\"width: 22.3955%; background-color: #4ec1de; height: 25px;\"><em><span style=\"color: #000000;\">Mate \u00a0Matkovi\u0107<\/span><\/em><\/td>\n<td style=\"width: 34.6429%; background-color: #4ec1de; height: 25px;\"><em><span style=\"color: #000000;\">Franka Tur\u010di\u0107<\/span><\/em><\/td>\n<\/tr>\n<tr style=\"height: 25px;\">\n<td style=\"width: 23.0348%; background-color: #4ec1de; height: 25px;\"><span style=\"color: #000000;\">6. b<\/span><\/td>\n<td style=\"width: 22.3955%; background-color: #4ec1de; height: 25px;\"><em><span style=\"color: #000000;\">Jakov Cveli\u0107<\/span><\/em><\/td>\n<td style=\"width: 34.6429%; background-color: #4ec1de; height: 25px;\"><em><span style=\"color: #000000;\">Kristian Bauer Dujmovi\u0107<\/span><\/em><\/td>\n<\/tr>\n<tr style=\"height: 25px;\">\n<td style=\"width: 23.0348%; background-color: #4ec1de; height: 25px;\"><span style=\"color: #000000;\">7. a<\/span><\/td>\n<td style=\"width: 22.3955%; background-color: #4ec1de; height: 25px;\"><em><span style=\"color: #000000;\">Emanuel Ko\u0161i\u0107<\/span><\/em><\/td>\n<td style=\"width: 34.6429%; background-color: #4ec1de; height: 25px;\"><em><span style=\"color: #000000;\">Anamarija Baj\u010di\u0107<\/span><\/em><\/td>\n<\/tr>\n<tr style=\"height: 25px;\">\n<td style=\"width: 23.0348%; background-color: #4ec1de; height: 25px;\"><span style=\"color: #000000;\">7. b<\/span><\/td>\n<td style=\"width: 22.3955%; background-color: #4ec1de; height: 25px;\"><em><span style=\"color: #000000;\">David Barbi\u0161<\/span><\/em><\/td>\n<td style=\"width: 34.6429%; background-color: #4ec1de; height: 25px;\"><em><span style=\"color: #000000;\">Sara Dujmovi\u0107<\/span><\/em><\/td>\n<\/tr>\n<tr style=\"height: 25px;\">\n<td style=\"width: 23.0348%; background-color: #4ec1de; height: 25px;\"><span style=\"color: #000000;\">8. a<\/span><\/td>\n<td style=\"width: 22.3955%; background-color: #4ec1de; height: 25px;\"><em><span style=\"color: #000000;\">Matija Grahovac<\/span><\/em><\/td>\n<td style=\"width: 34.6429%; background-color: #4ec1de; height: 25px;\"><em><span style=\"color: #000000;\">Matej Petrovski<\/span><\/em><\/td>\n<\/tr>\n<tr style=\"height: 25px;\">\n<td style=\"width: 23.0348%; background-color: #4ec1de; height: 25px;\"><span style=\"color: #000000;\">8. b<\/span><\/td>\n<td style=\"width: 22.3955%; background-color: #4ec1de; height: 25px;\"><em><span style=\"color: #000000;\">Jana \u0160imi\u0107<\/span><\/em><\/td>\n<td style=\"width: 34.6429%; background-color: #4ec1de; height: 25px;\"><em><span style=\"color: #000000;\">Marijana \u0160palj<\/span><\/em><\/td>\n<\/tr>\n<\/tbody>\n<\/table>\n<p style=\"text-align: center;\"><span style=\"color: #000000;\">Rad Vije\u0107a u\u010denika prate:<br \/>\n\u0161kolska pedagoginja Ivana Bonifa\u010di\u0107 i psihologinja Matea Mrakov\u010di\u0107 Kosi\u0107<\/span><\/p>\n<p><a href=\"http:\/\/osnovnaskolamalinskadubasnica.hr\/wp-content\/uploads\/Statut-Vije\u0107a-u\u010denika-2018.pdf\" target=\"_blank\" rel=\"noopener noreferrer\"><img loading=\"lazy\" decoding=\"async\" class=\"wp-image-12088 aligncenter\" src=\"http:\/\/osnovnaskolamalinskadubasnica.hr\/wp-content\/uploads\/VIJECE-UCENIKA.jpg\" alt=\"\" width=\"250\" height=\"188\" \/><\/a><\/p>\n","protected":false},"excerpt":{"rendered":"<p>\u0161kolska godina 2025.\/2026. RAZRED PREDSTAVNIK ZAMJENIK 1. a Andro Dabrovi\u0107 Damjan Ljuti\u0107 1. b Lena \u0160usti\u0107 Juraj \u0160ulenti\u0107 2. a Fran Bu\u017eonja Magdalena Cveli\u0107 2. b Ena Bogovi\u0107 Luka Mladi\u0107 3. a Lea Dimi\u0107 David Ko\u0161i\u0107 3. b Anna Dolenec &hellip; <a href=\"https:\/\/osnovnaskolamalinskadubasnica.hr\/?page_id=230\">Nastavi \u010ditati <span class=\"meta-nav\">&rarr;<\/span><\/a><\/p>\n","protected":false},"author":1,"featured_media":0,"parent":0,"menu_order":0,"comment_status":"closed","ping_status":"open","template":"","meta":{"footnotes":""},"class_list":["post-230","page","type-page","status-publish","hentry"],"yoast_head":"<!-- This site is optimized with the Yoast SEO plugin v27.2 - https:\/\/yoast.com\/product\/yoast-seo-wordpress\/ -->\n<title>Vije\u0107e u\u010denika - Osnovna \u0161kola Malinska-Duba\u0161nica<\/title>\n<meta name=\"robots\" content=\"index, follow, max-snippet:-1, max-image-preview:large, max-video-preview:-1\" \/>\n<link rel=\"canonical\" href=\"http:\/\/osnovnaskolamalinskadubasnica.hr\/?page_id=230\" \/>\n<meta property=\"og:locale\" content=\"hr_HR\" \/>\n<meta property=\"og:type\" content=\"article\" \/>\n<meta property=\"og:title\" content=\"Vije\u0107e u\u010denika - Osnovna \u0161kola Malinska-Duba\u0161nica\" \/>\n<meta property=\"og:description\" content=\"\u0161kolska godina 2025.\/2026. RAZRED PREDSTAVNIK ZAMJENIK 1. a Andro Dabrovi\u0107 Damjan Ljuti\u0107 1. b Lena \u0160usti\u0107 Juraj \u0160ulenti\u0107 2. a Fran Bu\u017eonja Magdalena Cveli\u0107 2. b Ena Bogovi\u0107 Luka Mladi\u0107 3. a Lea Dimi\u0107 David Ko\u0161i\u0107 3. b Anna Dolenec &hellip; Nastavi \u010ditati &rarr;\" \/>\n<meta property=\"og:url\" content=\"http:\/\/osnovnaskolamalinskadubasnica.hr\/?page_id=230\" \/>\n<meta property=\"og:site_name\" content=\"Osnovna \u0161kola Malinska-Duba\u0161nica\" \/>\n<meta property=\"article:publisher\" content=\"https:\/\/www.facebook.com\/osmalinskadubasnica\/\" \/>\n<meta property=\"article:modified_time\" content=\"2025-10-08T21:25:17+00:00\" \/>\n<meta property=\"og:image\" content=\"http:\/\/osnovnaskolamalinskadubasnica.hr\/wp-content\/uploads\/VIJECE-UCENIKA.jpg\" \/>\n<meta name=\"twitter:card\" content=\"summary_large_image\" \/>\n<meta name=\"twitter:label1\" content=\"Procijenjeno vrijeme \u010ditanja\" \/>\n\t<meta name=\"twitter:data1\" content=\"1 minuta\" \/>\n<script type=\"application\/ld+json\" class=\"yoast-schema-graph\">{\"@context\":\"https:\/\/schema.org\",\"@graph\":[{\"@type\":\"WebPage\",\"@id\":\"http:\/\/osnovnaskolamalinskadubasnica.hr\/?page_id=230\",\"url\":\"http:\/\/osnovnaskolamalinskadubasnica.hr\/?page_id=230\",\"name\":\"Vije\u0107e u\u010denika - Osnovna \u0161kola Malinska-Duba\u0161nica\",\"isPartOf\":{\"@id\":\"https:\/\/osnovnaskolamalinskadubasnica.hr\/#website\"},\"primaryImageOfPage\":{\"@id\":\"http:\/\/osnovnaskolamalinskadubasnica.hr\/?page_id=230#primaryimage\"},\"image\":{\"@id\":\"http:\/\/osnovnaskolamalinskadubasnica.hr\/?page_id=230#primaryimage\"},\"thumbnailUrl\":\"http:\/\/osnovnaskolamalinskadubasnica.hr\/wp-content\/uploads\/VIJECE-UCENIKA.jpg\",\"datePublished\":\"2013-10-02T10:37:38+00:00\",\"dateModified\":\"2025-10-08T21:25:17+00:00\",\"breadcrumb\":{\"@id\":\"http:\/\/osnovnaskolamalinskadubasnica.hr\/?page_id=230#breadcrumb\"},\"inLanguage\":\"hr\",\"potentialAction\":[{\"@type\":\"ReadAction\",\"target\":[\"http:\/\/osnovnaskolamalinskadubasnica.hr\/?page_id=230\"]}]},{\"@type\":\"ImageObject\",\"inLanguage\":\"hr\",\"@id\":\"http:\/\/osnovnaskolamalinskadubasnica.hr\/?page_id=230#primaryimage\",\"url\":\"https:\/\/osnovnaskolamalinskadubasnica.hr\/wp-content\/uploads\/VIJECE-UCENIKA.jpg\",\"contentUrl\":\"https:\/\/osnovnaskolamalinskadubasnica.hr\/wp-content\/uploads\/VIJECE-UCENIKA.jpg\",\"width\":680,\"height\":510},{\"@type\":\"BreadcrumbList\",\"@id\":\"http:\/\/osnovnaskolamalinskadubasnica.hr\/?page_id=230#breadcrumb\",\"itemListElement\":[{\"@type\":\"ListItem\",\"position\":1,\"name\":\"Po\u010detna stranica\",\"item\":\"https:\/\/osnovnaskolamalinskadubasnica.hr\/\"},{\"@type\":\"ListItem\",\"position\":2,\"name\":\"Vije\u0107e u\u010denika\"}]},{\"@type\":\"WebSite\",\"@id\":\"https:\/\/osnovnaskolamalinskadubasnica.hr\/#website\",\"url\":\"https:\/\/osnovnaskolamalinskadubasnica.hr\/\",\"name\":\"Osnovna \u0161kola Malinska-Duba\u0161nica\",\"description\":\"\",\"potentialAction\":[{\"@type\":\"SearchAction\",\"target\":{\"@type\":\"EntryPoint\",\"urlTemplate\":\"https:\/\/osnovnaskolamalinskadubasnica.hr\/?s={search_term_string}\"},\"query-input\":{\"@type\":\"PropertyValueSpecification\",\"valueRequired\":true,\"valueName\":\"search_term_string\"}}],\"inLanguage\":\"hr\"}]}<\/script>\n<!-- \/ Yoast SEO plugin. -->","yoast_head_json":{"title":"Vije\u0107e u\u010denika - Osnovna \u0161kola Malinska-Duba\u0161nica","robots":{"index":"index","follow":"follow","max-snippet":"max-snippet:-1","max-image-preview":"max-image-preview:large","max-video-preview":"max-video-preview:-1"},"canonical":"http:\/\/osnovnaskolamalinskadubasnica.hr\/?page_id=230","og_locale":"hr_HR","og_type":"article","og_title":"Vije\u0107e u\u010denika - Osnovna \u0161kola Malinska-Duba\u0161nica","og_description":"\u0161kolska godina 2025.\/2026. RAZRED PREDSTAVNIK ZAMJENIK 1. a Andro Dabrovi\u0107 Damjan Ljuti\u0107 1. b Lena \u0160usti\u0107 Juraj \u0160ulenti\u0107 2. a Fran Bu\u017eonja Magdalena Cveli\u0107 2. b Ena Bogovi\u0107 Luka Mladi\u0107 3. a Lea Dimi\u0107 David Ko\u0161i\u0107 3. b Anna Dolenec &hellip; Nastavi \u010ditati &rarr;","og_url":"http:\/\/osnovnaskolamalinskadubasnica.hr\/?page_id=230","og_site_name":"Osnovna \u0161kola Malinska-Duba\u0161nica","article_publisher":"https:\/\/www.facebook.com\/osmalinskadubasnica\/","article_modified_time":"2025-10-08T21:25:17+00:00","og_image":[{"url":"http:\/\/osnovnaskolamalinskadubasnica.hr\/wp-content\/uploads\/VIJECE-UCENIKA.jpg","type":"","width":"","height":""}],"twitter_card":"summary_large_image","twitter_misc":{"Procijenjeno vrijeme \u010ditanja":"1 minuta"},"schema":{"@context":"https:\/\/schema.org","@graph":[{"@type":"WebPage","@id":"http:\/\/osnovnaskolamalinskadubasnica.hr\/?page_id=230","url":"http:\/\/osnovnaskolamalinskadubasnica.hr\/?page_id=230","name":"Vije\u0107e u\u010denika - Osnovna \u0161kola Malinska-Duba\u0161nica","isPartOf":{"@id":"https:\/\/osnovnaskolamalinskadubasnica.hr\/#website"},"primaryImageOfPage":{"@id":"http:\/\/osnovnaskolamalinskadubasnica.hr\/?page_id=230#primaryimage"},"image":{"@id":"http:\/\/osnovnaskolamalinskadubasnica.hr\/?page_id=230#primaryimage"},"thumbnailUrl":"http:\/\/osnovnaskolamalinskadubasnica.hr\/wp-content\/uploads\/VIJECE-UCENIKA.jpg","datePublished":"2013-10-02T10:37:38+00:00","dateModified":"2025-10-08T21:25:17+00:00","breadcrumb":{"@id":"http:\/\/osnovnaskolamalinskadubasnica.hr\/?page_id=230#breadcrumb"},"inLanguage":"hr","potentialAction":[{"@type":"ReadAction","target":["http:\/\/osnovnaskolamalinskadubasnica.hr\/?page_id=230"]}]},{"@type":"ImageObject","inLanguage":"hr","@id":"http:\/\/osnovnaskolamalinskadubasnica.hr\/?page_id=230#primaryimage","url":"https:\/\/osnovnaskolamalinskadubasnica.hr\/wp-content\/uploads\/VIJECE-UCENIKA.jpg","contentUrl":"https:\/\/osnovnaskolamalinskadubasnica.hr\/wp-content\/uploads\/VIJECE-UCENIKA.jpg","width":680,"height":510},{"@type":"BreadcrumbList","@id":"http:\/\/osnovnaskolamalinskadubasnica.hr\/?page_id=230#breadcrumb","itemListElement":[{"@type":"ListItem","position":1,"name":"Po\u010detna stranica","item":"https:\/\/osnovnaskolamalinskadubasnica.hr\/"},{"@type":"ListItem","position":2,"name":"Vije\u0107e u\u010denika"}]},{"@type":"WebSite","@id":"https:\/\/osnovnaskolamalinskadubasnica.hr\/#website","url":"https:\/\/osnovnaskolamalinskadubasnica.hr\/","name":"Osnovna \u0161kola Malinska-Duba\u0161nica","description":"","potentialAction":[{"@type":"SearchAction","target":{"@type":"EntryPoint","urlTemplate":"https:\/\/osnovnaskolamalinskadubasnica.hr\/?s={search_term_string}"},"query-input":{"@type":"PropertyValueSpecification","valueRequired":true,"valueName":"search_term_string"}}],"inLanguage":"hr"}]}},"_links":{"self":[{"href":"https:\/\/osnovnaskolamalinskadubasnica.hr\/index.php?rest_route=\/wp\/v2\/pages\/230","targetHints":{"allow":["GET"]}}],"collection":[{"href":"https:\/\/osnovnaskolamalinskadubasnica.hr\/index.php?rest_route=\/wp\/v2\/pages"}],"about":[{"href":"https:\/\/osnovnaskolamalinskadubasnica.hr\/index.php?rest_route=\/wp\/v2\/types\/page"}],"author":[{"embeddable":true,"href":"https:\/\/osnovnaskolamalinskadubasnica.hr\/index.php?rest_route=\/wp\/v2\/users\/1"}],"replies":[{"embeddable":true,"href":"https:\/\/osnovnaskolamalinskadubasnica.hr\/index.php?rest_route=%2Fwp%2Fv2%2Fcomments&post=230"}],"version-history":[{"count":44,"href":"https:\/\/osnovnaskolamalinskadubasnica.hr\/index.php?rest_route=\/wp\/v2\/pages\/230\/revisions"}],"predecessor-version":[{"id":33542,"href":"https:\/\/osnovnaskolamalinskadubasnica.hr\/index.php?rest_route=\/wp\/v2\/pages\/230\/revisions\/33542"}],"wp:attachment":[{"href":"https:\/\/osnovnaskolamalinskadubasnica.hr\/index.php?rest_route=%2Fwp%2Fv2%2Fmedia&parent=230"}],"curies":[{"name":"wp","href":"https:\/\/api.w.org\/{rel}","templated":true}]}}