{"id":2046,"date":"2014-03-25T23:28:17","date_gmt":"2014-03-25T23:28:17","guid":{"rendered":"http:\/\/osnovnaskolakrk.hr\/malinska\/?page_id=2046"},"modified":"2021-02-21T15:54:40","modified_gmt":"2021-02-21T14:54:40","slug":"2046-2","status":"publish","type":"page","link":"https:\/\/osnovnaskolamalinskadubasnica.hr\/?page_id=2046","title":{"rendered":"Pjesni\u010dki kutak"},"content":{"rendered":"<h3 style=\"text-align: justify;\"><span style=\"color: #000000;\"><em>\u00a0<\/em><\/span><\/h3>\n<p><a href=\"http:\/\/osnovnaskolamalinskadubasnica.hr\/?p=18603\"><img loading=\"lazy\" decoding=\"async\" class=\"alignleft wp-image-18602\" src=\"http:\/\/osnovnaskolamalinskadubasnica.hr\/wp-content\/uploads\/karnevalska-pjesmarica.jpg\" alt=\"\" width=\"200\" height=\"132\" srcset=\"https:\/\/osnovnaskolamalinskadubasnica.hr\/wp-content\/uploads\/karnevalska-pjesmarica.jpg 1030w, https:\/\/osnovnaskolamalinskadubasnica.hr\/wp-content\/uploads\/karnevalska-pjesmarica-768x506.jpg 768w\" sizes=\"auto, (max-width: 200px) 100vw, 200px\" \/><\/a><a href=\"http:\/\/osnovnaskolamalinskadubasnica.hr\/?p=18603\"><strong>KARNEVALSKA PJESMARICA<\/strong><\/a><\/p>\n<p style=\"text-align: justify;\"><span style=\"color: #000000;\">Na Pusni utorak 16. velja\u010de 2021. u\u010denici 5.b razreda svoje su karnevalske do\u017eivljaje istkali u stihove.<\/span><\/p>\n<p><a href=\"http:\/\/osnovnaskolamalinskadubasnica.hr\/?p=18603\"><em>Nastavi \u010ditati \u279d<\/em><\/a><\/p>\n<p><strong><span style=\"color: #ff9900;\">________________________________________________________<\/span><\/strong><\/p>\n<p><a href=\"http:\/\/osnovnaskolamalinskadubasnica.hr\/?page_id=10021\"><img loading=\"lazy\" decoding=\"async\" class=\"alignleft wp-image-10039\" src=\"http:\/\/osnovnaskolamalinskadubasnica.hr\/wp-content\/uploads\/proljece-u-3a.jpg\" alt=\"\" width=\"200\" height=\"142\" \/><\/a><strong><a href=\"http:\/\/osnovnaskolamalinskadubasnica.hr\/?page_id=10021\">PROLJETNI STIHOVI<\/a><\/strong><\/p>\n<p style=\"text-align: justify;\"><span style=\"color: #000000;\">Stihovi o prolje\u0107u u\u010denika 3. a razreda i jedna zanimljiva ki\u0161na pri\u010da.<\/span><\/p>\n<p><em><a href=\"http:\/\/osnovnaskolamalinskadubasnica.hr\/?page_id=10021\">Nastavi \u010ditati \u279d<\/a><\/em><\/p>\n<p><strong><span style=\"color: #ff6600;\">________________________________________________________<\/span><\/strong><\/p>\n<p><a href=\"http:\/\/osnovnaskolamalinskadubasnica.hr\/?p=8914\"><img loading=\"lazy\" decoding=\"async\" class=\"alignleft wp-image-8915\" src=\"http:\/\/osnovnaskolamalinskadubasnica.hr\/wp-content\/uploads\/dominik.jpg\" width=\"200\" height=\"151\" srcset=\"https:\/\/osnovnaskolamalinskadubasnica.hr\/wp-content\/uploads\/dominik.jpg 758w, https:\/\/osnovnaskolamalinskadubasnica.hr\/wp-content\/uploads\/dominik-250x189.jpg 250w\" sizes=\"auto, (max-width: 200px) 100vw, 200px\" \/><\/a><strong><a href=\"http:\/\/osnovnaskolamalinskadubasnica.hr\/?p=8914\">KAD SE VOLI U \u0160KOLI<\/a><\/strong><\/p>\n<p style=\"text-align: justify;\"><span style=\"color: #000000;\">Donosimo sastavak Dominika Me\u0161i\u0107a objavljen u popularnom \u010dasopisu Modra lasta.<\/span><\/p>\n<p><em><a href=\"http:\/\/osnovnaskolamalinskadubasnica.hr\/?p=8914\">Nastavi \u010ditati \u279d<\/a><\/em><\/p>\n<p><strong><span style=\"color: #ff6600;\">________________________________________________________<\/span><\/strong><\/p>\n<p><a href=\"http:\/\/osnovnaskolamalinskadubasnica.hr\/?p=8547\"><img loading=\"lazy\" decoding=\"async\" class=\"alignleft wp-image-8548\" src=\"http:\/\/osnovnaskolamalinskadubasnica.hr\/wp-content\/uploads\/Jesenko-i-Jesenka.jpg\" width=\"200\" height=\"141\" srcset=\"https:\/\/osnovnaskolamalinskadubasnica.hr\/wp-content\/uploads\/Jesenko-i-Jesenka.jpg 850w, https:\/\/osnovnaskolamalinskadubasnica.hr\/wp-content\/uploads\/Jesenko-i-Jesenka-768x541.jpg 768w, https:\/\/osnovnaskolamalinskadubasnica.hr\/wp-content\/uploads\/Jesenko-i-Jesenka-720x509.jpg 720w, https:\/\/osnovnaskolamalinskadubasnica.hr\/wp-content\/uploads\/Jesenko-i-Jesenka-250x176.jpg 250w\" sizes=\"auto, (max-width: 200px) 100vw, 200px\" \/><\/a><strong><a href=\"http:\/\/osnovnaskolamalinskadubasnica.hr\/?p=8547\">Tiho, o tiho govori mi jesen<\/a><\/strong><\/p>\n<p style=\"text-align: justify;\"><span style=\"color: #000000;\">Lijepi stihovi o jeseni poznatih hrvatskih pjesnika, ilustrirani ma\u0161tovitim kola\u017eima u\u010denika 4.b razreda izra\u0111enih od jesenskih plodova.<\/span><\/p>\n<p style=\"text-align: justify;\"><strong><span style=\"color: #ff6600;\">________________________________________________________<\/span><\/strong><\/p>\n<p><a href=\"http:\/\/osnovnaskolamalinskadubasnica.hr\/?p=6842\" rel=\"attachment wp-att-6851\"><img loading=\"lazy\" decoding=\"async\" class=\"alignleft wp-image-6851\" src=\"http:\/\/osnovnaskolamalinskadubasnica.hr\/wp-content\/uploads\/maria-naslovna-za-web.jpg\" width=\"200\" height=\"150\" srcset=\"https:\/\/osnovnaskolamalinskadubasnica.hr\/wp-content\/uploads\/maria-naslovna-za-web.jpg 954w, https:\/\/osnovnaskolamalinskadubasnica.hr\/wp-content\/uploads\/maria-naslovna-za-web-768x576.jpg 768w, https:\/\/osnovnaskolamalinskadubasnica.hr\/wp-content\/uploads\/maria-naslovna-za-web-250x187.jpg 250w\" sizes=\"auto, (max-width: 200px) 100vw, 200px\" \/><\/a><strong><a href=\"http:\/\/osnovnaskolamalinskadubasnica.hr\/?p=6842\">Iz pjesni\u010dke bilje\u017enice Marije Kralji\u0107<\/a><\/strong><\/p>\n<p style=\"text-align: justify;\"><span style=\"color: #000000;\">mala zbirka lijepih stihova u\u010denice <em>Marije Kralji\u0107<\/em> o ljubavi i odrastanju.<\/span><\/p>\n<p style=\"text-align: justify;\"><span style=\"color: #000000;\">Klik na <\/span><strong><a href=\"http:\/\/osnovnaskolamalinskadubasnica.hr\/?p=6842\">zbirku pjesama<\/a><\/strong><\/p>\n<p style=\"text-align: justify;\"><strong><span style=\"color: #ff6600;\">________________________________________________________<\/span><\/strong><\/p>\n<p style=\"text-align: justify;\"><a href=\"http:\/\/osnovnaskolamalinskadubasnica.hr\/?page_id=6909\" rel=\"attachment wp-att-6907\"><img loading=\"lazy\" decoding=\"async\" class=\"alignleft wp-image-6907\" src=\"http:\/\/osnovnaskolamalinskadubasnica.hr\/wp-content\/uploads\/RADIONICA-ZA-UMJETNOST-RIJECI-3.jpg\" width=\"200\" height=\"151\" srcset=\"https:\/\/osnovnaskolamalinskadubasnica.hr\/wp-content\/uploads\/RADIONICA-ZA-UMJETNOST-RIJECI-3.jpg 568w, https:\/\/osnovnaskolamalinskadubasnica.hr\/wp-content\/uploads\/RADIONICA-ZA-UMJETNOST-RIJECI-3-250x189.jpg 250w\" sizes=\"auto, (max-width: 200px) 100vw, 200px\" \/><\/a><strong><a href=\"http:\/\/osnovnaskolamalinskadubasnica.hr\/?page_id=6909\">Iz radionice Umjetnost rije\u010di<\/a><\/strong><\/p>\n<p style=\"text-align: justify;\"><span style=\"color: #000000;\">\u00a0pjesnikinje: <em>Lea Luli\u0107, Ana Kranjec i Sara Baj\u010di\u0107<\/em><\/span><\/p>\n<p style=\"text-align: justify;\"><em><a href=\"http:\/\/osnovnaskolamalinskadubasnica.hr\/?page_id=6909\">Nastavi \u010ditati \u279d<\/a><\/em><\/p>\n<p style=\"text-align: justify;\"><strong><span style=\"color: #ff6600;\">____________________________________________________________<\/span><\/strong><\/p>\n<p><span style=\"color: #000000;\"><strong><a href=\"http:\/\/osnovnaskolamalinskadubasnica.hr\/?page_id=3003\"><img loading=\"lazy\" decoding=\"async\" class=\"alignleft wp-image-3255\" src=\"http:\/\/osnovnaskolamalinskadubasnica.hr\/wp-content\/uploads\/Proljece-Laura-Bozic.jpg\" width=\"200\" height=\"150\" srcset=\"https:\/\/osnovnaskolamalinskadubasnica.hr\/wp-content\/uploads\/Proljece-Laura-Bozic.jpg 1084w, https:\/\/osnovnaskolamalinskadubasnica.hr\/wp-content\/uploads\/Proljece-Laura-Bozic-300x225.jpg 300w, https:\/\/osnovnaskolamalinskadubasnica.hr\/wp-content\/uploads\/Proljece-Laura-Bozic-1024x768.jpg 1024w, https:\/\/osnovnaskolamalinskadubasnica.hr\/wp-content\/uploads\/Proljece-Laura-Bozic-250x187.jpg 250w\" sizes=\"auto, (max-width: 200px) 100vw, 200px\" \/><\/a><\/strong><\/span><span style=\"color: #800000;\"><strong><a href=\"http:\/\/osnovnaskolamalinskadubasnica.hr\/?page_id=3003\"><span style=\"color: #800000;\">LAURA BO\u017dI\u0106: Prolje\u0107e<\/span><\/a><br \/>\n<\/strong><\/span><\/p>\n<p style=\"text-align: justify;\"><em><span style=\"color: #000000;\">Pjesma <\/span><strong><a href=\"http:\/\/osnovnaskolamalinskadubasnica.hr\/?page_id=3003\">Prolje\u0107e<\/a><\/strong><span style=\"color: #000000;\">, u\u010denice Laure Bo\u017ei\u0107, objavljena je u dje\u010djem \u010dasopisu Prvi izbor, kada je Laura bila u\u010denica tre\u0107eg razreda.<\/span><br \/>\n<\/em><\/p>\n<h3><\/h3>\n<p>&nbsp;<\/p>\n<p>&nbsp;<\/p>\n<p>&nbsp;<\/p>\n","protected":false},"excerpt":{"rendered":"<p>\u00a0 KARNEVALSKA PJESMARICA Na Pusni utorak 16. velja\u010de 2021. u\u010denici 5.b razreda svoje su karnevalske do\u017eivljaje istkali u stihove. Nastavi \u010ditati \u279d ________________________________________________________ PROLJETNI STIHOVI Stihovi o prolje\u0107u u\u010denika 3. a razreda i jedna zanimljiva ki\u0161na pri\u010da. Nastavi \u010ditati \u279d &hellip; <a href=\"https:\/\/osnovnaskolamalinskadubasnica.hr\/?page_id=2046\">Nastavi \u010ditati <span class=\"meta-nav\">&rarr;<\/span><\/a><\/p>\n","protected":false},"author":1,"featured_media":0,"parent":0,"menu_order":0,"comment_status":"closed","ping_status":"closed","template":"","meta":{"footnotes":""},"class_list":["post-2046","page","type-page","status-publish","hentry"],"yoast_head":"<!-- This site is optimized with the Yoast SEO plugin v27.2 - https:\/\/yoast.com\/product\/yoast-seo-wordpress\/ -->\n<title>Pjesni\u010dki kutak - Osnovna \u0161kola Malinska-Duba\u0161nica<\/title>\n<meta name=\"robots\" content=\"index, follow, max-snippet:-1, max-image-preview:large, max-video-preview:-1\" \/>\n<link rel=\"canonical\" href=\"http:\/\/osnovnaskolamalinskadubasnica.hr\/?page_id=2046\" \/>\n<meta property=\"og:locale\" content=\"hr_HR\" \/>\n<meta property=\"og:type\" content=\"article\" \/>\n<meta property=\"og:title\" content=\"Pjesni\u010dki kutak - Osnovna \u0161kola Malinska-Duba\u0161nica\" \/>\n<meta property=\"og:description\" content=\"\u00a0 KARNEVALSKA PJESMARICA Na Pusni utorak 16. velja\u010de 2021. u\u010denici 5.b razreda svoje su karnevalske do\u017eivljaje istkali u stihove. Nastavi \u010ditati \u279d ________________________________________________________ PROLJETNI STIHOVI Stihovi o prolje\u0107u u\u010denika 3. a razreda i jedna zanimljiva ki\u0161na pri\u010da. Nastavi \u010ditati \u279d &hellip; Nastavi \u010ditati &rarr;\" \/>\n<meta property=\"og:url\" content=\"http:\/\/osnovnaskolamalinskadubasnica.hr\/?page_id=2046\" \/>\n<meta property=\"og:site_name\" content=\"Osnovna \u0161kola Malinska-Duba\u0161nica\" \/>\n<meta property=\"article:publisher\" content=\"https:\/\/www.facebook.com\/osmalinskadubasnica\/\" \/>\n<meta property=\"article:modified_time\" content=\"2021-02-21T14:54:40+00:00\" \/>\n<meta property=\"og:image\" content=\"http:\/\/osnovnaskolamalinskadubasnica.hr\/wp-content\/uploads\/karnevalska-pjesmarica.jpg\" \/>\n<meta name=\"twitter:card\" content=\"summary_large_image\" \/>\n<meta name=\"twitter:label1\" content=\"Procijenjeno vrijeme \u010ditanja\" \/>\n\t<meta name=\"twitter:data1\" content=\"2 minute\" \/>\n<script type=\"application\/ld+json\" class=\"yoast-schema-graph\">{\"@context\":\"https:\/\/schema.org\",\"@graph\":[{\"@type\":\"WebPage\",\"@id\":\"http:\/\/osnovnaskolamalinskadubasnica.hr\/?page_id=2046\",\"url\":\"http:\/\/osnovnaskolamalinskadubasnica.hr\/?page_id=2046\",\"name\":\"Pjesni\u010dki kutak - Osnovna \u0161kola Malinska-Duba\u0161nica\",\"isPartOf\":{\"@id\":\"http:\/\/osnovnaskolamalinskadubasnica.hr\/#website\"},\"primaryImageOfPage\":{\"@id\":\"http:\/\/osnovnaskolamalinskadubasnica.hr\/?page_id=2046#primaryimage\"},\"image\":{\"@id\":\"http:\/\/osnovnaskolamalinskadubasnica.hr\/?page_id=2046#primaryimage\"},\"thumbnailUrl\":\"http:\/\/osnovnaskolamalinskadubasnica.hr\/wp-content\/uploads\/karnevalska-pjesmarica.jpg\",\"datePublished\":\"2014-03-25T23:28:17+00:00\",\"dateModified\":\"2021-02-21T14:54:40+00:00\",\"breadcrumb\":{\"@id\":\"http:\/\/osnovnaskolamalinskadubasnica.hr\/?page_id=2046#breadcrumb\"},\"inLanguage\":\"hr\",\"potentialAction\":[{\"@type\":\"ReadAction\",\"target\":[\"http:\/\/osnovnaskolamalinskadubasnica.hr\/?page_id=2046\"]}]},{\"@type\":\"ImageObject\",\"inLanguage\":\"hr\",\"@id\":\"http:\/\/osnovnaskolamalinskadubasnica.hr\/?page_id=2046#primaryimage\",\"url\":\"https:\/\/osnovnaskolamalinskadubasnica.hr\/wp-content\/uploads\/karnevalska-pjesmarica.jpg\",\"contentUrl\":\"https:\/\/osnovnaskolamalinskadubasnica.hr\/wp-content\/uploads\/karnevalska-pjesmarica.jpg\",\"width\":1030,\"height\":678},{\"@type\":\"BreadcrumbList\",\"@id\":\"http:\/\/osnovnaskolamalinskadubasnica.hr\/?page_id=2046#breadcrumb\",\"itemListElement\":[{\"@type\":\"ListItem\",\"position\":1,\"name\":\"Po\u010detna stranica\",\"item\":\"http:\/\/osnovnaskolamalinskadubasnica.hr\/\"},{\"@type\":\"ListItem\",\"position\":2,\"name\":\"Pjesni\u010dki kutak\"}]},{\"@type\":\"WebSite\",\"@id\":\"http:\/\/osnovnaskolamalinskadubasnica.hr\/#website\",\"url\":\"http:\/\/osnovnaskolamalinskadubasnica.hr\/\",\"name\":\"Osnovna \u0161kola Malinska-Duba\u0161nica\",\"description\":\"\",\"potentialAction\":[{\"@type\":\"SearchAction\",\"target\":{\"@type\":\"EntryPoint\",\"urlTemplate\":\"http:\/\/osnovnaskolamalinskadubasnica.hr\/?s={search_term_string}\"},\"query-input\":{\"@type\":\"PropertyValueSpecification\",\"valueRequired\":true,\"valueName\":\"search_term_string\"}}],\"inLanguage\":\"hr\"}]}<\/script>\n<!-- \/ Yoast SEO plugin. -->","yoast_head_json":{"title":"Pjesni\u010dki kutak - Osnovna \u0161kola Malinska-Duba\u0161nica","robots":{"index":"index","follow":"follow","max-snippet":"max-snippet:-1","max-image-preview":"max-image-preview:large","max-video-preview":"max-video-preview:-1"},"canonical":"http:\/\/osnovnaskolamalinskadubasnica.hr\/?page_id=2046","og_locale":"hr_HR","og_type":"article","og_title":"Pjesni\u010dki kutak - Osnovna \u0161kola Malinska-Duba\u0161nica","og_description":"\u00a0 KARNEVALSKA PJESMARICA Na Pusni utorak 16. velja\u010de 2021. u\u010denici 5.b razreda svoje su karnevalske do\u017eivljaje istkali u stihove. Nastavi \u010ditati \u279d ________________________________________________________ PROLJETNI STIHOVI Stihovi o prolje\u0107u u\u010denika 3. a razreda i jedna zanimljiva ki\u0161na pri\u010da. Nastavi \u010ditati \u279d &hellip; Nastavi \u010ditati &rarr;","og_url":"http:\/\/osnovnaskolamalinskadubasnica.hr\/?page_id=2046","og_site_name":"Osnovna \u0161kola Malinska-Duba\u0161nica","article_publisher":"https:\/\/www.facebook.com\/osmalinskadubasnica\/","article_modified_time":"2021-02-21T14:54:40+00:00","og_image":[{"url":"http:\/\/osnovnaskolamalinskadubasnica.hr\/wp-content\/uploads\/karnevalska-pjesmarica.jpg","type":"","width":"","height":""}],"twitter_card":"summary_large_image","twitter_misc":{"Procijenjeno vrijeme \u010ditanja":"2 minute"},"schema":{"@context":"https:\/\/schema.org","@graph":[{"@type":"WebPage","@id":"http:\/\/osnovnaskolamalinskadubasnica.hr\/?page_id=2046","url":"http:\/\/osnovnaskolamalinskadubasnica.hr\/?page_id=2046","name":"Pjesni\u010dki kutak - Osnovna \u0161kola Malinska-Duba\u0161nica","isPartOf":{"@id":"http:\/\/osnovnaskolamalinskadubasnica.hr\/#website"},"primaryImageOfPage":{"@id":"http:\/\/osnovnaskolamalinskadubasnica.hr\/?page_id=2046#primaryimage"},"image":{"@id":"http:\/\/osnovnaskolamalinskadubasnica.hr\/?page_id=2046#primaryimage"},"thumbnailUrl":"http:\/\/osnovnaskolamalinskadubasnica.hr\/wp-content\/uploads\/karnevalska-pjesmarica.jpg","datePublished":"2014-03-25T23:28:17+00:00","dateModified":"2021-02-21T14:54:40+00:00","breadcrumb":{"@id":"http:\/\/osnovnaskolamalinskadubasnica.hr\/?page_id=2046#breadcrumb"},"inLanguage":"hr","potentialAction":[{"@type":"ReadAction","target":["http:\/\/osnovnaskolamalinskadubasnica.hr\/?page_id=2046"]}]},{"@type":"ImageObject","inLanguage":"hr","@id":"http:\/\/osnovnaskolamalinskadubasnica.hr\/?page_id=2046#primaryimage","url":"https:\/\/osnovnaskolamalinskadubasnica.hr\/wp-content\/uploads\/karnevalska-pjesmarica.jpg","contentUrl":"https:\/\/osnovnaskolamalinskadubasnica.hr\/wp-content\/uploads\/karnevalska-pjesmarica.jpg","width":1030,"height":678},{"@type":"BreadcrumbList","@id":"http:\/\/osnovnaskolamalinskadubasnica.hr\/?page_id=2046#breadcrumb","itemListElement":[{"@type":"ListItem","position":1,"name":"Po\u010detna stranica","item":"http:\/\/osnovnaskolamalinskadubasnica.hr\/"},{"@type":"ListItem","position":2,"name":"Pjesni\u010dki kutak"}]},{"@type":"WebSite","@id":"http:\/\/osnovnaskolamalinskadubasnica.hr\/#website","url":"http:\/\/osnovnaskolamalinskadubasnica.hr\/","name":"Osnovna \u0161kola Malinska-Duba\u0161nica","description":"","potentialAction":[{"@type":"SearchAction","target":{"@type":"EntryPoint","urlTemplate":"http:\/\/osnovnaskolamalinskadubasnica.hr\/?s={search_term_string}"},"query-input":{"@type":"PropertyValueSpecification","valueRequired":true,"valueName":"search_term_string"}}],"inLanguage":"hr"}]}},"_links":{"self":[{"href":"https:\/\/osnovnaskolamalinskadubasnica.hr\/index.php?rest_route=\/wp\/v2\/pages\/2046","targetHints":{"allow":["GET"]}}],"collection":[{"href":"https:\/\/osnovnaskolamalinskadubasnica.hr\/index.php?rest_route=\/wp\/v2\/pages"}],"about":[{"href":"https:\/\/osnovnaskolamalinskadubasnica.hr\/index.php?rest_route=\/wp\/v2\/types\/page"}],"author":[{"embeddable":true,"href":"https:\/\/osnovnaskolamalinskadubasnica.hr\/index.php?rest_route=\/wp\/v2\/users\/1"}],"replies":[{"embeddable":true,"href":"https:\/\/osnovnaskolamalinskadubasnica.hr\/index.php?rest_route=%2Fwp%2Fv2%2Fcomments&post=2046"}],"version-history":[{"count":53,"href":"https:\/\/osnovnaskolamalinskadubasnica.hr\/index.php?rest_route=\/wp\/v2\/pages\/2046\/revisions"}],"predecessor-version":[{"id":18609,"href":"https:\/\/osnovnaskolamalinskadubasnica.hr\/index.php?rest_route=\/wp\/v2\/pages\/2046\/revisions\/18609"}],"wp:attachment":[{"href":"https:\/\/osnovnaskolamalinskadubasnica.hr\/index.php?rest_route=%2Fwp%2Fv2%2Fmedia&parent=2046"}],"curies":[{"name":"wp","href":"https:\/\/api.w.org\/{rel}","templated":true}]}}