{"id":1956,"date":"2014-03-14T23:32:23","date_gmt":"2014-03-14T23:32:23","guid":{"rendered":"http:\/\/osnovnaskolakrk.hr\/malinska\/?page_id=1956"},"modified":"2017-03-15T00:46:40","modified_gmt":"2017-03-15T00:46:40","slug":"tehnologija-i-znanost","status":"publish","type":"page","link":"https:\/\/osnovnaskolamalinskadubasnica.hr\/?page_id=1956","title":{"rendered":"Zanimljivosti"},"content":{"rendered":"<p>&nbsp;<\/p>\n<p><a href=\"http:\/\/osnovnaskolamalinskadubasnica.hr\/?p=7185\" rel=\"attachment wp-att-7186\"><img loading=\"lazy\" decoding=\"async\" class=\"alignleft wp-image-7186\" src=\"http:\/\/osnovnaskolamalinskadubasnica.hr\/wp-content\/uploads\/poentilizam.jpg\" width=\"272\" height=\"193\" srcset=\"https:\/\/osnovnaskolamalinskadubasnica.hr\/wp-content\/uploads\/poentilizam.jpg 747w, https:\/\/osnovnaskolamalinskadubasnica.hr\/wp-content\/uploads\/poentilizam-720x509.jpg 720w, https:\/\/osnovnaskolamalinskadubasnica.hr\/wp-content\/uploads\/poentilizam-250x178.jpg 250w\" sizes=\"auto, (max-width: 272px) 100vw, 272px\" \/><\/a><strong><a href=\"http:\/\/osnovnaskolamalinskadubasnica.hr\/?p=7185\">Likovna kultura: Poentilizam<\/a><\/strong><\/p>\n<p style=\"text-align: justify;\"><span style=\"color: #000000;\">Poentilizam je naziv za poseban na\u010din likovnog izra\u017eavanja. Umjesto crtanja ili slikanja likovno djelo se izvodi to\u010dkanjem.<br \/>\n<\/span><\/p>\n<p><em><a href=\"http:\/\/osnovnaskolamalinskadubasnica.hr\/?p=7185\">Nastavi \u010ditati \u2192<\/a><\/em><\/p>\n<p style=\"text-align: justify;\"><strong><span style=\"color: #ff6600;\">&#8230;&#8230;&#8230;&#8230;&#8230;&#8230;&#8230;&#8230;&#8230;&#8230;&#8230;&#8230;&#8230;&#8230;&#8230;&#8230;&#8230;&#8230;&#8230;&#8230;&#8230;&#8230;&#8230;&#8230;&#8230;&#8230;&#8230;&#8230;&#8230;&#8230;&#8230;&#8230;&#8230;&#8230;&#8230;&#8230;&#8230;&#8230;&#8230;&#8230;&#8230;&#8230;..<\/span><\/strong><\/p>\n<p><a href=\"http:\/\/osnovnaskolamalinskadubasnica.hr\/?p=6890\" rel=\"attachment wp-att-6876\"><img loading=\"lazy\" decoding=\"async\" class=\"alignleft wp-image-6876\" src=\"http:\/\/osnovnaskolamalinskadubasnica.hr\/wp-content\/uploads\/Eldin-i-Antonio.jpg\" width=\"272\" height=\"272\" srcset=\"https:\/\/osnovnaskolamalinskadubasnica.hr\/wp-content\/uploads\/Eldin-i-Antonio.jpg 758w, https:\/\/osnovnaskolamalinskadubasnica.hr\/wp-content\/uploads\/Eldin-i-Antonio-150x150.jpg 150w, https:\/\/osnovnaskolamalinskadubasnica.hr\/wp-content\/uploads\/Eldin-i-Antonio-250x250.jpg 250w\" sizes=\"auto, (max-width: 272px) 100vw, 272px\" \/><\/a><strong><a href=\"http:\/\/osnovnaskolamalinskadubasnica.hr\/?p=6890\">ORIGAMI, umjetnost u papiru<\/a><\/strong><\/p>\n<p style=\"text-align: justify;\"><span style=\"color: #000000;\">Eldin \u010camd\u017ei\u0107 i Antonio Bla\u017eanovi\u0107 vode vas u \u010daroban svijet origami umjetnosti, tradicionalne japanske vje\u0161tine savijanja papira u kojoj su na prekrasan na\u010din isprepletene umjetnost i znanost. A isto tako, origami je i zabavan hobi koji poti\u010de ma\u0161tu, kreativnost, razvija logi\u010dko razmi\u0161ljanje i preciznost.<\/span><\/p>\n<p style=\"text-align: justify;\"><em><a href=\"http:\/\/osnovnaskolamalinskadubasnica.hr\/?p=6890\">Nastavi \u010ditati \u2192<\/a><\/em><\/p>\n<p style=\"text-align: justify;\"><strong><span style=\"color: #ff6600;\">&#8230;&#8230;&#8230;&#8230;&#8230;&#8230;&#8230;&#8230;&#8230;&#8230;&#8230;&#8230;&#8230;&#8230;&#8230;&#8230;&#8230;&#8230;&#8230;&#8230;&#8230;&#8230;&#8230;&#8230;&#8230;&#8230;&#8230;&#8230;&#8230;&#8230;&#8230;&#8230;&#8230;&#8230;&#8230;&#8230;&#8230;&#8230;&#8230;&#8230;&#8230;&#8230;..<\/span><\/strong><\/p>\n<p><a href=\"http:\/\/osnovnaskolamalinskadubasnica.hr\/?p=1928\"><img loading=\"lazy\" decoding=\"async\" class=\"alignleft wp-image-9795\" src=\"http:\/\/osnovnaskolamalinskadubasnica.hr\/wp-content\/uploads\/pi-day.jpg\" alt=\"\" width=\"272\" height=\"197\" srcset=\"https:\/\/osnovnaskolamalinskadubasnica.hr\/wp-content\/uploads\/pi-day.jpg 909w, https:\/\/osnovnaskolamalinskadubasnica.hr\/wp-content\/uploads\/pi-day-768x558.jpg 768w\" sizes=\"auto, (max-width: 272px) 100vw, 272px\" \/><\/a><strong><a href=\"http:\/\/osnovnaskolamalinskadubasnica.hr\/?p=1928\">Pri\u010da o broju Pi<\/a><\/strong><\/p>\n<p style=\"text-align: justify;\"><span style=\"color: #000000;\">U matemati\u010dkom svijetu postoji jedan jako poseban broj, broj Pi. Vi\u0161e od 4000 godina budio je znati\u017eelju me\u0111u ljudima. Kakav je to broj i za\u0161to je tako zanimljiv otkrijte u nastavku&#8230;\u00a0<\/span><\/p>\n<p style=\"text-align: justify;\"><em><a href=\"http:\/\/osnovnaskolamalinskadubasnica.hr\/?p=1928\">Nastavi \u010ditati \u2192<\/a><\/em><\/p>\n<p style=\"text-align: justify;\"><strong><span style=\"color: #ff6600;\">\u00a0<\/span><\/strong><\/p>\n","protected":false},"excerpt":{"rendered":"<p>&nbsp; Likovna kultura: Poentilizam Poentilizam je naziv za poseban na\u010din likovnog izra\u017eavanja. Umjesto crtanja ili slikanja likovno djelo se izvodi to\u010dkanjem. Nastavi \u010ditati \u2192 &#8230;&#8230;&#8230;&#8230;&#8230;&#8230;&#8230;&#8230;&#8230;&#8230;&#8230;&#8230;&#8230;&#8230;&#8230;&#8230;&#8230;&#8230;&#8230;&#8230;&#8230;&#8230;&#8230;&#8230;&#8230;&#8230;&#8230;&#8230;&#8230;&#8230;&#8230;&#8230;&#8230;&#8230;&#8230;&#8230;&#8230;&#8230;&#8230;&#8230;&#8230;&#8230;.. ORIGAMI, umjetnost u papiru Eldin \u010camd\u017ei\u0107 i Antonio Bla\u017eanovi\u0107 vode vas u \u010daroban svijet origami &hellip; <a href=\"https:\/\/osnovnaskolamalinskadubasnica.hr\/?page_id=1956\">Nastavi \u010ditati <span class=\"meta-nav\">&rarr;<\/span><\/a><\/p>\n","protected":false},"author":1,"featured_media":0,"parent":0,"menu_order":0,"comment_status":"closed","ping_status":"closed","template":"","meta":{"footnotes":""},"class_list":["post-1956","page","type-page","status-publish","hentry"],"yoast_head":"<!-- This site is optimized with the Yoast SEO plugin v27.5 - https:\/\/yoast.com\/product\/yoast-seo-wordpress\/ -->\n<title>Zanimljivosti - Osnovna \u0161kola Malinska-Duba\u0161nica<\/title>\n<meta name=\"robots\" content=\"index, follow, max-snippet:-1, max-image-preview:large, max-video-preview:-1\" \/>\n<link rel=\"canonical\" href=\"https:\/\/osnovnaskolamalinskadubasnica.hr\/?page_id=1956\" \/>\n<meta property=\"og:locale\" content=\"hr_HR\" \/>\n<meta property=\"og:type\" content=\"article\" \/>\n<meta property=\"og:title\" content=\"Zanimljivosti - Osnovna \u0161kola Malinska-Duba\u0161nica\" \/>\n<meta property=\"og:description\" content=\"&nbsp; Likovna kultura: Poentilizam Poentilizam je naziv za poseban na\u010din likovnog izra\u017eavanja. Umjesto crtanja ili slikanja likovno djelo se izvodi to\u010dkanjem. Nastavi \u010ditati \u2192 &#8230;&#8230;&#8230;&#8230;&#8230;&#8230;&#8230;&#8230;&#8230;&#8230;&#8230;&#8230;&#8230;&#8230;&#8230;&#8230;&#8230;&#8230;&#8230;&#8230;&#8230;&#8230;&#8230;&#8230;&#8230;&#8230;&#8230;&#8230;&#8230;&#8230;&#8230;&#8230;&#8230;&#8230;&#8230;&#8230;&#8230;&#8230;&#8230;&#8230;&#8230;&#8230;.. ORIGAMI, umjetnost u papiru Eldin \u010camd\u017ei\u0107 i Antonio Bla\u017eanovi\u0107 vode vas u \u010daroban svijet origami &hellip; Nastavi \u010ditati &rarr;\" \/>\n<meta property=\"og:url\" content=\"https:\/\/osnovnaskolamalinskadubasnica.hr\/?page_id=1956\" \/>\n<meta property=\"og:site_name\" content=\"Osnovna \u0161kola Malinska-Duba\u0161nica\" \/>\n<meta property=\"article:publisher\" content=\"https:\/\/www.facebook.com\/osmalinskadubasnica\/\" \/>\n<meta property=\"article:modified_time\" content=\"2017-03-15T00:46:40+00:00\" \/>\n<meta property=\"og:image\" content=\"http:\/\/osnovnaskolamalinskadubasnica.hr\/wp-content\/uploads\/poentilizam.jpg\" \/>\n<meta name=\"twitter:card\" content=\"summary_large_image\" \/>\n<meta name=\"twitter:label1\" content=\"Procijenjeno vrijeme \u010ditanja\" \/>\n\t<meta name=\"twitter:data1\" content=\"1 minuta\" \/>\n<script type=\"application\/ld+json\" class=\"yoast-schema-graph\">{\"@context\":\"https:\\\/\\\/schema.org\",\"@graph\":[{\"@type\":\"WebPage\",\"@id\":\"https:\\\/\\\/osnovnaskolamalinskadubasnica.hr\\\/?page_id=1956\",\"url\":\"https:\\\/\\\/osnovnaskolamalinskadubasnica.hr\\\/?page_id=1956\",\"name\":\"Zanimljivosti - Osnovna \u0161kola Malinska-Duba\u0161nica\",\"isPartOf\":{\"@id\":\"http:\\\/\\\/osnovnaskolamalinskadubasnica.hr\\\/#website\"},\"primaryImageOfPage\":{\"@id\":\"https:\\\/\\\/osnovnaskolamalinskadubasnica.hr\\\/?page_id=1956#primaryimage\"},\"image\":{\"@id\":\"https:\\\/\\\/osnovnaskolamalinskadubasnica.hr\\\/?page_id=1956#primaryimage\"},\"thumbnailUrl\":\"http:\\\/\\\/osnovnaskolamalinskadubasnica.hr\\\/wp-content\\\/uploads\\\/poentilizam.jpg\",\"datePublished\":\"2014-03-14T23:32:23+00:00\",\"dateModified\":\"2017-03-15T00:46:40+00:00\",\"breadcrumb\":{\"@id\":\"https:\\\/\\\/osnovnaskolamalinskadubasnica.hr\\\/?page_id=1956#breadcrumb\"},\"inLanguage\":\"hr\",\"potentialAction\":[{\"@type\":\"ReadAction\",\"target\":[\"https:\\\/\\\/osnovnaskolamalinskadubasnica.hr\\\/?page_id=1956\"]}]},{\"@type\":\"ImageObject\",\"inLanguage\":\"hr\",\"@id\":\"https:\\\/\\\/osnovnaskolamalinskadubasnica.hr\\\/?page_id=1956#primaryimage\",\"url\":\"https:\\\/\\\/osnovnaskolamalinskadubasnica.hr\\\/wp-content\\\/uploads\\\/poentilizam.jpg\",\"contentUrl\":\"https:\\\/\\\/osnovnaskolamalinskadubasnica.hr\\\/wp-content\\\/uploads\\\/poentilizam.jpg\",\"width\":747,\"height\":531},{\"@type\":\"BreadcrumbList\",\"@id\":\"https:\\\/\\\/osnovnaskolamalinskadubasnica.hr\\\/?page_id=1956#breadcrumb\",\"itemListElement\":[{\"@type\":\"ListItem\",\"position\":1,\"name\":\"Po\u010detna stranica\",\"item\":\"http:\\\/\\\/osnovnaskolamalinskadubasnica.hr\\\/\"},{\"@type\":\"ListItem\",\"position\":2,\"name\":\"Zanimljivosti\"}]},{\"@type\":\"WebSite\",\"@id\":\"http:\\\/\\\/osnovnaskolamalinskadubasnica.hr\\\/#website\",\"url\":\"http:\\\/\\\/osnovnaskolamalinskadubasnica.hr\\\/\",\"name\":\"Osnovna \u0161kola Malinska-Duba\u0161nica\",\"description\":\"\",\"potentialAction\":[{\"@type\":\"SearchAction\",\"target\":{\"@type\":\"EntryPoint\",\"urlTemplate\":\"http:\\\/\\\/osnovnaskolamalinskadubasnica.hr\\\/?s={search_term_string}\"},\"query-input\":{\"@type\":\"PropertyValueSpecification\",\"valueRequired\":true,\"valueName\":\"search_term_string\"}}],\"inLanguage\":\"hr\"}]}<\/script>\n<!-- \/ Yoast SEO plugin. -->","yoast_head_json":{"title":"Zanimljivosti - Osnovna \u0161kola Malinska-Duba\u0161nica","robots":{"index":"index","follow":"follow","max-snippet":"max-snippet:-1","max-image-preview":"max-image-preview:large","max-video-preview":"max-video-preview:-1"},"canonical":"https:\/\/osnovnaskolamalinskadubasnica.hr\/?page_id=1956","og_locale":"hr_HR","og_type":"article","og_title":"Zanimljivosti - Osnovna \u0161kola Malinska-Duba\u0161nica","og_description":"&nbsp; Likovna kultura: Poentilizam Poentilizam je naziv za poseban na\u010din likovnog izra\u017eavanja. Umjesto crtanja ili slikanja likovno djelo se izvodi to\u010dkanjem. Nastavi \u010ditati \u2192 &#8230;&#8230;&#8230;&#8230;&#8230;&#8230;&#8230;&#8230;&#8230;&#8230;&#8230;&#8230;&#8230;&#8230;&#8230;&#8230;&#8230;&#8230;&#8230;&#8230;&#8230;&#8230;&#8230;&#8230;&#8230;&#8230;&#8230;&#8230;&#8230;&#8230;&#8230;&#8230;&#8230;&#8230;&#8230;&#8230;&#8230;&#8230;&#8230;&#8230;&#8230;&#8230;.. ORIGAMI, umjetnost u papiru Eldin \u010camd\u017ei\u0107 i Antonio Bla\u017eanovi\u0107 vode vas u \u010daroban svijet origami &hellip; Nastavi \u010ditati &rarr;","og_url":"https:\/\/osnovnaskolamalinskadubasnica.hr\/?page_id=1956","og_site_name":"Osnovna \u0161kola Malinska-Duba\u0161nica","article_publisher":"https:\/\/www.facebook.com\/osmalinskadubasnica\/","article_modified_time":"2017-03-15T00:46:40+00:00","og_image":[{"url":"http:\/\/osnovnaskolamalinskadubasnica.hr\/wp-content\/uploads\/poentilizam.jpg","type":"","width":"","height":""}],"twitter_card":"summary_large_image","twitter_misc":{"Procijenjeno vrijeme \u010ditanja":"1 minuta"},"schema":{"@context":"https:\/\/schema.org","@graph":[{"@type":"WebPage","@id":"https:\/\/osnovnaskolamalinskadubasnica.hr\/?page_id=1956","url":"https:\/\/osnovnaskolamalinskadubasnica.hr\/?page_id=1956","name":"Zanimljivosti - Osnovna \u0161kola Malinska-Duba\u0161nica","isPartOf":{"@id":"http:\/\/osnovnaskolamalinskadubasnica.hr\/#website"},"primaryImageOfPage":{"@id":"https:\/\/osnovnaskolamalinskadubasnica.hr\/?page_id=1956#primaryimage"},"image":{"@id":"https:\/\/osnovnaskolamalinskadubasnica.hr\/?page_id=1956#primaryimage"},"thumbnailUrl":"http:\/\/osnovnaskolamalinskadubasnica.hr\/wp-content\/uploads\/poentilizam.jpg","datePublished":"2014-03-14T23:32:23+00:00","dateModified":"2017-03-15T00:46:40+00:00","breadcrumb":{"@id":"https:\/\/osnovnaskolamalinskadubasnica.hr\/?page_id=1956#breadcrumb"},"inLanguage":"hr","potentialAction":[{"@type":"ReadAction","target":["https:\/\/osnovnaskolamalinskadubasnica.hr\/?page_id=1956"]}]},{"@type":"ImageObject","inLanguage":"hr","@id":"https:\/\/osnovnaskolamalinskadubasnica.hr\/?page_id=1956#primaryimage","url":"https:\/\/osnovnaskolamalinskadubasnica.hr\/wp-content\/uploads\/poentilizam.jpg","contentUrl":"https:\/\/osnovnaskolamalinskadubasnica.hr\/wp-content\/uploads\/poentilizam.jpg","width":747,"height":531},{"@type":"BreadcrumbList","@id":"https:\/\/osnovnaskolamalinskadubasnica.hr\/?page_id=1956#breadcrumb","itemListElement":[{"@type":"ListItem","position":1,"name":"Po\u010detna stranica","item":"http:\/\/osnovnaskolamalinskadubasnica.hr\/"},{"@type":"ListItem","position":2,"name":"Zanimljivosti"}]},{"@type":"WebSite","@id":"http:\/\/osnovnaskolamalinskadubasnica.hr\/#website","url":"http:\/\/osnovnaskolamalinskadubasnica.hr\/","name":"Osnovna \u0161kola Malinska-Duba\u0161nica","description":"","potentialAction":[{"@type":"SearchAction","target":{"@type":"EntryPoint","urlTemplate":"http:\/\/osnovnaskolamalinskadubasnica.hr\/?s={search_term_string}"},"query-input":{"@type":"PropertyValueSpecification","valueRequired":true,"valueName":"search_term_string"}}],"inLanguage":"hr"}]}},"_links":{"self":[{"href":"https:\/\/osnovnaskolamalinskadubasnica.hr\/index.php?rest_route=\/wp\/v2\/pages\/1956","targetHints":{"allow":["GET"]}}],"collection":[{"href":"https:\/\/osnovnaskolamalinskadubasnica.hr\/index.php?rest_route=\/wp\/v2\/pages"}],"about":[{"href":"https:\/\/osnovnaskolamalinskadubasnica.hr\/index.php?rest_route=\/wp\/v2\/types\/page"}],"author":[{"embeddable":true,"href":"https:\/\/osnovnaskolamalinskadubasnica.hr\/index.php?rest_route=\/wp\/v2\/users\/1"}],"replies":[{"embeddable":true,"href":"https:\/\/osnovnaskolamalinskadubasnica.hr\/index.php?rest_route=%2Fwp%2Fv2%2Fcomments&post=1956"}],"version-history":[{"count":9,"href":"https:\/\/osnovnaskolamalinskadubasnica.hr\/index.php?rest_route=\/wp\/v2\/pages\/1956\/revisions"}],"predecessor-version":[{"id":9803,"href":"https:\/\/osnovnaskolamalinskadubasnica.hr\/index.php?rest_route=\/wp\/v2\/pages\/1956\/revisions\/9803"}],"wp:attachment":[{"href":"https:\/\/osnovnaskolamalinskadubasnica.hr\/index.php?rest_route=%2Fwp%2Fv2%2Fmedia&parent=1956"}],"curies":[{"name":"wp","href":"https:\/\/api.w.org\/{rel}","templated":true}]}}