{"id":17236,"date":"2020-01-13T20:31:13","date_gmt":"2020-01-13T19:31:13","guid":{"rendered":"http:\/\/osnovnaskolamalinskadubasnica.hr\/?page_id=17236"},"modified":"2023-01-24T21:18:27","modified_gmt":"2023-01-24T20:18:27","slug":"zahtjev-za-izdavanje-duplikata-ili-prijepisa-svjedodzbe","status":"publish","type":"page","link":"https:\/\/osnovnaskolamalinskadubasnica.hr\/?page_id=17236","title":{"rendered":"Zahtjev za izdavanje duplikata ili prijepisa svjedod\u017ebe"},"content":{"rendered":"<p style=\"text-align: justify;\"><span style=\"color: #000000;\">Zahtjev za izdavanje duplikata ili prijepisa svjedod\u017ebe podnosi se u tajni\u0161tvu \u0160kole. Obrazac se mo\u017ee preuzeti u tajni\u0161tvu ili u dolje prilo\u017eenom dokumentu.<br \/>\n<\/span><\/p>\n<p><span style=\"color: #000000;\">preuzmite obrazac:<\/span> <a href=\"http:\/\/osnovnaskolamalinskadubasnica.hr\/wp-content\/uploads\/zahtjev-za-izdavanje-duplikata-ili-prijepisa-svjedozbe-novi.pdf\" target=\"_blank\" rel=\"noopener noreferrer\">Zahtjev za izdavanje duplikata ili prijepisa svjedod\u017ebe<\/a><\/p>\n","protected":false},"excerpt":{"rendered":"<p>Zahtjev za izdavanje duplikata ili prijepisa svjedod\u017ebe podnosi se u tajni\u0161tvu \u0160kole. Obrazac se mo\u017ee preuzeti u tajni\u0161tvu ili u dolje prilo\u017eenom dokumentu. preuzmite obrazac: Zahtjev za izdavanje duplikata ili prijepisa svjedod\u017ebe<\/p>\n","protected":false},"author":1,"featured_media":0,"parent":0,"menu_order":0,"comment_status":"closed","ping_status":"closed","template":"","meta":{"footnotes":""},"class_list":["post-17236","page","type-page","status-publish","hentry"],"yoast_head":"<!-- This site is optimized with the Yoast SEO plugin v27.5 - https:\/\/yoast.com\/product\/yoast-seo-wordpress\/ -->\n<title>Zahtjev za izdavanje duplikata ili prijepisa svjedod\u017ebe - Osnovna \u0161kola Malinska-Duba\u0161nica<\/title>\n<meta name=\"robots\" content=\"index, follow, max-snippet:-1, max-image-preview:large, max-video-preview:-1\" \/>\n<link rel=\"canonical\" href=\"https:\/\/osnovnaskolamalinskadubasnica.hr\/?page_id=17236\" \/>\n<meta property=\"og:locale\" content=\"hr_HR\" \/>\n<meta property=\"og:type\" content=\"article\" \/>\n<meta property=\"og:title\" content=\"Zahtjev za izdavanje duplikata ili prijepisa svjedod\u017ebe - Osnovna \u0161kola Malinska-Duba\u0161nica\" \/>\n<meta property=\"og:description\" content=\"Zahtjev za izdavanje duplikata ili prijepisa svjedod\u017ebe podnosi se u tajni\u0161tvu \u0160kole. Obrazac se mo\u017ee preuzeti u tajni\u0161tvu ili u dolje prilo\u017eenom dokumentu. preuzmite obrazac: Zahtjev za izdavanje duplikata ili prijepisa svjedod\u017ebe\" \/>\n<meta property=\"og:url\" content=\"https:\/\/osnovnaskolamalinskadubasnica.hr\/?page_id=17236\" \/>\n<meta property=\"og:site_name\" content=\"Osnovna \u0161kola Malinska-Duba\u0161nica\" \/>\n<meta property=\"article:publisher\" content=\"https:\/\/www.facebook.com\/osmalinskadubasnica\/\" \/>\n<meta property=\"article:modified_time\" content=\"2023-01-24T20:18:27+00:00\" \/>\n<meta name=\"twitter:card\" content=\"summary_large_image\" \/>\n<meta name=\"twitter:label1\" content=\"Procijenjeno vrijeme \u010ditanja\" \/>\n\t<meta name=\"twitter:data1\" content=\"1 minuta\" \/>\n<script type=\"application\/ld+json\" class=\"yoast-schema-graph\">{\"@context\":\"https:\\\/\\\/schema.org\",\"@graph\":[{\"@type\":\"WebPage\",\"@id\":\"https:\\\/\\\/osnovnaskolamalinskadubasnica.hr\\\/?page_id=17236\",\"url\":\"https:\\\/\\\/osnovnaskolamalinskadubasnica.hr\\\/?page_id=17236\",\"name\":\"Zahtjev za izdavanje duplikata ili prijepisa svjedod\u017ebe - Osnovna \u0161kola Malinska-Duba\u0161nica\",\"isPartOf\":{\"@id\":\"http:\\\/\\\/osnovnaskolamalinskadubasnica.hr\\\/#website\"},\"datePublished\":\"2020-01-13T19:31:13+00:00\",\"dateModified\":\"2023-01-24T20:18:27+00:00\",\"breadcrumb\":{\"@id\":\"https:\\\/\\\/osnovnaskolamalinskadubasnica.hr\\\/?page_id=17236#breadcrumb\"},\"inLanguage\":\"hr\",\"potentialAction\":[{\"@type\":\"ReadAction\",\"target\":[\"https:\\\/\\\/osnovnaskolamalinskadubasnica.hr\\\/?page_id=17236\"]}]},{\"@type\":\"BreadcrumbList\",\"@id\":\"https:\\\/\\\/osnovnaskolamalinskadubasnica.hr\\\/?page_id=17236#breadcrumb\",\"itemListElement\":[{\"@type\":\"ListItem\",\"position\":1,\"name\":\"Po\u010detna stranica\",\"item\":\"http:\\\/\\\/osnovnaskolamalinskadubasnica.hr\\\/\"},{\"@type\":\"ListItem\",\"position\":2,\"name\":\"Zahtjev za izdavanje duplikata ili prijepisa svjedod\u017ebe\"}]},{\"@type\":\"WebSite\",\"@id\":\"http:\\\/\\\/osnovnaskolamalinskadubasnica.hr\\\/#website\",\"url\":\"http:\\\/\\\/osnovnaskolamalinskadubasnica.hr\\\/\",\"name\":\"Osnovna \u0161kola Malinska-Duba\u0161nica\",\"description\":\"\",\"potentialAction\":[{\"@type\":\"SearchAction\",\"target\":{\"@type\":\"EntryPoint\",\"urlTemplate\":\"http:\\\/\\\/osnovnaskolamalinskadubasnica.hr\\\/?s={search_term_string}\"},\"query-input\":{\"@type\":\"PropertyValueSpecification\",\"valueRequired\":true,\"valueName\":\"search_term_string\"}}],\"inLanguage\":\"hr\"}]}<\/script>\n<!-- \/ Yoast SEO plugin. -->","yoast_head_json":{"title":"Zahtjev za izdavanje duplikata ili prijepisa svjedod\u017ebe - Osnovna \u0161kola Malinska-Duba\u0161nica","robots":{"index":"index","follow":"follow","max-snippet":"max-snippet:-1","max-image-preview":"max-image-preview:large","max-video-preview":"max-video-preview:-1"},"canonical":"https:\/\/osnovnaskolamalinskadubasnica.hr\/?page_id=17236","og_locale":"hr_HR","og_type":"article","og_title":"Zahtjev za izdavanje duplikata ili prijepisa svjedod\u017ebe - Osnovna \u0161kola Malinska-Duba\u0161nica","og_description":"Zahtjev za izdavanje duplikata ili prijepisa svjedod\u017ebe podnosi se u tajni\u0161tvu \u0160kole. Obrazac se mo\u017ee preuzeti u tajni\u0161tvu ili u dolje prilo\u017eenom dokumentu. preuzmite obrazac: Zahtjev za izdavanje duplikata ili prijepisa svjedod\u017ebe","og_url":"https:\/\/osnovnaskolamalinskadubasnica.hr\/?page_id=17236","og_site_name":"Osnovna \u0161kola Malinska-Duba\u0161nica","article_publisher":"https:\/\/www.facebook.com\/osmalinskadubasnica\/","article_modified_time":"2023-01-24T20:18:27+00:00","twitter_card":"summary_large_image","twitter_misc":{"Procijenjeno vrijeme \u010ditanja":"1 minuta"},"schema":{"@context":"https:\/\/schema.org","@graph":[{"@type":"WebPage","@id":"https:\/\/osnovnaskolamalinskadubasnica.hr\/?page_id=17236","url":"https:\/\/osnovnaskolamalinskadubasnica.hr\/?page_id=17236","name":"Zahtjev za izdavanje duplikata ili prijepisa svjedod\u017ebe - Osnovna \u0161kola Malinska-Duba\u0161nica","isPartOf":{"@id":"http:\/\/osnovnaskolamalinskadubasnica.hr\/#website"},"datePublished":"2020-01-13T19:31:13+00:00","dateModified":"2023-01-24T20:18:27+00:00","breadcrumb":{"@id":"https:\/\/osnovnaskolamalinskadubasnica.hr\/?page_id=17236#breadcrumb"},"inLanguage":"hr","potentialAction":[{"@type":"ReadAction","target":["https:\/\/osnovnaskolamalinskadubasnica.hr\/?page_id=17236"]}]},{"@type":"BreadcrumbList","@id":"https:\/\/osnovnaskolamalinskadubasnica.hr\/?page_id=17236#breadcrumb","itemListElement":[{"@type":"ListItem","position":1,"name":"Po\u010detna stranica","item":"http:\/\/osnovnaskolamalinskadubasnica.hr\/"},{"@type":"ListItem","position":2,"name":"Zahtjev za izdavanje duplikata ili prijepisa svjedod\u017ebe"}]},{"@type":"WebSite","@id":"http:\/\/osnovnaskolamalinskadubasnica.hr\/#website","url":"http:\/\/osnovnaskolamalinskadubasnica.hr\/","name":"Osnovna \u0161kola Malinska-Duba\u0161nica","description":"","potentialAction":[{"@type":"SearchAction","target":{"@type":"EntryPoint","urlTemplate":"http:\/\/osnovnaskolamalinskadubasnica.hr\/?s={search_term_string}"},"query-input":{"@type":"PropertyValueSpecification","valueRequired":true,"valueName":"search_term_string"}}],"inLanguage":"hr"}]}},"_links":{"self":[{"href":"https:\/\/osnovnaskolamalinskadubasnica.hr\/index.php?rest_route=\/wp\/v2\/pages\/17236","targetHints":{"allow":["GET"]}}],"collection":[{"href":"https:\/\/osnovnaskolamalinskadubasnica.hr\/index.php?rest_route=\/wp\/v2\/pages"}],"about":[{"href":"https:\/\/osnovnaskolamalinskadubasnica.hr\/index.php?rest_route=\/wp\/v2\/types\/page"}],"author":[{"embeddable":true,"href":"https:\/\/osnovnaskolamalinskadubasnica.hr\/index.php?rest_route=\/wp\/v2\/users\/1"}],"replies":[{"embeddable":true,"href":"https:\/\/osnovnaskolamalinskadubasnica.hr\/index.php?rest_route=%2Fwp%2Fv2%2Fcomments&post=17236"}],"version-history":[{"count":3,"href":"https:\/\/osnovnaskolamalinskadubasnica.hr\/index.php?rest_route=\/wp\/v2\/pages\/17236\/revisions"}],"predecessor-version":[{"id":23477,"href":"https:\/\/osnovnaskolamalinskadubasnica.hr\/index.php?rest_route=\/wp\/v2\/pages\/17236\/revisions\/23477"}],"wp:attachment":[{"href":"https:\/\/osnovnaskolamalinskadubasnica.hr\/index.php?rest_route=%2Fwp%2Fv2%2Fmedia&parent=17236"}],"curies":[{"name":"wp","href":"https:\/\/api.w.org\/{rel}","templated":true}]}}