{"id":16153,"date":"2019-07-04T20:49:23","date_gmt":"2019-07-04T20:49:23","guid":{"rendered":"http:\/\/osnovnaskolamalinskadubasnica.hr\/?page_id=16153"},"modified":"2026-03-25T21:04:45","modified_gmt":"2026-03-25T20:04:45","slug":"javna-nabava","status":"publish","type":"page","link":"https:\/\/osnovnaskolamalinskadubasnica.hr\/?page_id=16153","title":{"rendered":"Javna nabava"},"content":{"rendered":"<p><strong><span style=\"color: #800000;\">DOKUMENTI<\/span><\/strong><\/p>\n<ul style=\"list-style-type: circle;\">\n<li><a href=\"http:\/\/osnovnaskolamalinskadubasnica.hr\/wp-content\/uploads\/Izjava-o-nepostojanju-sukoba-interesa.pdf\" target=\"_blank\" rel=\"noopener\">Izjava o nepostojanju sukoba interesa<\/a> <span style=\"color: #000000;\">(\u010dlanovi \u0160kolskog odbora)<\/span><\/li>\n<li><a href=\"http:\/\/osnovnaskolamalinskadubasnica.hr\/wp-content\/uploads\/Izjava-o-nepostojanju-sukoba-interesa-ravnateljica.pdf\" target=\"_blank\" rel=\"noopener\">Izjava o nepostojanju sukoba interesa<\/a><\/li>\n<\/ul>\n<p><strong><span style=\"color: #800000;\">REGISTRI UGOVORA<\/span><\/strong><\/p>\n<ul style=\"list-style-type: circle;\">\n<li><a href=\"http:\/\/osnovnaskolamalinskadubasnica.hr\/wp-content\/uploads\/Registar-ugovora-2026.xlsx\" target=\"_blank\" rel=\"noopener\">Registar ugovora 2026<\/a> <span style=\"color: #000000;\">(xlsx datoteka)<\/span><\/li>\n<li><a href=\"http:\/\/osnovnaskolamalinskadubasnica.hr\/wp-content\/uploads\/Registar-ugovora-2025.-azuriran.xlsx\" target=\"_blank\" rel=\"noopener\">Registar ugovora 2025<\/a> <span style=\"color: #000000;\">(xlsx datoteka)<\/span><\/li>\n<li><a href=\"http:\/\/osnovnaskolamalinskadubasnica.hr\/wp-content\/uploads\/Registar-ugovora-loz-ulje.xlsx\" target=\"_blank\" rel=\"noopener\">Registar ugovora &#8211; lo\u017e ulje<\/a><\/li>\n<li><a href=\"http:\/\/osnovnaskolamalinskadubasnica.hr\/wp-content\/uploads\/Registar-ugovora-2024.-2.-dio.xlsx\" target=\"_blank\" rel=\"noopener\">Registar ugovora 2024 &#8211; 2. dio<\/a> <span style=\"color: #000000;\">(xlsx datoteka)<\/span><\/li>\n<li><a href=\"http:\/\/osnovnaskolamalinskadubasnica.hr\/wp-content\/uploads\/Registar-ugovora-2024-loz-ulje.pdf\" target=\"_blank\" rel=\"noopener\">Registar ugovora 2024<\/a> <span style=\"color: #000000;\">(pdf datoteka)<\/span><\/li>\n<li><a href=\"http:\/\/osnovnaskolamalinskadubasnica.hr\/wp-content\/uploads\/Registar-ugovora.xlsx\" target=\"_blank\" rel=\"noopener\">Registar ugovora 2024<\/a> <span style=\"color: #000000;\">(xlsx datoteka)<\/span><\/li>\n<\/ul>\n<p><strong><span style=\"color: #800000;\">OTVORENI POZIVI ZA DOSTAVU PONUDA<\/span><\/strong><\/p>\n<p style=\"text-align: justify;\"><em><span style=\"color: #000000;\">trenutno nema aktivnih poziva<\/span><\/em><\/p>\n<p><strong><span style=\"color: #800000;\">ARHIVA:<\/span><\/strong><\/p>\n<p style=\"text-align: justify;\"><span style=\"color: #000000;\">PREDMET NABAVE: <strong>Nabava klimatizacijskih ure\u0111aja<\/strong><\/span><\/p>\n<ul>\n<li><a href=\"http:\/\/osnovnaskolamalinskadubasnica.hr\/wp-content\/uploads\/poziv-na-dostavu-ponude-u-postupku-jednostavne-nabave.pdf\" target=\"_blank\" rel=\"noopener noreferrer\">Poziv na dostavu ponuda<\/a><\/li>\n<li><a href=\"http:\/\/osnovnaskolamalinskadubasnica.hr\/wp-content\/uploads\/PRILOG-1-ponudbeni-list.docx\" target=\"_blank\" rel=\"noopener noreferrer\">Prilog 1: Ponudbeni list<\/a><\/li>\n<li><a href=\"http:\/\/osnovnaskolamalinskadubasnica.hr\/wp-content\/uploads\/Prilog-2-Troskovnik-OS.-MALINSKA.DUBASNICA.xlsx\" target=\"_blank\" rel=\"noopener\">Prilog 2: Tro\u0161kovnik<\/a><\/li>\n<\/ul>\n<p style=\"text-align: justify;\"><span style=\"color: #000000;\">Rok za dostavu ponuda: <em>11. travnja 2023. godine<\/em><\/span><\/p>\n<p style=\"text-align: justify;\"><span style=\"color: #000000;\">Privitak:<\/span> <a href=\"http:\/\/osnovnaskolamalinskadubasnica.hr\/wp-content\/uploads\/Obavijest-o-odabiru-u-predmetu-jednostavne-nabave.pdf\">Obavijest o odabiru u predmetu jednostavne nabave<\/a><\/p>\n<p><span style=\"color: #000000;\">PREDMET NABAVE: <strong>Nabava ud\u017ebenika za prvi, peti i sedmi razred<\/strong><br \/>\n<\/span><\/p>\n<ul style=\"list-style-type: circle;\">\n<li><a href=\"http:\/\/osnovnaskolamalinskadubasnica.hr\/wp-content\/uploads\/Poziv-za-nabavu-NOVIH-ud\u017ebenika-za-1-5-7-razred-O\u0160-MALINSKA-DUBA\u0160NICA.pdf\" target=\"_blank\" rel=\"noopener noreferrer\">Poziv na dostavu ponuda<\/a><\/li>\n<li><a href=\"http:\/\/osnovnaskolamalinskadubasnica.hr\/wp-content\/uploads\/TRO\u0160KOVNIK-POPIS-UD\u017dBENIKA-ZA-15-I-7.-RAZRED.pdf\" target=\"_blank\" rel=\"noopener noreferrer\">Popis ud\u017ebenika za prvi, peti i sedmi razred\u00a0&#8211; tro\u0161kovnik<\/a><\/li>\n<\/ul>\n<p><span style=\"color: #000000;\">Rok za dostavu ponuda: <em>25. srpanj 2019. godine do 12 sati<\/em><\/span><\/p>\n<p><span style=\"color: #000000;\">PREDMET NABAVE: <strong>Nabava opreme za opremanje u\u010dionica<\/strong><br \/>\n<\/span><\/p>\n<ul style=\"list-style-type: circle;\">\n<li><a href=\"http:\/\/osnovnaskolamalinskadubasnica.hr\/wp-content\/uploads\/Poziv-za-nabavu-opreme-u-O\u0160-MALINSKA-DUBA\u0160NICA-platna-projektori.pdf\" target=\"_blank\" rel=\"noopener noreferrer\">Poziv na dostavu ponuda<\/a><\/li>\n<li><a href=\"http:\/\/osnovnaskolamalinskadubasnica.hr\/wp-content\/uploads\/TRO\u0160KOVNIK-POPIS-UD\u017dBENIKA-ZA-15-I-7.-RAZRED.pdf\" target=\"_blank\" rel=\"noopener noreferrer\">Popis opreme &#8211; tro\u0161kovnik<\/a><\/li>\n<\/ul>\n<p><span style=\"color: #000000;\">Rok za dostavu ponuda: <em><span style=\"color: #000000;\">19. srpanj 2019. godine do 12 sati<\/span><br \/>\n<\/em><\/span><\/p>\n<p style=\"text-align: justify;\"><span style=\"color: #000000;\">PREDMET NABAVE: <strong>Nabava ud\u017ebenika za u\u010denike O\u0160 Malinska- Duba\u0161nica<\/strong><\/span><\/p>\n<ul style=\"list-style-type: circle;\">\n<li><a href=\"http:\/\/osnovnaskolamalinskadubasnica.hr\/wp-content\/uploads\/poziv-na-dostavu-ponude.pdf\" target=\"_blank\" rel=\"noopener noreferrer\">Poziv na dostavu ponuda<\/a><\/li>\n<li><a href=\"http:\/\/osnovnaskolamalinskadubasnica.hr\/wp-content\/uploads\/POPIS-UD\u017dBENIKA.pdf\" target=\"_blank\" rel=\"noopener noreferrer\">Popis ud\u017ebenika za 2019.\/2020. \u0161kolsku godinu &#8211; tro\u0161kovnik<\/a><\/li>\n<\/ul>\n<p><span style=\"color: #000000;\">Rok za dostavu ponuda: <em>12. srpanj 2019. godine<\/em><\/span><\/p>\n","protected":false},"excerpt":{"rendered":"<p>DOKUMENTI Izjava o nepostojanju sukoba interesa (\u010dlanovi \u0160kolskog odbora) Izjava o nepostojanju sukoba interesa REGISTRI UGOVORA Registar ugovora 2026 (xlsx datoteka) Registar ugovora 2025 (xlsx datoteka) Registar ugovora &#8211; lo\u017e ulje Registar ugovora 2024 &#8211; 2. dio (xlsx datoteka) Registar &hellip; <a href=\"https:\/\/osnovnaskolamalinskadubasnica.hr\/?page_id=16153\">Nastavi \u010ditati <span class=\"meta-nav\">&rarr;<\/span><\/a><\/p>\n","protected":false},"author":1,"featured_media":0,"parent":0,"menu_order":0,"comment_status":"closed","ping_status":"closed","template":"","meta":{"footnotes":""},"class_list":["post-16153","page","type-page","status-publish","hentry"],"yoast_head":"<!-- This site is optimized with the Yoast SEO plugin v27.5 - https:\/\/yoast.com\/product\/yoast-seo-wordpress\/ -->\n<title>Javna nabava - Osnovna \u0161kola Malinska-Duba\u0161nica<\/title>\n<meta name=\"robots\" content=\"index, follow, max-snippet:-1, max-image-preview:large, max-video-preview:-1\" \/>\n<link rel=\"canonical\" href=\"https:\/\/osnovnaskolamalinskadubasnica.hr\/?page_id=16153\" \/>\n<meta property=\"og:locale\" content=\"hr_HR\" \/>\n<meta property=\"og:type\" content=\"article\" \/>\n<meta property=\"og:title\" content=\"Javna nabava - Osnovna \u0161kola Malinska-Duba\u0161nica\" \/>\n<meta property=\"og:description\" content=\"DOKUMENTI Izjava o nepostojanju sukoba interesa (\u010dlanovi \u0160kolskog odbora) Izjava o nepostojanju sukoba interesa REGISTRI UGOVORA Registar ugovora 2026 (xlsx datoteka) Registar ugovora 2025 (xlsx datoteka) Registar ugovora &#8211; lo\u017e ulje Registar ugovora 2024 &#8211; 2. dio (xlsx datoteka) Registar &hellip; Nastavi \u010ditati &rarr;\" \/>\n<meta property=\"og:url\" content=\"https:\/\/osnovnaskolamalinskadubasnica.hr\/?page_id=16153\" \/>\n<meta property=\"og:site_name\" content=\"Osnovna \u0161kola Malinska-Duba\u0161nica\" \/>\n<meta property=\"article:publisher\" content=\"https:\/\/www.facebook.com\/osmalinskadubasnica\/\" \/>\n<meta property=\"article:modified_time\" content=\"2026-03-25T20:04:45+00:00\" \/>\n<meta name=\"twitter:card\" content=\"summary_large_image\" \/>\n<meta name=\"twitter:label1\" content=\"Procijenjeno vrijeme \u010ditanja\" \/>\n\t<meta name=\"twitter:data1\" content=\"1 minuta\" \/>\n<script type=\"application\/ld+json\" class=\"yoast-schema-graph\">{\"@context\":\"https:\\\/\\\/schema.org\",\"@graph\":[{\"@type\":\"WebPage\",\"@id\":\"https:\\\/\\\/osnovnaskolamalinskadubasnica.hr\\\/?page_id=16153\",\"url\":\"https:\\\/\\\/osnovnaskolamalinskadubasnica.hr\\\/?page_id=16153\",\"name\":\"Javna nabava - Osnovna \u0161kola Malinska-Duba\u0161nica\",\"isPartOf\":{\"@id\":\"https:\\\/\\\/osnovnaskolamalinskadubasnica.hr\\\/#website\"},\"datePublished\":\"2019-07-04T20:49:23+00:00\",\"dateModified\":\"2026-03-25T20:04:45+00:00\",\"breadcrumb\":{\"@id\":\"https:\\\/\\\/osnovnaskolamalinskadubasnica.hr\\\/?page_id=16153#breadcrumb\"},\"inLanguage\":\"hr\",\"potentialAction\":[{\"@type\":\"ReadAction\",\"target\":[\"https:\\\/\\\/osnovnaskolamalinskadubasnica.hr\\\/?page_id=16153\"]}]},{\"@type\":\"BreadcrumbList\",\"@id\":\"https:\\\/\\\/osnovnaskolamalinskadubasnica.hr\\\/?page_id=16153#breadcrumb\",\"itemListElement\":[{\"@type\":\"ListItem\",\"position\":1,\"name\":\"Po\u010detna stranica\",\"item\":\"https:\\\/\\\/osnovnaskolamalinskadubasnica.hr\\\/\"},{\"@type\":\"ListItem\",\"position\":2,\"name\":\"Javna nabava\"}]},{\"@type\":\"WebSite\",\"@id\":\"https:\\\/\\\/osnovnaskolamalinskadubasnica.hr\\\/#website\",\"url\":\"https:\\\/\\\/osnovnaskolamalinskadubasnica.hr\\\/\",\"name\":\"Osnovna \u0161kola Malinska-Duba\u0161nica\",\"description\":\"\",\"potentialAction\":[{\"@type\":\"SearchAction\",\"target\":{\"@type\":\"EntryPoint\",\"urlTemplate\":\"https:\\\/\\\/osnovnaskolamalinskadubasnica.hr\\\/?s={search_term_string}\"},\"query-input\":{\"@type\":\"PropertyValueSpecification\",\"valueRequired\":true,\"valueName\":\"search_term_string\"}}],\"inLanguage\":\"hr\"}]}<\/script>\n<!-- \/ Yoast SEO plugin. -->","yoast_head_json":{"title":"Javna nabava - Osnovna \u0161kola Malinska-Duba\u0161nica","robots":{"index":"index","follow":"follow","max-snippet":"max-snippet:-1","max-image-preview":"max-image-preview:large","max-video-preview":"max-video-preview:-1"},"canonical":"https:\/\/osnovnaskolamalinskadubasnica.hr\/?page_id=16153","og_locale":"hr_HR","og_type":"article","og_title":"Javna nabava - Osnovna \u0161kola Malinska-Duba\u0161nica","og_description":"DOKUMENTI Izjava o nepostojanju sukoba interesa (\u010dlanovi \u0160kolskog odbora) Izjava o nepostojanju sukoba interesa REGISTRI UGOVORA Registar ugovora 2026 (xlsx datoteka) Registar ugovora 2025 (xlsx datoteka) Registar ugovora &#8211; lo\u017e ulje Registar ugovora 2024 &#8211; 2. dio (xlsx datoteka) Registar &hellip; Nastavi \u010ditati &rarr;","og_url":"https:\/\/osnovnaskolamalinskadubasnica.hr\/?page_id=16153","og_site_name":"Osnovna \u0161kola Malinska-Duba\u0161nica","article_publisher":"https:\/\/www.facebook.com\/osmalinskadubasnica\/","article_modified_time":"2026-03-25T20:04:45+00:00","twitter_card":"summary_large_image","twitter_misc":{"Procijenjeno vrijeme \u010ditanja":"1 minuta"},"schema":{"@context":"https:\/\/schema.org","@graph":[{"@type":"WebPage","@id":"https:\/\/osnovnaskolamalinskadubasnica.hr\/?page_id=16153","url":"https:\/\/osnovnaskolamalinskadubasnica.hr\/?page_id=16153","name":"Javna nabava - Osnovna \u0161kola Malinska-Duba\u0161nica","isPartOf":{"@id":"https:\/\/osnovnaskolamalinskadubasnica.hr\/#website"},"datePublished":"2019-07-04T20:49:23+00:00","dateModified":"2026-03-25T20:04:45+00:00","breadcrumb":{"@id":"https:\/\/osnovnaskolamalinskadubasnica.hr\/?page_id=16153#breadcrumb"},"inLanguage":"hr","potentialAction":[{"@type":"ReadAction","target":["https:\/\/osnovnaskolamalinskadubasnica.hr\/?page_id=16153"]}]},{"@type":"BreadcrumbList","@id":"https:\/\/osnovnaskolamalinskadubasnica.hr\/?page_id=16153#breadcrumb","itemListElement":[{"@type":"ListItem","position":1,"name":"Po\u010detna stranica","item":"https:\/\/osnovnaskolamalinskadubasnica.hr\/"},{"@type":"ListItem","position":2,"name":"Javna nabava"}]},{"@type":"WebSite","@id":"https:\/\/osnovnaskolamalinskadubasnica.hr\/#website","url":"https:\/\/osnovnaskolamalinskadubasnica.hr\/","name":"Osnovna \u0161kola Malinska-Duba\u0161nica","description":"","potentialAction":[{"@type":"SearchAction","target":{"@type":"EntryPoint","urlTemplate":"https:\/\/osnovnaskolamalinskadubasnica.hr\/?s={search_term_string}"},"query-input":{"@type":"PropertyValueSpecification","valueRequired":true,"valueName":"search_term_string"}}],"inLanguage":"hr"}]}},"_links":{"self":[{"href":"https:\/\/osnovnaskolamalinskadubasnica.hr\/index.php?rest_route=\/wp\/v2\/pages\/16153","targetHints":{"allow":["GET"]}}],"collection":[{"href":"https:\/\/osnovnaskolamalinskadubasnica.hr\/index.php?rest_route=\/wp\/v2\/pages"}],"about":[{"href":"https:\/\/osnovnaskolamalinskadubasnica.hr\/index.php?rest_route=\/wp\/v2\/types\/page"}],"author":[{"embeddable":true,"href":"https:\/\/osnovnaskolamalinskadubasnica.hr\/index.php?rest_route=\/wp\/v2\/users\/1"}],"replies":[{"embeddable":true,"href":"https:\/\/osnovnaskolamalinskadubasnica.hr\/index.php?rest_route=%2Fwp%2Fv2%2Fcomments&post=16153"}],"version-history":[{"count":22,"href":"https:\/\/osnovnaskolamalinskadubasnica.hr\/index.php?rest_route=\/wp\/v2\/pages\/16153\/revisions"}],"predecessor-version":[{"id":35527,"href":"https:\/\/osnovnaskolamalinskadubasnica.hr\/index.php?rest_route=\/wp\/v2\/pages\/16153\/revisions\/35527"}],"wp:attachment":[{"href":"https:\/\/osnovnaskolamalinskadubasnica.hr\/index.php?rest_route=%2Fwp%2Fv2%2Fmedia&parent=16153"}],"curies":[{"name":"wp","href":"https:\/\/api.w.org\/{rel}","templated":true}]}}