{"id":1480,"date":"2014-02-04T00:03:37","date_gmt":"2014-02-04T00:03:37","guid":{"rendered":"http:\/\/osnovnaskolakrk.hr\/malinska\/?page_id=1480"},"modified":"2024-09-05T21:47:11","modified_gmt":"2024-09-05T20:47:11","slug":"strucne-sluzbe","status":"publish","type":"page","link":"https:\/\/osnovnaskolamalinskadubasnica.hr\/?page_id=1480","title":{"rendered":"Stru\u010dne slu\u017ebe"},"content":{"rendered":"<p style=\"text-align: center;\"><strong><span style=\"color: #800000;\"><a href=\"http:\/\/osnovnaskolamalinskadubasnica.hr\/wp-content\/uploads\/strucne-suradnice.jpg\" data-rel=\"lightbox-image-0\" data-rl_title=\"\" data-rl_caption=\"\" title=\"\"><img loading=\"lazy\" decoding=\"async\" class=\"aligncenter size-full wp-image-29824\" src=\"http:\/\/osnovnaskolamalinskadubasnica.hr\/wp-content\/uploads\/strucne-suradnice.jpg\" alt=\"\" width=\"1321\" height=\"1131\" srcset=\"https:\/\/osnovnaskolamalinskadubasnica.hr\/wp-content\/uploads\/strucne-suradnice.jpg 1321w, https:\/\/osnovnaskolamalinskadubasnica.hr\/wp-content\/uploads\/strucne-suradnice-768x658.jpg 768w\" sizes=\"auto, (max-width: 1321px) 100vw, 1321px\" \/><\/a><\/span><\/strong><\/p>\n<table style=\"width: 100%; border-collapse: collapse; background-color: #9dede9; border-style: solid; border-color: #f77e05;\">\n<tbody>\n<tr>\n<td style=\"width: 100%;\"><span style=\"color: #800000;\"><strong>PEDAGOGINJA: <\/strong><\/span><em><span style=\"color: #800000;\"><strong>Ivana Bonifa\u010di\u0107<\/strong><\/span><br \/>\nRadno vrijeme:<\/em> ponedjeljak &#8211; petak: 7.00 &#8211; 13.00<br \/>\ntel: <strong>091 6031 392<\/strong><\/td>\n<\/tr>\n<tr>\n<td style=\"width: 100%;\"><span style=\"color: #800000;\"><strong>PSIHOLOGINJA: <em>Matea Mrakov\u010di\u0107 Kosi\u0107<\/em><\/strong><\/span><em><br \/>\nRadno vrijeme: ponedjeljak &#8211; petak: <\/em>8.30 &#8211; 14.30<br \/>\nemail: <a href=\"mailto:psiholog@os-malinska-krk.skole.hr\">psiholog@os-malinska-krk.skole.hr<\/a><br \/>\ntel: <strong>091 6031 392<\/strong><\/td>\n<\/tr>\n<tr>\n<td style=\"width: 100%;\"><span style=\"color: #800000;\"><strong>LOGOPEDINJA<em>: <\/em><\/strong><\/span><em><span style=\"color: #800000;\"><strong>Mia Me\u0161ter<\/strong><\/span><br \/>\n<\/em>email: <a href=\"mailto:logoped@os-malinska-krk.skole.hr\">logoped@os-malinska-krk.skole.hr<\/a><br \/>\ntel: <strong>091 6031 384<\/strong><\/td>\n<\/tr>\n<tr>\n<td style=\"width: 100%;\"><span style=\"color: #800000;\"><strong>KNJI\u017dNI\u010cARKA:<em> Simona \u0160amani\u0107 Je\u017eabek<\/em><\/strong><\/span><br \/>\nemail: <a href=\"mailto:knjiznica.malinska@gmail.com\">knjiznica.malinska@gmail.com<\/a><\/td>\n<\/tr>\n<\/tbody>\n<\/table>\n<p>&nbsp;<\/p>\n<p style=\"text-align: center;\"><span style=\"color: #660000;\">\u00a0<\/span><\/p>\n<p>&nbsp;<\/p>\n<p><span style=\"color: #ffffff;\">.<\/span><\/p>\n<p><span style=\"color: #ffffff;\">.<\/span><\/p>\n","protected":false},"excerpt":{"rendered":"<p>PEDAGOGINJA: Ivana Bonifa\u010di\u0107 Radno vrijeme: ponedjeljak &#8211; petak: 7.00 &#8211; 13.00 tel: 091 6031 392 PSIHOLOGINJA: Matea Mrakov\u010di\u0107 Kosi\u0107 Radno vrijeme: ponedjeljak &#8211; petak: 8.30 &#8211; 14.30 email: psiholog@os-malinska-krk.skole.hr tel: 091 6031 392 LOGOPEDINJA: Mia Me\u0161ter email: logoped@os-malinska-krk.skole.hr tel: 091 &hellip; <a href=\"https:\/\/osnovnaskolamalinskadubasnica.hr\/?page_id=1480\">Nastavi \u010ditati <span class=\"meta-nav\">&rarr;<\/span><\/a><\/p>\n","protected":false},"author":1,"featured_media":0,"parent":0,"menu_order":0,"comment_status":"closed","ping_status":"closed","template":"","meta":{"footnotes":""},"class_list":["post-1480","page","type-page","status-publish","hentry"],"yoast_head":"<!-- This site is optimized with the Yoast SEO plugin v27.5 - https:\/\/yoast.com\/product\/yoast-seo-wordpress\/ -->\n<title>Stru\u010dne slu\u017ebe - Osnovna \u0161kola Malinska-Duba\u0161nica<\/title>\n<meta name=\"robots\" content=\"index, follow, max-snippet:-1, max-image-preview:large, max-video-preview:-1\" \/>\n<link rel=\"canonical\" href=\"https:\/\/osnovnaskolamalinskadubasnica.hr\/?page_id=1480\" \/>\n<meta property=\"og:locale\" content=\"hr_HR\" \/>\n<meta property=\"og:type\" content=\"article\" \/>\n<meta property=\"og:title\" content=\"Stru\u010dne slu\u017ebe - Osnovna \u0161kola Malinska-Duba\u0161nica\" \/>\n<meta property=\"og:description\" content=\"PEDAGOGINJA: Ivana Bonifa\u010di\u0107 Radno vrijeme: ponedjeljak &#8211; petak: 7.00 &#8211; 13.00 tel: 091 6031 392 PSIHOLOGINJA: Matea Mrakov\u010di\u0107 Kosi\u0107 Radno vrijeme: ponedjeljak &#8211; petak: 8.30 &#8211; 14.30 email: psiholog@os-malinska-krk.skole.hr tel: 091 6031 392 LOGOPEDINJA: Mia Me\u0161ter email: logoped@os-malinska-krk.skole.hr tel: 091 &hellip; Nastavi \u010ditati &rarr;\" \/>\n<meta property=\"og:url\" content=\"https:\/\/osnovnaskolamalinskadubasnica.hr\/?page_id=1480\" \/>\n<meta property=\"og:site_name\" content=\"Osnovna \u0161kola Malinska-Duba\u0161nica\" \/>\n<meta property=\"article:publisher\" content=\"https:\/\/www.facebook.com\/osmalinskadubasnica\/\" \/>\n<meta property=\"article:modified_time\" content=\"2024-09-05T20:47:11+00:00\" \/>\n<meta property=\"og:image\" content=\"http:\/\/osnovnaskolamalinskadubasnica.hr\/wp-content\/uploads\/strucne-suradnice.jpg\" \/>\n<meta name=\"twitter:card\" content=\"summary_large_image\" \/>\n<meta name=\"twitter:label1\" content=\"Procijenjeno vrijeme \u010ditanja\" \/>\n\t<meta name=\"twitter:data1\" content=\"1 minuta\" \/>\n<script type=\"application\/ld+json\" class=\"yoast-schema-graph\">{\"@context\":\"https:\\\/\\\/schema.org\",\"@graph\":[{\"@type\":\"WebPage\",\"@id\":\"https:\\\/\\\/osnovnaskolamalinskadubasnica.hr\\\/?page_id=1480\",\"url\":\"https:\\\/\\\/osnovnaskolamalinskadubasnica.hr\\\/?page_id=1480\",\"name\":\"Stru\u010dne slu\u017ebe - Osnovna \u0161kola Malinska-Duba\u0161nica\",\"isPartOf\":{\"@id\":\"https:\\\/\\\/osnovnaskolamalinskadubasnica.hr\\\/#website\"},\"primaryImageOfPage\":{\"@id\":\"https:\\\/\\\/osnovnaskolamalinskadubasnica.hr\\\/?page_id=1480#primaryimage\"},\"image\":{\"@id\":\"https:\\\/\\\/osnovnaskolamalinskadubasnica.hr\\\/?page_id=1480#primaryimage\"},\"thumbnailUrl\":\"http:\\\/\\\/osnovnaskolamalinskadubasnica.hr\\\/wp-content\\\/uploads\\\/strucne-suradnice.jpg\",\"datePublished\":\"2014-02-04T00:03:37+00:00\",\"dateModified\":\"2024-09-05T20:47:11+00:00\",\"breadcrumb\":{\"@id\":\"https:\\\/\\\/osnovnaskolamalinskadubasnica.hr\\\/?page_id=1480#breadcrumb\"},\"inLanguage\":\"hr\",\"potentialAction\":[{\"@type\":\"ReadAction\",\"target\":[\"https:\\\/\\\/osnovnaskolamalinskadubasnica.hr\\\/?page_id=1480\"]}]},{\"@type\":\"ImageObject\",\"inLanguage\":\"hr\",\"@id\":\"https:\\\/\\\/osnovnaskolamalinskadubasnica.hr\\\/?page_id=1480#primaryimage\",\"url\":\"https:\\\/\\\/osnovnaskolamalinskadubasnica.hr\\\/wp-content\\\/uploads\\\/strucne-suradnice.jpg\",\"contentUrl\":\"https:\\\/\\\/osnovnaskolamalinskadubasnica.hr\\\/wp-content\\\/uploads\\\/strucne-suradnice.jpg\",\"width\":1321,\"height\":1131},{\"@type\":\"BreadcrumbList\",\"@id\":\"https:\\\/\\\/osnovnaskolamalinskadubasnica.hr\\\/?page_id=1480#breadcrumb\",\"itemListElement\":[{\"@type\":\"ListItem\",\"position\":1,\"name\":\"Po\u010detna stranica\",\"item\":\"https:\\\/\\\/osnovnaskolamalinskadubasnica.hr\\\/\"},{\"@type\":\"ListItem\",\"position\":2,\"name\":\"Stru\u010dne slu\u017ebe\"}]},{\"@type\":\"WebSite\",\"@id\":\"https:\\\/\\\/osnovnaskolamalinskadubasnica.hr\\\/#website\",\"url\":\"https:\\\/\\\/osnovnaskolamalinskadubasnica.hr\\\/\",\"name\":\"Osnovna \u0161kola Malinska-Duba\u0161nica\",\"description\":\"\",\"potentialAction\":[{\"@type\":\"SearchAction\",\"target\":{\"@type\":\"EntryPoint\",\"urlTemplate\":\"https:\\\/\\\/osnovnaskolamalinskadubasnica.hr\\\/?s={search_term_string}\"},\"query-input\":{\"@type\":\"PropertyValueSpecification\",\"valueRequired\":true,\"valueName\":\"search_term_string\"}}],\"inLanguage\":\"hr\"}]}<\/script>\n<!-- \/ Yoast SEO plugin. -->","yoast_head_json":{"title":"Stru\u010dne slu\u017ebe - Osnovna \u0161kola Malinska-Duba\u0161nica","robots":{"index":"index","follow":"follow","max-snippet":"max-snippet:-1","max-image-preview":"max-image-preview:large","max-video-preview":"max-video-preview:-1"},"canonical":"https:\/\/osnovnaskolamalinskadubasnica.hr\/?page_id=1480","og_locale":"hr_HR","og_type":"article","og_title":"Stru\u010dne slu\u017ebe - Osnovna \u0161kola Malinska-Duba\u0161nica","og_description":"PEDAGOGINJA: Ivana Bonifa\u010di\u0107 Radno vrijeme: ponedjeljak &#8211; petak: 7.00 &#8211; 13.00 tel: 091 6031 392 PSIHOLOGINJA: Matea Mrakov\u010di\u0107 Kosi\u0107 Radno vrijeme: ponedjeljak &#8211; petak: 8.30 &#8211; 14.30 email: psiholog@os-malinska-krk.skole.hr tel: 091 6031 392 LOGOPEDINJA: Mia Me\u0161ter email: logoped@os-malinska-krk.skole.hr tel: 091 &hellip; Nastavi \u010ditati &rarr;","og_url":"https:\/\/osnovnaskolamalinskadubasnica.hr\/?page_id=1480","og_site_name":"Osnovna \u0161kola Malinska-Duba\u0161nica","article_publisher":"https:\/\/www.facebook.com\/osmalinskadubasnica\/","article_modified_time":"2024-09-05T20:47:11+00:00","og_image":[{"url":"http:\/\/osnovnaskolamalinskadubasnica.hr\/wp-content\/uploads\/strucne-suradnice.jpg","type":"","width":"","height":""}],"twitter_card":"summary_large_image","twitter_misc":{"Procijenjeno vrijeme \u010ditanja":"1 minuta"},"schema":{"@context":"https:\/\/schema.org","@graph":[{"@type":"WebPage","@id":"https:\/\/osnovnaskolamalinskadubasnica.hr\/?page_id=1480","url":"https:\/\/osnovnaskolamalinskadubasnica.hr\/?page_id=1480","name":"Stru\u010dne slu\u017ebe - Osnovna \u0161kola Malinska-Duba\u0161nica","isPartOf":{"@id":"https:\/\/osnovnaskolamalinskadubasnica.hr\/#website"},"primaryImageOfPage":{"@id":"https:\/\/osnovnaskolamalinskadubasnica.hr\/?page_id=1480#primaryimage"},"image":{"@id":"https:\/\/osnovnaskolamalinskadubasnica.hr\/?page_id=1480#primaryimage"},"thumbnailUrl":"http:\/\/osnovnaskolamalinskadubasnica.hr\/wp-content\/uploads\/strucne-suradnice.jpg","datePublished":"2014-02-04T00:03:37+00:00","dateModified":"2024-09-05T20:47:11+00:00","breadcrumb":{"@id":"https:\/\/osnovnaskolamalinskadubasnica.hr\/?page_id=1480#breadcrumb"},"inLanguage":"hr","potentialAction":[{"@type":"ReadAction","target":["https:\/\/osnovnaskolamalinskadubasnica.hr\/?page_id=1480"]}]},{"@type":"ImageObject","inLanguage":"hr","@id":"https:\/\/osnovnaskolamalinskadubasnica.hr\/?page_id=1480#primaryimage","url":"https:\/\/osnovnaskolamalinskadubasnica.hr\/wp-content\/uploads\/strucne-suradnice.jpg","contentUrl":"https:\/\/osnovnaskolamalinskadubasnica.hr\/wp-content\/uploads\/strucne-suradnice.jpg","width":1321,"height":1131},{"@type":"BreadcrumbList","@id":"https:\/\/osnovnaskolamalinskadubasnica.hr\/?page_id=1480#breadcrumb","itemListElement":[{"@type":"ListItem","position":1,"name":"Po\u010detna stranica","item":"https:\/\/osnovnaskolamalinskadubasnica.hr\/"},{"@type":"ListItem","position":2,"name":"Stru\u010dne slu\u017ebe"}]},{"@type":"WebSite","@id":"https:\/\/osnovnaskolamalinskadubasnica.hr\/#website","url":"https:\/\/osnovnaskolamalinskadubasnica.hr\/","name":"Osnovna \u0161kola Malinska-Duba\u0161nica","description":"","potentialAction":[{"@type":"SearchAction","target":{"@type":"EntryPoint","urlTemplate":"https:\/\/osnovnaskolamalinskadubasnica.hr\/?s={search_term_string}"},"query-input":{"@type":"PropertyValueSpecification","valueRequired":true,"valueName":"search_term_string"}}],"inLanguage":"hr"}]}},"_links":{"self":[{"href":"https:\/\/osnovnaskolamalinskadubasnica.hr\/index.php?rest_route=\/wp\/v2\/pages\/1480","targetHints":{"allow":["GET"]}}],"collection":[{"href":"https:\/\/osnovnaskolamalinskadubasnica.hr\/index.php?rest_route=\/wp\/v2\/pages"}],"about":[{"href":"https:\/\/osnovnaskolamalinskadubasnica.hr\/index.php?rest_route=\/wp\/v2\/types\/page"}],"author":[{"embeddable":true,"href":"https:\/\/osnovnaskolamalinskadubasnica.hr\/index.php?rest_route=\/wp\/v2\/users\/1"}],"replies":[{"embeddable":true,"href":"https:\/\/osnovnaskolamalinskadubasnica.hr\/index.php?rest_route=%2Fwp%2Fv2%2Fcomments&post=1480"}],"version-history":[{"count":48,"href":"https:\/\/osnovnaskolamalinskadubasnica.hr\/index.php?rest_route=\/wp\/v2\/pages\/1480\/revisions"}],"predecessor-version":[{"id":29829,"href":"https:\/\/osnovnaskolamalinskadubasnica.hr\/index.php?rest_route=\/wp\/v2\/pages\/1480\/revisions\/29829"}],"wp:attachment":[{"href":"https:\/\/osnovnaskolamalinskadubasnica.hr\/index.php?rest_route=%2Fwp%2Fv2%2Fmedia&parent=1480"}],"curies":[{"name":"wp","href":"https:\/\/api.w.org\/{rel}","templated":true}]}}