{"id":123,"date":"2013-06-21T21:39:45","date_gmt":"2013-06-21T21:39:45","guid":{"rendered":"http:\/\/osnovnaskolakrk.hr\/malinska\/?page_id=123"},"modified":"2025-07-09T20:03:11","modified_gmt":"2025-07-09T19:03:11","slug":"popis-udzbenika","status":"publish","type":"page","link":"https:\/\/osnovnaskolamalinskadubasnica.hr\/?page_id=123","title":{"rendered":"Popis ud\u017ebenika i drugih obrazovnih materijala"},"content":{"rendered":"<h3 style=\"text-align: justify;\"><strong><span style=\"color: #800000;\">za \u0161kolsku godinu 2025.\/2026.<\/span><\/strong><\/h3>\n<p style=\"text-align: justify;\"><span style=\"color: #000000;\">Sukladno <a href=\"https:\/\/narodne-novine.nn.hr\/clanci\/sluzbeni\/2018_12_116_2288.html\" target=\"_blank\" rel=\"noopener noreferrer\">Zakonu o ud\u017ebenicima i drugim obrazovnim materijalima<\/a>, sredstva za nabavu ud\u017ebenika (uklju\u010duju\u0107i i ud\u017ebenike za izborne predmete) osigurana su iz dr\u017eavnog prora\u010duna. Osnovna \u0161kola Malinska-Duba\u0161nica nabaviti \u0107e ud\u017ebenike, a u\u010denici \u0107e ih preuzeti prvog dana nastave.<br \/>\n<\/span><\/p>\n<p><strong><span style=\"color: #800000;\">Preuzmite:<\/span><\/strong> <strong><a href=\"http:\/\/osnovnaskolamalinskadubasnica.hr\/wp-content\/uploads\/OS-Malinska-Dubasnica-popis-obaveznih-udzbenika-2526.pdf\" target=\"_blank\" rel=\"noopener noreferrer\">POPIS UD\u017dBENIKA za \u0161kolsku godinu 2025.\/2026.<\/a><\/strong><\/p>\n<p style=\"text-align: justify;\"><strong><span style=\"color: #800000;\">Druge obrazovne materijale<\/span><\/strong><span style=\"color: #000000;\"> koji se koriste u nastavi (radne bilje\u017enice, zbirke zadataka, atlasi, likovne mape, radni materijali,&#8230;) ove \u0107e godine tako\u0111er naru\u010diti \u0160kola (nabavu drugih obrazovnih materijala financira Op\u0107ina Malinska-Duba\u0161nica) i u\u010denici \u0107e ih preuzeti prvog dana nastave.<\/span><\/p>\n<p><strong><span style=\"color: #800000;\">Popis drugih obrazovnih materijala:<\/span><\/strong><\/p>\n<p><a href=\"http:\/\/osnovnaskolamalinskadubasnica.hr\/wp-content\/uploads\/Radni-materijali-2025-2026-SVE.pdf\" target=\"_blank\" rel=\"noopener\"><img loading=\"lazy\" decoding=\"async\" class=\"aligncenter size-full wp-image-33173\" src=\"http:\/\/osnovnaskolamalinskadubasnica.hr\/wp-content\/uploads\/knjige-2026-1.jpg\" alt=\"\" width=\"595\" height=\"447\" \/><\/a><\/p>\n<p>&nbsp;<\/p>\n<p>&nbsp;<\/p>\n<p>&nbsp;<\/p>\n<p>&nbsp;<\/p>\n<p>&nbsp;<\/p>\n<p>&nbsp;<\/p>\n<p>&nbsp;<\/p>\n<p>&nbsp;<\/p>\n<p>&nbsp;<\/p>\n","protected":false},"excerpt":{"rendered":"<p>za \u0161kolsku godinu 2025.\/2026. Sukladno Zakonu o ud\u017ebenicima i drugim obrazovnim materijalima, sredstva za nabavu ud\u017ebenika (uklju\u010duju\u0107i i ud\u017ebenike za izborne predmete) osigurana su iz dr\u017eavnog prora\u010duna. Osnovna \u0161kola Malinska-Duba\u0161nica nabaviti \u0107e ud\u017ebenike, a u\u010denici \u0107e ih preuzeti prvog dana &hellip; <a href=\"https:\/\/osnovnaskolamalinskadubasnica.hr\/?page_id=123\">Nastavi \u010ditati <span class=\"meta-nav\">&rarr;<\/span><\/a><\/p>\n","protected":false},"author":1,"featured_media":0,"parent":0,"menu_order":0,"comment_status":"open","ping_status":"open","template":"","meta":{"footnotes":""},"class_list":["post-123","page","type-page","status-publish","hentry"],"yoast_head":"<!-- This site is optimized with the Yoast SEO plugin v27.5 - https:\/\/yoast.com\/product\/yoast-seo-wordpress\/ -->\n<title>Popis ud\u017ebenika i drugih obrazovnih materijala - Osnovna \u0161kola Malinska-Duba\u0161nica<\/title>\n<meta name=\"robots\" content=\"index, follow, max-snippet:-1, max-image-preview:large, max-video-preview:-1\" \/>\n<link rel=\"canonical\" href=\"https:\/\/osnovnaskolamalinskadubasnica.hr\/?page_id=123\" \/>\n<meta property=\"og:locale\" content=\"hr_HR\" \/>\n<meta property=\"og:type\" content=\"article\" \/>\n<meta property=\"og:title\" content=\"Popis ud\u017ebenika i drugih obrazovnih materijala - Osnovna \u0161kola Malinska-Duba\u0161nica\" \/>\n<meta property=\"og:description\" content=\"za \u0161kolsku godinu 2025.\/2026. Sukladno Zakonu o ud\u017ebenicima i drugim obrazovnim materijalima, sredstva za nabavu ud\u017ebenika (uklju\u010duju\u0107i i ud\u017ebenike za izborne predmete) osigurana su iz dr\u017eavnog prora\u010duna. Osnovna \u0161kola Malinska-Duba\u0161nica nabaviti \u0107e ud\u017ebenike, a u\u010denici \u0107e ih preuzeti prvog dana &hellip; Nastavi \u010ditati &rarr;\" \/>\n<meta property=\"og:url\" content=\"https:\/\/osnovnaskolamalinskadubasnica.hr\/?page_id=123\" \/>\n<meta property=\"og:site_name\" content=\"Osnovna \u0161kola Malinska-Duba\u0161nica\" \/>\n<meta property=\"article:publisher\" content=\"https:\/\/www.facebook.com\/osmalinskadubasnica\/\" \/>\n<meta property=\"article:modified_time\" content=\"2025-07-09T19:03:11+00:00\" \/>\n<meta property=\"og:image\" content=\"http:\/\/osnovnaskolamalinskadubasnica.hr\/wp-content\/uploads\/knjige-2026-1.jpg\" \/>\n<meta name=\"twitter:card\" content=\"summary_large_image\" \/>\n<meta name=\"twitter:label1\" content=\"Procijenjeno vrijeme \u010ditanja\" \/>\n\t<meta name=\"twitter:data1\" content=\"1 minuta\" \/>\n<script type=\"application\/ld+json\" class=\"yoast-schema-graph\">{\"@context\":\"https:\\\/\\\/schema.org\",\"@graph\":[{\"@type\":\"WebPage\",\"@id\":\"https:\\\/\\\/osnovnaskolamalinskadubasnica.hr\\\/?page_id=123\",\"url\":\"https:\\\/\\\/osnovnaskolamalinskadubasnica.hr\\\/?page_id=123\",\"name\":\"Popis ud\u017ebenika i drugih obrazovnih materijala - Osnovna \u0161kola Malinska-Duba\u0161nica\",\"isPartOf\":{\"@id\":\"http:\\\/\\\/osnovnaskolamalinskadubasnica.hr\\\/#website\"},\"primaryImageOfPage\":{\"@id\":\"https:\\\/\\\/osnovnaskolamalinskadubasnica.hr\\\/?page_id=123#primaryimage\"},\"image\":{\"@id\":\"https:\\\/\\\/osnovnaskolamalinskadubasnica.hr\\\/?page_id=123#primaryimage\"},\"thumbnailUrl\":\"http:\\\/\\\/osnovnaskolamalinskadubasnica.hr\\\/wp-content\\\/uploads\\\/knjige-2026-1.jpg\",\"datePublished\":\"2013-06-21T21:39:45+00:00\",\"dateModified\":\"2025-07-09T19:03:11+00:00\",\"breadcrumb\":{\"@id\":\"https:\\\/\\\/osnovnaskolamalinskadubasnica.hr\\\/?page_id=123#breadcrumb\"},\"inLanguage\":\"hr\",\"potentialAction\":[{\"@type\":\"ReadAction\",\"target\":[\"https:\\\/\\\/osnovnaskolamalinskadubasnica.hr\\\/?page_id=123\"]}]},{\"@type\":\"ImageObject\",\"inLanguage\":\"hr\",\"@id\":\"https:\\\/\\\/osnovnaskolamalinskadubasnica.hr\\\/?page_id=123#primaryimage\",\"url\":\"http:\\\/\\\/osnovnaskolamalinskadubasnica.hr\\\/wp-content\\\/uploads\\\/knjige-2026-1.jpg\",\"contentUrl\":\"http:\\\/\\\/osnovnaskolamalinskadubasnica.hr\\\/wp-content\\\/uploads\\\/knjige-2026-1.jpg\"},{\"@type\":\"BreadcrumbList\",\"@id\":\"https:\\\/\\\/osnovnaskolamalinskadubasnica.hr\\\/?page_id=123#breadcrumb\",\"itemListElement\":[{\"@type\":\"ListItem\",\"position\":1,\"name\":\"Po\u010detna stranica\",\"item\":\"http:\\\/\\\/osnovnaskolamalinskadubasnica.hr\\\/\"},{\"@type\":\"ListItem\",\"position\":2,\"name\":\"Popis ud\u017ebenika i drugih obrazovnih materijala\"}]},{\"@type\":\"WebSite\",\"@id\":\"http:\\\/\\\/osnovnaskolamalinskadubasnica.hr\\\/#website\",\"url\":\"http:\\\/\\\/osnovnaskolamalinskadubasnica.hr\\\/\",\"name\":\"Osnovna \u0161kola Malinska-Duba\u0161nica\",\"description\":\"\",\"potentialAction\":[{\"@type\":\"SearchAction\",\"target\":{\"@type\":\"EntryPoint\",\"urlTemplate\":\"http:\\\/\\\/osnovnaskolamalinskadubasnica.hr\\\/?s={search_term_string}\"},\"query-input\":{\"@type\":\"PropertyValueSpecification\",\"valueRequired\":true,\"valueName\":\"search_term_string\"}}],\"inLanguage\":\"hr\"}]}<\/script>\n<!-- \/ Yoast SEO plugin. -->","yoast_head_json":{"title":"Popis ud\u017ebenika i drugih obrazovnih materijala - Osnovna \u0161kola Malinska-Duba\u0161nica","robots":{"index":"index","follow":"follow","max-snippet":"max-snippet:-1","max-image-preview":"max-image-preview:large","max-video-preview":"max-video-preview:-1"},"canonical":"https:\/\/osnovnaskolamalinskadubasnica.hr\/?page_id=123","og_locale":"hr_HR","og_type":"article","og_title":"Popis ud\u017ebenika i drugih obrazovnih materijala - Osnovna \u0161kola Malinska-Duba\u0161nica","og_description":"za \u0161kolsku godinu 2025.\/2026. Sukladno Zakonu o ud\u017ebenicima i drugim obrazovnim materijalima, sredstva za nabavu ud\u017ebenika (uklju\u010duju\u0107i i ud\u017ebenike za izborne predmete) osigurana su iz dr\u017eavnog prora\u010duna. Osnovna \u0161kola Malinska-Duba\u0161nica nabaviti \u0107e ud\u017ebenike, a u\u010denici \u0107e ih preuzeti prvog dana &hellip; Nastavi \u010ditati &rarr;","og_url":"https:\/\/osnovnaskolamalinskadubasnica.hr\/?page_id=123","og_site_name":"Osnovna \u0161kola Malinska-Duba\u0161nica","article_publisher":"https:\/\/www.facebook.com\/osmalinskadubasnica\/","article_modified_time":"2025-07-09T19:03:11+00:00","og_image":[{"url":"http:\/\/osnovnaskolamalinskadubasnica.hr\/wp-content\/uploads\/knjige-2026-1.jpg","type":"","width":"","height":""}],"twitter_card":"summary_large_image","twitter_misc":{"Procijenjeno vrijeme \u010ditanja":"1 minuta"},"schema":{"@context":"https:\/\/schema.org","@graph":[{"@type":"WebPage","@id":"https:\/\/osnovnaskolamalinskadubasnica.hr\/?page_id=123","url":"https:\/\/osnovnaskolamalinskadubasnica.hr\/?page_id=123","name":"Popis ud\u017ebenika i drugih obrazovnih materijala - Osnovna \u0161kola Malinska-Duba\u0161nica","isPartOf":{"@id":"http:\/\/osnovnaskolamalinskadubasnica.hr\/#website"},"primaryImageOfPage":{"@id":"https:\/\/osnovnaskolamalinskadubasnica.hr\/?page_id=123#primaryimage"},"image":{"@id":"https:\/\/osnovnaskolamalinskadubasnica.hr\/?page_id=123#primaryimage"},"thumbnailUrl":"http:\/\/osnovnaskolamalinskadubasnica.hr\/wp-content\/uploads\/knjige-2026-1.jpg","datePublished":"2013-06-21T21:39:45+00:00","dateModified":"2025-07-09T19:03:11+00:00","breadcrumb":{"@id":"https:\/\/osnovnaskolamalinskadubasnica.hr\/?page_id=123#breadcrumb"},"inLanguage":"hr","potentialAction":[{"@type":"ReadAction","target":["https:\/\/osnovnaskolamalinskadubasnica.hr\/?page_id=123"]}]},{"@type":"ImageObject","inLanguage":"hr","@id":"https:\/\/osnovnaskolamalinskadubasnica.hr\/?page_id=123#primaryimage","url":"http:\/\/osnovnaskolamalinskadubasnica.hr\/wp-content\/uploads\/knjige-2026-1.jpg","contentUrl":"http:\/\/osnovnaskolamalinskadubasnica.hr\/wp-content\/uploads\/knjige-2026-1.jpg"},{"@type":"BreadcrumbList","@id":"https:\/\/osnovnaskolamalinskadubasnica.hr\/?page_id=123#breadcrumb","itemListElement":[{"@type":"ListItem","position":1,"name":"Po\u010detna stranica","item":"http:\/\/osnovnaskolamalinskadubasnica.hr\/"},{"@type":"ListItem","position":2,"name":"Popis ud\u017ebenika i drugih obrazovnih materijala"}]},{"@type":"WebSite","@id":"http:\/\/osnovnaskolamalinskadubasnica.hr\/#website","url":"http:\/\/osnovnaskolamalinskadubasnica.hr\/","name":"Osnovna \u0161kola Malinska-Duba\u0161nica","description":"","potentialAction":[{"@type":"SearchAction","target":{"@type":"EntryPoint","urlTemplate":"http:\/\/osnovnaskolamalinskadubasnica.hr\/?s={search_term_string}"},"query-input":{"@type":"PropertyValueSpecification","valueRequired":true,"valueName":"search_term_string"}}],"inLanguage":"hr"}]}},"_links":{"self":[{"href":"https:\/\/osnovnaskolamalinskadubasnica.hr\/index.php?rest_route=\/wp\/v2\/pages\/123","targetHints":{"allow":["GET"]}}],"collection":[{"href":"https:\/\/osnovnaskolamalinskadubasnica.hr\/index.php?rest_route=\/wp\/v2\/pages"}],"about":[{"href":"https:\/\/osnovnaskolamalinskadubasnica.hr\/index.php?rest_route=\/wp\/v2\/types\/page"}],"author":[{"embeddable":true,"href":"https:\/\/osnovnaskolamalinskadubasnica.hr\/index.php?rest_route=\/wp\/v2\/users\/1"}],"replies":[{"embeddable":true,"href":"https:\/\/osnovnaskolamalinskadubasnica.hr\/index.php?rest_route=%2Fwp%2Fv2%2Fcomments&post=123"}],"version-history":[{"count":75,"href":"https:\/\/osnovnaskolamalinskadubasnica.hr\/index.php?rest_route=\/wp\/v2\/pages\/123\/revisions"}],"predecessor-version":[{"id":33177,"href":"https:\/\/osnovnaskolamalinskadubasnica.hr\/index.php?rest_route=\/wp\/v2\/pages\/123\/revisions\/33177"}],"wp:attachment":[{"href":"https:\/\/osnovnaskolamalinskadubasnica.hr\/index.php?rest_route=%2Fwp%2Fv2%2Fmedia&parent=123"}],"curies":[{"name":"wp","href":"https:\/\/api.w.org\/{rel}","templated":true}]}}