{"id":12135,"date":"2018-01-16T21:26:20","date_gmt":"2018-01-16T21:26:20","guid":{"rendered":"http:\/\/osnovnaskolamalinskadubasnica.hr\/?page_id=12135"},"modified":"2026-01-16T22:34:22","modified_gmt":"2026-01-16T21:34:22","slug":"katalog-informacija-2","status":"publish","type":"page","link":"https:\/\/osnovnaskolamalinskadubasnica.hr\/?page_id=12135","title":{"rendered":"Katalog informacija"},"content":{"rendered":"<p style=\"text-align: justify;\"><span style=\"color: #000000;\"><em>Temeljem <a href=\"https:\/\/www.zakon.hr\/z\/126\/Zakon-o-pravu-na-pristup-informacijama\" target=\"_blank\" rel=\"noopener noreferrer\">Zakona o pravu na pristup informacijama ( NN, broj: 25\/13, 85\/15, 69\/22)<\/a> ovaj Katalog informacija sadr\u017ei pregled informacija koje posjeduje, raspola\u017ee ili nadzire Osnovna \u0161kola Malinska &#8211; Duba\u0161nica. Katalog sadr\u017ei informacije sa opisom sadr\u017eaja, namjenom, na\u010dinom osiguravanja i vremenom ostvarivanja prava na pristup informacijama.<\/em><\/span><\/p>\n<p><strong><span style=\"color: #800000;\">PRILO\u017dENI DOKUMENTI:<\/span><\/strong><\/p>\n<ul style=\"list-style-type: circle;\">\n<li><a href=\"http:\/\/osnovnaskolamalinskadubasnica.hr\/wp-content\/uploads\/Odluka-o-imenovanju-sluzbenika-za-informiranje-2023..pdf\" target=\"_blank\" rel=\"noopener\">Odluka o imenovanju slu\u017ebenika za informiranje (prosinac 2023.)<\/a><\/li>\n<li><a href=\"http:\/\/osnovnaskolamalinskadubasnica.hr\/wp-content\/uploads\/imenovanje-slu\u0161benika-za-informiranje.pdf\" target=\"_blank\" rel=\"noopener noreferrer\">Odluka o imenovanju slu\u017ebenika za informiranje Osnovne \u0161kole Malinska &#8211; Duba\u0161nica<\/a><\/li>\n<li><a href=\"http:\/\/osnovnaskolamalinskadubasnica.hr\/wp-content\/uploads\/KATALOG_INFORMACIJA.pdf\" target=\"_blank\" rel=\"noopener noreferrer\">Katalog informacija Osnovne \u0161kole Malinska &#8211; Duba\u0161nica<\/a><\/li>\n<li><a href=\"http:\/\/osnovnaskolamalinskadubasnica.hr\/wp-content\/uploads\/odluka-katalog-usluga.pdf\" target=\"_blank\" rel=\"noopener noreferrer\">Odluka o ustrojavanju Kataloga informacija Osnovne \u0161kole Malinska &#8211; Duba\u0161nica<\/a><\/li>\n<li><a href=\"http:\/\/osnovnaskolamalinskadubasnica.hr\/wp-content\/uploads\/KRITERIJI-ZA-ODRE\u0110IVANJE-VISINE-NAKNADE-STVARNIH-MATERIJALNIH-TRO\u0160KOVA-I-TRO\u0160KOVA-DOSTAVE-INFORMACIJE.pdf\" target=\"_blank\" rel=\"noopener noreferrer\">Kriteriji za odre\u0111ivanje visine naknade stvarnih materijalnih tro\u0161kova i tro\u0161kova dostave informacija<\/a><\/li>\n<\/ul>\n<p><strong><span style=\"color: #800000;\">OBRASCI:<\/span><\/strong><\/p>\n<ul style=\"list-style-type: circle;\">\n<li><a href=\"http:\/\/osnovnaskolamalinskadubasnica.hr\/wp-content\/uploads\/Zahtjev_za_dopunu_ili_isparavak_informacije-1.doc\" target=\"_blank\" rel=\"noopener noreferrer\">Zahtjev za dopunu ili ispravak informacije<\/a><\/li>\n<li><a href=\"http:\/\/osnovnaskolamalinskadubasnica.hr\/wp-content\/uploads\/Obrazac-2-Zahtjev-za-pristup-informacijama.doc\" target=\"_blank\" rel=\"noopener noreferrer\">Zahtjev za pristup informacijama<\/a><\/li>\n<li><a href=\"http:\/\/osnovnaskolamalinskadubasnica.hr\/wp-content\/uploads\/Obrazac-3-Zahtjev-za-dopunu-ili-ispravak-informacije-1.doc\" target=\"_blank\" rel=\"noopener noreferrer\">Zahtjev za ponovnu uporabu informacija<\/a><\/li>\n<\/ul>\n<p><strong><span style=\"color: #800000;\">IZVJE\u0160\u0106A:<\/span><\/strong><\/p>\n<ul style=\"list-style-type: circle;\">\n<li><a href=\"http:\/\/osnovnaskolamalinskadubasnica.hr\/wp-content\/uploads\/Godisnje-izvjesce-za-2025.-godinu.pdf\" target=\"_blank\" rel=\"noopener noreferrer\">Izvje\u0161\u0107e o provedbi Zakona o pravu na pristup informacijama za 2025 godinu (.pdf)<\/a><\/li>\n<li><a href=\"http:\/\/osnovnaskolamalinskadubasnica.hr\/wp-content\/uploads\/Godisnje-izvjesce-za-2024.-godinu.pdf\" target=\"_blank\" rel=\"noopener noreferrer\">Izvje\u0161\u0107e o provedbi Zakona o pravu na pristup informacijama za 2024. godinu (.pdf)<\/a><\/li>\n<li><a href=\"http:\/\/osnovnaskolamalinskadubasnica.hr\/wp-content\/uploads\/Izvjesce-o-provedbi-Zakona-o-pravu-na-pristup-informacijama-za-2023.-godinu.pdf\" target=\"_blank\" rel=\"noopener noreferrer\">Izvje\u0161\u0107e o provedbi Zakona o pravu na pristup informacijama za 2023. godinu (.pdf)<\/a><\/li>\n<li><a href=\"http:\/\/osnovnaskolamalinskadubasnica.hr\/wp-content\/uploads\/Godisnje_izvjesce-2.pdf\" target=\"_blank\" rel=\"noopener noreferrer\">Izvje\u0161\u0107e o provedbi Zakona o pravu na pristup informacijama za 2022. godinu (.pdf)<\/a><\/li>\n<li><a href=\"http:\/\/osnovnaskolamalinskadubasnica.hr\/wp-content\/uploads\/Godisnje_izvjesce-3.pdf\" target=\"_blank\" rel=\"noopener noreferrer\">Izvje\u0161\u0107e o provedbi Zakona o pravu na pristup informacijama za 2021. godinu (.pdf)<\/a><\/li>\n<li><a href=\"http:\/\/osnovnaskolamalinskadubasnica.hr\/wp-content\/uploads\/Godisnje_izvjesce2.pdf\" target=\"_blank\" rel=\"noopener noreferrer\">Izvje\u0161\u0107e o provedbi Zakona o pravu na pristup informacijama za 2020. godinu (.pdf)<\/a><\/li>\n<li><a href=\"http:\/\/osnovnaskolamalinskadubasnica.hr\/wp-content\/uploads\/Godisnje_izvjesce-2019.pdf\" target=\"_blank\" rel=\"noopener noreferrer\">Izvje\u0161\u0107e o provedbi Zakona o pravu na pristup informacijama za 2019. godinu (.pdf)<\/a><\/li>\n<li><a href=\"http:\/\/osnovnaskolamalinskadubasnica.hr\/wp-content\/uploads\/Godisnje_izvjesce-2019.csv\" target=\"_blank\" rel=\"noopener noreferrer\">Izvje\u0161\u0107e o provedbi Zakona o pravu na pristup informacijama za 2019. godinu (.csv)<\/a><\/li>\n<li><a href=\"http:\/\/osnovnaskolamalinskadubasnica.hr\/wp-content\/uploads\/Godisnje_izvjesce-PT.pdf\" target=\"_blank\" rel=\"noopener noreferrer\">Izvje\u0161\u0107e o provedbi Zakona o pravu na pristup informacijama za 2018. godinu (.pdf)<\/a><\/li>\n<li><a href=\"http:\/\/osnovnaskolamalinskadubasnica.hr\/wp-content\/uploads\/Godisnje_izvjesce-2018.csv\" target=\"_blank\" rel=\"noopener noreferrer\">Izvje\u0161\u0107e o provedbi Zakona o pravu na pristup informacijama za 2018. godinu (.csv)<\/a><\/li>\n<li><a href=\"http:\/\/osnovnaskolamalinskadubasnica.hr\/wp-content\/uploads\/Godisnje_izvjesce-za-2017.-godinu.pdf\" target=\"_blank\" rel=\"noopener noreferrer\">Izvje\u0161\u0107e o provedbi Zakona o pravu na pristup informacijama za 2017. godinu (.pdf)<\/a><\/li>\n<li><a href=\"http:\/\/osnovnaskolamalinskadubasnica.hr\/wp-content\/uploads\/Godisnje_izvjesce.csv\" target=\"_blank\" rel=\"noopener noreferrer\">Izvje\u0161\u0107e o provedbi Zakona o pravu na pristup informacijama za 2017. godinu (.csv)<\/a><\/li>\n<\/ul>\n","protected":false},"excerpt":{"rendered":"<p>Temeljem Zakona o pravu na pristup informacijama ( NN, broj: 25\/13, 85\/15, 69\/22) ovaj Katalog informacija sadr\u017ei pregled informacija koje posjeduje, raspola\u017ee ili nadzire Osnovna \u0161kola Malinska &#8211; Duba\u0161nica. Katalog sadr\u017ei informacije sa opisom sadr\u017eaja, namjenom, na\u010dinom osiguravanja i vremenom &hellip; <a href=\"https:\/\/osnovnaskolamalinskadubasnica.hr\/?page_id=12135\">Nastavi \u010ditati <span class=\"meta-nav\">&rarr;<\/span><\/a><\/p>\n","protected":false},"author":1,"featured_media":0,"parent":0,"menu_order":0,"comment_status":"closed","ping_status":"closed","template":"","meta":{"footnotes":""},"class_list":["post-12135","page","type-page","status-publish","hentry"],"yoast_head":"<!-- This site is optimized with the Yoast SEO plugin v27.4 - https:\/\/yoast.com\/product\/yoast-seo-wordpress\/ -->\n<title>Katalog informacija - Osnovna \u0161kola Malinska-Duba\u0161nica<\/title>\n<meta name=\"robots\" content=\"index, follow, max-snippet:-1, max-image-preview:large, max-video-preview:-1\" \/>\n<link rel=\"canonical\" href=\"https:\/\/osnovnaskolamalinskadubasnica.hr\/?page_id=12135\" \/>\n<meta property=\"og:locale\" content=\"hr_HR\" \/>\n<meta property=\"og:type\" content=\"article\" \/>\n<meta property=\"og:title\" content=\"Katalog informacija - Osnovna \u0161kola Malinska-Duba\u0161nica\" \/>\n<meta property=\"og:description\" content=\"Temeljem Zakona o pravu na pristup informacijama ( NN, broj: 25\/13, 85\/15, 69\/22) ovaj Katalog informacija sadr\u017ei pregled informacija koje posjeduje, raspola\u017ee ili nadzire Osnovna \u0161kola Malinska &#8211; Duba\u0161nica. Katalog sadr\u017ei informacije sa opisom sadr\u017eaja, namjenom, na\u010dinom osiguravanja i vremenom &hellip; Nastavi \u010ditati &rarr;\" \/>\n<meta property=\"og:url\" content=\"https:\/\/osnovnaskolamalinskadubasnica.hr\/?page_id=12135\" \/>\n<meta property=\"og:site_name\" content=\"Osnovna \u0161kola Malinska-Duba\u0161nica\" \/>\n<meta property=\"article:publisher\" content=\"https:\/\/www.facebook.com\/osmalinskadubasnica\/\" \/>\n<meta property=\"article:modified_time\" content=\"2026-01-16T21:34:22+00:00\" \/>\n<meta name=\"twitter:card\" content=\"summary_large_image\" \/>\n<meta name=\"twitter:label1\" content=\"Procijenjeno vrijeme \u010ditanja\" \/>\n\t<meta name=\"twitter:data1\" content=\"2 minute\" \/>\n<script type=\"application\/ld+json\" class=\"yoast-schema-graph\">{\"@context\":\"https:\\\/\\\/schema.org\",\"@graph\":[{\"@type\":\"WebPage\",\"@id\":\"https:\\\/\\\/osnovnaskolamalinskadubasnica.hr\\\/?page_id=12135\",\"url\":\"https:\\\/\\\/osnovnaskolamalinskadubasnica.hr\\\/?page_id=12135\",\"name\":\"Katalog informacija - Osnovna \u0161kola Malinska-Duba\u0161nica\",\"isPartOf\":{\"@id\":\"http:\\\/\\\/osnovnaskolamalinskadubasnica.hr\\\/#website\"},\"datePublished\":\"2018-01-16T21:26:20+00:00\",\"dateModified\":\"2026-01-16T21:34:22+00:00\",\"breadcrumb\":{\"@id\":\"https:\\\/\\\/osnovnaskolamalinskadubasnica.hr\\\/?page_id=12135#breadcrumb\"},\"inLanguage\":\"hr\",\"potentialAction\":[{\"@type\":\"ReadAction\",\"target\":[\"https:\\\/\\\/osnovnaskolamalinskadubasnica.hr\\\/?page_id=12135\"]}]},{\"@type\":\"BreadcrumbList\",\"@id\":\"https:\\\/\\\/osnovnaskolamalinskadubasnica.hr\\\/?page_id=12135#breadcrumb\",\"itemListElement\":[{\"@type\":\"ListItem\",\"position\":1,\"name\":\"Po\u010detna stranica\",\"item\":\"http:\\\/\\\/osnovnaskolamalinskadubasnica.hr\\\/\"},{\"@type\":\"ListItem\",\"position\":2,\"name\":\"Katalog informacija\"}]},{\"@type\":\"WebSite\",\"@id\":\"http:\\\/\\\/osnovnaskolamalinskadubasnica.hr\\\/#website\",\"url\":\"http:\\\/\\\/osnovnaskolamalinskadubasnica.hr\\\/\",\"name\":\"Osnovna \u0161kola Malinska-Duba\u0161nica\",\"description\":\"\",\"potentialAction\":[{\"@type\":\"SearchAction\",\"target\":{\"@type\":\"EntryPoint\",\"urlTemplate\":\"http:\\\/\\\/osnovnaskolamalinskadubasnica.hr\\\/?s={search_term_string}\"},\"query-input\":{\"@type\":\"PropertyValueSpecification\",\"valueRequired\":true,\"valueName\":\"search_term_string\"}}],\"inLanguage\":\"hr\"}]}<\/script>\n<!-- \/ Yoast SEO plugin. -->","yoast_head_json":{"title":"Katalog informacija - Osnovna \u0161kola Malinska-Duba\u0161nica","robots":{"index":"index","follow":"follow","max-snippet":"max-snippet:-1","max-image-preview":"max-image-preview:large","max-video-preview":"max-video-preview:-1"},"canonical":"https:\/\/osnovnaskolamalinskadubasnica.hr\/?page_id=12135","og_locale":"hr_HR","og_type":"article","og_title":"Katalog informacija - Osnovna \u0161kola Malinska-Duba\u0161nica","og_description":"Temeljem Zakona o pravu na pristup informacijama ( NN, broj: 25\/13, 85\/15, 69\/22) ovaj Katalog informacija sadr\u017ei pregled informacija koje posjeduje, raspola\u017ee ili nadzire Osnovna \u0161kola Malinska &#8211; Duba\u0161nica. Katalog sadr\u017ei informacije sa opisom sadr\u017eaja, namjenom, na\u010dinom osiguravanja i vremenom &hellip; Nastavi \u010ditati &rarr;","og_url":"https:\/\/osnovnaskolamalinskadubasnica.hr\/?page_id=12135","og_site_name":"Osnovna \u0161kola Malinska-Duba\u0161nica","article_publisher":"https:\/\/www.facebook.com\/osmalinskadubasnica\/","article_modified_time":"2026-01-16T21:34:22+00:00","twitter_card":"summary_large_image","twitter_misc":{"Procijenjeno vrijeme \u010ditanja":"2 minute"},"schema":{"@context":"https:\/\/schema.org","@graph":[{"@type":"WebPage","@id":"https:\/\/osnovnaskolamalinskadubasnica.hr\/?page_id=12135","url":"https:\/\/osnovnaskolamalinskadubasnica.hr\/?page_id=12135","name":"Katalog informacija - Osnovna \u0161kola Malinska-Duba\u0161nica","isPartOf":{"@id":"http:\/\/osnovnaskolamalinskadubasnica.hr\/#website"},"datePublished":"2018-01-16T21:26:20+00:00","dateModified":"2026-01-16T21:34:22+00:00","breadcrumb":{"@id":"https:\/\/osnovnaskolamalinskadubasnica.hr\/?page_id=12135#breadcrumb"},"inLanguage":"hr","potentialAction":[{"@type":"ReadAction","target":["https:\/\/osnovnaskolamalinskadubasnica.hr\/?page_id=12135"]}]},{"@type":"BreadcrumbList","@id":"https:\/\/osnovnaskolamalinskadubasnica.hr\/?page_id=12135#breadcrumb","itemListElement":[{"@type":"ListItem","position":1,"name":"Po\u010detna stranica","item":"http:\/\/osnovnaskolamalinskadubasnica.hr\/"},{"@type":"ListItem","position":2,"name":"Katalog informacija"}]},{"@type":"WebSite","@id":"http:\/\/osnovnaskolamalinskadubasnica.hr\/#website","url":"http:\/\/osnovnaskolamalinskadubasnica.hr\/","name":"Osnovna \u0161kola Malinska-Duba\u0161nica","description":"","potentialAction":[{"@type":"SearchAction","target":{"@type":"EntryPoint","urlTemplate":"http:\/\/osnovnaskolamalinskadubasnica.hr\/?s={search_term_string}"},"query-input":{"@type":"PropertyValueSpecification","valueRequired":true,"valueName":"search_term_string"}}],"inLanguage":"hr"}]}},"_links":{"self":[{"href":"https:\/\/osnovnaskolamalinskadubasnica.hr\/index.php?rest_route=\/wp\/v2\/pages\/12135","targetHints":{"allow":["GET"]}}],"collection":[{"href":"https:\/\/osnovnaskolamalinskadubasnica.hr\/index.php?rest_route=\/wp\/v2\/pages"}],"about":[{"href":"https:\/\/osnovnaskolamalinskadubasnica.hr\/index.php?rest_route=\/wp\/v2\/types\/page"}],"author":[{"embeddable":true,"href":"https:\/\/osnovnaskolamalinskadubasnica.hr\/index.php?rest_route=\/wp\/v2\/users\/1"}],"replies":[{"embeddable":true,"href":"https:\/\/osnovnaskolamalinskadubasnica.hr\/index.php?rest_route=%2Fwp%2Fv2%2Fcomments&post=12135"}],"version-history":[{"count":16,"href":"https:\/\/osnovnaskolamalinskadubasnica.hr\/index.php?rest_route=\/wp\/v2\/pages\/12135\/revisions"}],"predecessor-version":[{"id":34733,"href":"https:\/\/osnovnaskolamalinskadubasnica.hr\/index.php?rest_route=\/wp\/v2\/pages\/12135\/revisions\/34733"}],"wp:attachment":[{"href":"https:\/\/osnovnaskolamalinskadubasnica.hr\/index.php?rest_route=%2Fwp%2Fv2%2Fmedia&parent=12135"}],"curies":[{"name":"wp","href":"https:\/\/api.w.org\/{rel}","templated":true}]}}