{"id":1028,"date":"2013-12-17T21:14:26","date_gmt":"2013-12-17T21:14:26","guid":{"rendered":"http:\/\/osnovnaskolakrk.hr\/malinska\/?page_id=1028"},"modified":"2026-02-01T14:03:24","modified_gmt":"2026-02-01T13:03:24","slug":"raspored-sati-2","status":"publish","type":"page","link":"https:\/\/osnovnaskolamalinskadubasnica.hr\/?page_id=1028","title":{"rendered":"Raspored sati"},"content":{"rendered":"<h3 style=\"text-align: justify;\"><strong><em><span style=\"color: #800000;\">za \u0161kolsku 2025.\/2026. godinu<\/span><\/em><\/strong><\/h3>\n<ul style=\"list-style-type: circle;\">\n<li style=\"text-align: justify;\"><span style=\"font-size: 12pt; color: #000000;\">\u010detvrtkom peti sat, svaki drugi tjedan, u 5.a i 5.b izmjenjuju\u00a0 se priroda i geografija<\/span><\/li>\n<li style=\"text-align: justify;\"><span style=\"color: #000000;\">Islamski vjeronauk odr\u017eavati \u0107e se srijedom 7. i 8. sat u u\u010dionici br. 8<\/span><\/li>\n<\/ul>\n<div id='gallery-1' class='gallery galleryid-1028 gallery-columns-2 gallery-size-medium'><dl class='gallery-item'>\n\t\t\t<dt class='gallery-icon landscape'>\n\t\t\t\t<a href='https:\/\/osnovnaskolamalinskadubasnica.hr\/wp-content\/uploads\/5a.jpg' title=\"\" data-rl_title=\"\" class=\"rl-gallery-link\" data-rl_caption=\"\" data-rel=\"lightbox-gallery-1\"><img loading=\"lazy\" decoding=\"async\" width=\"1755\" height=\"1241\" src=\"https:\/\/osnovnaskolamalinskadubasnica.hr\/wp-content\/uploads\/5a.jpg\" class=\"attachment-medium size-medium\" alt=\"\" srcset=\"https:\/\/osnovnaskolamalinskadubasnica.hr\/wp-content\/uploads\/5a.jpg 1755w, https:\/\/osnovnaskolamalinskadubasnica.hr\/wp-content\/uploads\/5a-768x543.jpg 768w, https:\/\/osnovnaskolamalinskadubasnica.hr\/wp-content\/uploads\/5a-1536x1086.jpg 1536w\" sizes=\"auto, (max-width: 1755px) 100vw, 1755px\" \/><\/a>\n\t\t\t<\/dt><\/dl><dl class='gallery-item'>\n\t\t\t<dt class='gallery-icon landscape'>\n\t\t\t\t<a href='https:\/\/osnovnaskolamalinskadubasnica.hr\/wp-content\/uploads\/5b.jpg' title=\"\" data-rl_title=\"\" class=\"rl-gallery-link\" data-rl_caption=\"\" data-rel=\"lightbox-gallery-1\"><img loading=\"lazy\" decoding=\"async\" width=\"1755\" height=\"1241\" src=\"https:\/\/osnovnaskolamalinskadubasnica.hr\/wp-content\/uploads\/5b.jpg\" class=\"attachment-medium size-medium\" alt=\"\" srcset=\"https:\/\/osnovnaskolamalinskadubasnica.hr\/wp-content\/uploads\/5b.jpg 1755w, https:\/\/osnovnaskolamalinskadubasnica.hr\/wp-content\/uploads\/5b-768x543.jpg 768w, https:\/\/osnovnaskolamalinskadubasnica.hr\/wp-content\/uploads\/5b-1536x1086.jpg 1536w\" sizes=\"auto, (max-width: 1755px) 100vw, 1755px\" \/><\/a>\n\t\t\t<\/dt><\/dl><br style=\"clear: both\" \/><dl class='gallery-item'>\n\t\t\t<dt class='gallery-icon landscape'>\n\t\t\t\t<a href='https:\/\/osnovnaskolamalinskadubasnica.hr\/wp-content\/uploads\/6a.jpg' title=\"\" data-rl_title=\"\" class=\"rl-gallery-link\" data-rl_caption=\"\" data-rel=\"lightbox-gallery-1\"><img loading=\"lazy\" decoding=\"async\" width=\"1755\" height=\"1241\" src=\"https:\/\/osnovnaskolamalinskadubasnica.hr\/wp-content\/uploads\/6a.jpg\" class=\"attachment-medium size-medium\" alt=\"\" srcset=\"https:\/\/osnovnaskolamalinskadubasnica.hr\/wp-content\/uploads\/6a.jpg 1755w, https:\/\/osnovnaskolamalinskadubasnica.hr\/wp-content\/uploads\/6a-768x543.jpg 768w, https:\/\/osnovnaskolamalinskadubasnica.hr\/wp-content\/uploads\/6a-1536x1086.jpg 1536w\" sizes=\"auto, (max-width: 1755px) 100vw, 1755px\" \/><\/a>\n\t\t\t<\/dt><\/dl><dl class='gallery-item'>\n\t\t\t<dt class='gallery-icon landscape'>\n\t\t\t\t<a href='https:\/\/osnovnaskolamalinskadubasnica.hr\/wp-content\/uploads\/6b.jpg' title=\"\" data-rl_title=\"\" class=\"rl-gallery-link\" data-rl_caption=\"\" data-rel=\"lightbox-gallery-1\"><img loading=\"lazy\" decoding=\"async\" width=\"1755\" height=\"1241\" src=\"https:\/\/osnovnaskolamalinskadubasnica.hr\/wp-content\/uploads\/6b.jpg\" class=\"attachment-medium size-medium\" alt=\"\" srcset=\"https:\/\/osnovnaskolamalinskadubasnica.hr\/wp-content\/uploads\/6b.jpg 1755w, https:\/\/osnovnaskolamalinskadubasnica.hr\/wp-content\/uploads\/6b-768x543.jpg 768w, https:\/\/osnovnaskolamalinskadubasnica.hr\/wp-content\/uploads\/6b-1536x1086.jpg 1536w\" sizes=\"auto, (max-width: 1755px) 100vw, 1755px\" \/><\/a>\n\t\t\t<\/dt><\/dl><br style=\"clear: both\" \/><dl class='gallery-item'>\n\t\t\t<dt class='gallery-icon landscape'>\n\t\t\t\t<a href='https:\/\/osnovnaskolamalinskadubasnica.hr\/wp-content\/uploads\/7a.jpg' title=\"\" data-rl_title=\"\" class=\"rl-gallery-link\" data-rl_caption=\"\" data-rel=\"lightbox-gallery-1\"><img loading=\"lazy\" decoding=\"async\" width=\"1755\" height=\"1241\" src=\"https:\/\/osnovnaskolamalinskadubasnica.hr\/wp-content\/uploads\/7a.jpg\" class=\"attachment-medium size-medium\" alt=\"\" srcset=\"https:\/\/osnovnaskolamalinskadubasnica.hr\/wp-content\/uploads\/7a.jpg 1755w, https:\/\/osnovnaskolamalinskadubasnica.hr\/wp-content\/uploads\/7a-768x543.jpg 768w, https:\/\/osnovnaskolamalinskadubasnica.hr\/wp-content\/uploads\/7a-1536x1086.jpg 1536w\" sizes=\"auto, (max-width: 1755px) 100vw, 1755px\" \/><\/a>\n\t\t\t<\/dt><\/dl><dl class='gallery-item'>\n\t\t\t<dt class='gallery-icon landscape'>\n\t\t\t\t<a href='https:\/\/osnovnaskolamalinskadubasnica.hr\/wp-content\/uploads\/7b.jpg' title=\"\" data-rl_title=\"\" class=\"rl-gallery-link\" data-rl_caption=\"\" data-rel=\"lightbox-gallery-1\"><img loading=\"lazy\" decoding=\"async\" width=\"1755\" height=\"1241\" src=\"https:\/\/osnovnaskolamalinskadubasnica.hr\/wp-content\/uploads\/7b.jpg\" class=\"attachment-medium size-medium\" alt=\"\" srcset=\"https:\/\/osnovnaskolamalinskadubasnica.hr\/wp-content\/uploads\/7b.jpg 1755w, https:\/\/osnovnaskolamalinskadubasnica.hr\/wp-content\/uploads\/7b-768x543.jpg 768w, https:\/\/osnovnaskolamalinskadubasnica.hr\/wp-content\/uploads\/7b-1536x1086.jpg 1536w\" sizes=\"auto, (max-width: 1755px) 100vw, 1755px\" \/><\/a>\n\t\t\t<\/dt><\/dl><br style=\"clear: both\" \/><dl class='gallery-item'>\n\t\t\t<dt class='gallery-icon landscape'>\n\t\t\t\t<a href='https:\/\/osnovnaskolamalinskadubasnica.hr\/wp-content\/uploads\/8a.jpg' title=\"\" data-rl_title=\"\" class=\"rl-gallery-link\" data-rl_caption=\"\" data-rel=\"lightbox-gallery-1\"><img loading=\"lazy\" decoding=\"async\" width=\"1755\" height=\"1241\" src=\"https:\/\/osnovnaskolamalinskadubasnica.hr\/wp-content\/uploads\/8a.jpg\" class=\"attachment-medium size-medium\" alt=\"\" srcset=\"https:\/\/osnovnaskolamalinskadubasnica.hr\/wp-content\/uploads\/8a.jpg 1755w, https:\/\/osnovnaskolamalinskadubasnica.hr\/wp-content\/uploads\/8a-768x543.jpg 768w, https:\/\/osnovnaskolamalinskadubasnica.hr\/wp-content\/uploads\/8a-1536x1086.jpg 1536w\" sizes=\"auto, (max-width: 1755px) 100vw, 1755px\" \/><\/a>\n\t\t\t<\/dt><\/dl><dl class='gallery-item'>\n\t\t\t<dt class='gallery-icon landscape'>\n\t\t\t\t<a href='https:\/\/osnovnaskolamalinskadubasnica.hr\/wp-content\/uploads\/8b.jpg' title=\"\" data-rl_title=\"\" class=\"rl-gallery-link\" data-rl_caption=\"\" data-rel=\"lightbox-gallery-1\"><img loading=\"lazy\" decoding=\"async\" width=\"1755\" height=\"1241\" src=\"https:\/\/osnovnaskolamalinskadubasnica.hr\/wp-content\/uploads\/8b.jpg\" class=\"attachment-medium size-medium\" alt=\"\" srcset=\"https:\/\/osnovnaskolamalinskadubasnica.hr\/wp-content\/uploads\/8b.jpg 1755w, https:\/\/osnovnaskolamalinskadubasnica.hr\/wp-content\/uploads\/8b-768x543.jpg 768w, https:\/\/osnovnaskolamalinskadubasnica.hr\/wp-content\/uploads\/8b-1536x1086.jpg 1536w\" sizes=\"auto, (max-width: 1755px) 100vw, 1755px\" \/><\/a>\n\t\t\t<\/dt><\/dl><br style=\"clear: both\" \/>\n\t\t<\/div>\n\n","protected":false},"excerpt":{"rendered":"<p>za \u0161kolsku 2025.\/2026. godinu \u010detvrtkom peti sat, svaki drugi tjedan, u 5.a i 5.b izmjenjuju\u00a0 se priroda i geografija Islamski vjeronauk odr\u017eavati \u0107e se srijedom 7. i 8. sat u u\u010dionici br. 8<\/p>\n","protected":false},"author":1,"featured_media":0,"parent":0,"menu_order":0,"comment_status":"closed","ping_status":"closed","template":"","meta":{"footnotes":""},"class_list":["post-1028","page","type-page","status-publish","hentry"],"yoast_head":"<!-- This site is optimized with the Yoast SEO plugin v27.4 - https:\/\/yoast.com\/product\/yoast-seo-wordpress\/ -->\n<title>Raspored sati - Osnovna \u0161kola Malinska-Duba\u0161nica<\/title>\n<meta name=\"robots\" content=\"index, follow, max-snippet:-1, max-image-preview:large, max-video-preview:-1\" \/>\n<link rel=\"canonical\" href=\"https:\/\/osnovnaskolamalinskadubasnica.hr\/?page_id=1028\" \/>\n<meta property=\"og:locale\" content=\"hr_HR\" \/>\n<meta property=\"og:type\" content=\"article\" \/>\n<meta property=\"og:title\" content=\"Raspored sati - Osnovna \u0161kola Malinska-Duba\u0161nica\" \/>\n<meta property=\"og:description\" content=\"za \u0161kolsku 2025.\/2026. godinu \u010detvrtkom peti sat, svaki drugi tjedan, u 5.a i 5.b izmjenjuju\u00a0 se priroda i geografija Islamski vjeronauk odr\u017eavati \u0107e se srijedom 7. i 8. sat u u\u010dionici br. 8\" \/>\n<meta property=\"og:url\" content=\"https:\/\/osnovnaskolamalinskadubasnica.hr\/?page_id=1028\" \/>\n<meta property=\"og:site_name\" content=\"Osnovna \u0161kola Malinska-Duba\u0161nica\" \/>\n<meta property=\"article:publisher\" content=\"https:\/\/www.facebook.com\/osmalinskadubasnica\/\" \/>\n<meta property=\"article:modified_time\" content=\"2026-02-01T13:03:24+00:00\" \/>\n<meta property=\"og:image\" content=\"https:\/\/osnovnaskolamalinskadubasnica.hr\/wp-content\/uploads\/5a.jpg\" \/>\n<meta name=\"twitter:card\" content=\"summary_large_image\" \/>\n<meta name=\"twitter:label1\" content=\"Procijenjeno vrijeme \u010ditanja\" \/>\n\t<meta name=\"twitter:data1\" content=\"1 minuta\" \/>\n<script type=\"application\/ld+json\" class=\"yoast-schema-graph\">{\"@context\":\"https:\\\/\\\/schema.org\",\"@graph\":[{\"@type\":\"WebPage\",\"@id\":\"https:\\\/\\\/osnovnaskolamalinskadubasnica.hr\\\/?page_id=1028\",\"url\":\"https:\\\/\\\/osnovnaskolamalinskadubasnica.hr\\\/?page_id=1028\",\"name\":\"Raspored sati - Osnovna \u0161kola Malinska-Duba\u0161nica\",\"isPartOf\":{\"@id\":\"http:\\\/\\\/osnovnaskolamalinskadubasnica.hr\\\/#website\"},\"datePublished\":\"2013-12-17T21:14:26+00:00\",\"dateModified\":\"2026-02-01T13:03:24+00:00\",\"breadcrumb\":{\"@id\":\"https:\\\/\\\/osnovnaskolamalinskadubasnica.hr\\\/?page_id=1028#breadcrumb\"},\"inLanguage\":\"hr\",\"potentialAction\":[{\"@type\":\"ReadAction\",\"target\":[\"https:\\\/\\\/osnovnaskolamalinskadubasnica.hr\\\/?page_id=1028\"]}]},{\"@type\":\"BreadcrumbList\",\"@id\":\"https:\\\/\\\/osnovnaskolamalinskadubasnica.hr\\\/?page_id=1028#breadcrumb\",\"itemListElement\":[{\"@type\":\"ListItem\",\"position\":1,\"name\":\"Po\u010detna stranica\",\"item\":\"http:\\\/\\\/osnovnaskolamalinskadubasnica.hr\\\/\"},{\"@type\":\"ListItem\",\"position\":2,\"name\":\"Raspored sati\"}]},{\"@type\":\"WebSite\",\"@id\":\"http:\\\/\\\/osnovnaskolamalinskadubasnica.hr\\\/#website\",\"url\":\"http:\\\/\\\/osnovnaskolamalinskadubasnica.hr\\\/\",\"name\":\"Osnovna \u0161kola Malinska-Duba\u0161nica\",\"description\":\"\",\"potentialAction\":[{\"@type\":\"SearchAction\",\"target\":{\"@type\":\"EntryPoint\",\"urlTemplate\":\"http:\\\/\\\/osnovnaskolamalinskadubasnica.hr\\\/?s={search_term_string}\"},\"query-input\":{\"@type\":\"PropertyValueSpecification\",\"valueRequired\":true,\"valueName\":\"search_term_string\"}}],\"inLanguage\":\"hr\"}]}<\/script>\n<!-- \/ Yoast SEO plugin. -->","yoast_head_json":{"title":"Raspored sati - Osnovna \u0161kola Malinska-Duba\u0161nica","robots":{"index":"index","follow":"follow","max-snippet":"max-snippet:-1","max-image-preview":"max-image-preview:large","max-video-preview":"max-video-preview:-1"},"canonical":"https:\/\/osnovnaskolamalinskadubasnica.hr\/?page_id=1028","og_locale":"hr_HR","og_type":"article","og_title":"Raspored sati - Osnovna \u0161kola Malinska-Duba\u0161nica","og_description":"za \u0161kolsku 2025.\/2026. godinu \u010detvrtkom peti sat, svaki drugi tjedan, u 5.a i 5.b izmjenjuju\u00a0 se priroda i geografija Islamski vjeronauk odr\u017eavati \u0107e se srijedom 7. i 8. sat u u\u010dionici br. 8","og_url":"https:\/\/osnovnaskolamalinskadubasnica.hr\/?page_id=1028","og_site_name":"Osnovna \u0161kola Malinska-Duba\u0161nica","article_publisher":"https:\/\/www.facebook.com\/osmalinskadubasnica\/","article_modified_time":"2026-02-01T13:03:24+00:00","og_image":[{"url":"https:\/\/osnovnaskolamalinskadubasnica.hr\/wp-content\/uploads\/5a.jpg","type":"","width":"","height":""}],"twitter_card":"summary_large_image","twitter_misc":{"Procijenjeno vrijeme \u010ditanja":"1 minuta"},"schema":{"@context":"https:\/\/schema.org","@graph":[{"@type":"WebPage","@id":"https:\/\/osnovnaskolamalinskadubasnica.hr\/?page_id=1028","url":"https:\/\/osnovnaskolamalinskadubasnica.hr\/?page_id=1028","name":"Raspored sati - Osnovna \u0161kola Malinska-Duba\u0161nica","isPartOf":{"@id":"http:\/\/osnovnaskolamalinskadubasnica.hr\/#website"},"datePublished":"2013-12-17T21:14:26+00:00","dateModified":"2026-02-01T13:03:24+00:00","breadcrumb":{"@id":"https:\/\/osnovnaskolamalinskadubasnica.hr\/?page_id=1028#breadcrumb"},"inLanguage":"hr","potentialAction":[{"@type":"ReadAction","target":["https:\/\/osnovnaskolamalinskadubasnica.hr\/?page_id=1028"]}]},{"@type":"BreadcrumbList","@id":"https:\/\/osnovnaskolamalinskadubasnica.hr\/?page_id=1028#breadcrumb","itemListElement":[{"@type":"ListItem","position":1,"name":"Po\u010detna stranica","item":"http:\/\/osnovnaskolamalinskadubasnica.hr\/"},{"@type":"ListItem","position":2,"name":"Raspored sati"}]},{"@type":"WebSite","@id":"http:\/\/osnovnaskolamalinskadubasnica.hr\/#website","url":"http:\/\/osnovnaskolamalinskadubasnica.hr\/","name":"Osnovna \u0161kola Malinska-Duba\u0161nica","description":"","potentialAction":[{"@type":"SearchAction","target":{"@type":"EntryPoint","urlTemplate":"http:\/\/osnovnaskolamalinskadubasnica.hr\/?s={search_term_string}"},"query-input":{"@type":"PropertyValueSpecification","valueRequired":true,"valueName":"search_term_string"}}],"inLanguage":"hr"}]}},"_links":{"self":[{"href":"https:\/\/osnovnaskolamalinskadubasnica.hr\/index.php?rest_route=\/wp\/v2\/pages\/1028","targetHints":{"allow":["GET"]}}],"collection":[{"href":"https:\/\/osnovnaskolamalinskadubasnica.hr\/index.php?rest_route=\/wp\/v2\/pages"}],"about":[{"href":"https:\/\/osnovnaskolamalinskadubasnica.hr\/index.php?rest_route=\/wp\/v2\/types\/page"}],"author":[{"embeddable":true,"href":"https:\/\/osnovnaskolamalinskadubasnica.hr\/index.php?rest_route=\/wp\/v2\/users\/1"}],"replies":[{"embeddable":true,"href":"https:\/\/osnovnaskolamalinskadubasnica.hr\/index.php?rest_route=%2Fwp%2Fv2%2Fcomments&post=1028"}],"version-history":[{"count":39,"href":"https:\/\/osnovnaskolamalinskadubasnica.hr\/index.php?rest_route=\/wp\/v2\/pages\/1028\/revisions"}],"predecessor-version":[{"id":34768,"href":"https:\/\/osnovnaskolamalinskadubasnica.hr\/index.php?rest_route=\/wp\/v2\/pages\/1028\/revisions\/34768"}],"wp:attachment":[{"href":"https:\/\/osnovnaskolamalinskadubasnica.hr\/index.php?rest_route=%2Fwp%2Fv2%2Fmedia&parent=1028"}],"curies":[{"name":"wp","href":"https:\/\/api.w.org\/{rel}","templated":true}]}}