{"id":10243,"date":"2017-05-01T21:21:45","date_gmt":"2017-05-01T21:21:45","guid":{"rendered":"http:\/\/osnovnaskolamalinskadubasnica.hr\/?page_id=10243"},"modified":"2017-05-01T21:24:46","modified_gmt":"2017-05-01T21:24:46","slug":"snalazenje-u-knjiznici","status":"publish","type":"page","link":"https:\/\/osnovnaskolamalinskadubasnica.hr\/?page_id=10243","title":{"rendered":"Snala\u017eenje u knji\u017enici"},"content":{"rendered":"<p style=\"text-align: justify;\"><span style=\"color: #000000;\">U svim se knji\u017enicama knji\u017eni\u010dni fond dijeli u manje cjeline radi lak\u0161eg snala\u017eenja.\u00a0 U na\u0161oj knji\u017enici organizacija fonda jo\u0161 uvijek traje, ali jednom kada nau\u010dite \u0161to zna\u010de oznake koje \u0107ete na\u0107i na policama, mo\u0107i \u0107ete se sna\u0107i i u puno ve\u0107im knji\u017enicama. Omogu\u0107en je slobodan pristup gra\u0111i \u0161to zna\u010di da samostalno mo\u017eete tra\u017eiti i odabrati knjige koje \u017eelite, a ako nai\u0111ete na pote\u0161ko\u0107e, uvijek mo\u017eete pitati knji\u017eni\u010darku.<\/span><\/p>\n<p style=\"text-align: justify;\"><img loading=\"lazy\" decoding=\"async\" class=\"alignleft wp-image-10246\" src=\"http:\/\/osnovnaskolamalinskadubasnica.hr\/wp-content\/uploads\/librarian-1.jpg\" alt=\"\" width=\"273\" height=\"188\" \/> <img loading=\"lazy\" decoding=\"async\" class=\"alignleft wp-image-10245\" src=\"http:\/\/osnovnaskolamalinskadubasnica.hr\/wp-content\/uploads\/police.jpg\" alt=\"\" width=\"311\" height=\"214\" \/><\/p>\n<p><span style=\"color: #000000;\">Fond je podijeljen u dvije osnovne cjeline:<\/span><\/p>\n<ul style=\"list-style-type: circle;\">\n<li><span style=\"color: #000000;\"><strong>U\u010cENI\u010cKI<\/strong> fond:<br \/>\nnajzastupljeniji su lektirni naslovi;<br \/>\nizdvojene su skupine<br \/>\nM \u2013 ilustrirane knjige (1. i 2. razred),<br \/>\nD \u2013 dje\u010dja knji\u017eevnost (od 3. do 6. razreda)<br \/>\nO \u2013 knji\u017eevnost za mlade (7. i 8. razred)<br \/>\nI \u2013 igrokazi<br \/>\nN \u2013 narodna knji\u017eevnost (narodne bajke, pri\u010de, pjesme, brojalice itd.)<br \/>\nd : &#8211; dje\u010dja stru\u010dna literatura<br \/>\n<\/span><span style=\"color: #ffffff;\">.<\/span><\/li>\n<li style=\"text-align: justify;\"><span style=\"color: #000000;\"><strong>U\u010cITELJSKI<\/strong> fond:<br \/>\nzastupljen najve\u0107im dijelom stru\u010dnom gra\u0111om iz pedagogije, psihologije,<br \/>\nknji\u017eevnosti i povijesti te djelima hrvatske i strane knji\u017eevnosti<\/span><\/li>\n<\/ul>\n<p style=\"text-align: justify;\"><span style=\"color: #000000;\">Izdvojene su i dvije posebne zbirke:<\/span><\/p>\n<ul style=\"list-style-type: circle;\">\n<li style=\"text-align: justify;\"><span style=\"color: #000000;\"><strong>REFERENTNA<\/strong> <span style=\"color: #000000;\">zbirka:<br \/>\n<img loading=\"lazy\" decoding=\"async\" class=\"alignleft wp-image-10247\" src=\"http:\/\/osnovnaskolamalinskadubasnica.hr\/wp-content\/uploads\/pozor.jpg\" alt=\"\" width=\"86\" height=\"85\" \/><\/span><\/span><\/li>\n<\/ul>\n<p style=\"text-align: justify;\"><span style=\"color: #000000;\">enciklopedije, leksikoni, rje\u010dnici, atlasi i drugi priru\u010dnici;<\/span><br \/>\n<span style=\"color: #000000;\">knjige se <strong>ne posu\u0111uju izvan knji\u017enice<\/strong> jer naj\u010de\u0161\u0107e postoji samo jedan primjerak, knjige su vrijedne, skupe i naj\u010de\u0161\u0107e jako te\u0161ke i velike<\/span><\/p>\n<ul>\n<li style=\"text-align: justify;\"><span style=\"color: #000000;\"><strong>ZAVI\u010cAJNA<\/strong><span style=\"color: #000000;\"> zbirka:<br \/>\n<img loading=\"lazy\" decoding=\"async\" class=\"alignleft wp-image-10248\" src=\"http:\/\/osnovnaskolamalinskadubasnica.hr\/wp-content\/uploads\/zavicaj.jpg\" alt=\"\" width=\"85\" height=\"77\" \/><\/span><\/span><span style=\"color: #000000;\">gra\u0111a koja se odnosi na zavi\u010daj i zna\u010dajne pojedince iz zavi\u010daja, sadr\u017eajem obuhva\u0107a geografske, povijesne, politi\u010dke i kulturne teme iz \u0161ireg (PG\u017d i Istra) i u\u017eeg zavi\u010daja (otok Krk) te gra\u0111u pisanu dijalektom<\/span><\/li>\n<\/ul>\n","protected":false},"excerpt":{"rendered":"<p>U svim se knji\u017enicama knji\u017eni\u010dni fond dijeli u manje cjeline radi lak\u0161eg snala\u017eenja.\u00a0 U na\u0161oj knji\u017enici organizacija fonda jo\u0161 uvijek traje, ali jednom kada nau\u010dite \u0161to zna\u010de oznake koje \u0107ete na\u0107i na policama, mo\u0107i \u0107ete se sna\u0107i i u puno &hellip; <a href=\"https:\/\/osnovnaskolamalinskadubasnica.hr\/?page_id=10243\">Nastavi \u010ditati <span class=\"meta-nav\">&rarr;<\/span><\/a><\/p>\n","protected":false},"author":1,"featured_media":0,"parent":0,"menu_order":0,"comment_status":"closed","ping_status":"closed","template":"","meta":{"footnotes":""},"class_list":["post-10243","page","type-page","status-publish","hentry"],"yoast_head":"<!-- This site is optimized with the Yoast SEO plugin v27.5 - https:\/\/yoast.com\/product\/yoast-seo-wordpress\/ -->\n<title>Snala\u017eenje u knji\u017enici - Osnovna \u0161kola Malinska-Duba\u0161nica<\/title>\n<meta name=\"robots\" content=\"index, follow, max-snippet:-1, max-image-preview:large, max-video-preview:-1\" \/>\n<link rel=\"canonical\" href=\"http:\/\/osnovnaskolamalinskadubasnica.hr\/?page_id=10243\" \/>\n<meta property=\"og:locale\" content=\"hr_HR\" \/>\n<meta property=\"og:type\" content=\"article\" \/>\n<meta property=\"og:title\" content=\"Snala\u017eenje u knji\u017enici - Osnovna \u0161kola Malinska-Duba\u0161nica\" \/>\n<meta property=\"og:description\" content=\"U svim se knji\u017enicama knji\u017eni\u010dni fond dijeli u manje cjeline radi lak\u0161eg snala\u017eenja.\u00a0 U na\u0161oj knji\u017enici organizacija fonda jo\u0161 uvijek traje, ali jednom kada nau\u010dite \u0161to zna\u010de oznake koje \u0107ete na\u0107i na policama, mo\u0107i \u0107ete se sna\u0107i i u puno &hellip; Nastavi \u010ditati &rarr;\" \/>\n<meta property=\"og:url\" content=\"http:\/\/osnovnaskolamalinskadubasnica.hr\/?page_id=10243\" \/>\n<meta property=\"og:site_name\" content=\"Osnovna \u0161kola Malinska-Duba\u0161nica\" \/>\n<meta property=\"article:publisher\" content=\"https:\/\/www.facebook.com\/osmalinskadubasnica\/\" \/>\n<meta property=\"article:modified_time\" content=\"2017-05-01T21:24:46+00:00\" \/>\n<meta property=\"og:image\" content=\"http:\/\/osnovnaskolamalinskadubasnica.hr\/wp-content\/uploads\/librarian-1.jpg\" \/>\n<meta name=\"twitter:card\" content=\"summary_large_image\" \/>\n<meta name=\"twitter:label1\" content=\"Procijenjeno vrijeme \u010ditanja\" \/>\n\t<meta name=\"twitter:data1\" content=\"1 minuta\" \/>\n<script type=\"application\/ld+json\" class=\"yoast-schema-graph\">{\"@context\":\"https:\\\/\\\/schema.org\",\"@graph\":[{\"@type\":\"WebPage\",\"@id\":\"http:\\\/\\\/osnovnaskolamalinskadubasnica.hr\\\/?page_id=10243\",\"url\":\"http:\\\/\\\/osnovnaskolamalinskadubasnica.hr\\\/?page_id=10243\",\"name\":\"Snala\u017eenje u knji\u017enici - Osnovna \u0161kola Malinska-Duba\u0161nica\",\"isPartOf\":{\"@id\":\"http:\\\/\\\/osnovnaskolamalinskadubasnica.hr\\\/#website\"},\"primaryImageOfPage\":{\"@id\":\"http:\\\/\\\/osnovnaskolamalinskadubasnica.hr\\\/?page_id=10243#primaryimage\"},\"image\":{\"@id\":\"http:\\\/\\\/osnovnaskolamalinskadubasnica.hr\\\/?page_id=10243#primaryimage\"},\"thumbnailUrl\":\"http:\\\/\\\/osnovnaskolamalinskadubasnica.hr\\\/wp-content\\\/uploads\\\/librarian-1.jpg\",\"datePublished\":\"2017-05-01T21:21:45+00:00\",\"dateModified\":\"2017-05-01T21:24:46+00:00\",\"breadcrumb\":{\"@id\":\"http:\\\/\\\/osnovnaskolamalinskadubasnica.hr\\\/?page_id=10243#breadcrumb\"},\"inLanguage\":\"hr\",\"potentialAction\":[{\"@type\":\"ReadAction\",\"target\":[\"http:\\\/\\\/osnovnaskolamalinskadubasnica.hr\\\/?page_id=10243\"]}]},{\"@type\":\"ImageObject\",\"inLanguage\":\"hr\",\"@id\":\"http:\\\/\\\/osnovnaskolamalinskadubasnica.hr\\\/?page_id=10243#primaryimage\",\"url\":\"https:\\\/\\\/osnovnaskolamalinskadubasnica.hr\\\/wp-content\\\/uploads\\\/librarian-1.jpg\",\"contentUrl\":\"https:\\\/\\\/osnovnaskolamalinskadubasnica.hr\\\/wp-content\\\/uploads\\\/librarian-1.jpg\",\"width\":500,\"height\":345},{\"@type\":\"BreadcrumbList\",\"@id\":\"http:\\\/\\\/osnovnaskolamalinskadubasnica.hr\\\/?page_id=10243#breadcrumb\",\"itemListElement\":[{\"@type\":\"ListItem\",\"position\":1,\"name\":\"Po\u010detna stranica\",\"item\":\"http:\\\/\\\/osnovnaskolamalinskadubasnica.hr\\\/\"},{\"@type\":\"ListItem\",\"position\":2,\"name\":\"Snala\u017eenje u knji\u017enici\"}]},{\"@type\":\"WebSite\",\"@id\":\"http:\\\/\\\/osnovnaskolamalinskadubasnica.hr\\\/#website\",\"url\":\"http:\\\/\\\/osnovnaskolamalinskadubasnica.hr\\\/\",\"name\":\"Osnovna \u0161kola Malinska-Duba\u0161nica\",\"description\":\"\",\"potentialAction\":[{\"@type\":\"SearchAction\",\"target\":{\"@type\":\"EntryPoint\",\"urlTemplate\":\"http:\\\/\\\/osnovnaskolamalinskadubasnica.hr\\\/?s={search_term_string}\"},\"query-input\":{\"@type\":\"PropertyValueSpecification\",\"valueRequired\":true,\"valueName\":\"search_term_string\"}}],\"inLanguage\":\"hr\"}]}<\/script>\n<!-- \/ Yoast SEO plugin. -->","yoast_head_json":{"title":"Snala\u017eenje u knji\u017enici - Osnovna \u0161kola Malinska-Duba\u0161nica","robots":{"index":"index","follow":"follow","max-snippet":"max-snippet:-1","max-image-preview":"max-image-preview:large","max-video-preview":"max-video-preview:-1"},"canonical":"http:\/\/osnovnaskolamalinskadubasnica.hr\/?page_id=10243","og_locale":"hr_HR","og_type":"article","og_title":"Snala\u017eenje u knji\u017enici - Osnovna \u0161kola Malinska-Duba\u0161nica","og_description":"U svim se knji\u017enicama knji\u017eni\u010dni fond dijeli u manje cjeline radi lak\u0161eg snala\u017eenja.\u00a0 U na\u0161oj knji\u017enici organizacija fonda jo\u0161 uvijek traje, ali jednom kada nau\u010dite \u0161to zna\u010de oznake koje \u0107ete na\u0107i na policama, mo\u0107i \u0107ete se sna\u0107i i u puno &hellip; Nastavi \u010ditati &rarr;","og_url":"http:\/\/osnovnaskolamalinskadubasnica.hr\/?page_id=10243","og_site_name":"Osnovna \u0161kola Malinska-Duba\u0161nica","article_publisher":"https:\/\/www.facebook.com\/osmalinskadubasnica\/","article_modified_time":"2017-05-01T21:24:46+00:00","og_image":[{"url":"http:\/\/osnovnaskolamalinskadubasnica.hr\/wp-content\/uploads\/librarian-1.jpg","type":"","width":"","height":""}],"twitter_card":"summary_large_image","twitter_misc":{"Procijenjeno vrijeme \u010ditanja":"1 minuta"},"schema":{"@context":"https:\/\/schema.org","@graph":[{"@type":"WebPage","@id":"http:\/\/osnovnaskolamalinskadubasnica.hr\/?page_id=10243","url":"http:\/\/osnovnaskolamalinskadubasnica.hr\/?page_id=10243","name":"Snala\u017eenje u knji\u017enici - Osnovna \u0161kola Malinska-Duba\u0161nica","isPartOf":{"@id":"http:\/\/osnovnaskolamalinskadubasnica.hr\/#website"},"primaryImageOfPage":{"@id":"http:\/\/osnovnaskolamalinskadubasnica.hr\/?page_id=10243#primaryimage"},"image":{"@id":"http:\/\/osnovnaskolamalinskadubasnica.hr\/?page_id=10243#primaryimage"},"thumbnailUrl":"http:\/\/osnovnaskolamalinskadubasnica.hr\/wp-content\/uploads\/librarian-1.jpg","datePublished":"2017-05-01T21:21:45+00:00","dateModified":"2017-05-01T21:24:46+00:00","breadcrumb":{"@id":"http:\/\/osnovnaskolamalinskadubasnica.hr\/?page_id=10243#breadcrumb"},"inLanguage":"hr","potentialAction":[{"@type":"ReadAction","target":["http:\/\/osnovnaskolamalinskadubasnica.hr\/?page_id=10243"]}]},{"@type":"ImageObject","inLanguage":"hr","@id":"http:\/\/osnovnaskolamalinskadubasnica.hr\/?page_id=10243#primaryimage","url":"https:\/\/osnovnaskolamalinskadubasnica.hr\/wp-content\/uploads\/librarian-1.jpg","contentUrl":"https:\/\/osnovnaskolamalinskadubasnica.hr\/wp-content\/uploads\/librarian-1.jpg","width":500,"height":345},{"@type":"BreadcrumbList","@id":"http:\/\/osnovnaskolamalinskadubasnica.hr\/?page_id=10243#breadcrumb","itemListElement":[{"@type":"ListItem","position":1,"name":"Po\u010detna stranica","item":"http:\/\/osnovnaskolamalinskadubasnica.hr\/"},{"@type":"ListItem","position":2,"name":"Snala\u017eenje u knji\u017enici"}]},{"@type":"WebSite","@id":"http:\/\/osnovnaskolamalinskadubasnica.hr\/#website","url":"http:\/\/osnovnaskolamalinskadubasnica.hr\/","name":"Osnovna \u0161kola Malinska-Duba\u0161nica","description":"","potentialAction":[{"@type":"SearchAction","target":{"@type":"EntryPoint","urlTemplate":"http:\/\/osnovnaskolamalinskadubasnica.hr\/?s={search_term_string}"},"query-input":{"@type":"PropertyValueSpecification","valueRequired":true,"valueName":"search_term_string"}}],"inLanguage":"hr"}]}},"_links":{"self":[{"href":"https:\/\/osnovnaskolamalinskadubasnica.hr\/index.php?rest_route=\/wp\/v2\/pages\/10243","targetHints":{"allow":["GET"]}}],"collection":[{"href":"https:\/\/osnovnaskolamalinskadubasnica.hr\/index.php?rest_route=\/wp\/v2\/pages"}],"about":[{"href":"https:\/\/osnovnaskolamalinskadubasnica.hr\/index.php?rest_route=\/wp\/v2\/types\/page"}],"author":[{"embeddable":true,"href":"https:\/\/osnovnaskolamalinskadubasnica.hr\/index.php?rest_route=\/wp\/v2\/users\/1"}],"replies":[{"embeddable":true,"href":"https:\/\/osnovnaskolamalinskadubasnica.hr\/index.php?rest_route=%2Fwp%2Fv2%2Fcomments&post=10243"}],"version-history":[{"count":5,"href":"https:\/\/osnovnaskolamalinskadubasnica.hr\/index.php?rest_route=\/wp\/v2\/pages\/10243\/revisions"}],"predecessor-version":[{"id":10254,"href":"https:\/\/osnovnaskolamalinskadubasnica.hr\/index.php?rest_route=\/wp\/v2\/pages\/10243\/revisions\/10254"}],"wp:attachment":[{"href":"https:\/\/osnovnaskolamalinskadubasnica.hr\/index.php?rest_route=%2Fwp%2Fv2%2Fmedia&parent=10243"}],"curies":[{"name":"wp","href":"https:\/\/api.w.org\/{rel}","templated":true}]}}