{"id":10236,"date":"2017-05-01T20:47:56","date_gmt":"2017-05-01T20:47:56","guid":{"rendered":"http:\/\/osnovnaskolamalinskadubasnica.hr\/?page_id=10236"},"modified":"2022-03-06T17:27:35","modified_gmt":"2022-03-06T16:27:35","slug":"novosti-iz-knjiznice","status":"publish","type":"page","link":"https:\/\/osnovnaskolamalinskadubasnica.hr\/?page_id=10236","title":{"rendered":"Novosti iz knji\u017enice"},"content":{"rendered":"<p>&nbsp;<\/p>\n<p>&nbsp;<\/p>\n<p><strong><span style=\"color: #800000;\"><a href=\"http:\/\/osnovnaskolamalinskadubasnica.hr\/?p=20784\"><img loading=\"lazy\" decoding=\"async\" class=\"alignleft wp-image-20780\" src=\"http:\/\/osnovnaskolamalinskadubasnica.hr\/wp-content\/uploads\/CDZ-2022-web.jpg\" alt=\"\" width=\"272\" height=\"205\" srcset=\"https:\/\/osnovnaskolamalinskadubasnica.hr\/wp-content\/uploads\/CDZ-2022-web.jpg 999w, https:\/\/osnovnaskolamalinskadubasnica.hr\/wp-content\/uploads\/CDZ-2022-web-768x579.jpg 768w\" sizes=\"auto, (max-width: 272px) 100vw, 272px\" \/><\/a>\u010citanjem do zvijezda<\/span> <\/strong><\/p>\n<p style=\"text-align: justify;\"><span style=\"color: #000000;\">je natjecanje namijenjeno u\u010denicima osnovnih i srednjih \u0161kola koje se ve\u0107 tradicionalno provodi u \u0161kolskoj knji\u017enici. Ove \u0161kolske godine uklju\u010dili smo se u projekt kroz natjecanja u obje kategorije: kviz znanja i kreativni uradak.<\/span><\/p>\n<p><em><a href=\"http:\/\/osnovnaskolamalinskadubasnica.hr\/?p=20784\" target=\"_blank\" rel=\"noopener noreferrer\">Nastavi \u010ditati \u2192<\/a><\/em><\/p>\n<p><strong>________________________________________________________<\/strong><\/p>\n<p><strong><span style=\"color: #800000;\"><a href=\"http:\/\/osnovnaskolamalinskadubasnica.hr\/?p=18007\" target=\"_blank\" rel=\"noopener noreferrer\"><img loading=\"lazy\" decoding=\"async\" class=\"alignleft wp-image-18006\" src=\"http:\/\/osnovnaskolamalinskadubasnica.hr\/wp-content\/uploads\/16576.jpg\" alt=\"\" width=\"272\" height=\"205\" srcset=\"https:\/\/osnovnaskolamalinskadubasnica.hr\/wp-content\/uploads\/16576.jpg 787w, https:\/\/osnovnaskolamalinskadubasnica.hr\/wp-content\/uploads\/16576-768x578.jpg 768w\" sizes=\"auto, (max-width: 272px) 100vw, 272px\" \/><\/a>Kori\u0161tenje knji\u017enice u vrijeme pandemije<\/span><\/strong><\/p>\n<p style=\"text-align: justify;\"><span style=\"color: #000000;\">Dru\u017eenja u knji\u017enici neko vrijeme ne\u0107e biti, no knjige \u0107e do vas na\u0107i put. Veseli duh knji\u017enice odr\u017eavat \u0107emo dr\u017ee\u0107i se propisanih mjera. Provjerite \u0161to trebate u\u010diniti kako biste posudili i vratili knjigu.<\/span><\/p>\n<p><em><a href=\"http:\/\/osnovnaskolamalinskadubasnica.hr\/?p=18007\" target=\"_blank\" rel=\"noopener noreferrer\">Nastavi \u010ditati \u2192<\/a><\/em><\/p>\n<p><strong>________________________________________________________<\/strong><\/p>\n<p><strong><span style=\"color: #800000;\"><a href=\"http:\/\/osnovnaskolamalinskadubasnica.hr\/?p=15485\" target=\"_blank\" rel=\"noopener noreferrer\"><img loading=\"lazy\" decoding=\"async\" class=\"alignleft wp-image-15483\" src=\"http:\/\/osnovnaskolamalinskadubasnica.hr\/wp-content\/uploads\/klub-dub-naslovna.jpg\" alt=\"\" width=\"272\" height=\"188\" srcset=\"https:\/\/osnovnaskolamalinskadubasnica.hr\/wp-content\/uploads\/klub-dub-naslovna.jpg 835w, https:\/\/osnovnaskolamalinskadubasnica.hr\/wp-content\/uploads\/klub-dub-naslovna-768x530.jpg 768w\" sizes=\"auto, (max-width: 272px) 100vw, 272px\" \/><\/a>\u010citateljski klub Dub<\/span><\/strong><\/p>\n<p style=\"text-align: justify;\"><span style=\"color: #000000;\">Postoji li bolje vrijeme za osnivanje \u010ditateljskoga kluba od mjeseca travnja?! Travanj &#8211; mjesec u kojem se obilje\u017eava Me\u0111unarodni dan dje\u010dje knjige, Dan hrvatske knjige te Svjetski dan knjige i autorskih prava.<\/span><\/p>\n<p><em><a href=\"http:\/\/osnovnaskolamalinskadubasnica.hr\/?p=15485\" target=\"_blank\" rel=\"noopener noreferrer\">Nastavi \u010ditati \u2192<\/a><\/em><\/p>\n<p><strong>________________________________________________________<\/strong><\/p>\n<p style=\"text-align: justify;\"><span style=\"color: #000000;\"><a href=\"http:\/\/osnovnaskolamalinskadubasnica.hr\/?page_id=13932\"><img loading=\"lazy\" decoding=\"async\" class=\"alignleft wp-image-13935\" src=\"http:\/\/osnovnaskolamalinskadubasnica.hr\/wp-content\/uploads\/online-katalog-banner.jpg\" alt=\"\" width=\"272\" height=\"137\" \/><\/a>Od \u0161kolske godine 2018.\/2019. mogu\u0107e je provjeriti dostupnost odre\u0111ene knjige u \u0161kolskoj knji\u017enici preko ONLINE KATALOGA.<\/span><\/p>\n<p><em><a href=\"http:\/\/osnovnaskolamalinskadubasnica.hr\/?page_id=13932\">Nastavi \u010ditati \u2192<\/a><\/em><\/p>\n<p><strong>________________________________________________________<\/strong><\/p>\n<p style=\"text-align: justify;\"><span style=\"color: #000000;\"><strong><span style=\"color: #800000;\"><a href=\"http:\/\/osnovnaskolamalinskadubasnica.hr\/?page_id=10658\"><img loading=\"lazy\" decoding=\"async\" class=\"alignleft wp-image-10657\" src=\"http:\/\/osnovnaskolamalinskadubasnica.hr\/wp-content\/uploads\/casopisi.jpg\" alt=\"\" width=\"272\" height=\"187\" \/><\/a><\/span><\/strong><\/span><strong><span style=\"color: #800000;\">\u010cASOPISI<\/span><\/strong><\/p>\n<p style=\"text-align: justify;\"><span style=\"color: #000000;\">Slobodno vrijeme, odmore ili vrijeme \u010dekanja autobusa mo\u017eete provesti u knji\u017enici \u010ditaju\u0107i dje\u010dje \u010dasopise. \u010casopisi vam mogu poslu\u017eiti kao vrijedan izvor pri izradi plakata ili referata.<br \/>\n<\/span><\/p>\n<p style=\"text-align: justify;\"><em><a href=\"http:\/\/osnovnaskolamalinskadubasnica.hr\/?page_id=10658\">Nastavi \u010ditati \u2192<\/a><\/em><br \/>\n<strong><span style=\"color: #ff6600;\">________________________________________________________<\/span><\/strong><\/p>\n<p style=\"text-align: justify;\"><span style=\"color: #000000;\"><a href=\"http:\/\/osnovnaskolamalinskadubasnica.hr\/?page_id=10243\"><img loading=\"lazy\" decoding=\"async\" class=\"alignleft wp-image-10238\" src=\"http:\/\/osnovnaskolamalinskadubasnica.hr\/wp-content\/uploads\/knjiznica.jpg\" alt=\"\" width=\"272\" height=\"298\" \/><\/a><\/span><strong><span style=\"color: #800000;\">\u0160TO JE NOVO U KNJI\u017dNICI?<\/span><\/strong><\/p>\n<p style=\"text-align: justify;\"><span style=\"color: #000000;\">Svi oni koji su u\u0161li posljednjih dana u \u0161kolsku knji\u017enicu sigurno su primijetili da su se dogodile neke promjene. Police su razmje\u0161tene, a i knjige su na\u0161le nova mjesta na kojima \u010dekaju da do\u0111ete po njih. <\/span><\/p>\n<p style=\"text-align: justify;\"><span style=\"color: #000000;\">Uz upute iz rubrike <\/span><strong><em><a href=\"http:\/\/osnovnaskolamalinskadubasnica.hr\/?page_id=10243\">Snala\u017eenje u knji\u017enici<\/a><\/em><\/strong><span style=\"color: #000000;\"> pronalazak \u017eeljene knjige u \u0161kolskoj knji\u017enici ne\u0107e biti problem.<\/span><\/p>\n<p style=\"text-align: right;\"><em><span style=\"color: #000000;\">Knji\u017eni\u010darka Simona \u0160amani\u0107<\/span><\/em><\/p>\n<p style=\"text-align: right;\"><span style=\"color: #ffffff;\">.<\/span><\/p>\n","protected":false},"excerpt":{"rendered":"<p>&nbsp; &nbsp; \u010citanjem do zvijezda je natjecanje namijenjeno u\u010denicima osnovnih i srednjih \u0161kola koje se ve\u0107 tradicionalno provodi u \u0161kolskoj knji\u017enici. Ove \u0161kolske godine uklju\u010dili smo se u projekt kroz natjecanja u obje kategorije: kviz znanja i kreativni uradak. Nastavi &hellip; <a href=\"https:\/\/osnovnaskolamalinskadubasnica.hr\/?page_id=10236\">Nastavi \u010ditati <span class=\"meta-nav\">&rarr;<\/span><\/a><\/p>\n","protected":false},"author":1,"featured_media":0,"parent":0,"menu_order":0,"comment_status":"closed","ping_status":"closed","template":"","meta":{"footnotes":""},"class_list":["post-10236","page","type-page","status-publish","hentry"],"yoast_head":"<!-- This site is optimized with the Yoast SEO plugin v27.4 - https:\/\/yoast.com\/product\/yoast-seo-wordpress\/ -->\n<title>Novosti iz knji\u017enice - Osnovna \u0161kola Malinska-Duba\u0161nica<\/title>\n<meta name=\"robots\" content=\"index, follow, max-snippet:-1, max-image-preview:large, max-video-preview:-1\" \/>\n<link rel=\"canonical\" href=\"https:\/\/osnovnaskolamalinskadubasnica.hr\/?page_id=10236\" \/>\n<meta property=\"og:locale\" content=\"hr_HR\" \/>\n<meta property=\"og:type\" content=\"article\" \/>\n<meta property=\"og:title\" content=\"Novosti iz knji\u017enice - Osnovna \u0161kola Malinska-Duba\u0161nica\" \/>\n<meta property=\"og:description\" content=\"&nbsp; &nbsp; \u010citanjem do zvijezda je natjecanje namijenjeno u\u010denicima osnovnih i srednjih \u0161kola koje se ve\u0107 tradicionalno provodi u \u0161kolskoj knji\u017enici. Ove \u0161kolske godine uklju\u010dili smo se u projekt kroz natjecanja u obje kategorije: kviz znanja i kreativni uradak. Nastavi &hellip; Nastavi \u010ditati &rarr;\" \/>\n<meta property=\"og:url\" content=\"https:\/\/osnovnaskolamalinskadubasnica.hr\/?page_id=10236\" \/>\n<meta property=\"og:site_name\" content=\"Osnovna \u0161kola Malinska-Duba\u0161nica\" \/>\n<meta property=\"article:publisher\" content=\"https:\/\/www.facebook.com\/osmalinskadubasnica\/\" \/>\n<meta property=\"article:modified_time\" content=\"2022-03-06T16:27:35+00:00\" \/>\n<meta property=\"og:image\" content=\"http:\/\/osnovnaskolamalinskadubasnica.hr\/wp-content\/uploads\/CDZ-2022-web.jpg\" \/>\n<meta name=\"twitter:card\" content=\"summary_large_image\" \/>\n<meta name=\"twitter:label1\" content=\"Procijenjeno vrijeme \u010ditanja\" \/>\n\t<meta name=\"twitter:data1\" content=\"3 minute\" \/>\n<script type=\"application\/ld+json\" class=\"yoast-schema-graph\">{\"@context\":\"https:\\\/\\\/schema.org\",\"@graph\":[{\"@type\":\"WebPage\",\"@id\":\"https:\\\/\\\/osnovnaskolamalinskadubasnica.hr\\\/?page_id=10236\",\"url\":\"https:\\\/\\\/osnovnaskolamalinskadubasnica.hr\\\/?page_id=10236\",\"name\":\"Novosti iz knji\u017enice - Osnovna \u0161kola Malinska-Duba\u0161nica\",\"isPartOf\":{\"@id\":\"http:\\\/\\\/osnovnaskolamalinskadubasnica.hr\\\/#website\"},\"primaryImageOfPage\":{\"@id\":\"https:\\\/\\\/osnovnaskolamalinskadubasnica.hr\\\/?page_id=10236#primaryimage\"},\"image\":{\"@id\":\"https:\\\/\\\/osnovnaskolamalinskadubasnica.hr\\\/?page_id=10236#primaryimage\"},\"thumbnailUrl\":\"http:\\\/\\\/osnovnaskolamalinskadubasnica.hr\\\/wp-content\\\/uploads\\\/CDZ-2022-web.jpg\",\"datePublished\":\"2017-05-01T20:47:56+00:00\",\"dateModified\":\"2022-03-06T16:27:35+00:00\",\"breadcrumb\":{\"@id\":\"https:\\\/\\\/osnovnaskolamalinskadubasnica.hr\\\/?page_id=10236#breadcrumb\"},\"inLanguage\":\"hr\",\"potentialAction\":[{\"@type\":\"ReadAction\",\"target\":[\"https:\\\/\\\/osnovnaskolamalinskadubasnica.hr\\\/?page_id=10236\"]}]},{\"@type\":\"ImageObject\",\"inLanguage\":\"hr\",\"@id\":\"https:\\\/\\\/osnovnaskolamalinskadubasnica.hr\\\/?page_id=10236#primaryimage\",\"url\":\"https:\\\/\\\/osnovnaskolamalinskadubasnica.hr\\\/wp-content\\\/uploads\\\/CDZ-2022-web.jpg\",\"contentUrl\":\"https:\\\/\\\/osnovnaskolamalinskadubasnica.hr\\\/wp-content\\\/uploads\\\/CDZ-2022-web.jpg\",\"width\":999,\"height\":753},{\"@type\":\"BreadcrumbList\",\"@id\":\"https:\\\/\\\/osnovnaskolamalinskadubasnica.hr\\\/?page_id=10236#breadcrumb\",\"itemListElement\":[{\"@type\":\"ListItem\",\"position\":1,\"name\":\"Po\u010detna stranica\",\"item\":\"http:\\\/\\\/osnovnaskolamalinskadubasnica.hr\\\/\"},{\"@type\":\"ListItem\",\"position\":2,\"name\":\"Novosti iz knji\u017enice\"}]},{\"@type\":\"WebSite\",\"@id\":\"http:\\\/\\\/osnovnaskolamalinskadubasnica.hr\\\/#website\",\"url\":\"http:\\\/\\\/osnovnaskolamalinskadubasnica.hr\\\/\",\"name\":\"Osnovna \u0161kola Malinska-Duba\u0161nica\",\"description\":\"\",\"potentialAction\":[{\"@type\":\"SearchAction\",\"target\":{\"@type\":\"EntryPoint\",\"urlTemplate\":\"http:\\\/\\\/osnovnaskolamalinskadubasnica.hr\\\/?s={search_term_string}\"},\"query-input\":{\"@type\":\"PropertyValueSpecification\",\"valueRequired\":true,\"valueName\":\"search_term_string\"}}],\"inLanguage\":\"hr\"}]}<\/script>\n<!-- \/ Yoast SEO plugin. -->","yoast_head_json":{"title":"Novosti iz knji\u017enice - Osnovna \u0161kola Malinska-Duba\u0161nica","robots":{"index":"index","follow":"follow","max-snippet":"max-snippet:-1","max-image-preview":"max-image-preview:large","max-video-preview":"max-video-preview:-1"},"canonical":"https:\/\/osnovnaskolamalinskadubasnica.hr\/?page_id=10236","og_locale":"hr_HR","og_type":"article","og_title":"Novosti iz knji\u017enice - Osnovna \u0161kola Malinska-Duba\u0161nica","og_description":"&nbsp; &nbsp; \u010citanjem do zvijezda je natjecanje namijenjeno u\u010denicima osnovnih i srednjih \u0161kola koje se ve\u0107 tradicionalno provodi u \u0161kolskoj knji\u017enici. Ove \u0161kolske godine uklju\u010dili smo se u projekt kroz natjecanja u obje kategorije: kviz znanja i kreativni uradak. Nastavi &hellip; Nastavi \u010ditati &rarr;","og_url":"https:\/\/osnovnaskolamalinskadubasnica.hr\/?page_id=10236","og_site_name":"Osnovna \u0161kola Malinska-Duba\u0161nica","article_publisher":"https:\/\/www.facebook.com\/osmalinskadubasnica\/","article_modified_time":"2022-03-06T16:27:35+00:00","og_image":[{"url":"http:\/\/osnovnaskolamalinskadubasnica.hr\/wp-content\/uploads\/CDZ-2022-web.jpg","type":"","width":"","height":""}],"twitter_card":"summary_large_image","twitter_misc":{"Procijenjeno vrijeme \u010ditanja":"3 minute"},"schema":{"@context":"https:\/\/schema.org","@graph":[{"@type":"WebPage","@id":"https:\/\/osnovnaskolamalinskadubasnica.hr\/?page_id=10236","url":"https:\/\/osnovnaskolamalinskadubasnica.hr\/?page_id=10236","name":"Novosti iz knji\u017enice - Osnovna \u0161kola Malinska-Duba\u0161nica","isPartOf":{"@id":"http:\/\/osnovnaskolamalinskadubasnica.hr\/#website"},"primaryImageOfPage":{"@id":"https:\/\/osnovnaskolamalinskadubasnica.hr\/?page_id=10236#primaryimage"},"image":{"@id":"https:\/\/osnovnaskolamalinskadubasnica.hr\/?page_id=10236#primaryimage"},"thumbnailUrl":"http:\/\/osnovnaskolamalinskadubasnica.hr\/wp-content\/uploads\/CDZ-2022-web.jpg","datePublished":"2017-05-01T20:47:56+00:00","dateModified":"2022-03-06T16:27:35+00:00","breadcrumb":{"@id":"https:\/\/osnovnaskolamalinskadubasnica.hr\/?page_id=10236#breadcrumb"},"inLanguage":"hr","potentialAction":[{"@type":"ReadAction","target":["https:\/\/osnovnaskolamalinskadubasnica.hr\/?page_id=10236"]}]},{"@type":"ImageObject","inLanguage":"hr","@id":"https:\/\/osnovnaskolamalinskadubasnica.hr\/?page_id=10236#primaryimage","url":"https:\/\/osnovnaskolamalinskadubasnica.hr\/wp-content\/uploads\/CDZ-2022-web.jpg","contentUrl":"https:\/\/osnovnaskolamalinskadubasnica.hr\/wp-content\/uploads\/CDZ-2022-web.jpg","width":999,"height":753},{"@type":"BreadcrumbList","@id":"https:\/\/osnovnaskolamalinskadubasnica.hr\/?page_id=10236#breadcrumb","itemListElement":[{"@type":"ListItem","position":1,"name":"Po\u010detna stranica","item":"http:\/\/osnovnaskolamalinskadubasnica.hr\/"},{"@type":"ListItem","position":2,"name":"Novosti iz knji\u017enice"}]},{"@type":"WebSite","@id":"http:\/\/osnovnaskolamalinskadubasnica.hr\/#website","url":"http:\/\/osnovnaskolamalinskadubasnica.hr\/","name":"Osnovna \u0161kola Malinska-Duba\u0161nica","description":"","potentialAction":[{"@type":"SearchAction","target":{"@type":"EntryPoint","urlTemplate":"http:\/\/osnovnaskolamalinskadubasnica.hr\/?s={search_term_string}"},"query-input":{"@type":"PropertyValueSpecification","valueRequired":true,"valueName":"search_term_string"}}],"inLanguage":"hr"}]}},"_links":{"self":[{"href":"https:\/\/osnovnaskolamalinskadubasnica.hr\/index.php?rest_route=\/wp\/v2\/pages\/10236","targetHints":{"allow":["GET"]}}],"collection":[{"href":"https:\/\/osnovnaskolamalinskadubasnica.hr\/index.php?rest_route=\/wp\/v2\/pages"}],"about":[{"href":"https:\/\/osnovnaskolamalinskadubasnica.hr\/index.php?rest_route=\/wp\/v2\/types\/page"}],"author":[{"embeddable":true,"href":"https:\/\/osnovnaskolamalinskadubasnica.hr\/index.php?rest_route=\/wp\/v2\/users\/1"}],"replies":[{"embeddable":true,"href":"https:\/\/osnovnaskolamalinskadubasnica.hr\/index.php?rest_route=%2Fwp%2Fv2%2Fcomments&post=10236"}],"version-history":[{"count":17,"href":"https:\/\/osnovnaskolamalinskadubasnica.hr\/index.php?rest_route=\/wp\/v2\/pages\/10236\/revisions"}],"predecessor-version":[{"id":20786,"href":"https:\/\/osnovnaskolamalinskadubasnica.hr\/index.php?rest_route=\/wp\/v2\/pages\/10236\/revisions\/20786"}],"wp:attachment":[{"href":"https:\/\/osnovnaskolamalinskadubasnica.hr\/index.php?rest_route=%2Fwp%2Fv2%2Fmedia&parent=10236"}],"curies":[{"name":"wp","href":"https:\/\/api.w.org\/{rel}","templated":true}]}}