{"id":65,"date":"2013-06-05T00:11:02","date_gmt":"2013-06-05T00:11:02","guid":{"rendered":"http:\/\/osnovnaskolakrk.hr\/malinska\/?page_id=65"},"modified":"2013-11-10T00:46:29","modified_gmt":"2013-11-10T00:46:29","slug":"elektire","status":"publish","type":"page","link":"http:\/\/osnovnaskolamalinskadubasnica.hr\/?page_id=65","title":{"rendered":"eLektire"},"content":{"rendered":"<p style=\"text-align: justify;\"><a href=\"http:\/\/lektire.skole.hr\/\" target=\"_blank\"><img loading=\"lazy\" decoding=\"async\" class=\"size-full wp-image-96 aligncenter\" alt=\"elektire\" src=\"http:\/\/osnovnaskolakrk.hr\/malinska\/wp-content\/uploads\/elektire.jpg\" width=\"528\" height=\"66\" srcset=\"http:\/\/osnovnaskolamalinskadubasnica.hr\/wp-content\/uploads\/elektire.jpg 528w, http:\/\/osnovnaskolamalinskadubasnica.hr\/wp-content\/uploads\/elektire-300x37.jpg 300w\" sizes=\"auto, (max-width: 528px) 100vw, 528px\" \/><\/a>Na stranicama <a href=\"http:\/\/lektire.skole.hr\/\" target=\"_blank\">eLektire<\/a> mo\u017eete prona\u0107i cjelovita djela hrvatskih i stranih pisaca s popisa <strong>obvezne \u0161kolske lektire<\/strong>. Postavljeno je vi\u0161e od <strong>300 knjiga<\/strong>, te obilje multimedijskih sadr\u017eaja kao \u0161to su zvu\u010dni zapisi i video materijali. Cilj projekta eLektire je, u skoroj budu\u0107nosti,\u00a0 objaviti na webu sve osnovno\u0161kolske i srednjo\u0161kolske lektire &#8211; ukupno 1000 naslova.<\/p>\n<p>Knjige su dostupne u nekoliko formata: interaktivni sadr\u017eaj, pdf format i posebno zabavan flip format.<\/p>\n<p>Na eLektire se prijavljujete sa svojim carnet korisni\u010dkim imenom i lozinkom. Ukoliko nemate carnet ra\u010dun, javite se svojoj informati\u010darki.<\/p>\n<p><span style=\"color: #993300;\">\u017delimo vam ugodno dru\u017eenje s dobrom knjigom! \ud83d\ude42<\/span><\/p>\n","protected":false},"excerpt":{"rendered":"<p>Na stranicama eLektire mo\u017eete prona\u0107i cjelovita djela hrvatskih i stranih pisaca s popisa obvezne \u0161kolske lektire. Postavljeno je vi\u0161e od 300 knjiga, te obilje multimedijskih sadr\u017eaja kao \u0161to su zvu\u010dni zapisi i video materijali. Cilj projekta eLektire je, u skoroj &hellip; <a href=\"http:\/\/osnovnaskolamalinskadubasnica.hr\/?page_id=65\">Nastavi \u010ditati <span class=\"meta-nav\">&rarr;<\/span><\/a><\/p>\n","protected":false},"author":1,"featured_media":0,"parent":0,"menu_order":0,"comment_status":"open","ping_status":"open","template":"","meta":{"footnotes":""},"class_list":["post-65","page","type-page","status-publish","hentry"],"yoast_head":"<!-- This site is optimized with the Yoast SEO plugin v27.5 - https:\/\/yoast.com\/product\/yoast-seo-wordpress\/ -->\n<title>eLektire - Osnovna \u0161kola Malinska-Duba\u0161nica<\/title>\n<meta name=\"robots\" content=\"index, follow, max-snippet:-1, max-image-preview:large, max-video-preview:-1\" \/>\n<link rel=\"canonical\" href=\"https:\/\/osnovnaskolamalinskadubasnica.hr\/?page_id=65\" \/>\n<meta property=\"og:locale\" content=\"hr_HR\" \/>\n<meta property=\"og:type\" content=\"article\" \/>\n<meta property=\"og:title\" content=\"eLektire - Osnovna \u0161kola Malinska-Duba\u0161nica\" \/>\n<meta property=\"og:description\" content=\"Na stranicama eLektire mo\u017eete prona\u0107i cjelovita djela hrvatskih i stranih pisaca s popisa obvezne \u0161kolske lektire. Postavljeno je vi\u0161e od 300 knjiga, te obilje multimedijskih sadr\u017eaja kao \u0161to su zvu\u010dni zapisi i video materijali. Cilj projekta eLektire je, u skoroj &hellip; Nastavi \u010ditati &rarr;\" \/>\n<meta property=\"og:url\" content=\"https:\/\/osnovnaskolamalinskadubasnica.hr\/?page_id=65\" \/>\n<meta property=\"og:site_name\" content=\"Osnovna \u0161kola Malinska-Duba\u0161nica\" \/>\n<meta property=\"article:publisher\" content=\"https:\/\/www.facebook.com\/osmalinskadubasnica\/\" \/>\n<meta property=\"article:modified_time\" content=\"2013-11-10T00:46:29+00:00\" \/>\n<meta property=\"og:image\" content=\"http:\/\/osnovnaskolakrk.hr\/malinska\/wp-content\/uploads\/elektire.jpg\" \/>\n<meta name=\"twitter:card\" content=\"summary_large_image\" \/>\n<meta name=\"twitter:label1\" content=\"Procijenjeno vrijeme \u010ditanja\" \/>\n\t<meta name=\"twitter:data1\" content=\"1 minuta\" \/>\n<script type=\"application\/ld+json\" class=\"yoast-schema-graph\">{\"@context\":\"https:\\\/\\\/schema.org\",\"@graph\":[{\"@type\":\"WebPage\",\"@id\":\"https:\\\/\\\/osnovnaskolamalinskadubasnica.hr\\\/?page_id=65\",\"url\":\"https:\\\/\\\/osnovnaskolamalinskadubasnica.hr\\\/?page_id=65\",\"name\":\"eLektire - Osnovna \u0161kola Malinska-Duba\u0161nica\",\"isPartOf\":{\"@id\":\"http:\\\/\\\/osnovnaskolamalinskadubasnica.hr\\\/#website\"},\"primaryImageOfPage\":{\"@id\":\"https:\\\/\\\/osnovnaskolamalinskadubasnica.hr\\\/?page_id=65#primaryimage\"},\"image\":{\"@id\":\"https:\\\/\\\/osnovnaskolamalinskadubasnica.hr\\\/?page_id=65#primaryimage\"},\"thumbnailUrl\":\"http:\\\/\\\/osnovnaskolakrk.hr\\\/malinska\\\/wp-content\\\/uploads\\\/elektire.jpg\",\"datePublished\":\"2013-06-05T00:11:02+00:00\",\"dateModified\":\"2013-11-10T00:46:29+00:00\",\"breadcrumb\":{\"@id\":\"https:\\\/\\\/osnovnaskolamalinskadubasnica.hr\\\/?page_id=65#breadcrumb\"},\"inLanguage\":\"hr\",\"potentialAction\":[{\"@type\":\"ReadAction\",\"target\":[\"https:\\\/\\\/osnovnaskolamalinskadubasnica.hr\\\/?page_id=65\"]}]},{\"@type\":\"ImageObject\",\"inLanguage\":\"hr\",\"@id\":\"https:\\\/\\\/osnovnaskolamalinskadubasnica.hr\\\/?page_id=65#primaryimage\",\"url\":\"http:\\\/\\\/osnovnaskolakrk.hr\\\/malinska\\\/wp-content\\\/uploads\\\/elektire.jpg\",\"contentUrl\":\"http:\\\/\\\/osnovnaskolakrk.hr\\\/malinska\\\/wp-content\\\/uploads\\\/elektire.jpg\"},{\"@type\":\"BreadcrumbList\",\"@id\":\"https:\\\/\\\/osnovnaskolamalinskadubasnica.hr\\\/?page_id=65#breadcrumb\",\"itemListElement\":[{\"@type\":\"ListItem\",\"position\":1,\"name\":\"Po\u010detna stranica\",\"item\":\"http:\\\/\\\/osnovnaskolamalinskadubasnica.hr\\\/\"},{\"@type\":\"ListItem\",\"position\":2,\"name\":\"eLektire\"}]},{\"@type\":\"WebSite\",\"@id\":\"http:\\\/\\\/osnovnaskolamalinskadubasnica.hr\\\/#website\",\"url\":\"http:\\\/\\\/osnovnaskolamalinskadubasnica.hr\\\/\",\"name\":\"Osnovna \u0161kola Malinska-Duba\u0161nica\",\"description\":\"\",\"potentialAction\":[{\"@type\":\"SearchAction\",\"target\":{\"@type\":\"EntryPoint\",\"urlTemplate\":\"http:\\\/\\\/osnovnaskolamalinskadubasnica.hr\\\/?s={search_term_string}\"},\"query-input\":{\"@type\":\"PropertyValueSpecification\",\"valueRequired\":true,\"valueName\":\"search_term_string\"}}],\"inLanguage\":\"hr\"}]}<\/script>\n<!-- \/ Yoast SEO plugin. -->","yoast_head_json":{"title":"eLektire - Osnovna \u0161kola Malinska-Duba\u0161nica","robots":{"index":"index","follow":"follow","max-snippet":"max-snippet:-1","max-image-preview":"max-image-preview:large","max-video-preview":"max-video-preview:-1"},"canonical":"https:\/\/osnovnaskolamalinskadubasnica.hr\/?page_id=65","og_locale":"hr_HR","og_type":"article","og_title":"eLektire - Osnovna \u0161kola Malinska-Duba\u0161nica","og_description":"Na stranicama eLektire mo\u017eete prona\u0107i cjelovita djela hrvatskih i stranih pisaca s popisa obvezne \u0161kolske lektire. Postavljeno je vi\u0161e od 300 knjiga, te obilje multimedijskih sadr\u017eaja kao \u0161to su zvu\u010dni zapisi i video materijali. Cilj projekta eLektire je, u skoroj &hellip; Nastavi \u010ditati &rarr;","og_url":"https:\/\/osnovnaskolamalinskadubasnica.hr\/?page_id=65","og_site_name":"Osnovna \u0161kola Malinska-Duba\u0161nica","article_publisher":"https:\/\/www.facebook.com\/osmalinskadubasnica\/","article_modified_time":"2013-11-10T00:46:29+00:00","og_image":[{"url":"http:\/\/osnovnaskolakrk.hr\/malinska\/wp-content\/uploads\/elektire.jpg","type":"","width":"","height":""}],"twitter_card":"summary_large_image","twitter_misc":{"Procijenjeno vrijeme \u010ditanja":"1 minuta"},"schema":{"@context":"https:\/\/schema.org","@graph":[{"@type":"WebPage","@id":"https:\/\/osnovnaskolamalinskadubasnica.hr\/?page_id=65","url":"https:\/\/osnovnaskolamalinskadubasnica.hr\/?page_id=65","name":"eLektire - Osnovna \u0161kola Malinska-Duba\u0161nica","isPartOf":{"@id":"http:\/\/osnovnaskolamalinskadubasnica.hr\/#website"},"primaryImageOfPage":{"@id":"https:\/\/osnovnaskolamalinskadubasnica.hr\/?page_id=65#primaryimage"},"image":{"@id":"https:\/\/osnovnaskolamalinskadubasnica.hr\/?page_id=65#primaryimage"},"thumbnailUrl":"http:\/\/osnovnaskolakrk.hr\/malinska\/wp-content\/uploads\/elektire.jpg","datePublished":"2013-06-05T00:11:02+00:00","dateModified":"2013-11-10T00:46:29+00:00","breadcrumb":{"@id":"https:\/\/osnovnaskolamalinskadubasnica.hr\/?page_id=65#breadcrumb"},"inLanguage":"hr","potentialAction":[{"@type":"ReadAction","target":["https:\/\/osnovnaskolamalinskadubasnica.hr\/?page_id=65"]}]},{"@type":"ImageObject","inLanguage":"hr","@id":"https:\/\/osnovnaskolamalinskadubasnica.hr\/?page_id=65#primaryimage","url":"http:\/\/osnovnaskolakrk.hr\/malinska\/wp-content\/uploads\/elektire.jpg","contentUrl":"http:\/\/osnovnaskolakrk.hr\/malinska\/wp-content\/uploads\/elektire.jpg"},{"@type":"BreadcrumbList","@id":"https:\/\/osnovnaskolamalinskadubasnica.hr\/?page_id=65#breadcrumb","itemListElement":[{"@type":"ListItem","position":1,"name":"Po\u010detna stranica","item":"http:\/\/osnovnaskolamalinskadubasnica.hr\/"},{"@type":"ListItem","position":2,"name":"eLektire"}]},{"@type":"WebSite","@id":"http:\/\/osnovnaskolamalinskadubasnica.hr\/#website","url":"http:\/\/osnovnaskolamalinskadubasnica.hr\/","name":"Osnovna \u0161kola Malinska-Duba\u0161nica","description":"","potentialAction":[{"@type":"SearchAction","target":{"@type":"EntryPoint","urlTemplate":"http:\/\/osnovnaskolamalinskadubasnica.hr\/?s={search_term_string}"},"query-input":{"@type":"PropertyValueSpecification","valueRequired":true,"valueName":"search_term_string"}}],"inLanguage":"hr"}]}},"_links":{"self":[{"href":"http:\/\/osnovnaskolamalinskadubasnica.hr\/index.php?rest_route=\/wp\/v2\/pages\/65","targetHints":{"allow":["GET"]}}],"collection":[{"href":"http:\/\/osnovnaskolamalinskadubasnica.hr\/index.php?rest_route=\/wp\/v2\/pages"}],"about":[{"href":"http:\/\/osnovnaskolamalinskadubasnica.hr\/index.php?rest_route=\/wp\/v2\/types\/page"}],"author":[{"embeddable":true,"href":"http:\/\/osnovnaskolamalinskadubasnica.hr\/index.php?rest_route=\/wp\/v2\/users\/1"}],"replies":[{"embeddable":true,"href":"http:\/\/osnovnaskolamalinskadubasnica.hr\/index.php?rest_route=%2Fwp%2Fv2%2Fcomments&post=65"}],"version-history":[{"count":7,"href":"http:\/\/osnovnaskolamalinskadubasnica.hr\/index.php?rest_route=\/wp\/v2\/pages\/65\/revisions"}],"predecessor-version":[{"id":628,"href":"http:\/\/osnovnaskolamalinskadubasnica.hr\/index.php?rest_route=\/wp\/v2\/pages\/65\/revisions\/628"}],"wp:attachment":[{"href":"http:\/\/osnovnaskolamalinskadubasnica.hr\/index.php?rest_route=%2Fwp%2Fv2%2Fmedia&parent=65"}],"curies":[{"name":"wp","href":"https:\/\/api.w.org\/{rel}","templated":true}]}}