{"id":5496,"date":"2021-05-27T11:54:13","date_gmt":"2021-05-27T10:54:13","guid":{"rendered":"http:\/\/osnovnaskolakrk.hr\/malinska\/?page_id=5496"},"modified":"2024-06-27T18:33:01","modified_gmt":"2024-06-27T17:33:01","slug":"prijave-i-upisi-u-srednje-skole","status":"publish","type":"page","link":"http:\/\/osnovnaskolamalinskadubasnica.hr\/?page_id=5496","title":{"rendered":"Prijave i upisi u srednje \u0161kole"},"content":{"rendered":"<p>&nbsp;<\/p>\n<p><a href=\"https:\/\/osnovnaskolamalinskadubasnica.hr\/?p=17941\"><img loading=\"lazy\" decoding=\"async\" class=\"alignleft wp-image-17814\" src=\"http:\/\/osnovnaskolamalinskadubasnica.hr\/wp-content\/uploads\/kamo-dalje.jpg\" alt=\"\" width=\"272\" height=\"182\" \/><\/a><strong><a href=\"https:\/\/osnovnaskolamalinskadubasnica.hr\/?p=17941\" target=\"_blank\" rel=\"noopener\">Prijave obrazovnih programa<\/a><\/strong><\/p>\n<p style=\"text-align: justify;\"><span style=\"color: #000000;\">u<strong> petak 28. lipnja <\/strong>zapo\u010dinje najva\u017eniji korak na va\u0161em putu do upisa u srednju \u0161kolu \u2013 <strong>prijave obrazovnih programa<\/strong>. Donosimo detaljne upute i savjete o postupku prijave.<\/span><\/p>\n<p><em><a href=\"https:\/\/osnovnaskolamalinskadubasnica.hr\/?p=17941\" target=\"_blank\" rel=\"noopener\">Nastavi \u010ditati \u2192<\/a><\/em><\/p>\n<p><strong><span style=\"color: #ff6600;\">________________________________________________________<\/span><\/strong><\/p>\n<h3><a href=\"http:\/\/osnovnaskolamalinskadubasnica.hr\/?p=17853\"><img loading=\"lazy\" decoding=\"async\" class=\"alignleft wp-image-5809\" src=\"http:\/\/osnovnaskolamalinskadubasnica.hr\/wp-content\/uploads\/upisi-u-srednju.jpg\" alt=\"\" width=\"272\" height=\"182\" srcset=\"http:\/\/osnovnaskolamalinskadubasnica.hr\/wp-content\/uploads\/upisi-u-srednju.jpg 843w, http:\/\/osnovnaskolamalinskadubasnica.hr\/wp-content\/uploads\/upisi-u-srednju-250x167.jpg 250w\" sizes=\"auto, (max-width: 272px) 100vw, 272px\" \/><\/a><strong><a href=\"https:\/\/osnovnaskolamalinskadubasnica.hr\/?p=17853\">Po\u010detak prijava u sustavu za upise<\/a><\/strong><\/h3>\n<p style=\"text-align: justify;\"><span style=\"color: #000000;\"> Donosimo vam detaljne informacije o postupku prijave u sustav za upise i sve ostale korisne upute, savjete i informacije o prvim koracima na putu do srednje \u0161kole.<br \/>\n<\/span><\/p>\n<p><em><a href=\"http:\/\/osnovnaskolamalinskadubasnica.hr\/?p=17853\">Nastavi \u010ditati \u2192<\/a><\/em><\/p>\n<p><strong><span style=\"color: #ff9900;\">________________________________________________________<\/span><\/strong><\/p>\n<p style=\"text-align: justify;\"><span style=\"color: #000000;\"><a href=\"http:\/\/osnovnaskolamalinskadubasnica.hr\/wp-content\/uploads\/kamo-dalje.jpg\" data-rel=\"lightbox-image-0\" data-rl_title=\"\" data-rl_caption=\"\" title=\"\"><img loading=\"lazy\" decoding=\"async\" class=\"alignleft wp-image-17814\" src=\"http:\/\/osnovnaskolamalinskadubasnica.hr\/wp-content\/uploads\/kamo-dalje.jpg\" alt=\"\" width=\"272\" height=\"182\" \/><\/a>Ministarstvo znanosti i obrazovanja donijelo je<\/span> <a href=\"https:\/\/narodne-novine.nn.hr\/clanci\/sluzbeni\/2024_05_60_1046.html\" target=\"_blank\" rel=\"noopener noreferrer\">Odluku o upisu u\u010denika u 1. razred srednje \u0161kole u \u0161kolskoj godini 2024.\/2025.<\/a><\/p>\n<p style=\"text-align: justify;\"><span style=\"color: #000000;\">U ovom dokumentu mo\u017eete pogledati popis svih va\u017enih datuma u ljetnome i jesenskom upisnom roku.<\/span><\/p>\n<p><strong><span style=\"color: #ffcc00;\">\u00a0<\/span><\/strong><\/p>\n<p>&nbsp;<\/p>\n<p>&nbsp;<\/p>\n","protected":false},"excerpt":{"rendered":"<p>&nbsp; Prijave obrazovnih programa u petak 28. lipnja zapo\u010dinje najva\u017eniji korak na va\u0161em putu do upisa u srednju \u0161kolu \u2013 prijave obrazovnih programa. Donosimo detaljne upute i savjete o postupku prijave. Nastavi \u010ditati \u2192 ________________________________________________________ Po\u010detak prijava u sustavu za &hellip; <a href=\"http:\/\/osnovnaskolamalinskadubasnica.hr\/?page_id=5496\">Nastavi \u010ditati <span class=\"meta-nav\">&rarr;<\/span><\/a><\/p>\n","protected":false},"author":1,"featured_media":0,"parent":0,"menu_order":0,"comment_status":"closed","ping_status":"closed","template":"","meta":{"footnotes":""},"class_list":["post-5496","page","type-page","status-publish","hentry"],"yoast_head":"<!-- This site is optimized with the Yoast SEO plugin v27.2 - https:\/\/yoast.com\/product\/yoast-seo-wordpress\/ -->\n<title>Prijave i upisi u srednje \u0161kole - Osnovna \u0161kola Malinska-Duba\u0161nica<\/title>\n<meta name=\"robots\" content=\"index, follow, max-snippet:-1, max-image-preview:large, max-video-preview:-1\" \/>\n<link rel=\"canonical\" href=\"http:\/\/osnovnaskolamalinskadubasnica.hr\/?page_id=5496\" \/>\n<meta property=\"og:locale\" content=\"hr_HR\" \/>\n<meta property=\"og:type\" content=\"article\" \/>\n<meta property=\"og:title\" content=\"Prijave i upisi u srednje \u0161kole - Osnovna \u0161kola Malinska-Duba\u0161nica\" \/>\n<meta property=\"og:description\" content=\"&nbsp; Prijave obrazovnih programa u petak 28. lipnja zapo\u010dinje najva\u017eniji korak na va\u0161em putu do upisa u srednju \u0161kolu \u2013 prijave obrazovnih programa. Donosimo detaljne upute i savjete o postupku prijave. Nastavi \u010ditati \u2192 ________________________________________________________ Po\u010detak prijava u sustavu za &hellip; Nastavi \u010ditati &rarr;\" \/>\n<meta property=\"og:url\" content=\"http:\/\/osnovnaskolamalinskadubasnica.hr\/?page_id=5496\" \/>\n<meta property=\"og:site_name\" content=\"Osnovna \u0161kola Malinska-Duba\u0161nica\" \/>\n<meta property=\"article:publisher\" content=\"https:\/\/www.facebook.com\/osmalinskadubasnica\/\" \/>\n<meta property=\"article:modified_time\" content=\"2024-06-27T17:33:01+00:00\" \/>\n<meta property=\"og:image\" content=\"http:\/\/osnovnaskolamalinskadubasnica.hr\/wp-content\/uploads\/upisi-odabir-programa-FB.jpg\" \/>\n\t<meta property=\"og:image:width\" content=\"1509\" \/>\n\t<meta property=\"og:image:height\" content=\"721\" \/>\n\t<meta property=\"og:image:type\" content=\"image\/jpeg\" \/>\n<meta name=\"twitter:card\" content=\"summary_large_image\" \/>\n<meta name=\"twitter:label1\" content=\"Procijenjeno vrijeme \u010ditanja\" \/>\n\t<meta name=\"twitter:data1\" content=\"2 minute\" \/>\n<script type=\"application\/ld+json\" class=\"yoast-schema-graph\">{\"@context\":\"https:\/\/schema.org\",\"@graph\":[{\"@type\":\"WebPage\",\"@id\":\"http:\/\/osnovnaskolamalinskadubasnica.hr\/?page_id=5496\",\"url\":\"http:\/\/osnovnaskolamalinskadubasnica.hr\/?page_id=5496\",\"name\":\"Prijave i upisi u srednje \u0161kole - Osnovna \u0161kola Malinska-Duba\u0161nica\",\"isPartOf\":{\"@id\":\"https:\/\/osnovnaskolamalinskadubasnica.hr\/#website\"},\"primaryImageOfPage\":{\"@id\":\"http:\/\/osnovnaskolamalinskadubasnica.hr\/?page_id=5496#primaryimage\"},\"image\":{\"@id\":\"http:\/\/osnovnaskolamalinskadubasnica.hr\/?page_id=5496#primaryimage\"},\"thumbnailUrl\":\"http:\/\/osnovnaskolamalinskadubasnica.hr\/wp-content\/uploads\/kamo-dalje.jpg\",\"datePublished\":\"2021-05-27T10:54:13+00:00\",\"dateModified\":\"2024-06-27T17:33:01+00:00\",\"breadcrumb\":{\"@id\":\"http:\/\/osnovnaskolamalinskadubasnica.hr\/?page_id=5496#breadcrumb\"},\"inLanguage\":\"hr\",\"potentialAction\":[{\"@type\":\"ReadAction\",\"target\":[\"http:\/\/osnovnaskolamalinskadubasnica.hr\/?page_id=5496\"]}]},{\"@type\":\"ImageObject\",\"inLanguage\":\"hr\",\"@id\":\"http:\/\/osnovnaskolamalinskadubasnica.hr\/?page_id=5496#primaryimage\",\"url\":\"http:\/\/osnovnaskolamalinskadubasnica.hr\/wp-content\/uploads\/kamo-dalje.jpg\",\"contentUrl\":\"http:\/\/osnovnaskolamalinskadubasnica.hr\/wp-content\/uploads\/kamo-dalje.jpg\"},{\"@type\":\"BreadcrumbList\",\"@id\":\"http:\/\/osnovnaskolamalinskadubasnica.hr\/?page_id=5496#breadcrumb\",\"itemListElement\":[{\"@type\":\"ListItem\",\"position\":1,\"name\":\"Po\u010detna stranica\",\"item\":\"https:\/\/osnovnaskolamalinskadubasnica.hr\/\"},{\"@type\":\"ListItem\",\"position\":2,\"name\":\"Prijave i upisi u srednje \u0161kole\"}]},{\"@type\":\"WebSite\",\"@id\":\"https:\/\/osnovnaskolamalinskadubasnica.hr\/#website\",\"url\":\"https:\/\/osnovnaskolamalinskadubasnica.hr\/\",\"name\":\"Osnovna \u0161kola Malinska-Duba\u0161nica\",\"description\":\"\",\"potentialAction\":[{\"@type\":\"SearchAction\",\"target\":{\"@type\":\"EntryPoint\",\"urlTemplate\":\"https:\/\/osnovnaskolamalinskadubasnica.hr\/?s={search_term_string}\"},\"query-input\":{\"@type\":\"PropertyValueSpecification\",\"valueRequired\":true,\"valueName\":\"search_term_string\"}}],\"inLanguage\":\"hr\"}]}<\/script>\n<!-- \/ Yoast SEO plugin. -->","yoast_head_json":{"title":"Prijave i upisi u srednje \u0161kole - Osnovna \u0161kola Malinska-Duba\u0161nica","robots":{"index":"index","follow":"follow","max-snippet":"max-snippet:-1","max-image-preview":"max-image-preview:large","max-video-preview":"max-video-preview:-1"},"canonical":"http:\/\/osnovnaskolamalinskadubasnica.hr\/?page_id=5496","og_locale":"hr_HR","og_type":"article","og_title":"Prijave i upisi u srednje \u0161kole - Osnovna \u0161kola Malinska-Duba\u0161nica","og_description":"&nbsp; Prijave obrazovnih programa u petak 28. lipnja zapo\u010dinje najva\u017eniji korak na va\u0161em putu do upisa u srednju \u0161kolu \u2013 prijave obrazovnih programa. Donosimo detaljne upute i savjete o postupku prijave. Nastavi \u010ditati \u2192 ________________________________________________________ Po\u010detak prijava u sustavu za &hellip; Nastavi \u010ditati &rarr;","og_url":"http:\/\/osnovnaskolamalinskadubasnica.hr\/?page_id=5496","og_site_name":"Osnovna \u0161kola Malinska-Duba\u0161nica","article_publisher":"https:\/\/www.facebook.com\/osmalinskadubasnica\/","article_modified_time":"2024-06-27T17:33:01+00:00","og_image":[{"width":1509,"height":721,"url":"http:\/\/osnovnaskolamalinskadubasnica.hr\/wp-content\/uploads\/upisi-odabir-programa-FB.jpg","type":"image\/jpeg"}],"twitter_card":"summary_large_image","twitter_misc":{"Procijenjeno vrijeme \u010ditanja":"2 minute"},"schema":{"@context":"https:\/\/schema.org","@graph":[{"@type":"WebPage","@id":"http:\/\/osnovnaskolamalinskadubasnica.hr\/?page_id=5496","url":"http:\/\/osnovnaskolamalinskadubasnica.hr\/?page_id=5496","name":"Prijave i upisi u srednje \u0161kole - Osnovna \u0161kola Malinska-Duba\u0161nica","isPartOf":{"@id":"https:\/\/osnovnaskolamalinskadubasnica.hr\/#website"},"primaryImageOfPage":{"@id":"http:\/\/osnovnaskolamalinskadubasnica.hr\/?page_id=5496#primaryimage"},"image":{"@id":"http:\/\/osnovnaskolamalinskadubasnica.hr\/?page_id=5496#primaryimage"},"thumbnailUrl":"http:\/\/osnovnaskolamalinskadubasnica.hr\/wp-content\/uploads\/kamo-dalje.jpg","datePublished":"2021-05-27T10:54:13+00:00","dateModified":"2024-06-27T17:33:01+00:00","breadcrumb":{"@id":"http:\/\/osnovnaskolamalinskadubasnica.hr\/?page_id=5496#breadcrumb"},"inLanguage":"hr","potentialAction":[{"@type":"ReadAction","target":["http:\/\/osnovnaskolamalinskadubasnica.hr\/?page_id=5496"]}]},{"@type":"ImageObject","inLanguage":"hr","@id":"http:\/\/osnovnaskolamalinskadubasnica.hr\/?page_id=5496#primaryimage","url":"http:\/\/osnovnaskolamalinskadubasnica.hr\/wp-content\/uploads\/kamo-dalje.jpg","contentUrl":"http:\/\/osnovnaskolamalinskadubasnica.hr\/wp-content\/uploads\/kamo-dalje.jpg"},{"@type":"BreadcrumbList","@id":"http:\/\/osnovnaskolamalinskadubasnica.hr\/?page_id=5496#breadcrumb","itemListElement":[{"@type":"ListItem","position":1,"name":"Po\u010detna stranica","item":"https:\/\/osnovnaskolamalinskadubasnica.hr\/"},{"@type":"ListItem","position":2,"name":"Prijave i upisi u srednje \u0161kole"}]},{"@type":"WebSite","@id":"https:\/\/osnovnaskolamalinskadubasnica.hr\/#website","url":"https:\/\/osnovnaskolamalinskadubasnica.hr\/","name":"Osnovna \u0161kola Malinska-Duba\u0161nica","description":"","potentialAction":[{"@type":"SearchAction","target":{"@type":"EntryPoint","urlTemplate":"https:\/\/osnovnaskolamalinskadubasnica.hr\/?s={search_term_string}"},"query-input":{"@type":"PropertyValueSpecification","valueRequired":true,"valueName":"search_term_string"}}],"inLanguage":"hr"}]}},"_links":{"self":[{"href":"http:\/\/osnovnaskolamalinskadubasnica.hr\/index.php?rest_route=\/wp\/v2\/pages\/5496","targetHints":{"allow":["GET"]}}],"collection":[{"href":"http:\/\/osnovnaskolamalinskadubasnica.hr\/index.php?rest_route=\/wp\/v2\/pages"}],"about":[{"href":"http:\/\/osnovnaskolamalinskadubasnica.hr\/index.php?rest_route=\/wp\/v2\/types\/page"}],"author":[{"embeddable":true,"href":"http:\/\/osnovnaskolamalinskadubasnica.hr\/index.php?rest_route=\/wp\/v2\/users\/1"}],"replies":[{"embeddable":true,"href":"http:\/\/osnovnaskolamalinskadubasnica.hr\/index.php?rest_route=%2Fwp%2Fv2%2Fcomments&post=5496"}],"version-history":[{"count":64,"href":"http:\/\/osnovnaskolamalinskadubasnica.hr\/index.php?rest_route=\/wp\/v2\/pages\/5496\/revisions"}],"predecessor-version":[{"id":29710,"href":"http:\/\/osnovnaskolamalinskadubasnica.hr\/index.php?rest_route=\/wp\/v2\/pages\/5496\/revisions\/29710"}],"wp:attachment":[{"href":"http:\/\/osnovnaskolamalinskadubasnica.hr\/index.php?rest_route=%2Fwp%2Fv2%2Fmedia&parent=5496"}],"curies":[{"name":"wp","href":"https:\/\/api.w.org\/{rel}","templated":true}]}}