{"id":3018,"date":"2014-06-12T01:34:31","date_gmt":"2014-06-12T01:34:31","guid":{"rendered":"http:\/\/osnovnaskolakrk.hr\/malinska\/?page_id=3018"},"modified":"2017-09-18T21:10:09","modified_gmt":"2017-09-18T21:10:09","slug":"iz-skolske-biljeznice","status":"publish","type":"page","link":"http:\/\/osnovnaskolamalinskadubasnica.hr\/?page_id=3018","title":{"rendered":"Iz \u0161kolske bilje\u017enice"},"content":{"rendered":"<p>&nbsp;<\/p>\n<p><a href=\"http:\/\/osnovnaskolamalinskadubasnica.hr\/?p=11037\"><img loading=\"lazy\" decoding=\"async\" class=\"alignleft wp-image-11041\" src=\"http:\/\/osnovnaskolamalinskadubasnica.hr\/wp-content\/uploads\/writing-a-book.jpg\" alt=\"\" width=\"200\" height=\"195\" \/><\/a><strong><a href=\"http:\/\/osnovnaskolamalinskadubasnica.hr\/?p=11037\">Kad bih ja pisao pravila o prijateljstvu &#8230;<\/a><\/strong><\/p>\n<p style=\"text-align: justify;\"><span style=\"color: #000000;\">Na\u0161 je Kristian Kobrehel, u\u010denik 6. a razreda, ovoga ljeta dio praznika proveo u <em>Ljetnom kampu u planinama<\/em> gdje je sudjelovao u programu <em>\u0160kola Lijepog \u010citanja<\/em>. <\/span><\/p>\n<p style=\"text-align: justify;\"><span style=\"color: #000000;\">Kristian se iz kampa vratio s diplomom za Najbolju emotivnu pri\u010du.<\/span><\/p>\n<p>&nbsp;<\/p>\n<p><a href=\"http:\/\/osnovnaskolamalinskadubasnica.hr\/?p=10272\"><img loading=\"lazy\" decoding=\"async\" class=\"alignleft wp-image-10271\" src=\"http:\/\/osnovnaskolamalinskadubasnica.hr\/wp-content\/uploads\/m-05.jpg\" alt=\"\" width=\"200\" height=\"120\" srcset=\"http:\/\/osnovnaskolamalinskadubasnica.hr\/wp-content\/uploads\/m-05.jpg 1682w, http:\/\/osnovnaskolamalinskadubasnica.hr\/wp-content\/uploads\/m-05-768x459.jpg 768w\" sizes=\"auto, (max-width: 200px) 100vw, 200px\" \/><\/a><strong><a href=\"http:\/\/osnovnaskolamalinskadubasnica.hr\/?p=10272\">Fantasti\u010dno putovanje: Malinska u budu\u0107nosti<\/a><\/strong><\/p>\n<p style=\"text-align: justify;\"><span style=\"color: #000000;\">Sedam kratkih pri\u010da koje \u0107e vas, poput vremeplova, odvesti na fantasti\u010dno putovanje u daleku 3012. godinu i okriti vam Malinsku u budu\u0107nosti.<br \/>\n<span style=\"color: #ffffff;\">.<\/span><\/span><\/p>\n<p><a href=\"http:\/\/osnovnaskolamalinskadubasnica.hr\/?page_id=4098\" rel=\"attachment wp-att-4099\"><img loading=\"lazy\" decoding=\"async\" class=\"alignleft wp-image-4099\" src=\"http:\/\/osnovnaskolamalinskadubasnica.hr\/wp-content\/uploads\/jesus-young-man-yellow.jpg\" width=\"200\" height=\"144\" srcset=\"http:\/\/osnovnaskolamalinskadubasnica.hr\/wp-content\/uploads\/jesus-young-man-yellow.jpg 478w, http:\/\/osnovnaskolamalinskadubasnica.hr\/wp-content\/uploads\/jesus-young-man-yellow-250x179.jpg 250w\" sizes=\"auto, (max-width: 200px) 100vw, 200px\" \/><\/a><strong><a title=\"Kakav je Bog u kojeg ja vjerujem?\" href=\"http:\/\/osnovnaskolamalinskadubasnica.hr\/?page_id=4098\">KAKAV JE BOG U KOJEG JA VJERUJEM?<\/a><\/strong><\/p>\n<p><em><span style=\"color: #800000;\">pi\u0161e: <\/span><\/em><\/p>\n<p><em><span style=\"color: #800000;\">Marija Bogdani\u0107, 8. razred<\/span><\/em><\/p>\n<p>&nbsp;<\/p>\n<p><a href=\"http:\/\/osnovnaskolamalinskadubasnica.hr\/?page_id=4066\" rel=\"attachment wp-att-3910\"><img loading=\"lazy\" decoding=\"async\" class=\"alignleft wp-image-3910\" src=\"http:\/\/osnovnaskolamalinskadubasnica.hr\/wp-content\/uploads\/maria.jpg\" width=\"200\" height=\"145\" srcset=\"http:\/\/osnovnaskolamalinskadubasnica.hr\/wp-content\/uploads\/maria.jpg 900w, http:\/\/osnovnaskolamalinskadubasnica.hr\/wp-content\/uploads\/maria-300x217.jpg 300w, http:\/\/osnovnaskolamalinskadubasnica.hr\/wp-content\/uploads\/maria-250x180.jpg 250w\" sizes=\"auto, (max-width: 200px) 100vw, 200px\" \/><\/a><strong><a title=\"Pismo s boji\u0161ta\" href=\"http:\/\/osnovnaskolamalinskadubasnica.hr\/?page_id=4066\">Maria Kralji\u0107: PISMO S BOJI\u0160TA<\/a><\/strong><\/p>\n<p style=\"text-align: justify;\"><em><span style=\"color: #800000;\">Literarni rad, nastao u Maloj staroslavenskoj akademiji, dirljivo je pismo jednog vojnika iz Prvog svjetskog rata, koji pi\u0161e pismo s boji\u0161ta svojoj dragoj.<\/span><\/em><\/p>\n<p style=\"text-align: justify;\"><span style=\"color: #ffffff;\">.<\/span><\/p>\n<p><a href=\"http:\/\/osnovnaskolamalinskadubasnica.hr\/?page_id=3325\" rel=\"attachment wp-att-3323\"><img loading=\"lazy\" decoding=\"async\" class=\"alignleft wp-image-3323\" src=\"http:\/\/osnovnaskolamalinskadubasnica.hr\/wp-content\/uploads\/Kristina-Manzoni.jpg\" width=\"200\" height=\"156\" srcset=\"http:\/\/osnovnaskolamalinskadubasnica.hr\/wp-content\/uploads\/Kristina-Manzoni.jpg 798w, http:\/\/osnovnaskolamalinskadubasnica.hr\/wp-content\/uploads\/Kristina-Manzoni-300x233.jpg 300w, http:\/\/osnovnaskolamalinskadubasnica.hr\/wp-content\/uploads\/Kristina-Manzoni-250x194.jpg 250w\" sizes=\"auto, (max-width: 200px) 100vw, 200px\" \/><\/a><strong><a title=\"Pogled preko ramena\" href=\"http:\/\/osnovnaskolamalinskadubasnica.hr\/?page_id=3325\">POGLED PREKO RAMENA<\/a><\/strong>, <em><span style=\"color: #800000;\">Kristina Manzoni<\/span><\/em><\/p>\n<p style=\"text-align: justify;\"><em><span style=\"color: #800000;\">Opisuju\u0107i svoj put kroz osnovnu \u0161kolu, Kristina nam donosi svoju pri\u010du, ali i pri\u010du o cijeloj jednoj generaciji osma\u0161a i njihovoj uzbudljivoj osmogodi\u0161njoj avanturi.<\/span><\/em><\/p>\n<p>&nbsp;<\/p>\n<p>&nbsp;<\/p>\n<p>&nbsp;<\/p>\n","protected":false},"excerpt":{"rendered":"<p>&nbsp; Kad bih ja pisao pravila o prijateljstvu &#8230; Na\u0161 je Kristian Kobrehel, u\u010denik 6. a razreda, ovoga ljeta dio praznika proveo u Ljetnom kampu u planinama gdje je sudjelovao u programu \u0160kola Lijepog \u010citanja. Kristian se iz kampa vratio &hellip; <a href=\"http:\/\/osnovnaskolamalinskadubasnica.hr\/?page_id=3018\">Nastavi \u010ditati <span class=\"meta-nav\">&rarr;<\/span><\/a><\/p>\n","protected":false},"author":1,"featured_media":0,"parent":0,"menu_order":0,"comment_status":"closed","ping_status":"closed","template":"","meta":{"footnotes":""},"class_list":["post-3018","page","type-page","status-publish","hentry"],"yoast_head":"<!-- This site is optimized with the Yoast SEO plugin v27.2 - https:\/\/yoast.com\/product\/yoast-seo-wordpress\/ -->\n<title>Iz \u0161kolske bilje\u017enice - Osnovna \u0161kola Malinska-Duba\u0161nica<\/title>\n<meta name=\"robots\" content=\"index, follow, max-snippet:-1, max-image-preview:large, max-video-preview:-1\" \/>\n<link rel=\"canonical\" href=\"https:\/\/osnovnaskolamalinskadubasnica.hr\/?page_id=3018\" \/>\n<meta property=\"og:locale\" content=\"hr_HR\" \/>\n<meta property=\"og:type\" content=\"article\" \/>\n<meta property=\"og:title\" content=\"Iz \u0161kolske bilje\u017enice - Osnovna \u0161kola Malinska-Duba\u0161nica\" \/>\n<meta property=\"og:description\" content=\"&nbsp; Kad bih ja pisao pravila o prijateljstvu &#8230; Na\u0161 je Kristian Kobrehel, u\u010denik 6. a razreda, ovoga ljeta dio praznika proveo u Ljetnom kampu u planinama gdje je sudjelovao u programu \u0160kola Lijepog \u010citanja. Kristian se iz kampa vratio &hellip; Nastavi \u010ditati &rarr;\" \/>\n<meta property=\"og:url\" content=\"https:\/\/osnovnaskolamalinskadubasnica.hr\/?page_id=3018\" \/>\n<meta property=\"og:site_name\" content=\"Osnovna \u0161kola Malinska-Duba\u0161nica\" \/>\n<meta property=\"article:publisher\" content=\"https:\/\/www.facebook.com\/osmalinskadubasnica\/\" \/>\n<meta property=\"article:modified_time\" content=\"2017-09-18T21:10:09+00:00\" \/>\n<meta property=\"og:image\" content=\"http:\/\/osnovnaskolamalinskadubasnica.hr\/wp-content\/uploads\/writing-a-book.jpg\" \/>\n<meta name=\"twitter:card\" content=\"summary_large_image\" \/>\n<meta name=\"twitter:label1\" content=\"Procijenjeno vrijeme \u010ditanja\" \/>\n\t<meta name=\"twitter:data1\" content=\"1 minuta\" \/>\n<script type=\"application\/ld+json\" class=\"yoast-schema-graph\">{\"@context\":\"https:\/\/schema.org\",\"@graph\":[{\"@type\":\"WebPage\",\"@id\":\"https:\/\/osnovnaskolamalinskadubasnica.hr\/?page_id=3018\",\"url\":\"https:\/\/osnovnaskolamalinskadubasnica.hr\/?page_id=3018\",\"name\":\"Iz \u0161kolske bilje\u017enice - Osnovna \u0161kola Malinska-Duba\u0161nica\",\"isPartOf\":{\"@id\":\"https:\/\/osnovnaskolamalinskadubasnica.hr\/#website\"},\"primaryImageOfPage\":{\"@id\":\"https:\/\/osnovnaskolamalinskadubasnica.hr\/?page_id=3018#primaryimage\"},\"image\":{\"@id\":\"https:\/\/osnovnaskolamalinskadubasnica.hr\/?page_id=3018#primaryimage\"},\"thumbnailUrl\":\"http:\/\/osnovnaskolamalinskadubasnica.hr\/wp-content\/uploads\/writing-a-book.jpg\",\"datePublished\":\"2014-06-12T01:34:31+00:00\",\"dateModified\":\"2017-09-18T21:10:09+00:00\",\"breadcrumb\":{\"@id\":\"https:\/\/osnovnaskolamalinskadubasnica.hr\/?page_id=3018#breadcrumb\"},\"inLanguage\":\"hr\",\"potentialAction\":[{\"@type\":\"ReadAction\",\"target\":[\"https:\/\/osnovnaskolamalinskadubasnica.hr\/?page_id=3018\"]}]},{\"@type\":\"ImageObject\",\"inLanguage\":\"hr\",\"@id\":\"https:\/\/osnovnaskolamalinskadubasnica.hr\/?page_id=3018#primaryimage\",\"url\":\"http:\/\/osnovnaskolamalinskadubasnica.hr\/wp-content\/uploads\/writing-a-book.jpg\",\"contentUrl\":\"http:\/\/osnovnaskolamalinskadubasnica.hr\/wp-content\/uploads\/writing-a-book.jpg\",\"width\":600,\"height\":584},{\"@type\":\"BreadcrumbList\",\"@id\":\"https:\/\/osnovnaskolamalinskadubasnica.hr\/?page_id=3018#breadcrumb\",\"itemListElement\":[{\"@type\":\"ListItem\",\"position\":1,\"name\":\"Po\u010detna stranica\",\"item\":\"https:\/\/osnovnaskolamalinskadubasnica.hr\/\"},{\"@type\":\"ListItem\",\"position\":2,\"name\":\"Iz \u0161kolske bilje\u017enice\"}]},{\"@type\":\"WebSite\",\"@id\":\"https:\/\/osnovnaskolamalinskadubasnica.hr\/#website\",\"url\":\"https:\/\/osnovnaskolamalinskadubasnica.hr\/\",\"name\":\"Osnovna \u0161kola Malinska-Duba\u0161nica\",\"description\":\"\",\"potentialAction\":[{\"@type\":\"SearchAction\",\"target\":{\"@type\":\"EntryPoint\",\"urlTemplate\":\"https:\/\/osnovnaskolamalinskadubasnica.hr\/?s={search_term_string}\"},\"query-input\":{\"@type\":\"PropertyValueSpecification\",\"valueRequired\":true,\"valueName\":\"search_term_string\"}}],\"inLanguage\":\"hr\"}]}<\/script>\n<!-- \/ Yoast SEO plugin. -->","yoast_head_json":{"title":"Iz \u0161kolske bilje\u017enice - Osnovna \u0161kola Malinska-Duba\u0161nica","robots":{"index":"index","follow":"follow","max-snippet":"max-snippet:-1","max-image-preview":"max-image-preview:large","max-video-preview":"max-video-preview:-1"},"canonical":"https:\/\/osnovnaskolamalinskadubasnica.hr\/?page_id=3018","og_locale":"hr_HR","og_type":"article","og_title":"Iz \u0161kolske bilje\u017enice - Osnovna \u0161kola Malinska-Duba\u0161nica","og_description":"&nbsp; Kad bih ja pisao pravila o prijateljstvu &#8230; Na\u0161 je Kristian Kobrehel, u\u010denik 6. a razreda, ovoga ljeta dio praznika proveo u Ljetnom kampu u planinama gdje je sudjelovao u programu \u0160kola Lijepog \u010citanja. Kristian se iz kampa vratio &hellip; Nastavi \u010ditati &rarr;","og_url":"https:\/\/osnovnaskolamalinskadubasnica.hr\/?page_id=3018","og_site_name":"Osnovna \u0161kola Malinska-Duba\u0161nica","article_publisher":"https:\/\/www.facebook.com\/osmalinskadubasnica\/","article_modified_time":"2017-09-18T21:10:09+00:00","og_image":[{"url":"http:\/\/osnovnaskolamalinskadubasnica.hr\/wp-content\/uploads\/writing-a-book.jpg","type":"","width":"","height":""}],"twitter_card":"summary_large_image","twitter_misc":{"Procijenjeno vrijeme \u010ditanja":"1 minuta"},"schema":{"@context":"https:\/\/schema.org","@graph":[{"@type":"WebPage","@id":"https:\/\/osnovnaskolamalinskadubasnica.hr\/?page_id=3018","url":"https:\/\/osnovnaskolamalinskadubasnica.hr\/?page_id=3018","name":"Iz \u0161kolske bilje\u017enice - Osnovna \u0161kola Malinska-Duba\u0161nica","isPartOf":{"@id":"https:\/\/osnovnaskolamalinskadubasnica.hr\/#website"},"primaryImageOfPage":{"@id":"https:\/\/osnovnaskolamalinskadubasnica.hr\/?page_id=3018#primaryimage"},"image":{"@id":"https:\/\/osnovnaskolamalinskadubasnica.hr\/?page_id=3018#primaryimage"},"thumbnailUrl":"http:\/\/osnovnaskolamalinskadubasnica.hr\/wp-content\/uploads\/writing-a-book.jpg","datePublished":"2014-06-12T01:34:31+00:00","dateModified":"2017-09-18T21:10:09+00:00","breadcrumb":{"@id":"https:\/\/osnovnaskolamalinskadubasnica.hr\/?page_id=3018#breadcrumb"},"inLanguage":"hr","potentialAction":[{"@type":"ReadAction","target":["https:\/\/osnovnaskolamalinskadubasnica.hr\/?page_id=3018"]}]},{"@type":"ImageObject","inLanguage":"hr","@id":"https:\/\/osnovnaskolamalinskadubasnica.hr\/?page_id=3018#primaryimage","url":"http:\/\/osnovnaskolamalinskadubasnica.hr\/wp-content\/uploads\/writing-a-book.jpg","contentUrl":"http:\/\/osnovnaskolamalinskadubasnica.hr\/wp-content\/uploads\/writing-a-book.jpg","width":600,"height":584},{"@type":"BreadcrumbList","@id":"https:\/\/osnovnaskolamalinskadubasnica.hr\/?page_id=3018#breadcrumb","itemListElement":[{"@type":"ListItem","position":1,"name":"Po\u010detna stranica","item":"https:\/\/osnovnaskolamalinskadubasnica.hr\/"},{"@type":"ListItem","position":2,"name":"Iz \u0161kolske bilje\u017enice"}]},{"@type":"WebSite","@id":"https:\/\/osnovnaskolamalinskadubasnica.hr\/#website","url":"https:\/\/osnovnaskolamalinskadubasnica.hr\/","name":"Osnovna \u0161kola Malinska-Duba\u0161nica","description":"","potentialAction":[{"@type":"SearchAction","target":{"@type":"EntryPoint","urlTemplate":"https:\/\/osnovnaskolamalinskadubasnica.hr\/?s={search_term_string}"},"query-input":{"@type":"PropertyValueSpecification","valueRequired":true,"valueName":"search_term_string"}}],"inLanguage":"hr"}]}},"_links":{"self":[{"href":"http:\/\/osnovnaskolamalinskadubasnica.hr\/index.php?rest_route=\/wp\/v2\/pages\/3018","targetHints":{"allow":["GET"]}}],"collection":[{"href":"http:\/\/osnovnaskolamalinskadubasnica.hr\/index.php?rest_route=\/wp\/v2\/pages"}],"about":[{"href":"http:\/\/osnovnaskolamalinskadubasnica.hr\/index.php?rest_route=\/wp\/v2\/types\/page"}],"author":[{"embeddable":true,"href":"http:\/\/osnovnaskolamalinskadubasnica.hr\/index.php?rest_route=\/wp\/v2\/users\/1"}],"replies":[{"embeddable":true,"href":"http:\/\/osnovnaskolamalinskadubasnica.hr\/index.php?rest_route=%2Fwp%2Fv2%2Fcomments&post=3018"}],"version-history":[{"count":37,"href":"http:\/\/osnovnaskolamalinskadubasnica.hr\/index.php?rest_route=\/wp\/v2\/pages\/3018\/revisions"}],"predecessor-version":[{"id":11042,"href":"http:\/\/osnovnaskolamalinskadubasnica.hr\/index.php?rest_route=\/wp\/v2\/pages\/3018\/revisions\/11042"}],"wp:attachment":[{"href":"http:\/\/osnovnaskolamalinskadubasnica.hr\/index.php?rest_route=%2Fwp%2Fv2%2Fmedia&parent=3018"}],"curies":[{"name":"wp","href":"https:\/\/api.w.org\/{rel}","templated":true}]}}