{"id":189,"date":"2013-09-26T17:55:30","date_gmt":"2013-09-26T17:55:30","guid":{"rendered":"http:\/\/osnovnaskolakrk.hr\/malinska\/?page_id=189"},"modified":"2013-09-26T18:09:51","modified_gmt":"2013-09-26T18:09:51","slug":"popis-lektire-za-8-razred","status":"publish","type":"page","link":"http:\/\/osnovnaskolamalinskadubasnica.hr\/?page_id=189","title":{"rendered":"Popis lektire za 8. razred"},"content":{"rendered":"<p>U\u010denici izabiru 9 djela, prva tri su obavezna.<\/p>\n<p><strong>1. <em>Dinko \u0160imunovi\u0107<\/em>: Alkar<\/strong><br \/>\n<strong><strong>2. <em>Slavko Kolar<\/em>: Breza<\/strong><br \/>\n<strong>3. <\/strong><\/strong><strong><em>Dragutin Tadijanovi\u0107<\/em>: Srebrne svirale<\/strong><br \/>\n4. <em>Ernest Hemingway<\/em>: Starac i more<br \/>\n5. <em>August \u0160enoa<\/em>: Prosjak Luka ili Branka<br \/>\n6. Dnevnik Ane Frank<br \/>\n7. <em>Ephraim Kishon<\/em>: Kod ku\u0107e je najgore<br \/>\n8. <em>Vi\u0161nja Stahuljak<\/em>: Don od Trome\u0111e ili Zlatna vuga<br \/>\n9. <em>Marija Juri\u0107 Zagorka<\/em>: K\u0107i Lotr\u0161\u0107aka<br \/>\n10. <em>Sun\u010dana \u0160krinjari\u0107<\/em>: Ulica predaka ili \u010carobni prosjak<br \/>\n11. <em>\u0110uro Sudeta<\/em>: Mor<br \/>\n12. <em>William Shakespeare<\/em>: Romeo i Julija<br \/>\n13. <em>Pero Budak<\/em>: Me\u0107ava<br \/>\n14. <em>Silvija \u0160esto<\/em>: Debela ili Vanda ili Tko je ubio Pa\u0161teticu<br \/>\n15. <em>Nada Mihel\u010di\u0107<\/em>: Bilje\u0161ke jedne gimnazijalke<br \/>\n16. <em>Maja Brajko Livakovi\u0107<\/em>: Kad pobijedi ljubav<br \/>\n17. <em>Sanja Pili\u0107<\/em>: O mamama sve najbolje ili Sasvim sam popubertetio<br \/>\n18. <em>Vladan Desnica<\/em>: Pravda<br \/>\n19. <em>Mate Balota<\/em>: Tijesna zemlja<br \/>\n20. Eugen <em>Kumi\u010di\u0107:<\/em> Sirota ili Za\u010du\u0111eni svatovi<br \/>\n21. <em>Tomislav Milohani\u0107<\/em>: De\u0161tini i znamenje<br \/>\n22. <em>Miroslav Krle\u017ea<\/em>: Djetinjstvo<br \/>\n23. <em>Ivan Goran Kova\u010di\u0107<\/em>: Pripovijetke<br \/>\n24. <em>Karl Bruckner<\/em>: Sadako ho\u0107e \u017eivjeti<br \/>\n25. <em>Josip La\u0107a<\/em>: Grand hotel<br \/>\n26. <em>Goran Tribuson<\/em>: Legija stranaca ili Rani dani ili Ne dao Bog ve\u0107eg zla<br \/>\n27. <em>Zlatko Krili\u0107<\/em>: Krik<br \/>\n28. <em>Milena Mandi\u0107<\/em>: Pokajnik<br \/>\n29. <em>Antoine de Saint Exupery<\/em>: Mali princ<br \/>\n30. <em>Richard Bach<\/em>: Galeb Jonathan Livingston<br \/>\n31. <em>Nancy Farmer<\/em>: Ku\u0107a \u0161korpiona<br \/>\n32. <em>Nick Hornbv<\/em>: Sve zbog jednog dje\u010daka<br \/>\n33. <em>Michael Ende<\/em>: Momo ili Beskrajna pri\u010da<\/p>\n","protected":false},"excerpt":{"rendered":"<p>U\u010denici izabiru 9 djela, prva tri su obavezna. 1. Dinko \u0160imunovi\u0107: Alkar 2. Slavko Kolar: Breza 3. Dragutin Tadijanovi\u0107: Srebrne svirale 4. Ernest Hemingway: Starac i more 5. August \u0160enoa: Prosjak Luka ili Branka 6. Dnevnik Ane Frank 7. Ephraim &hellip; <a href=\"http:\/\/osnovnaskolamalinskadubasnica.hr\/?page_id=189\">Nastavi \u010ditati <span class=\"meta-nav\">&rarr;<\/span><\/a><\/p>\n","protected":false},"author":1,"featured_media":0,"parent":0,"menu_order":0,"comment_status":"closed","ping_status":"open","template":"","meta":{"footnotes":""},"class_list":["post-189","page","type-page","status-publish","hentry"],"yoast_head":"<!-- This site is optimized with the Yoast SEO plugin v27.5 - https:\/\/yoast.com\/product\/yoast-seo-wordpress\/ -->\n<title>Popis lektire za 8. razred - Osnovna \u0161kola Malinska-Duba\u0161nica<\/title>\n<meta name=\"robots\" content=\"index, follow, max-snippet:-1, max-image-preview:large, max-video-preview:-1\" \/>\n<link rel=\"canonical\" href=\"http:\/\/osnovnaskolamalinskadubasnica.hr\/?page_id=189\" \/>\n<meta property=\"og:locale\" content=\"hr_HR\" \/>\n<meta property=\"og:type\" content=\"article\" \/>\n<meta property=\"og:title\" content=\"Popis lektire za 8. razred - Osnovna \u0161kola Malinska-Duba\u0161nica\" \/>\n<meta property=\"og:description\" content=\"U\u010denici izabiru 9 djela, prva tri su obavezna. 1. Dinko \u0160imunovi\u0107: Alkar 2. Slavko Kolar: Breza 3. Dragutin Tadijanovi\u0107: Srebrne svirale 4. Ernest Hemingway: Starac i more 5. August \u0160enoa: Prosjak Luka ili Branka 6. Dnevnik Ane Frank 7. Ephraim &hellip; Nastavi \u010ditati &rarr;\" \/>\n<meta property=\"og:url\" content=\"http:\/\/osnovnaskolamalinskadubasnica.hr\/?page_id=189\" \/>\n<meta property=\"og:site_name\" content=\"Osnovna \u0161kola Malinska-Duba\u0161nica\" \/>\n<meta property=\"article:publisher\" content=\"https:\/\/www.facebook.com\/osmalinskadubasnica\/\" \/>\n<meta property=\"article:modified_time\" content=\"2013-09-26T18:09:51+00:00\" \/>\n<meta name=\"twitter:card\" content=\"summary_large_image\" \/>\n<meta name=\"twitter:label1\" content=\"Procijenjeno vrijeme \u010ditanja\" \/>\n\t<meta name=\"twitter:data1\" content=\"1 minuta\" \/>\n<script type=\"application\/ld+json\" class=\"yoast-schema-graph\">{\"@context\":\"https:\\\/\\\/schema.org\",\"@graph\":[{\"@type\":\"WebPage\",\"@id\":\"http:\\\/\\\/osnovnaskolamalinskadubasnica.hr\\\/?page_id=189\",\"url\":\"http:\\\/\\\/osnovnaskolamalinskadubasnica.hr\\\/?page_id=189\",\"name\":\"Popis lektire za 8. razred - Osnovna \u0161kola Malinska-Duba\u0161nica\",\"isPartOf\":{\"@id\":\"http:\\\/\\\/osnovnaskolamalinskadubasnica.hr\\\/#website\"},\"datePublished\":\"2013-09-26T17:55:30+00:00\",\"dateModified\":\"2013-09-26T18:09:51+00:00\",\"breadcrumb\":{\"@id\":\"http:\\\/\\\/osnovnaskolamalinskadubasnica.hr\\\/?page_id=189#breadcrumb\"},\"inLanguage\":\"hr\",\"potentialAction\":[{\"@type\":\"ReadAction\",\"target\":[\"http:\\\/\\\/osnovnaskolamalinskadubasnica.hr\\\/?page_id=189\"]}]},{\"@type\":\"BreadcrumbList\",\"@id\":\"http:\\\/\\\/osnovnaskolamalinskadubasnica.hr\\\/?page_id=189#breadcrumb\",\"itemListElement\":[{\"@type\":\"ListItem\",\"position\":1,\"name\":\"Po\u010detna stranica\",\"item\":\"http:\\\/\\\/osnovnaskolamalinskadubasnica.hr\\\/\"},{\"@type\":\"ListItem\",\"position\":2,\"name\":\"Popis lektire za 8. razred\"}]},{\"@type\":\"WebSite\",\"@id\":\"http:\\\/\\\/osnovnaskolamalinskadubasnica.hr\\\/#website\",\"url\":\"http:\\\/\\\/osnovnaskolamalinskadubasnica.hr\\\/\",\"name\":\"Osnovna \u0161kola Malinska-Duba\u0161nica\",\"description\":\"\",\"potentialAction\":[{\"@type\":\"SearchAction\",\"target\":{\"@type\":\"EntryPoint\",\"urlTemplate\":\"http:\\\/\\\/osnovnaskolamalinskadubasnica.hr\\\/?s={search_term_string}\"},\"query-input\":{\"@type\":\"PropertyValueSpecification\",\"valueRequired\":true,\"valueName\":\"search_term_string\"}}],\"inLanguage\":\"hr\"}]}<\/script>\n<!-- \/ Yoast SEO plugin. -->","yoast_head_json":{"title":"Popis lektire za 8. razred - Osnovna \u0161kola Malinska-Duba\u0161nica","robots":{"index":"index","follow":"follow","max-snippet":"max-snippet:-1","max-image-preview":"max-image-preview:large","max-video-preview":"max-video-preview:-1"},"canonical":"http:\/\/osnovnaskolamalinskadubasnica.hr\/?page_id=189","og_locale":"hr_HR","og_type":"article","og_title":"Popis lektire za 8. razred - Osnovna \u0161kola Malinska-Duba\u0161nica","og_description":"U\u010denici izabiru 9 djela, prva tri su obavezna. 1. Dinko \u0160imunovi\u0107: Alkar 2. Slavko Kolar: Breza 3. Dragutin Tadijanovi\u0107: Srebrne svirale 4. Ernest Hemingway: Starac i more 5. August \u0160enoa: Prosjak Luka ili Branka 6. Dnevnik Ane Frank 7. Ephraim &hellip; Nastavi \u010ditati &rarr;","og_url":"http:\/\/osnovnaskolamalinskadubasnica.hr\/?page_id=189","og_site_name":"Osnovna \u0161kola Malinska-Duba\u0161nica","article_publisher":"https:\/\/www.facebook.com\/osmalinskadubasnica\/","article_modified_time":"2013-09-26T18:09:51+00:00","twitter_card":"summary_large_image","twitter_misc":{"Procijenjeno vrijeme \u010ditanja":"1 minuta"},"schema":{"@context":"https:\/\/schema.org","@graph":[{"@type":"WebPage","@id":"http:\/\/osnovnaskolamalinskadubasnica.hr\/?page_id=189","url":"http:\/\/osnovnaskolamalinskadubasnica.hr\/?page_id=189","name":"Popis lektire za 8. razred - Osnovna \u0161kola Malinska-Duba\u0161nica","isPartOf":{"@id":"http:\/\/osnovnaskolamalinskadubasnica.hr\/#website"},"datePublished":"2013-09-26T17:55:30+00:00","dateModified":"2013-09-26T18:09:51+00:00","breadcrumb":{"@id":"http:\/\/osnovnaskolamalinskadubasnica.hr\/?page_id=189#breadcrumb"},"inLanguage":"hr","potentialAction":[{"@type":"ReadAction","target":["http:\/\/osnovnaskolamalinskadubasnica.hr\/?page_id=189"]}]},{"@type":"BreadcrumbList","@id":"http:\/\/osnovnaskolamalinskadubasnica.hr\/?page_id=189#breadcrumb","itemListElement":[{"@type":"ListItem","position":1,"name":"Po\u010detna stranica","item":"http:\/\/osnovnaskolamalinskadubasnica.hr\/"},{"@type":"ListItem","position":2,"name":"Popis lektire za 8. razred"}]},{"@type":"WebSite","@id":"http:\/\/osnovnaskolamalinskadubasnica.hr\/#website","url":"http:\/\/osnovnaskolamalinskadubasnica.hr\/","name":"Osnovna \u0161kola Malinska-Duba\u0161nica","description":"","potentialAction":[{"@type":"SearchAction","target":{"@type":"EntryPoint","urlTemplate":"http:\/\/osnovnaskolamalinskadubasnica.hr\/?s={search_term_string}"},"query-input":{"@type":"PropertyValueSpecification","valueRequired":true,"valueName":"search_term_string"}}],"inLanguage":"hr"}]}},"_links":{"self":[{"href":"http:\/\/osnovnaskolamalinskadubasnica.hr\/index.php?rest_route=\/wp\/v2\/pages\/189","targetHints":{"allow":["GET"]}}],"collection":[{"href":"http:\/\/osnovnaskolamalinskadubasnica.hr\/index.php?rest_route=\/wp\/v2\/pages"}],"about":[{"href":"http:\/\/osnovnaskolamalinskadubasnica.hr\/index.php?rest_route=\/wp\/v2\/types\/page"}],"author":[{"embeddable":true,"href":"http:\/\/osnovnaskolamalinskadubasnica.hr\/index.php?rest_route=\/wp\/v2\/users\/1"}],"replies":[{"embeddable":true,"href":"http:\/\/osnovnaskolamalinskadubasnica.hr\/index.php?rest_route=%2Fwp%2Fv2%2Fcomments&post=189"}],"version-history":[{"count":2,"href":"http:\/\/osnovnaskolamalinskadubasnica.hr\/index.php?rest_route=\/wp\/v2\/pages\/189\/revisions"}],"predecessor-version":[{"id":194,"href":"http:\/\/osnovnaskolamalinskadubasnica.hr\/index.php?rest_route=\/wp\/v2\/pages\/189\/revisions\/194"}],"wp:attachment":[{"href":"http:\/\/osnovnaskolamalinskadubasnica.hr\/index.php?rest_route=%2Fwp%2Fv2%2Fmedia&parent=189"}],"curies":[{"name":"wp","href":"https:\/\/api.w.org\/{rel}","templated":true}]}}