{"id":178,"date":"2013-09-26T13:17:03","date_gmt":"2013-09-26T13:17:03","guid":{"rendered":"http:\/\/osnovnaskolakrk.hr\/malinska\/?page_id=178"},"modified":"2013-09-26T13:17:03","modified_gmt":"2013-09-26T13:17:03","slug":"popis-lektire-za-5-razred","status":"publish","type":"page","link":"http:\/\/osnovnaskolamalinskadubasnica.hr\/?page_id=178","title":{"rendered":"Popis lektire za 5. razred"},"content":{"rendered":"<p>U\u010denici izabiru 9 djela, prva tri su obavezna.<\/p>\n<p><strong>1. <em>Ivan Ku\u0161an:<\/em> Uzbuna na Zelenom Vrhu <\/strong>ili <strong>Koko i duhovi<\/strong>\u00a0ili <strong>Zagonetni dje\u010dak <\/strong>ili <strong>Koko u Parizu <\/strong>ili <strong>La\u017ee\u0161, Melita <\/strong>ili <strong>Doma\u0107a zada\u0107a<\/strong><br \/>\n<strong><strong>2. <\/strong><\/strong><strong>\u0160aljive narodne pri\u010de<\/strong><br \/>\n<strong><strong>3. <em>Ferenc Molnar<\/em>: Junaci Pavlove ulice<\/strong><\/strong><br \/>\n4. <em>Milivoj Mato\u0161ec<\/em>: Strah u Ulici lipa ili Tiki tra\u017ei neznanca ili Posada oklopnog vlaka ili Suvi\u0161an u Svemiru<br \/>\n5. <em>Grigor Vitez:<\/em> Pjesme<br \/>\n6.<em> Sempe\/Goscinny:<\/em> Nikica<br \/>\n7. <em>Miro Gavran:<\/em> Sretni dani ili Kako je tata osvojio mamu ili Zaljubljen do u\u0161iju ili Sva\u0161ta u mojoj glavi<br \/>\n8. <em>Zlatko Krili\u0107:<\/em> Po\u010detak plovidbe ili \u010cudnovata istina ili Zabranjena vrata ili Veliki zavodnik ili \u0160aljive pri\u010de i pri\u010de bez \u0161ale<br \/>\n9. <em>Sanja Pili\u0107:<\/em> Mrvice iz dnevnog boravka<br \/>\n10. <em>Pavao Pavli\u010di\u0107:<\/em> Zeleni tigar ili Petlja ili Trojica u Trnju<br \/>\n11. <em>Michael Coleman:<\/em> Zov labirinta ili Mre\u017ea je ba\u010dena ili Bijeg s Mre\u017ee<br \/>\n12. <em>Tihomir Horvat:<\/em> Tajna Gornjega grada ili Frka u \u0160\u010ditarjevu ili Muki<br \/>\n13. <em>Mark Twain<\/em>: Do\u017eivljaji Toma Sawyera ili Do\u017eivljaji Huckleberrvja Finna<br \/>\n14. <em>Jules Verne<\/em>: Put u sredi\u0161te zemlje ili Put oko svijeta za 80 dana ili 20000 milja pod morem<br \/>\n15. <em>Maja Brajko-Livakovi\u0107<\/em>: Finka Fi<br \/>\n16. <em>Tito Bilopavlovi\u0107<\/em>: Pauna\u0161<br \/>\n17. <em>Aleksandar Pu\u0161kin<\/em>: Bajka o ribaru i ribici<br \/>\n18. Basne (izbor)<br \/>\n19. <em>Branka Primorac:<\/em> Ljubavni slu\u010daj ma\u010dka Joje<br \/>\n20. <em>Roald Dahl<\/em>: Charlie i tvornica \u010dokolade<br \/>\n21. <em>Michael Ende<\/em>: Jim Gumb i strojovo\u0111a Lucas<br \/>\n22. <em>Ivan Cankar<\/em>: Istina i ljubav<br \/>\n23. <em>Henry Winterfeld<\/em>: Timpetill (Grad bez roditelja)<br \/>\n24. <em>Hrvoje Hitrec<\/em>: Matko na \u0161takama<br \/>\n25. <em>Anto Garda\u0161<\/em>: Miron u \u0161kripcu ili Filip dje\u010dak bez imena<br \/>\n26. <em>Selma Lagerlof<\/em>: Legende o Kristu<\/p>\n","protected":false},"excerpt":{"rendered":"<p>U\u010denici izabiru 9 djela, prva tri su obavezna. 1. Ivan Ku\u0161an: Uzbuna na Zelenom Vrhu ili Koko i duhovi\u00a0ili Zagonetni dje\u010dak ili Koko u Parizu ili La\u017ee\u0161, Melita ili Doma\u0107a zada\u0107a 2. \u0160aljive narodne pri\u010de 3. Ferenc Molnar: Junaci Pavlove &hellip; <a href=\"http:\/\/osnovnaskolamalinskadubasnica.hr\/?page_id=178\">Nastavi \u010ditati <span class=\"meta-nav\">&rarr;<\/span><\/a><\/p>\n","protected":false},"author":1,"featured_media":0,"parent":0,"menu_order":0,"comment_status":"closed","ping_status":"open","template":"","meta":{"footnotes":""},"class_list":["post-178","page","type-page","status-publish","hentry"],"yoast_head":"<!-- This site is optimized with the Yoast SEO plugin v27.5 - https:\/\/yoast.com\/product\/yoast-seo-wordpress\/ -->\n<title>Popis lektire za 5. razred - Osnovna \u0161kola Malinska-Duba\u0161nica<\/title>\n<meta name=\"robots\" content=\"index, follow, max-snippet:-1, max-image-preview:large, max-video-preview:-1\" \/>\n<link rel=\"canonical\" href=\"https:\/\/osnovnaskolamalinskadubasnica.hr\/?page_id=178\" \/>\n<meta property=\"og:locale\" content=\"hr_HR\" \/>\n<meta property=\"og:type\" content=\"article\" \/>\n<meta property=\"og:title\" content=\"Popis lektire za 5. razred - Osnovna \u0161kola Malinska-Duba\u0161nica\" \/>\n<meta property=\"og:description\" content=\"U\u010denici izabiru 9 djela, prva tri su obavezna. 1. Ivan Ku\u0161an: Uzbuna na Zelenom Vrhu ili Koko i duhovi\u00a0ili Zagonetni dje\u010dak ili Koko u Parizu ili La\u017ee\u0161, Melita ili Doma\u0107a zada\u0107a 2. \u0160aljive narodne pri\u010de 3. Ferenc Molnar: Junaci Pavlove &hellip; Nastavi \u010ditati &rarr;\" \/>\n<meta property=\"og:url\" content=\"https:\/\/osnovnaskolamalinskadubasnica.hr\/?page_id=178\" \/>\n<meta property=\"og:site_name\" content=\"Osnovna \u0161kola Malinska-Duba\u0161nica\" \/>\n<meta property=\"article:publisher\" content=\"https:\/\/www.facebook.com\/osmalinskadubasnica\/\" \/>\n<meta name=\"twitter:card\" content=\"summary_large_image\" \/>\n<meta name=\"twitter:label1\" content=\"Procijenjeno vrijeme \u010ditanja\" \/>\n\t<meta name=\"twitter:data1\" content=\"1 minuta\" \/>\n<script type=\"application\/ld+json\" class=\"yoast-schema-graph\">{\"@context\":\"https:\\\/\\\/schema.org\",\"@graph\":[{\"@type\":\"WebPage\",\"@id\":\"https:\\\/\\\/osnovnaskolamalinskadubasnica.hr\\\/?page_id=178\",\"url\":\"https:\\\/\\\/osnovnaskolamalinskadubasnica.hr\\\/?page_id=178\",\"name\":\"Popis lektire za 5. razred - Osnovna \u0161kola Malinska-Duba\u0161nica\",\"isPartOf\":{\"@id\":\"http:\\\/\\\/osnovnaskolamalinskadubasnica.hr\\\/#website\"},\"datePublished\":\"2013-09-26T13:17:03+00:00\",\"breadcrumb\":{\"@id\":\"https:\\\/\\\/osnovnaskolamalinskadubasnica.hr\\\/?page_id=178#breadcrumb\"},\"inLanguage\":\"hr\",\"potentialAction\":[{\"@type\":\"ReadAction\",\"target\":[\"https:\\\/\\\/osnovnaskolamalinskadubasnica.hr\\\/?page_id=178\"]}]},{\"@type\":\"BreadcrumbList\",\"@id\":\"https:\\\/\\\/osnovnaskolamalinskadubasnica.hr\\\/?page_id=178#breadcrumb\",\"itemListElement\":[{\"@type\":\"ListItem\",\"position\":1,\"name\":\"Po\u010detna stranica\",\"item\":\"http:\\\/\\\/osnovnaskolamalinskadubasnica.hr\\\/\"},{\"@type\":\"ListItem\",\"position\":2,\"name\":\"Popis lektire za 5. razred\"}]},{\"@type\":\"WebSite\",\"@id\":\"http:\\\/\\\/osnovnaskolamalinskadubasnica.hr\\\/#website\",\"url\":\"http:\\\/\\\/osnovnaskolamalinskadubasnica.hr\\\/\",\"name\":\"Osnovna \u0161kola Malinska-Duba\u0161nica\",\"description\":\"\",\"potentialAction\":[{\"@type\":\"SearchAction\",\"target\":{\"@type\":\"EntryPoint\",\"urlTemplate\":\"http:\\\/\\\/osnovnaskolamalinskadubasnica.hr\\\/?s={search_term_string}\"},\"query-input\":{\"@type\":\"PropertyValueSpecification\",\"valueRequired\":true,\"valueName\":\"search_term_string\"}}],\"inLanguage\":\"hr\"}]}<\/script>\n<!-- \/ Yoast SEO plugin. -->","yoast_head_json":{"title":"Popis lektire za 5. razred - Osnovna \u0161kola Malinska-Duba\u0161nica","robots":{"index":"index","follow":"follow","max-snippet":"max-snippet:-1","max-image-preview":"max-image-preview:large","max-video-preview":"max-video-preview:-1"},"canonical":"https:\/\/osnovnaskolamalinskadubasnica.hr\/?page_id=178","og_locale":"hr_HR","og_type":"article","og_title":"Popis lektire za 5. razred - Osnovna \u0161kola Malinska-Duba\u0161nica","og_description":"U\u010denici izabiru 9 djela, prva tri su obavezna. 1. Ivan Ku\u0161an: Uzbuna na Zelenom Vrhu ili Koko i duhovi\u00a0ili Zagonetni dje\u010dak ili Koko u Parizu ili La\u017ee\u0161, Melita ili Doma\u0107a zada\u0107a 2. \u0160aljive narodne pri\u010de 3. Ferenc Molnar: Junaci Pavlove &hellip; Nastavi \u010ditati &rarr;","og_url":"https:\/\/osnovnaskolamalinskadubasnica.hr\/?page_id=178","og_site_name":"Osnovna \u0161kola Malinska-Duba\u0161nica","article_publisher":"https:\/\/www.facebook.com\/osmalinskadubasnica\/","twitter_card":"summary_large_image","twitter_misc":{"Procijenjeno vrijeme \u010ditanja":"1 minuta"},"schema":{"@context":"https:\/\/schema.org","@graph":[{"@type":"WebPage","@id":"https:\/\/osnovnaskolamalinskadubasnica.hr\/?page_id=178","url":"https:\/\/osnovnaskolamalinskadubasnica.hr\/?page_id=178","name":"Popis lektire za 5. razred - Osnovna \u0161kola Malinska-Duba\u0161nica","isPartOf":{"@id":"http:\/\/osnovnaskolamalinskadubasnica.hr\/#website"},"datePublished":"2013-09-26T13:17:03+00:00","breadcrumb":{"@id":"https:\/\/osnovnaskolamalinskadubasnica.hr\/?page_id=178#breadcrumb"},"inLanguage":"hr","potentialAction":[{"@type":"ReadAction","target":["https:\/\/osnovnaskolamalinskadubasnica.hr\/?page_id=178"]}]},{"@type":"BreadcrumbList","@id":"https:\/\/osnovnaskolamalinskadubasnica.hr\/?page_id=178#breadcrumb","itemListElement":[{"@type":"ListItem","position":1,"name":"Po\u010detna stranica","item":"http:\/\/osnovnaskolamalinskadubasnica.hr\/"},{"@type":"ListItem","position":2,"name":"Popis lektire za 5. razred"}]},{"@type":"WebSite","@id":"http:\/\/osnovnaskolamalinskadubasnica.hr\/#website","url":"http:\/\/osnovnaskolamalinskadubasnica.hr\/","name":"Osnovna \u0161kola Malinska-Duba\u0161nica","description":"","potentialAction":[{"@type":"SearchAction","target":{"@type":"EntryPoint","urlTemplate":"http:\/\/osnovnaskolamalinskadubasnica.hr\/?s={search_term_string}"},"query-input":{"@type":"PropertyValueSpecification","valueRequired":true,"valueName":"search_term_string"}}],"inLanguage":"hr"}]}},"_links":{"self":[{"href":"http:\/\/osnovnaskolamalinskadubasnica.hr\/index.php?rest_route=\/wp\/v2\/pages\/178","targetHints":{"allow":["GET"]}}],"collection":[{"href":"http:\/\/osnovnaskolamalinskadubasnica.hr\/index.php?rest_route=\/wp\/v2\/pages"}],"about":[{"href":"http:\/\/osnovnaskolamalinskadubasnica.hr\/index.php?rest_route=\/wp\/v2\/types\/page"}],"author":[{"embeddable":true,"href":"http:\/\/osnovnaskolamalinskadubasnica.hr\/index.php?rest_route=\/wp\/v2\/users\/1"}],"replies":[{"embeddable":true,"href":"http:\/\/osnovnaskolamalinskadubasnica.hr\/index.php?rest_route=%2Fwp%2Fv2%2Fcomments&post=178"}],"version-history":[{"count":1,"href":"http:\/\/osnovnaskolamalinskadubasnica.hr\/index.php?rest_route=\/wp\/v2\/pages\/178\/revisions"}],"predecessor-version":[{"id":179,"href":"http:\/\/osnovnaskolamalinskadubasnica.hr\/index.php?rest_route=\/wp\/v2\/pages\/178\/revisions\/179"}],"wp:attachment":[{"href":"http:\/\/osnovnaskolamalinskadubasnica.hr\/index.php?rest_route=%2Fwp%2Fv2%2Fmedia&parent=178"}],"curies":[{"name":"wp","href":"https:\/\/api.w.org\/{rel}","templated":true}]}}