{"id":175,"date":"2013-09-26T13:11:03","date_gmt":"2013-09-26T13:11:03","guid":{"rendered":"http:\/\/osnovnaskolakrk.hr\/malinska\/?page_id=175"},"modified":"2013-09-26T13:11:03","modified_gmt":"2013-09-26T13:11:03","slug":"popis-lektire-za-4-razred","status":"publish","type":"page","link":"http:\/\/osnovnaskolamalinskadubasnica.hr\/?page_id=175","title":{"rendered":"Popis lektire za 4. razred"},"content":{"rendered":"<p>U\u010denici izabiru 7 djela, prva dva su obavezna.<\/p>\n<p><strong>1. <em>Ivana Brli\u0107-Ma\u017eurani\u0107<\/em>: <\/strong><strong>Rego\u010d\u00a0<\/strong><strong>i \u0160uma Striborova<\/strong><br \/>\n<strong><strong>2. <\/strong><\/strong><strong><em>Mato Lovrak<\/em>: Dru\u017eba Pere Kvr\u017eice<\/strong><br \/>\n3. <em>Anto Garda\u0161<\/em>: Duh u mo\u010dvari ili Ljubi\u010dasti planet ili Izum profesora Leopolda ili<br \/>\nBakreni Petar ili Tajna zelene pe\u0107ine ili Igra\u010dke gospo\u0111e Nadine<br \/>\n4. <em>Erich K\u00e4stner<\/em>: Emil i detektivi ili Ton\u010dek i To\u010dkica ili Lete\u0107i razred ili Blizanke<br \/>\n5. <em>Hrvoje Kova\u010devi\u0107<\/em>: Tajna Ribljeg Oka ili Tajna ma\u010dje \u0161ape ili Tajna Tu\u017enog psa ili Tajna\u00a0\u00a0\u00a0 graditelja straha ili Tajna zlatnog zuba<br \/>\n6. <em>Slavko Mihali\u0107<\/em>: Petrica Kerempuh<br \/>\n7. <em>Felix Salten<\/em>: Bambi<br \/>\n8. <em>Rudvard Kipling<\/em>: Knjiga o d\u017eungli<br \/>\n9. <em>Nikola Puli\u0107<\/em>: Klju\u010di\u0107 oko vrata<br \/>\n10. <em>Matko Maru\u0161i\u0107<\/em>: Snijeg u Splitu<br \/>\n11. <em>Johanna Spyri<\/em>: Heidi<br \/>\n12. <em>Jagoda Truhelka<\/em>: Zlatni danci<br \/>\n13. <em>Zlata Kolari\u0107-Ki\u0161ur<\/em>: Moja zlatna dolina<br \/>\n14. <em>Maja Glu\u0161\u010devi\u0107<\/em>: Bijeg u ko\u0161ari ili Klopka za medvjedi\u0107a<br \/>\n15. <em>Nada Mihokovi\u0107-Kumri\u0107<\/em>: Tko vjeruje u rode jo\u0161<br \/>\n16. <em>Silvija \u0160esto<\/em>: Bum Tomica ili Bum Tomica 2<br \/>\n17. <em>Zoran Pongra\u0161i\u0107<\/em>: Mama je kriva za sve<br \/>\n18. <em>Hrvoje Hitrec<\/em>: Eko Eko<br \/>\n19. <em>Istvan Bekeffi<\/em>: Pas zvan gospodin Bozzi<br \/>\n20. <em>Sanja Lovren\u010di\u0107<\/em>: Esperel, grad malih \u010duda<br \/>\n21. <em>Astrid Lindgren<\/em>: Pipi Duga \u010carapa ili Ronja razbojni\u010dka k\u0107i ili Razmo u skitnji<br \/>\n22. <em>Zvonimir Balog<\/em>: Ja magarac ili Pusa od Krampusa ili Nevidljiva Iva ili Zmajevi i vukodlaci<br \/>\n23. <em>Ludwik Jerzy Kern<\/em>: Ferdinand Veli\u010danstveni<br \/>\n24. <em>Anton van de Velde<\/em>: Neobi\u010dni do\u017eivljaji pti\u0107a Sovica<br \/>\n25. <em>\u010ce\u010duk, \u010cun\u010di\u0107-Bandov, Horvat-Vukelja, Kolari\u0107-Ki\u0161ur<\/em>: Igrokazi<\/p>\n","protected":false},"excerpt":{"rendered":"<p>U\u010denici izabiru 7 djela, prva dva su obavezna. 1. Ivana Brli\u0107-Ma\u017eurani\u0107: Rego\u010d\u00a0i \u0160uma Striborova 2. Mato Lovrak: Dru\u017eba Pere Kvr\u017eice 3. Anto Garda\u0161: Duh u mo\u010dvari ili Ljubi\u010dasti planet ili Izum profesora Leopolda ili Bakreni Petar ili Tajna zelene pe\u0107ine &hellip; <a href=\"http:\/\/osnovnaskolamalinskadubasnica.hr\/?page_id=175\">Nastavi \u010ditati <span class=\"meta-nav\">&rarr;<\/span><\/a><\/p>\n","protected":false},"author":1,"featured_media":0,"parent":0,"menu_order":0,"comment_status":"closed","ping_status":"open","template":"","meta":{"footnotes":""},"class_list":["post-175","page","type-page","status-publish","hentry"],"yoast_head":"<!-- This site is optimized with the Yoast SEO plugin v27.5 - https:\/\/yoast.com\/product\/yoast-seo-wordpress\/ -->\n<title>Popis lektire za 4. razred - Osnovna \u0161kola Malinska-Duba\u0161nica<\/title>\n<meta name=\"robots\" content=\"index, follow, max-snippet:-1, max-image-preview:large, max-video-preview:-1\" \/>\n<link rel=\"canonical\" href=\"http:\/\/osnovnaskolamalinskadubasnica.hr\/?page_id=175\" \/>\n<meta property=\"og:locale\" content=\"hr_HR\" \/>\n<meta property=\"og:type\" content=\"article\" \/>\n<meta property=\"og:title\" content=\"Popis lektire za 4. razred - Osnovna \u0161kola Malinska-Duba\u0161nica\" \/>\n<meta property=\"og:description\" content=\"U\u010denici izabiru 7 djela, prva dva su obavezna. 1. Ivana Brli\u0107-Ma\u017eurani\u0107: Rego\u010d\u00a0i \u0160uma Striborova 2. Mato Lovrak: Dru\u017eba Pere Kvr\u017eice 3. Anto Garda\u0161: Duh u mo\u010dvari ili Ljubi\u010dasti planet ili Izum profesora Leopolda ili Bakreni Petar ili Tajna zelene pe\u0107ine &hellip; Nastavi \u010ditati &rarr;\" \/>\n<meta property=\"og:url\" content=\"http:\/\/osnovnaskolamalinskadubasnica.hr\/?page_id=175\" \/>\n<meta property=\"og:site_name\" content=\"Osnovna \u0161kola Malinska-Duba\u0161nica\" \/>\n<meta property=\"article:publisher\" content=\"https:\/\/www.facebook.com\/osmalinskadubasnica\/\" \/>\n<meta name=\"twitter:card\" content=\"summary_large_image\" \/>\n<meta name=\"twitter:label1\" content=\"Procijenjeno vrijeme \u010ditanja\" \/>\n\t<meta name=\"twitter:data1\" content=\"1 minuta\" \/>\n<script type=\"application\/ld+json\" class=\"yoast-schema-graph\">{\"@context\":\"https:\\\/\\\/schema.org\",\"@graph\":[{\"@type\":\"WebPage\",\"@id\":\"http:\\\/\\\/osnovnaskolamalinskadubasnica.hr\\\/?page_id=175\",\"url\":\"http:\\\/\\\/osnovnaskolamalinskadubasnica.hr\\\/?page_id=175\",\"name\":\"Popis lektire za 4. razred - Osnovna \u0161kola Malinska-Duba\u0161nica\",\"isPartOf\":{\"@id\":\"http:\\\/\\\/osnovnaskolamalinskadubasnica.hr\\\/#website\"},\"datePublished\":\"2013-09-26T13:11:03+00:00\",\"breadcrumb\":{\"@id\":\"http:\\\/\\\/osnovnaskolamalinskadubasnica.hr\\\/?page_id=175#breadcrumb\"},\"inLanguage\":\"hr\",\"potentialAction\":[{\"@type\":\"ReadAction\",\"target\":[\"http:\\\/\\\/osnovnaskolamalinskadubasnica.hr\\\/?page_id=175\"]}]},{\"@type\":\"BreadcrumbList\",\"@id\":\"http:\\\/\\\/osnovnaskolamalinskadubasnica.hr\\\/?page_id=175#breadcrumb\",\"itemListElement\":[{\"@type\":\"ListItem\",\"position\":1,\"name\":\"Po\u010detna stranica\",\"item\":\"http:\\\/\\\/osnovnaskolamalinskadubasnica.hr\\\/\"},{\"@type\":\"ListItem\",\"position\":2,\"name\":\"Popis lektire za 4. razred\"}]},{\"@type\":\"WebSite\",\"@id\":\"http:\\\/\\\/osnovnaskolamalinskadubasnica.hr\\\/#website\",\"url\":\"http:\\\/\\\/osnovnaskolamalinskadubasnica.hr\\\/\",\"name\":\"Osnovna \u0161kola Malinska-Duba\u0161nica\",\"description\":\"\",\"potentialAction\":[{\"@type\":\"SearchAction\",\"target\":{\"@type\":\"EntryPoint\",\"urlTemplate\":\"http:\\\/\\\/osnovnaskolamalinskadubasnica.hr\\\/?s={search_term_string}\"},\"query-input\":{\"@type\":\"PropertyValueSpecification\",\"valueRequired\":true,\"valueName\":\"search_term_string\"}}],\"inLanguage\":\"hr\"}]}<\/script>\n<!-- \/ Yoast SEO plugin. -->","yoast_head_json":{"title":"Popis lektire za 4. razred - Osnovna \u0161kola Malinska-Duba\u0161nica","robots":{"index":"index","follow":"follow","max-snippet":"max-snippet:-1","max-image-preview":"max-image-preview:large","max-video-preview":"max-video-preview:-1"},"canonical":"http:\/\/osnovnaskolamalinskadubasnica.hr\/?page_id=175","og_locale":"hr_HR","og_type":"article","og_title":"Popis lektire za 4. razred - Osnovna \u0161kola Malinska-Duba\u0161nica","og_description":"U\u010denici izabiru 7 djela, prva dva su obavezna. 1. Ivana Brli\u0107-Ma\u017eurani\u0107: Rego\u010d\u00a0i \u0160uma Striborova 2. Mato Lovrak: Dru\u017eba Pere Kvr\u017eice 3. Anto Garda\u0161: Duh u mo\u010dvari ili Ljubi\u010dasti planet ili Izum profesora Leopolda ili Bakreni Petar ili Tajna zelene pe\u0107ine &hellip; Nastavi \u010ditati &rarr;","og_url":"http:\/\/osnovnaskolamalinskadubasnica.hr\/?page_id=175","og_site_name":"Osnovna \u0161kola Malinska-Duba\u0161nica","article_publisher":"https:\/\/www.facebook.com\/osmalinskadubasnica\/","twitter_card":"summary_large_image","twitter_misc":{"Procijenjeno vrijeme \u010ditanja":"1 minuta"},"schema":{"@context":"https:\/\/schema.org","@graph":[{"@type":"WebPage","@id":"http:\/\/osnovnaskolamalinskadubasnica.hr\/?page_id=175","url":"http:\/\/osnovnaskolamalinskadubasnica.hr\/?page_id=175","name":"Popis lektire za 4. razred - Osnovna \u0161kola Malinska-Duba\u0161nica","isPartOf":{"@id":"http:\/\/osnovnaskolamalinskadubasnica.hr\/#website"},"datePublished":"2013-09-26T13:11:03+00:00","breadcrumb":{"@id":"http:\/\/osnovnaskolamalinskadubasnica.hr\/?page_id=175#breadcrumb"},"inLanguage":"hr","potentialAction":[{"@type":"ReadAction","target":["http:\/\/osnovnaskolamalinskadubasnica.hr\/?page_id=175"]}]},{"@type":"BreadcrumbList","@id":"http:\/\/osnovnaskolamalinskadubasnica.hr\/?page_id=175#breadcrumb","itemListElement":[{"@type":"ListItem","position":1,"name":"Po\u010detna stranica","item":"http:\/\/osnovnaskolamalinskadubasnica.hr\/"},{"@type":"ListItem","position":2,"name":"Popis lektire za 4. razred"}]},{"@type":"WebSite","@id":"http:\/\/osnovnaskolamalinskadubasnica.hr\/#website","url":"http:\/\/osnovnaskolamalinskadubasnica.hr\/","name":"Osnovna \u0161kola Malinska-Duba\u0161nica","description":"","potentialAction":[{"@type":"SearchAction","target":{"@type":"EntryPoint","urlTemplate":"http:\/\/osnovnaskolamalinskadubasnica.hr\/?s={search_term_string}"},"query-input":{"@type":"PropertyValueSpecification","valueRequired":true,"valueName":"search_term_string"}}],"inLanguage":"hr"}]}},"_links":{"self":[{"href":"http:\/\/osnovnaskolamalinskadubasnica.hr\/index.php?rest_route=\/wp\/v2\/pages\/175","targetHints":{"allow":["GET"]}}],"collection":[{"href":"http:\/\/osnovnaskolamalinskadubasnica.hr\/index.php?rest_route=\/wp\/v2\/pages"}],"about":[{"href":"http:\/\/osnovnaskolamalinskadubasnica.hr\/index.php?rest_route=\/wp\/v2\/types\/page"}],"author":[{"embeddable":true,"href":"http:\/\/osnovnaskolamalinskadubasnica.hr\/index.php?rest_route=\/wp\/v2\/users\/1"}],"replies":[{"embeddable":true,"href":"http:\/\/osnovnaskolamalinskadubasnica.hr\/index.php?rest_route=%2Fwp%2Fv2%2Fcomments&post=175"}],"version-history":[{"count":1,"href":"http:\/\/osnovnaskolamalinskadubasnica.hr\/index.php?rest_route=\/wp\/v2\/pages\/175\/revisions"}],"predecessor-version":[{"id":176,"href":"http:\/\/osnovnaskolamalinskadubasnica.hr\/index.php?rest_route=\/wp\/v2\/pages\/175\/revisions\/176"}],"wp:attachment":[{"href":"http:\/\/osnovnaskolamalinskadubasnica.hr\/index.php?rest_route=%2Fwp%2Fv2%2Fmedia&parent=175"}],"curies":[{"name":"wp","href":"https:\/\/api.w.org\/{rel}","templated":true}]}}