{"id":16076,"date":"2019-06-11T18:46:18","date_gmt":"2019-06-11T18:46:18","guid":{"rendered":"http:\/\/osnovnaskolamalinskadubasnica.hr\/?page_id=16076"},"modified":"2019-06-11T20:45:29","modified_gmt":"2019-06-11T20:45:29","slug":"likovna-prica-o-proljecu","status":"publish","type":"page","link":"http:\/\/osnovnaskolamalinskadubasnica.hr\/?page_id=16076","title":{"rendered":"Likovna pri\u010da o prolje\u0107u"},"content":{"rendered":"<p><span class=\"_44bj\"><em><span style=\"color: #000000;\">Jo\u0161 malo i sti\u0107i \u0107e prvi dan ljeta<\/span><\/em> <span class=\"_5mfr\"><span class=\"_6qdm\">\ud83c\udf1e<\/span><\/span> <em><span style=\"color: #000000;\">Opra\u0161tamo se s prolje\u0107em likovnom izlo\u017ebom na\u0161ih u\u010denika. I ove su nas godine razveselili \u0161arenim \u0161kolskim panoima koji su zablistali od ljepote proljetnih boja i kreativnosti na\u0161ih malih umjetnika.<\/span><\/em> <span class=\"_5mfr\"><span class=\"_6qdm\">\ud83e\udd8b<\/span><\/span><span class=\"_5mfr\"><span class=\"_6qdm\">\ud83c\udf8b<\/span><\/span><span class=\"_5mfr\"><span class=\"_6qdm\">\ud83d\udc1e<\/span><\/span><span class=\"_5mfr\"><span class=\"_6qdm\">\ud83c\udf3c<\/span><\/span><span class=\"_5mfr\"><span class=\"_6qdm\">\ud83d\udc26<\/span><\/span><span class=\"_5mfr\"><span class=\"_6qdm\">\ud83c\udf33<\/span><\/span><span class=\"_5mfr\"><span class=\"_6qdm\">\ud83d\udc0c<\/span><\/span><span class=\"_5mfr\"><span class=\"_6qdm\">\ud83c\udf3a<\/span><\/span><\/span><\/p>\n<div style=\"width: 640px;\" class=\"wp-video\"><!--[if lt IE 9]><script>document.createElement('video');<\/script><![endif]-->\n<video class=\"wp-video-shortcode\" id=\"video-16076-1\" width=\"640\" height=\"480\" preload=\"metadata\" controls=\"controls\"><source type=\"video\/mp4\" src=\"http:\/\/osnovnaskolamalinskadubasnica.hr\/wp-content\/uploads\/proljece-2019-za-web.mp4?_=1\" \/><a href=\"http:\/\/osnovnaskolamalinskadubasnica.hr\/wp-content\/uploads\/proljece-2019-za-web.mp4\">http:\/\/osnovnaskolamalinskadubasnica.hr\/wp-content\/uploads\/proljece-2019-za-web.mp4<\/a><\/video><\/div>\n","protected":false},"excerpt":{"rendered":"<p>Jo\u0161 malo i sti\u0107i \u0107e prvi dan ljeta \ud83c\udf1e Opra\u0161tamo se s prolje\u0107em likovnom izlo\u017ebom na\u0161ih u\u010denika. I ove su nas godine razveselili \u0161arenim \u0161kolskim panoima koji su zablistali od ljepote proljetnih boja i kreativnosti na\u0161ih malih umjetnika. \ud83e\udd8b\ud83c\udf8b\ud83d\udc1e\ud83c\udf3c\ud83d\udc26\ud83c\udf33\ud83d\udc0c\ud83c\udf3a<\/p>\n","protected":false},"author":1,"featured_media":0,"parent":0,"menu_order":0,"comment_status":"closed","ping_status":"closed","template":"","meta":{"footnotes":""},"class_list":["post-16076","page","type-page","status-publish","hentry"],"yoast_head":"<!-- This site is optimized with the Yoast SEO plugin v27.2 - https:\/\/yoast.com\/product\/yoast-seo-wordpress\/ -->\n<title>Likovna pri\u010da o prolje\u0107u - Osnovna \u0161kola Malinska-Duba\u0161nica<\/title>\n<meta name=\"robots\" content=\"index, follow, max-snippet:-1, max-image-preview:large, max-video-preview:-1\" \/>\n<link rel=\"canonical\" href=\"https:\/\/osnovnaskolamalinskadubasnica.hr\/?page_id=16076\" \/>\n<meta property=\"og:locale\" content=\"hr_HR\" \/>\n<meta property=\"og:type\" content=\"article\" \/>\n<meta property=\"og:title\" content=\"Likovna pri\u010da o prolje\u0107u - Osnovna \u0161kola Malinska-Duba\u0161nica\" \/>\n<meta property=\"og:description\" content=\"Jo\u0161 malo i sti\u0107i \u0107e prvi dan ljeta \ud83c\udf1e Opra\u0161tamo se s prolje\u0107em likovnom izlo\u017ebom na\u0161ih u\u010denika. I ove su nas godine razveselili \u0161arenim \u0161kolskim panoima koji su zablistali od ljepote proljetnih boja i kreativnosti na\u0161ih malih umjetnika. \ud83e\udd8b\ud83c\udf8b\ud83d\udc1e\ud83c\udf3c\ud83d\udc26\ud83c\udf33\ud83d\udc0c\ud83c\udf3a\" \/>\n<meta property=\"og:url\" content=\"https:\/\/osnovnaskolamalinskadubasnica.hr\/?page_id=16076\" \/>\n<meta property=\"og:site_name\" content=\"Osnovna \u0161kola Malinska-Duba\u0161nica\" \/>\n<meta property=\"article:publisher\" content=\"https:\/\/www.facebook.com\/osmalinskadubasnica\/\" \/>\n<meta property=\"article:modified_time\" content=\"2019-06-11T20:45:29+00:00\" \/>\n<meta name=\"twitter:card\" content=\"summary_large_image\" \/>\n<script type=\"application\/ld+json\" class=\"yoast-schema-graph\">{\"@context\":\"https:\/\/schema.org\",\"@graph\":[{\"@type\":\"WebPage\",\"@id\":\"https:\/\/osnovnaskolamalinskadubasnica.hr\/?page_id=16076\",\"url\":\"https:\/\/osnovnaskolamalinskadubasnica.hr\/?page_id=16076\",\"name\":\"Likovna pri\u010da o prolje\u0107u - Osnovna \u0161kola Malinska-Duba\u0161nica\",\"isPartOf\":{\"@id\":\"http:\/\/osnovnaskolamalinskadubasnica.hr\/#website\"},\"datePublished\":\"2019-06-11T18:46:18+00:00\",\"dateModified\":\"2019-06-11T20:45:29+00:00\",\"breadcrumb\":{\"@id\":\"https:\/\/osnovnaskolamalinskadubasnica.hr\/?page_id=16076#breadcrumb\"},\"inLanguage\":\"hr\",\"potentialAction\":[{\"@type\":\"ReadAction\",\"target\":[\"https:\/\/osnovnaskolamalinskadubasnica.hr\/?page_id=16076\"]}]},{\"@type\":\"BreadcrumbList\",\"@id\":\"https:\/\/osnovnaskolamalinskadubasnica.hr\/?page_id=16076#breadcrumb\",\"itemListElement\":[{\"@type\":\"ListItem\",\"position\":1,\"name\":\"Po\u010detna stranica\",\"item\":\"http:\/\/osnovnaskolamalinskadubasnica.hr\/\"},{\"@type\":\"ListItem\",\"position\":2,\"name\":\"Likovna pri\u010da o prolje\u0107u\"}]},{\"@type\":\"WebSite\",\"@id\":\"http:\/\/osnovnaskolamalinskadubasnica.hr\/#website\",\"url\":\"http:\/\/osnovnaskolamalinskadubasnica.hr\/\",\"name\":\"Osnovna \u0161kola Malinska-Duba\u0161nica\",\"description\":\"\",\"potentialAction\":[{\"@type\":\"SearchAction\",\"target\":{\"@type\":\"EntryPoint\",\"urlTemplate\":\"http:\/\/osnovnaskolamalinskadubasnica.hr\/?s={search_term_string}\"},\"query-input\":{\"@type\":\"PropertyValueSpecification\",\"valueRequired\":true,\"valueName\":\"search_term_string\"}}],\"inLanguage\":\"hr\"}]}<\/script>\n<!-- \/ Yoast SEO plugin. -->","yoast_head_json":{"title":"Likovna pri\u010da o prolje\u0107u - Osnovna \u0161kola Malinska-Duba\u0161nica","robots":{"index":"index","follow":"follow","max-snippet":"max-snippet:-1","max-image-preview":"max-image-preview:large","max-video-preview":"max-video-preview:-1"},"canonical":"https:\/\/osnovnaskolamalinskadubasnica.hr\/?page_id=16076","og_locale":"hr_HR","og_type":"article","og_title":"Likovna pri\u010da o prolje\u0107u - Osnovna \u0161kola Malinska-Duba\u0161nica","og_description":"Jo\u0161 malo i sti\u0107i \u0107e prvi dan ljeta \ud83c\udf1e Opra\u0161tamo se s prolje\u0107em likovnom izlo\u017ebom na\u0161ih u\u010denika. I ove su nas godine razveselili \u0161arenim \u0161kolskim panoima koji su zablistali od ljepote proljetnih boja i kreativnosti na\u0161ih malih umjetnika. \ud83e\udd8b\ud83c\udf8b\ud83d\udc1e\ud83c\udf3c\ud83d\udc26\ud83c\udf33\ud83d\udc0c\ud83c\udf3a","og_url":"https:\/\/osnovnaskolamalinskadubasnica.hr\/?page_id=16076","og_site_name":"Osnovna \u0161kola Malinska-Duba\u0161nica","article_publisher":"https:\/\/www.facebook.com\/osmalinskadubasnica\/","article_modified_time":"2019-06-11T20:45:29+00:00","twitter_card":"summary_large_image","schema":{"@context":"https:\/\/schema.org","@graph":[{"@type":"WebPage","@id":"https:\/\/osnovnaskolamalinskadubasnica.hr\/?page_id=16076","url":"https:\/\/osnovnaskolamalinskadubasnica.hr\/?page_id=16076","name":"Likovna pri\u010da o prolje\u0107u - Osnovna \u0161kola Malinska-Duba\u0161nica","isPartOf":{"@id":"http:\/\/osnovnaskolamalinskadubasnica.hr\/#website"},"datePublished":"2019-06-11T18:46:18+00:00","dateModified":"2019-06-11T20:45:29+00:00","breadcrumb":{"@id":"https:\/\/osnovnaskolamalinskadubasnica.hr\/?page_id=16076#breadcrumb"},"inLanguage":"hr","potentialAction":[{"@type":"ReadAction","target":["https:\/\/osnovnaskolamalinskadubasnica.hr\/?page_id=16076"]}]},{"@type":"BreadcrumbList","@id":"https:\/\/osnovnaskolamalinskadubasnica.hr\/?page_id=16076#breadcrumb","itemListElement":[{"@type":"ListItem","position":1,"name":"Po\u010detna stranica","item":"http:\/\/osnovnaskolamalinskadubasnica.hr\/"},{"@type":"ListItem","position":2,"name":"Likovna pri\u010da o prolje\u0107u"}]},{"@type":"WebSite","@id":"http:\/\/osnovnaskolamalinskadubasnica.hr\/#website","url":"http:\/\/osnovnaskolamalinskadubasnica.hr\/","name":"Osnovna \u0161kola Malinska-Duba\u0161nica","description":"","potentialAction":[{"@type":"SearchAction","target":{"@type":"EntryPoint","urlTemplate":"http:\/\/osnovnaskolamalinskadubasnica.hr\/?s={search_term_string}"},"query-input":{"@type":"PropertyValueSpecification","valueRequired":true,"valueName":"search_term_string"}}],"inLanguage":"hr"}]}},"_links":{"self":[{"href":"http:\/\/osnovnaskolamalinskadubasnica.hr\/index.php?rest_route=\/wp\/v2\/pages\/16076","targetHints":{"allow":["GET"]}}],"collection":[{"href":"http:\/\/osnovnaskolamalinskadubasnica.hr\/index.php?rest_route=\/wp\/v2\/pages"}],"about":[{"href":"http:\/\/osnovnaskolamalinskadubasnica.hr\/index.php?rest_route=\/wp\/v2\/types\/page"}],"author":[{"embeddable":true,"href":"http:\/\/osnovnaskolamalinskadubasnica.hr\/index.php?rest_route=\/wp\/v2\/users\/1"}],"replies":[{"embeddable":true,"href":"http:\/\/osnovnaskolamalinskadubasnica.hr\/index.php?rest_route=%2Fwp%2Fv2%2Fcomments&post=16076"}],"version-history":[{"count":4,"href":"http:\/\/osnovnaskolamalinskadubasnica.hr\/index.php?rest_route=\/wp\/v2\/pages\/16076\/revisions"}],"predecessor-version":[{"id":16081,"href":"http:\/\/osnovnaskolamalinskadubasnica.hr\/index.php?rest_route=\/wp\/v2\/pages\/16076\/revisions\/16081"}],"wp:attachment":[{"href":"http:\/\/osnovnaskolamalinskadubasnica.hr\/index.php?rest_route=%2Fwp%2Fv2%2Fmedia&parent=16076"}],"curies":[{"name":"wp","href":"https:\/\/api.w.org\/{rel}","templated":true}]}}