{"id":157,"date":"2013-09-24T21:19:24","date_gmt":"2013-09-24T21:19:24","guid":{"rendered":"http:\/\/osnovnaskolakrk.hr\/malinska\/?page_id=157"},"modified":"2013-09-24T22:30:45","modified_gmt":"2013-09-24T22:30:45","slug":"popis-lektire-za-2-razred","status":"publish","type":"page","link":"http:\/\/osnovnaskolamalinskadubasnica.hr\/?page_id=157","title":{"rendered":"Popis lektire za 2. razred"},"content":{"rendered":"<p>U\u010denici izabiru 5 djela, prvo je obavezno.<\/p>\n<p><strong>1.<em> Hans Christian Andersen<\/em>: Bajke (izbor)<\/strong><br \/>\n2. <em>Ratko Zvrko<\/em>: Grga \u010cvarak<br \/>\n3. <em>Kareli \u010capek<\/em>: Po\u0161tarska bajka<br \/>\n4. <em>Carlo Collodi<\/em>: Pinokio<br \/>\n5. <em>Alan Aleksander Milne<\/em>: Medo Winnie zvani Pooh<br \/>\n6. <em>Dubravko Horvati\u0107<\/em>: Stanari u slonu<br \/>\n7. <em>Nevenka Videk<\/em>: Pismo iz Zelengrada<br \/>\n8. <em>Nada Ivelji\u0107<\/em>: Nebeske barke ili Prona\u0111eno blago ili Bo\u017ei\u0107na bajka<br \/>\n9. <em>\u017delimir Hercigonja<\/em>: Po\u0161tar zeko Brzonogi ili Pra\u0161njavko ili Kjel crna labud ptica ili Vodenjak i stara kru\u0161ka<br \/>\n10. <em>Andrea Peterlik-Huseinovi\u0107<\/em>: Plavo nebo ili Ciconia ciconia<br \/>\n11. <em>Desa Muck<\/em>: Anica i sportski dan ili Anica i \u010darobnica Lili<br \/>\n12. <em>Ela Peroci<\/em>: Djeco, laku no\u0107 (izbor)<br \/>\n13. <em>Ivica Bednjanec<\/em>: Durica: male ljubavi<br \/>\n14. <em>Mila \u017deljeznjak<\/em>: Sretne pri\u010de<br \/>\n15. <em>Bo\u017eidar Prosenjak<\/em>: Mi\u0161<br \/>\n16. <em>Hrvoje Kova\u010devi\u0107<\/em>: General Kiro mi\u0161<br \/>\n17. <em>Larisa Mravunac<\/em>: Dje\u010dak u zvjezdanim \u010dizmama<br \/>\n18. <em>Charles Perrault<\/em>: Bajke<br \/>\n19. <em>Nada Zidar-Bogadi:<\/em> Sretni cvr\u010dak<\/p>\n","protected":false},"excerpt":{"rendered":"<p>U\u010denici izabiru 5 djela, prvo je obavezno. 1. Hans Christian Andersen: Bajke (izbor) 2. Ratko Zvrko: Grga \u010cvarak 3. Kareli \u010capek: Po\u0161tarska bajka 4. Carlo Collodi: Pinokio 5. Alan Aleksander Milne: Medo Winnie zvani Pooh 6. Dubravko Horvati\u0107: Stanari u &hellip; <a href=\"http:\/\/osnovnaskolamalinskadubasnica.hr\/?page_id=157\">Nastavi \u010ditati <span class=\"meta-nav\">&rarr;<\/span><\/a><\/p>\n","protected":false},"author":1,"featured_media":0,"parent":0,"menu_order":0,"comment_status":"closed","ping_status":"open","template":"","meta":{"footnotes":""},"class_list":["post-157","page","type-page","status-publish","hentry"],"yoast_head":"<!-- This site is optimized with the Yoast SEO plugin v27.5 - https:\/\/yoast.com\/product\/yoast-seo-wordpress\/ -->\n<title>Popis lektire za 2. razred - Osnovna \u0161kola Malinska-Duba\u0161nica<\/title>\n<meta name=\"robots\" content=\"index, follow, max-snippet:-1, max-image-preview:large, max-video-preview:-1\" \/>\n<link rel=\"canonical\" href=\"https:\/\/osnovnaskolamalinskadubasnica.hr\/?page_id=157\" \/>\n<meta property=\"og:locale\" content=\"hr_HR\" \/>\n<meta property=\"og:type\" content=\"article\" \/>\n<meta property=\"og:title\" content=\"Popis lektire za 2. razred - Osnovna \u0161kola Malinska-Duba\u0161nica\" \/>\n<meta property=\"og:description\" content=\"U\u010denici izabiru 5 djela, prvo je obavezno. 1. Hans Christian Andersen: Bajke (izbor) 2. Ratko Zvrko: Grga \u010cvarak 3. Kareli \u010capek: Po\u0161tarska bajka 4. Carlo Collodi: Pinokio 5. Alan Aleksander Milne: Medo Winnie zvani Pooh 6. Dubravko Horvati\u0107: Stanari u &hellip; Nastavi \u010ditati &rarr;\" \/>\n<meta property=\"og:url\" content=\"https:\/\/osnovnaskolamalinskadubasnica.hr\/?page_id=157\" \/>\n<meta property=\"og:site_name\" content=\"Osnovna \u0161kola Malinska-Duba\u0161nica\" \/>\n<meta property=\"article:publisher\" content=\"https:\/\/www.facebook.com\/osmalinskadubasnica\/\" \/>\n<meta property=\"article:modified_time\" content=\"2013-09-24T22:30:45+00:00\" \/>\n<meta name=\"twitter:card\" content=\"summary_large_image\" \/>\n<meta name=\"twitter:label1\" content=\"Procijenjeno vrijeme \u010ditanja\" \/>\n\t<meta name=\"twitter:data1\" content=\"1 minuta\" \/>\n<script type=\"application\/ld+json\" class=\"yoast-schema-graph\">{\"@context\":\"https:\\\/\\\/schema.org\",\"@graph\":[{\"@type\":\"WebPage\",\"@id\":\"https:\\\/\\\/osnovnaskolamalinskadubasnica.hr\\\/?page_id=157\",\"url\":\"https:\\\/\\\/osnovnaskolamalinskadubasnica.hr\\\/?page_id=157\",\"name\":\"Popis lektire za 2. razred - Osnovna \u0161kola Malinska-Duba\u0161nica\",\"isPartOf\":{\"@id\":\"http:\\\/\\\/osnovnaskolamalinskadubasnica.hr\\\/#website\"},\"datePublished\":\"2013-09-24T21:19:24+00:00\",\"dateModified\":\"2013-09-24T22:30:45+00:00\",\"breadcrumb\":{\"@id\":\"https:\\\/\\\/osnovnaskolamalinskadubasnica.hr\\\/?page_id=157#breadcrumb\"},\"inLanguage\":\"hr\",\"potentialAction\":[{\"@type\":\"ReadAction\",\"target\":[\"https:\\\/\\\/osnovnaskolamalinskadubasnica.hr\\\/?page_id=157\"]}]},{\"@type\":\"BreadcrumbList\",\"@id\":\"https:\\\/\\\/osnovnaskolamalinskadubasnica.hr\\\/?page_id=157#breadcrumb\",\"itemListElement\":[{\"@type\":\"ListItem\",\"position\":1,\"name\":\"Po\u010detna stranica\",\"item\":\"http:\\\/\\\/osnovnaskolamalinskadubasnica.hr\\\/\"},{\"@type\":\"ListItem\",\"position\":2,\"name\":\"Popis lektire za 2. razred\"}]},{\"@type\":\"WebSite\",\"@id\":\"http:\\\/\\\/osnovnaskolamalinskadubasnica.hr\\\/#website\",\"url\":\"http:\\\/\\\/osnovnaskolamalinskadubasnica.hr\\\/\",\"name\":\"Osnovna \u0161kola Malinska-Duba\u0161nica\",\"description\":\"\",\"potentialAction\":[{\"@type\":\"SearchAction\",\"target\":{\"@type\":\"EntryPoint\",\"urlTemplate\":\"http:\\\/\\\/osnovnaskolamalinskadubasnica.hr\\\/?s={search_term_string}\"},\"query-input\":{\"@type\":\"PropertyValueSpecification\",\"valueRequired\":true,\"valueName\":\"search_term_string\"}}],\"inLanguage\":\"hr\"}]}<\/script>\n<!-- \/ Yoast SEO plugin. -->","yoast_head_json":{"title":"Popis lektire za 2. razred - Osnovna \u0161kola Malinska-Duba\u0161nica","robots":{"index":"index","follow":"follow","max-snippet":"max-snippet:-1","max-image-preview":"max-image-preview:large","max-video-preview":"max-video-preview:-1"},"canonical":"https:\/\/osnovnaskolamalinskadubasnica.hr\/?page_id=157","og_locale":"hr_HR","og_type":"article","og_title":"Popis lektire za 2. razred - Osnovna \u0161kola Malinska-Duba\u0161nica","og_description":"U\u010denici izabiru 5 djela, prvo je obavezno. 1. Hans Christian Andersen: Bajke (izbor) 2. Ratko Zvrko: Grga \u010cvarak 3. Kareli \u010capek: Po\u0161tarska bajka 4. Carlo Collodi: Pinokio 5. Alan Aleksander Milne: Medo Winnie zvani Pooh 6. Dubravko Horvati\u0107: Stanari u &hellip; Nastavi \u010ditati &rarr;","og_url":"https:\/\/osnovnaskolamalinskadubasnica.hr\/?page_id=157","og_site_name":"Osnovna \u0161kola Malinska-Duba\u0161nica","article_publisher":"https:\/\/www.facebook.com\/osmalinskadubasnica\/","article_modified_time":"2013-09-24T22:30:45+00:00","twitter_card":"summary_large_image","twitter_misc":{"Procijenjeno vrijeme \u010ditanja":"1 minuta"},"schema":{"@context":"https:\/\/schema.org","@graph":[{"@type":"WebPage","@id":"https:\/\/osnovnaskolamalinskadubasnica.hr\/?page_id=157","url":"https:\/\/osnovnaskolamalinskadubasnica.hr\/?page_id=157","name":"Popis lektire za 2. razred - Osnovna \u0161kola Malinska-Duba\u0161nica","isPartOf":{"@id":"http:\/\/osnovnaskolamalinskadubasnica.hr\/#website"},"datePublished":"2013-09-24T21:19:24+00:00","dateModified":"2013-09-24T22:30:45+00:00","breadcrumb":{"@id":"https:\/\/osnovnaskolamalinskadubasnica.hr\/?page_id=157#breadcrumb"},"inLanguage":"hr","potentialAction":[{"@type":"ReadAction","target":["https:\/\/osnovnaskolamalinskadubasnica.hr\/?page_id=157"]}]},{"@type":"BreadcrumbList","@id":"https:\/\/osnovnaskolamalinskadubasnica.hr\/?page_id=157#breadcrumb","itemListElement":[{"@type":"ListItem","position":1,"name":"Po\u010detna stranica","item":"http:\/\/osnovnaskolamalinskadubasnica.hr\/"},{"@type":"ListItem","position":2,"name":"Popis lektire za 2. razred"}]},{"@type":"WebSite","@id":"http:\/\/osnovnaskolamalinskadubasnica.hr\/#website","url":"http:\/\/osnovnaskolamalinskadubasnica.hr\/","name":"Osnovna \u0161kola Malinska-Duba\u0161nica","description":"","potentialAction":[{"@type":"SearchAction","target":{"@type":"EntryPoint","urlTemplate":"http:\/\/osnovnaskolamalinskadubasnica.hr\/?s={search_term_string}"},"query-input":{"@type":"PropertyValueSpecification","valueRequired":true,"valueName":"search_term_string"}}],"inLanguage":"hr"}]}},"_links":{"self":[{"href":"http:\/\/osnovnaskolamalinskadubasnica.hr\/index.php?rest_route=\/wp\/v2\/pages\/157","targetHints":{"allow":["GET"]}}],"collection":[{"href":"http:\/\/osnovnaskolamalinskadubasnica.hr\/index.php?rest_route=\/wp\/v2\/pages"}],"about":[{"href":"http:\/\/osnovnaskolamalinskadubasnica.hr\/index.php?rest_route=\/wp\/v2\/types\/page"}],"author":[{"embeddable":true,"href":"http:\/\/osnovnaskolamalinskadubasnica.hr\/index.php?rest_route=\/wp\/v2\/users\/1"}],"replies":[{"embeddable":true,"href":"http:\/\/osnovnaskolamalinskadubasnica.hr\/index.php?rest_route=%2Fwp%2Fv2%2Fcomments&post=157"}],"version-history":[{"count":3,"href":"http:\/\/osnovnaskolamalinskadubasnica.hr\/index.php?rest_route=\/wp\/v2\/pages\/157\/revisions"}],"predecessor-version":[{"id":169,"href":"http:\/\/osnovnaskolamalinskadubasnica.hr\/index.php?rest_route=\/wp\/v2\/pages\/157\/revisions\/169"}],"wp:attachment":[{"href":"http:\/\/osnovnaskolamalinskadubasnica.hr\/index.php?rest_route=%2Fwp%2Fv2%2Fmedia&parent=157"}],"curies":[{"name":"wp","href":"https:\/\/api.w.org\/{rel}","templated":true}]}}