{"id":115,"date":"2013-06-20T22:16:21","date_gmt":"2013-06-20T22:16:21","guid":{"rendered":"http:\/\/osnovnaskolakrk.hr\/malinska\/?page_id=115"},"modified":"2026-04-12T15:38:28","modified_gmt":"2026-04-12T14:38:28","slug":"skolska-kuhinja-tjedni-jelovnik","status":"publish","type":"page","link":"http:\/\/osnovnaskolamalinskadubasnica.hr\/?page_id=115","title":{"rendered":"Tjedni jelovnik u \u0161kolskoj kuhinji"},"content":{"rendered":"<p><strong><em><img loading=\"lazy\" decoding=\"async\" class=\"alignright wp-image-5658\" src=\"http:\/\/osnovnaskolamalinskadubasnica.hr\/wp-content\/uploads\/chef-smiley-emoticon1.gif\" alt=\"\" width=\"126\" height=\"86\" \/><\/em><\/strong><\/p>\n<p style=\"text-align: left;\"><span style=\"font-size: 14pt;\"><strong><em><span style=\"color: #800000;\">od 13. do 17. travnja 2026. godine<br \/>\n<\/span><\/em><\/strong><\/span><\/p>\n<p style=\"text-align: left;\"><em><span style=\"color: #000000;\">\u0160kola zadr\u017eava pravo promjene jelovnika zbog okolnosti vezanih za promjenu dobavlja\u010da.<\/span><\/em><\/p>\n<p style=\"text-align: center;\"><strong><span style=\"font-size: 14pt; color: #800000;\">\u0160KOLSKA MARENDA<\/span><\/strong><\/p>\n<table style=\"width: 100%; border-collapse: collapse; background-color: #0de0e0; height: 78px;\">\n<tbody>\n<tr style=\"height: 24px;\">\n<td style=\"width: 26.25%; background-color: #f79123; height: 10px;\"><span style=\"font-size: 14pt;\"><strong><span style=\"color: #ffffff;\">PONEDJELJAK<\/span><\/strong><\/span><\/td>\n<td style=\"width: 73.75%; background-color: #99e0f7; height: 10px; vertical-align: middle; text-align: left;\"><em><span style=\"font-size: 14pt; color: #000000;\">hot dog, vo\u0107e<\/span><\/em><\/td>\n<\/tr>\n<tr style=\"height: 24px;\">\n<td style=\"width: 26.25%; background-color: #f79123; height: 10px;\"><span style=\"font-size: 14pt;\"><strong><span style=\"color: #ffffff;\">UTORAK<\/span><\/strong><\/span><\/td>\n<td style=\"width: 73.75%; background-color: #99e0f7; height: 10px; text-align: left;\"><span style=\"font-size: 14pt;\"><em><span style=\"color: #000000;\">mesne okruglice u umaku od raj\u010dice, ri\u017ea, vo\u0107e<\/span><\/em><\/span><\/td>\n<\/tr>\n<tr style=\"height: 24px;\">\n<td style=\"width: 26.25%; background-color: #f79123; height: 10px;\"><span style=\"font-size: 14pt;\"><strong><span style=\"color: #ffffff;\">SRIJEDA<\/span><\/strong><\/span><\/td>\n<td style=\"width: 73.75%; background-color: #99e0f7; height: 10px; text-align: justify;\"><em><span style=\"font-size: 14pt; color: #000000;\">tjestenina s tunom, vo\u0107e<\/span><\/em><\/td>\n<\/tr>\n<tr style=\"height: 24px;\">\n<td style=\"width: 26.25%; background-color: #f79123; height: 24px;\"><span style=\"font-size: 14pt;\"><strong><span style=\"color: #ffffff;\">\u010cETVRTAK<\/span><\/strong><\/span><\/td>\n<td style=\"width: 73.75%; background-color: #99e0f7; height: 24px; text-align: justify;\"><em><span style=\"font-size: 14pt; color: #000000;\">Lino lada, vo\u0107e<\/span><\/em><\/td>\n<\/tr>\n<tr style=\"height: 24px;\">\n<td style=\"width: 26.25%; background-color: #f79123; height: 24px;\"><span style=\"font-size: 14pt;\"><strong><span style=\"color: #ffffff;\">PETAK<\/span><\/strong><\/span><\/td>\n<td style=\"width: 73.75%; background-color: #99e0f7; height: 24px; text-align: justify;\"><em><span style=\"font-size: 14pt; color: #000000;\">\u010dokoladne loptice, cornflakes, musli, mlijeko, jogurt, razni namazi, vo\u0107e<\/span><\/em><\/td>\n<\/tr>\n<\/tbody>\n<\/table>\n<p style=\"text-align: center;\"><span style=\"font-size: 14pt;\"><strong><span style=\"color: #800000;\">PRODU\u017dENI BORAVAK<\/span><\/strong><\/span><\/p>\n<p style=\"text-align: center;\"><strong><span style=\"font-size: 14pt; color: #800000;\">RU\u010cAK<\/span><\/strong><\/p>\n<table style=\"width: 100%; height: 469px;\">\n<tbody>\n<tr style=\"height: 164px;\">\n<td style=\"background-color: #f79123; width: 31.875%; height: 134px;\"><strong><span style=\"color: #ffffff; font-size: 14pt;\">PONEDJELJAK<\/span><\/strong><\/td>\n<td style=\"background-color: #99e0f7; width: 67.9688%; height: 134px; text-align: left;\">\n<ul style=\"list-style-type: circle;\">\n<li><em><span style=\"font-size: 14pt; color: #000000;\">zape\u010dena tjestenina sa sirom<\/span><\/em><\/li>\n<li><em><span style=\"font-size: 14pt; color: #000000;\">salata<\/span><\/em><\/li>\n<li><em><span style=\"font-size: 14pt; color: #000000;\">\u010doko loko<\/span><\/em><\/li>\n<li><em><span style=\"font-size: 14pt; color: #000000;\">sok, voda<\/span><\/em><\/li>\n<\/ul>\n<\/td>\n<\/tr>\n<tr style=\"height: 136px;\">\n<td style=\"background-color: #f79123; width: 31.875%; height: 136px;\"><strong><span style=\"color: #ffffff; font-size: 14pt;\">UTORAK<\/span><\/strong><\/td>\n<td style=\"background-color: #99e0f7; width: 67.9688%; height: 136px; text-align: left;\">\n<ul style=\"list-style-type: circle;\">\n<li><em><span style=\"font-size: 14pt; color: #000000;\">pile\u0107i batak i zabatak<\/span><\/em><\/li>\n<li><em><span style=\"font-size: 14pt; color: #000000;\">mlinci<\/span><\/em><\/li>\n<li><em><span style=\"font-size: 14pt; color: #000000;\">salata<\/span><\/em><\/li>\n<li><em><span style=\"font-size: 14pt; color: #000000;\">\u010dokoladna tortica<\/span><\/em><\/li>\n<li><em><span style=\"font-size: 14pt; color: #000000;\">sok, voda<\/span><\/em><\/li>\n<\/ul>\n<\/td>\n<\/tr>\n<tr style=\"height: 164px;\">\n<td style=\"background-color: #f79123; width: 31.875%; height: 71px;\"><strong><span style=\"color: #ffffff; font-size: 14pt;\">SRIJEDA<\/span><\/strong><\/td>\n<td style=\"background-color: #99e0f7; width: 67.9688%; height: 71px; text-align: justify;\">\n<ul style=\"list-style-type: circle;\">\n<li><em><span style=\"font-size: 14pt; color: #000000;\">njoki s mesom i povr\u0107em<\/span><\/em><\/li>\n<li><em><span style=\"font-size: 14pt; color: #000000;\">salata<\/span><\/em><\/li>\n<li><em><span style=\"font-size: 14pt; color: #000000;\">kola\u010d<\/span><\/em><\/li>\n<li><em><span style=\"font-size: 14pt; color: #000000;\">sok, voda<\/span><\/em><\/li>\n<\/ul>\n<\/td>\n<\/tr>\n<tr style=\"height: 64px;\">\n<td style=\"background-color: #f79123; width: 31.875%; height: 64px;\"><strong><span style=\"color: #ffffff; font-size: 14pt;\">\u010cETVRTAK<\/span><\/strong><\/td>\n<td style=\"background-color: #99e0f7; width: 67.9688%; height: 64px; text-align: justify;\">\n<ul style=\"list-style-type: circle;\">\n<li><em><span style=\"font-size: 14pt; color: #000000;\">mane\u0161tra s grahom i kobasicom<\/span><\/em><\/li>\n<li><em><span style=\"font-size: 14pt; color: #000000;\">krem \u0161tapi\u0107i od vanilije<\/span><\/em><\/li>\n<li><em><span style=\"font-size: 14pt; color: #000000;\">sok, voda<\/span><\/em><\/li>\n<\/ul>\n<\/td>\n<\/tr>\n<tr style=\"height: 64px;\">\n<td style=\"background-color: #f79123; width: 31.875%; height: 64px;\"><strong><span style=\"color: #ffffff; font-size: 14pt;\">PETAK<\/span><\/strong><\/td>\n<td style=\"background-color: #99e0f7; width: 67.9688%; height: 64px; text-align: justify;\">\n<ul style=\"list-style-type: circle;\">\n<li><em><span style=\"font-size: 14pt; color: #000000;\">riblji \u0161tapi\u0107i<\/span><\/em><\/li>\n<li><em><span style=\"font-size: 14pt; color: #000000;\">kuhani krumpir<\/span><\/em><\/li>\n<li><em><span style=\"font-size: 14pt; color: #000000;\">salata<\/span><\/em><\/li>\n<li><em><span style=\"font-size: 14pt; color: #000000;\">kinder pingui<\/span><\/em><\/li>\n<li><em><span style=\"font-size: 14pt; color: #000000;\">sok, voda<\/span><\/em><\/li>\n<\/ul>\n<\/td>\n<\/tr>\n<\/tbody>\n<\/table>\n<p>&nbsp;<\/p>\n","protected":false},"excerpt":{"rendered":"<p>od 13. do 17. travnja 2026. godine \u0160kola zadr\u017eava pravo promjene jelovnika zbog okolnosti vezanih za promjenu dobavlja\u010da. \u0160KOLSKA MARENDA PONEDJELJAK hot dog, vo\u0107e UTORAK mesne okruglice u umaku od raj\u010dice, ri\u017ea, vo\u0107e SRIJEDA tjestenina s tunom, vo\u0107e \u010cETVRTAK Lino &hellip; <a href=\"http:\/\/osnovnaskolamalinskadubasnica.hr\/?page_id=115\">Nastavi \u010ditati <span class=\"meta-nav\">&rarr;<\/span><\/a><\/p>\n","protected":false},"author":1,"featured_media":0,"parent":0,"menu_order":0,"comment_status":"open","ping_status":"open","template":"","meta":{"footnotes":""},"class_list":["post-115","page","type-page","status-publish","hentry"],"yoast_head":"<!-- This site is optimized with the Yoast SEO plugin v27.2 - https:\/\/yoast.com\/product\/yoast-seo-wordpress\/ -->\n<title>Tjedni jelovnik u \u0161kolskoj kuhinji - Osnovna \u0161kola Malinska-Duba\u0161nica<\/title>\n<meta name=\"robots\" content=\"index, follow, max-snippet:-1, max-image-preview:large, max-video-preview:-1\" \/>\n<link rel=\"canonical\" href=\"http:\/\/osnovnaskolamalinskadubasnica.hr\/?page_id=115\" \/>\n<meta property=\"og:locale\" content=\"hr_HR\" \/>\n<meta property=\"og:type\" content=\"article\" \/>\n<meta property=\"og:title\" content=\"Tjedni jelovnik u \u0161kolskoj kuhinji - Osnovna \u0161kola Malinska-Duba\u0161nica\" \/>\n<meta property=\"og:description\" content=\"od 13. do 17. travnja 2026. godine \u0160kola zadr\u017eava pravo promjene jelovnika zbog okolnosti vezanih za promjenu dobavlja\u010da. \u0160KOLSKA MARENDA PONEDJELJAK hot dog, vo\u0107e UTORAK mesne okruglice u umaku od raj\u010dice, ri\u017ea, vo\u0107e SRIJEDA tjestenina s tunom, vo\u0107e \u010cETVRTAK Lino &hellip; Nastavi \u010ditati &rarr;\" \/>\n<meta property=\"og:url\" content=\"http:\/\/osnovnaskolamalinskadubasnica.hr\/?page_id=115\" \/>\n<meta property=\"og:site_name\" content=\"Osnovna \u0161kola Malinska-Duba\u0161nica\" \/>\n<meta property=\"article:publisher\" content=\"https:\/\/www.facebook.com\/osmalinskadubasnica\/\" \/>\n<meta property=\"article:modified_time\" content=\"2026-04-12T14:38:28+00:00\" \/>\n<meta property=\"og:image\" content=\"http:\/\/osnovnaskolamalinskadubasnica.hr\/wp-content\/uploads\/chef-smiley-emoticon1.gif\" \/>\n<meta name=\"twitter:card\" content=\"summary_large_image\" \/>\n<meta name=\"twitter:label1\" content=\"Procijenjeno vrijeme \u010ditanja\" \/>\n\t<meta name=\"twitter:data1\" content=\"1 minuta\" \/>\n<script type=\"application\/ld+json\" class=\"yoast-schema-graph\">{\"@context\":\"https:\/\/schema.org\",\"@graph\":[{\"@type\":\"WebPage\",\"@id\":\"http:\/\/osnovnaskolamalinskadubasnica.hr\/?page_id=115\",\"url\":\"http:\/\/osnovnaskolamalinskadubasnica.hr\/?page_id=115\",\"name\":\"Tjedni jelovnik u \u0161kolskoj kuhinji - Osnovna \u0161kola Malinska-Duba\u0161nica\",\"isPartOf\":{\"@id\":\"https:\/\/osnovnaskolamalinskadubasnica.hr\/#website\"},\"primaryImageOfPage\":{\"@id\":\"http:\/\/osnovnaskolamalinskadubasnica.hr\/?page_id=115#primaryimage\"},\"image\":{\"@id\":\"http:\/\/osnovnaskolamalinskadubasnica.hr\/?page_id=115#primaryimage\"},\"thumbnailUrl\":\"http:\/\/osnovnaskolamalinskadubasnica.hr\/wp-content\/uploads\/chef-smiley-emoticon1.gif\",\"datePublished\":\"2013-06-20T22:16:21+00:00\",\"dateModified\":\"2026-04-12T14:38:28+00:00\",\"breadcrumb\":{\"@id\":\"http:\/\/osnovnaskolamalinskadubasnica.hr\/?page_id=115#breadcrumb\"},\"inLanguage\":\"hr\",\"potentialAction\":[{\"@type\":\"ReadAction\",\"target\":[\"http:\/\/osnovnaskolamalinskadubasnica.hr\/?page_id=115\"]}]},{\"@type\":\"ImageObject\",\"inLanguage\":\"hr\",\"@id\":\"http:\/\/osnovnaskolamalinskadubasnica.hr\/?page_id=115#primaryimage\",\"url\":\"http:\/\/osnovnaskolamalinskadubasnica.hr\/wp-content\/uploads\/chef-smiley-emoticon1.gif\",\"contentUrl\":\"http:\/\/osnovnaskolamalinskadubasnica.hr\/wp-content\/uploads\/chef-smiley-emoticon1.gif\",\"width\":123,\"height\":84},{\"@type\":\"BreadcrumbList\",\"@id\":\"http:\/\/osnovnaskolamalinskadubasnica.hr\/?page_id=115#breadcrumb\",\"itemListElement\":[{\"@type\":\"ListItem\",\"position\":1,\"name\":\"Po\u010detna stranica\",\"item\":\"https:\/\/osnovnaskolamalinskadubasnica.hr\/\"},{\"@type\":\"ListItem\",\"position\":2,\"name\":\"Tjedni jelovnik u \u0161kolskoj kuhinji\"}]},{\"@type\":\"WebSite\",\"@id\":\"https:\/\/osnovnaskolamalinskadubasnica.hr\/#website\",\"url\":\"https:\/\/osnovnaskolamalinskadubasnica.hr\/\",\"name\":\"Osnovna \u0161kola Malinska-Duba\u0161nica\",\"description\":\"\",\"potentialAction\":[{\"@type\":\"SearchAction\",\"target\":{\"@type\":\"EntryPoint\",\"urlTemplate\":\"https:\/\/osnovnaskolamalinskadubasnica.hr\/?s={search_term_string}\"},\"query-input\":{\"@type\":\"PropertyValueSpecification\",\"valueRequired\":true,\"valueName\":\"search_term_string\"}}],\"inLanguage\":\"hr\"}]}<\/script>\n<!-- \/ Yoast SEO plugin. -->","yoast_head_json":{"title":"Tjedni jelovnik u \u0161kolskoj kuhinji - Osnovna \u0161kola Malinska-Duba\u0161nica","robots":{"index":"index","follow":"follow","max-snippet":"max-snippet:-1","max-image-preview":"max-image-preview:large","max-video-preview":"max-video-preview:-1"},"canonical":"http:\/\/osnovnaskolamalinskadubasnica.hr\/?page_id=115","og_locale":"hr_HR","og_type":"article","og_title":"Tjedni jelovnik u \u0161kolskoj kuhinji - Osnovna \u0161kola Malinska-Duba\u0161nica","og_description":"od 13. do 17. travnja 2026. godine \u0160kola zadr\u017eava pravo promjene jelovnika zbog okolnosti vezanih za promjenu dobavlja\u010da. \u0160KOLSKA MARENDA PONEDJELJAK hot dog, vo\u0107e UTORAK mesne okruglice u umaku od raj\u010dice, ri\u017ea, vo\u0107e SRIJEDA tjestenina s tunom, vo\u0107e \u010cETVRTAK Lino &hellip; Nastavi \u010ditati &rarr;","og_url":"http:\/\/osnovnaskolamalinskadubasnica.hr\/?page_id=115","og_site_name":"Osnovna \u0161kola Malinska-Duba\u0161nica","article_publisher":"https:\/\/www.facebook.com\/osmalinskadubasnica\/","article_modified_time":"2026-04-12T14:38:28+00:00","og_image":[{"url":"http:\/\/osnovnaskolamalinskadubasnica.hr\/wp-content\/uploads\/chef-smiley-emoticon1.gif","type":"","width":"","height":""}],"twitter_card":"summary_large_image","twitter_misc":{"Procijenjeno vrijeme \u010ditanja":"1 minuta"},"schema":{"@context":"https:\/\/schema.org","@graph":[{"@type":"WebPage","@id":"http:\/\/osnovnaskolamalinskadubasnica.hr\/?page_id=115","url":"http:\/\/osnovnaskolamalinskadubasnica.hr\/?page_id=115","name":"Tjedni jelovnik u \u0161kolskoj kuhinji - Osnovna \u0161kola Malinska-Duba\u0161nica","isPartOf":{"@id":"https:\/\/osnovnaskolamalinskadubasnica.hr\/#website"},"primaryImageOfPage":{"@id":"http:\/\/osnovnaskolamalinskadubasnica.hr\/?page_id=115#primaryimage"},"image":{"@id":"http:\/\/osnovnaskolamalinskadubasnica.hr\/?page_id=115#primaryimage"},"thumbnailUrl":"http:\/\/osnovnaskolamalinskadubasnica.hr\/wp-content\/uploads\/chef-smiley-emoticon1.gif","datePublished":"2013-06-20T22:16:21+00:00","dateModified":"2026-04-12T14:38:28+00:00","breadcrumb":{"@id":"http:\/\/osnovnaskolamalinskadubasnica.hr\/?page_id=115#breadcrumb"},"inLanguage":"hr","potentialAction":[{"@type":"ReadAction","target":["http:\/\/osnovnaskolamalinskadubasnica.hr\/?page_id=115"]}]},{"@type":"ImageObject","inLanguage":"hr","@id":"http:\/\/osnovnaskolamalinskadubasnica.hr\/?page_id=115#primaryimage","url":"http:\/\/osnovnaskolamalinskadubasnica.hr\/wp-content\/uploads\/chef-smiley-emoticon1.gif","contentUrl":"http:\/\/osnovnaskolamalinskadubasnica.hr\/wp-content\/uploads\/chef-smiley-emoticon1.gif","width":123,"height":84},{"@type":"BreadcrumbList","@id":"http:\/\/osnovnaskolamalinskadubasnica.hr\/?page_id=115#breadcrumb","itemListElement":[{"@type":"ListItem","position":1,"name":"Po\u010detna stranica","item":"https:\/\/osnovnaskolamalinskadubasnica.hr\/"},{"@type":"ListItem","position":2,"name":"Tjedni jelovnik u \u0161kolskoj kuhinji"}]},{"@type":"WebSite","@id":"https:\/\/osnovnaskolamalinskadubasnica.hr\/#website","url":"https:\/\/osnovnaskolamalinskadubasnica.hr\/","name":"Osnovna \u0161kola Malinska-Duba\u0161nica","description":"","potentialAction":[{"@type":"SearchAction","target":{"@type":"EntryPoint","urlTemplate":"https:\/\/osnovnaskolamalinskadubasnica.hr\/?s={search_term_string}"},"query-input":{"@type":"PropertyValueSpecification","valueRequired":true,"valueName":"search_term_string"}}],"inLanguage":"hr"}]}},"_links":{"self":[{"href":"http:\/\/osnovnaskolamalinskadubasnica.hr\/index.php?rest_route=\/wp\/v2\/pages\/115","targetHints":{"allow":["GET"]}}],"collection":[{"href":"http:\/\/osnovnaskolamalinskadubasnica.hr\/index.php?rest_route=\/wp\/v2\/pages"}],"about":[{"href":"http:\/\/osnovnaskolamalinskadubasnica.hr\/index.php?rest_route=\/wp\/v2\/types\/page"}],"author":[{"embeddable":true,"href":"http:\/\/osnovnaskolamalinskadubasnica.hr\/index.php?rest_route=\/wp\/v2\/users\/1"}],"replies":[{"embeddable":true,"href":"http:\/\/osnovnaskolamalinskadubasnica.hr\/index.php?rest_route=%2Fwp%2Fv2%2Fcomments&post=115"}],"version-history":[{"count":544,"href":"http:\/\/osnovnaskolamalinskadubasnica.hr\/index.php?rest_route=\/wp\/v2\/pages\/115\/revisions"}],"predecessor-version":[{"id":35606,"href":"http:\/\/osnovnaskolamalinskadubasnica.hr\/index.php?rest_route=\/wp\/v2\/pages\/115\/revisions\/35606"}],"wp:attachment":[{"href":"http:\/\/osnovnaskolamalinskadubasnica.hr\/index.php?rest_route=%2Fwp%2Fv2%2Fmedia&parent=115"}],"curies":[{"name":"wp","href":"https:\/\/api.w.org\/{rel}","templated":true}]}}