{"id":10658,"date":"2017-06-05T21:56:58","date_gmt":"2017-06-05T21:56:58","guid":{"rendered":"http:\/\/osnovnaskolamalinskadubasnica.hr\/?page_id=10658"},"modified":"2017-06-05T21:56:58","modified_gmt":"2017-06-05T21:56:58","slug":"casopisi","status":"publish","type":"page","link":"http:\/\/osnovnaskolamalinskadubasnica.hr\/?page_id=10658","title":{"rendered":"\u010cASOPISI"},"content":{"rendered":"<p style=\"text-align: justify;\"><span style=\"color: #000000;\">Slobodno vrijeme, odmore ili vrijeme \u010dekanja autobusa mo\u017eete provesti u knji\u017enici \u010ditaju\u0107i dje\u010dje \u010dasopise. Tako\u0111er, \u010dasopisi vam mogu poslu\u017eiti kao vrijedan izvor pri izradi plakata ili referata. Zastupljeni je sadr\u017eaj provjeren te jezikom i stilom prilago\u0111en djeci i mladima.<\/span><\/p>\n<p style=\"text-align: justify;\"><span style=\"color: #000000;\">\u010casopisi nisu predvi\u0111eni za posu\u0111ivanje, ve\u0107 su dostupni za \u010ditanje i rad u prostoru \u0161kolske knji\u017enice. Fond je nastao zahvaljuju\u0107i donacijama te ovim putem zahvaljujemo svima koji su svojim \u010dinom obogatili knji\u017eni\u010dni fond.<\/span><\/p>\n<p style=\"text-align: center;\"><img loading=\"lazy\" decoding=\"async\" class=\"aligncenter wp-image-10659 size-full\" src=\"http:\/\/osnovnaskolamalinskadubasnica.hr\/wp-content\/uploads\/casopisi01.jpg\" alt=\"\" width=\"936\" height=\"670\" srcset=\"http:\/\/osnovnaskolamalinskadubasnica.hr\/wp-content\/uploads\/casopisi01.jpg 936w, http:\/\/osnovnaskolamalinskadubasnica.hr\/wp-content\/uploads\/casopisi01-768x550.jpg 768w\" sizes=\"auto, (max-width: 936px) 100vw, 936px\" \/><strong><span style=\"color: #800000;\">Kome je odre\u0111eni \u010dasopis namijenjen i koje sadr\u017eaje obra\u0111uje?<\/span><\/strong><\/p>\n<p style=\"text-align: justify;\"><span style=\"color: #000000;\"><strong>MODRA LASTA<\/strong> je mjese\u010dnik za u\u010denike vi\u0161ih razreda osnovne \u0161kole. \u010casopis njeguje stalnu izravnu komunikaciju s \u010ditateljstvom pa tako i onu dru\u0161tvenim mre\u017eama. Svima je dobro poznat Lastan, tajanstvena osoba koja ve\u0107 vi\u0161e od 40 godina odgovara na pisma \u010ditatelja i na svoj im osebujan na\u010din, poma\u017ee u rje\u0161avanju problema odrastanja.<\/span><br \/>\n<span style=\"color: #000000;\">(IZVOR: <a href=\"https:\/\/www.skolskiportal.hr\/casopisi\/\" target=\"_blank\" rel=\"noopener noreferrer\">https:\/\/www.skolskiportal.hr\/casopisi\/<\/a>)<\/span><\/p>\n<p style=\"text-align: justify;\"><span style=\"color: #000000;\"><strong>MOJ PLANET<\/strong> je \u010dasopis za u\u010denike od 2. do 6. razreda osnovne \u0161kole. Obiluje sadr\u017eajima iz podru\u010dja prirode, biologije, fizike, zemljopisa i povijesti zbog \u010dega ve\u0107 godinama slu\u017ei kao nezamjenjivo pomodno sredstvo u nadopunjavanju i oboga\u0107ivanju znanja te kao pomo\u0107 pri razumijevanju sadr\u017eaja iz prirode u vi\u0161im i ni\u017eim razredima osnovne \u0161kole.<\/span><br \/>\n<span style=\"color: #000000;\">(IZVOR: <a href=\"http:\/\/mozaik-knjiga.hr\/casopisi\/moj-planet\/\" target=\"_blank\" rel=\"noopener noreferrer\">http:\/\/mozaik-knjiga.hr\/casopisi\/moj-planet\/<\/a>)<\/span><\/p>\n<p style=\"text-align: justify;\"><span style=\"color: #000000;\"><strong>PRVI IZBOR<\/strong> namijenjen je u\u010denicima od 1. do 4. razreda osnovne \u0161kole, u\u010diteljima, roditeljima i knji\u017eni\u010darima. Koristi se kao pomo\u0107 u ranom u\u010denju hrvatskog jezika, u nastavi prirode i dru\u0161tva, likovne i glazbene kulture, dramskog odgoja i odgoja za vrijednosti. Pri stvaranju \u010dasopisa sudjeluje pedesetak umjetnika i edukativnih stru\u010dnjaka.<\/span><br \/>\n<span style=\"color: #000000;\">(IZVOR: <a href=\"http:\/\/mozaik-knjiga.hr\/casopisi\/prvi-izbor\/\" target=\"_blank\" rel=\"noopener noreferrer\">http:\/\/mozaik-knjiga.hr\/casopisi\/prvi-izbor\/<\/a>)<\/span><\/p>\n<p style=\"text-align: justify;\"><span style=\"color: #000000;\"><strong>SMIB<\/strong> je pou\u010dno-zabavni list namijenjen, ponajprije, u\u010denicima od 1. do 4. razreda osnovne \u0161kole, no i mla\u0111a bra\u0107a i sestre mogu u njemu prona\u0107i za sebe prikladne sadr\u017eaje. Svojim sadr\u017eajem prati nastavni plan i program te odre\u0111enim temama nastoji biti dopuna \u0161kolskom programu. Nastao je na tradicijama Smilja, najdugovje\u010dnijega hrvatskog dje\u010djeg \u010dasopisa, i Bosiljka, prvog hrvatskog dje\u010djeg \u010dasopisa.<\/span><br \/>\n<span style=\"color: #000000;\">(IZVOR: <a href=\"https:\/\/www.skolskiportal.hr\/casopisi\/\" target=\"_blank\" rel=\"noopener noreferrer\">https:\/\/www.skolskiportal.hr\/casopisi\/<\/a>)<\/span><\/p>\n<p style=\"text-align: justify;\"><span style=\"color: #000000;\"><strong>RADOST<\/strong> je jedan od najdugovje\u010dnijih \u010dasopisa za djecu na hrvatskom tr\u017ei\u0161tu. U njemu se objavljuju knji\u017eevni tekstovi i likovna ostvarenja. Enigmatskim i zabavnim stranicama poti\u010de se znati\u017eelja, kriti\u010dko razmi\u0161ljanje i razumijevanje svijeta koje ih okru\u017euje.<\/span><br \/>\n<span style=\"color: #000000;\">(IZVOR:<a href=\"http:\/\/www.mvinfo.hr\/clanak\/nasa-djeca-prava-na-proizvodnju-casopisa-radost-ustupila-vecernjem-listu\" target=\"_blank\" rel=\"noopener noreferrer\">http:\/\/www.mvinfo.hr\/clanak\/nasa-djeca-prava-na-proizvodnju-casopisa-radost-ustupila-vecernjem-listu<\/a>)<\/span><\/p>\n<p style=\"text-align: justify;\"><span style=\"color: #000000;\"><strong>GEO<\/strong> je magazin posve\u0107en spoznajama i dostignu\u0107ima iz svih znanstvenih podru\u010dja, obra\u0111uje sadr\u017eaje iz svih kultura svijeta te iz raznovrsnih perspektiva. Namijenjen je u\u010denicima vi\u0161ih razreda, no i oni mla\u0111i mogu prona\u0107i ne\u0161to za sebe jer se obra\u0111uju vrlo raznolike teme te \u010dasopis obiluje fascinantnim fotografijama.<\/span><br \/>\n<span style=\"color: #000000;\">(IZVOR: <a href=\"http:\/\/www.globalstudio.hr\/blog\/global-studio-izdaje-geo\/\" target=\"_blank\" rel=\"noopener noreferrer\">www.globalstudio.hr\/blog\/global-studio-izdaje-geo\/<\/a>)<\/span><\/p>\n<p style=\"text-align: justify;\"><span style=\"color: #000000;\"><strong>NATIONAL GEOGRAPHIC<\/strong> je popularnoznanstveni \u010dasopis u kojem se iznose pri\u010de o svijetu koji nas okru\u017euje. Obra\u0111uju se teme iz zemljopisa i povijesti, zoologije, botanike, ekologije, astronomije, arheologije, kemije i fizike, tehnologije, fotografije&#8230; Namijenjen je u\u010denicima vi\u0161ih razreda te svima koji \u017eele u\u010diti i pro\u0161irivati svoje vidike. \u010casopis je poznat po svojim prekrasnim i \u010desto nagra\u0111ivanim fotografijama.<\/span><br \/>\n<span style=\"color: #000000;\">(IZVOR: <a href=\"http:\/\/www.adriamedia.hr\/izdanja\/national-geographic-hrvatska\/\" target=\"_blank\" rel=\"noopener noreferrer\">www.adriamedia.hr\/izdanja\/national-geographic-hrvatska\/<\/a>)<\/span><\/p>\n","protected":false},"excerpt":{"rendered":"<p>Slobodno vrijeme, odmore ili vrijeme \u010dekanja autobusa mo\u017eete provesti u knji\u017enici \u010ditaju\u0107i dje\u010dje \u010dasopise. Tako\u0111er, \u010dasopisi vam mogu poslu\u017eiti kao vrijedan izvor pri izradi plakata ili referata. Zastupljeni je sadr\u017eaj provjeren te jezikom i stilom prilago\u0111en djeci i mladima. \u010casopisi &hellip; <a href=\"http:\/\/osnovnaskolamalinskadubasnica.hr\/?page_id=10658\">Nastavi \u010ditati <span class=\"meta-nav\">&rarr;<\/span><\/a><\/p>\n","protected":false},"author":1,"featured_media":0,"parent":0,"menu_order":0,"comment_status":"closed","ping_status":"closed","template":"","meta":{"footnotes":""},"class_list":["post-10658","page","type-page","status-publish","hentry"],"yoast_head":"<!-- This site is optimized with the Yoast SEO plugin v27.2 - https:\/\/yoast.com\/product\/yoast-seo-wordpress\/ -->\n<title>\u010cASOPISI - Osnovna \u0161kola Malinska-Duba\u0161nica<\/title>\n<meta name=\"robots\" content=\"index, follow, max-snippet:-1, max-image-preview:large, max-video-preview:-1\" \/>\n<link rel=\"canonical\" href=\"http:\/\/osnovnaskolamalinskadubasnica.hr\/?page_id=10658\" \/>\n<meta property=\"og:locale\" content=\"hr_HR\" \/>\n<meta property=\"og:type\" content=\"article\" \/>\n<meta property=\"og:title\" content=\"\u010cASOPISI - Osnovna \u0161kola Malinska-Duba\u0161nica\" \/>\n<meta property=\"og:description\" content=\"Slobodno vrijeme, odmore ili vrijeme \u010dekanja autobusa mo\u017eete provesti u knji\u017enici \u010ditaju\u0107i dje\u010dje \u010dasopise. Tako\u0111er, \u010dasopisi vam mogu poslu\u017eiti kao vrijedan izvor pri izradi plakata ili referata. Zastupljeni je sadr\u017eaj provjeren te jezikom i stilom prilago\u0111en djeci i mladima. \u010casopisi &hellip; Nastavi \u010ditati &rarr;\" \/>\n<meta property=\"og:url\" content=\"http:\/\/osnovnaskolamalinskadubasnica.hr\/?page_id=10658\" \/>\n<meta property=\"og:site_name\" content=\"Osnovna \u0161kola Malinska-Duba\u0161nica\" \/>\n<meta property=\"article:publisher\" content=\"https:\/\/www.facebook.com\/osmalinskadubasnica\/\" \/>\n<meta property=\"og:image\" content=\"http:\/\/osnovnaskolamalinskadubasnica.hr\/wp-content\/uploads\/casopisi01.jpg\" \/>\n<meta name=\"twitter:card\" content=\"summary_large_image\" \/>\n<meta name=\"twitter:label1\" content=\"Procijenjeno vrijeme \u010ditanja\" \/>\n\t<meta name=\"twitter:data1\" content=\"3 minute\" \/>\n<script type=\"application\/ld+json\" class=\"yoast-schema-graph\">{\"@context\":\"https:\/\/schema.org\",\"@graph\":[{\"@type\":\"WebPage\",\"@id\":\"http:\/\/osnovnaskolamalinskadubasnica.hr\/?page_id=10658\",\"url\":\"http:\/\/osnovnaskolamalinskadubasnica.hr\/?page_id=10658\",\"name\":\"\u010cASOPISI - Osnovna \u0161kola Malinska-Duba\u0161nica\",\"isPartOf\":{\"@id\":\"https:\/\/osnovnaskolamalinskadubasnica.hr\/#website\"},\"primaryImageOfPage\":{\"@id\":\"http:\/\/osnovnaskolamalinskadubasnica.hr\/?page_id=10658#primaryimage\"},\"image\":{\"@id\":\"http:\/\/osnovnaskolamalinskadubasnica.hr\/?page_id=10658#primaryimage\"},\"thumbnailUrl\":\"http:\/\/osnovnaskolamalinskadubasnica.hr\/wp-content\/uploads\/casopisi01.jpg\",\"datePublished\":\"2017-06-05T21:56:58+00:00\",\"breadcrumb\":{\"@id\":\"http:\/\/osnovnaskolamalinskadubasnica.hr\/?page_id=10658#breadcrumb\"},\"inLanguage\":\"hr\",\"potentialAction\":[{\"@type\":\"ReadAction\",\"target\":[\"http:\/\/osnovnaskolamalinskadubasnica.hr\/?page_id=10658\"]}]},{\"@type\":\"ImageObject\",\"inLanguage\":\"hr\",\"@id\":\"http:\/\/osnovnaskolamalinskadubasnica.hr\/?page_id=10658#primaryimage\",\"url\":\"http:\/\/osnovnaskolamalinskadubasnica.hr\/wp-content\/uploads\/casopisi01.jpg\",\"contentUrl\":\"http:\/\/osnovnaskolamalinskadubasnica.hr\/wp-content\/uploads\/casopisi01.jpg\",\"width\":936,\"height\":670},{\"@type\":\"BreadcrumbList\",\"@id\":\"http:\/\/osnovnaskolamalinskadubasnica.hr\/?page_id=10658#breadcrumb\",\"itemListElement\":[{\"@type\":\"ListItem\",\"position\":1,\"name\":\"Po\u010detna stranica\",\"item\":\"https:\/\/osnovnaskolamalinskadubasnica.hr\/\"},{\"@type\":\"ListItem\",\"position\":2,\"name\":\"\u010cASOPISI\"}]},{\"@type\":\"WebSite\",\"@id\":\"https:\/\/osnovnaskolamalinskadubasnica.hr\/#website\",\"url\":\"https:\/\/osnovnaskolamalinskadubasnica.hr\/\",\"name\":\"Osnovna \u0161kola Malinska-Duba\u0161nica\",\"description\":\"\",\"potentialAction\":[{\"@type\":\"SearchAction\",\"target\":{\"@type\":\"EntryPoint\",\"urlTemplate\":\"https:\/\/osnovnaskolamalinskadubasnica.hr\/?s={search_term_string}\"},\"query-input\":{\"@type\":\"PropertyValueSpecification\",\"valueRequired\":true,\"valueName\":\"search_term_string\"}}],\"inLanguage\":\"hr\"}]}<\/script>\n<!-- \/ Yoast SEO plugin. -->","yoast_head_json":{"title":"\u010cASOPISI - Osnovna \u0161kola Malinska-Duba\u0161nica","robots":{"index":"index","follow":"follow","max-snippet":"max-snippet:-1","max-image-preview":"max-image-preview:large","max-video-preview":"max-video-preview:-1"},"canonical":"http:\/\/osnovnaskolamalinskadubasnica.hr\/?page_id=10658","og_locale":"hr_HR","og_type":"article","og_title":"\u010cASOPISI - Osnovna \u0161kola Malinska-Duba\u0161nica","og_description":"Slobodno vrijeme, odmore ili vrijeme \u010dekanja autobusa mo\u017eete provesti u knji\u017enici \u010ditaju\u0107i dje\u010dje \u010dasopise. Tako\u0111er, \u010dasopisi vam mogu poslu\u017eiti kao vrijedan izvor pri izradi plakata ili referata. Zastupljeni je sadr\u017eaj provjeren te jezikom i stilom prilago\u0111en djeci i mladima. \u010casopisi &hellip; Nastavi \u010ditati &rarr;","og_url":"http:\/\/osnovnaskolamalinskadubasnica.hr\/?page_id=10658","og_site_name":"Osnovna \u0161kola Malinska-Duba\u0161nica","article_publisher":"https:\/\/www.facebook.com\/osmalinskadubasnica\/","og_image":[{"url":"http:\/\/osnovnaskolamalinskadubasnica.hr\/wp-content\/uploads\/casopisi01.jpg","type":"","width":"","height":""}],"twitter_card":"summary_large_image","twitter_misc":{"Procijenjeno vrijeme \u010ditanja":"3 minute"},"schema":{"@context":"https:\/\/schema.org","@graph":[{"@type":"WebPage","@id":"http:\/\/osnovnaskolamalinskadubasnica.hr\/?page_id=10658","url":"http:\/\/osnovnaskolamalinskadubasnica.hr\/?page_id=10658","name":"\u010cASOPISI - Osnovna \u0161kola Malinska-Duba\u0161nica","isPartOf":{"@id":"https:\/\/osnovnaskolamalinskadubasnica.hr\/#website"},"primaryImageOfPage":{"@id":"http:\/\/osnovnaskolamalinskadubasnica.hr\/?page_id=10658#primaryimage"},"image":{"@id":"http:\/\/osnovnaskolamalinskadubasnica.hr\/?page_id=10658#primaryimage"},"thumbnailUrl":"http:\/\/osnovnaskolamalinskadubasnica.hr\/wp-content\/uploads\/casopisi01.jpg","datePublished":"2017-06-05T21:56:58+00:00","breadcrumb":{"@id":"http:\/\/osnovnaskolamalinskadubasnica.hr\/?page_id=10658#breadcrumb"},"inLanguage":"hr","potentialAction":[{"@type":"ReadAction","target":["http:\/\/osnovnaskolamalinskadubasnica.hr\/?page_id=10658"]}]},{"@type":"ImageObject","inLanguage":"hr","@id":"http:\/\/osnovnaskolamalinskadubasnica.hr\/?page_id=10658#primaryimage","url":"http:\/\/osnovnaskolamalinskadubasnica.hr\/wp-content\/uploads\/casopisi01.jpg","contentUrl":"http:\/\/osnovnaskolamalinskadubasnica.hr\/wp-content\/uploads\/casopisi01.jpg","width":936,"height":670},{"@type":"BreadcrumbList","@id":"http:\/\/osnovnaskolamalinskadubasnica.hr\/?page_id=10658#breadcrumb","itemListElement":[{"@type":"ListItem","position":1,"name":"Po\u010detna stranica","item":"https:\/\/osnovnaskolamalinskadubasnica.hr\/"},{"@type":"ListItem","position":2,"name":"\u010cASOPISI"}]},{"@type":"WebSite","@id":"https:\/\/osnovnaskolamalinskadubasnica.hr\/#website","url":"https:\/\/osnovnaskolamalinskadubasnica.hr\/","name":"Osnovna \u0161kola Malinska-Duba\u0161nica","description":"","potentialAction":[{"@type":"SearchAction","target":{"@type":"EntryPoint","urlTemplate":"https:\/\/osnovnaskolamalinskadubasnica.hr\/?s={search_term_string}"},"query-input":{"@type":"PropertyValueSpecification","valueRequired":true,"valueName":"search_term_string"}}],"inLanguage":"hr"}]}},"_links":{"self":[{"href":"http:\/\/osnovnaskolamalinskadubasnica.hr\/index.php?rest_route=\/wp\/v2\/pages\/10658","targetHints":{"allow":["GET"]}}],"collection":[{"href":"http:\/\/osnovnaskolamalinskadubasnica.hr\/index.php?rest_route=\/wp\/v2\/pages"}],"about":[{"href":"http:\/\/osnovnaskolamalinskadubasnica.hr\/index.php?rest_route=\/wp\/v2\/types\/page"}],"author":[{"embeddable":true,"href":"http:\/\/osnovnaskolamalinskadubasnica.hr\/index.php?rest_route=\/wp\/v2\/users\/1"}],"replies":[{"embeddable":true,"href":"http:\/\/osnovnaskolamalinskadubasnica.hr\/index.php?rest_route=%2Fwp%2Fv2%2Fcomments&post=10658"}],"version-history":[{"count":1,"href":"http:\/\/osnovnaskolamalinskadubasnica.hr\/index.php?rest_route=\/wp\/v2\/pages\/10658\/revisions"}],"predecessor-version":[{"id":10660,"href":"http:\/\/osnovnaskolamalinskadubasnica.hr\/index.php?rest_route=\/wp\/v2\/pages\/10658\/revisions\/10660"}],"wp:attachment":[{"href":"http:\/\/osnovnaskolamalinskadubasnica.hr\/index.php?rest_route=%2Fwp%2Fv2%2Fmedia&parent=10658"}],"curies":[{"name":"wp","href":"https:\/\/api.w.org\/{rel}","templated":true}]}}